{"id":1489,"date":"2025-05-02T00:33:44","date_gmt":"2025-05-02T00:33:44","guid":{"rendered":"https:\/\/www.topchinapack.com\/?post_type=product&#038;p=1489"},"modified":"2025-11-17T07:44:35","modified_gmt":"2025-11-17T07:44:35","slug":"customized-spout-bags-for-liquid-and-semi-liquid-packaging","status":"publish","type":"product","link":"https:\/\/www.topchinapack.com\/de\/produkt\/customized-spout-bags-for-liquid-and-semi-liquid-packaging\/","title":{"rendered":"Kundenspezifische Ausgie\u00dferbeutel f\u00fcr Getr\u00e4nke, Gelee, Saftverpackungen"},"content":{"rendered":"<div class=\"wp-block-columns is-layout-flex wp-container-core-columns-is-layout-9d6595d7 wp-block-columns-is-layout-flex\">\n<div class=\"wp-block-column is-layout-flow wp-block-column-is-layout-flow\">\n<figure class=\"wp-block-image size-full\"><img decoding=\"async\" width=\"800\" height=\"807\" src=\"https:\/\/www.topchinapack.com\/wp-content\/uploads\/2025\/05\/Custom-Spout-Pouches-5.webp\" alt=\"Kundenspezifische T\u00fcllenbeutel (5)\" class=\"wp-image-1494\" srcset=\"https:\/\/www.topchinapack.com\/wp-content\/uploads\/2025\/05\/Custom-Spout-Pouches-5.webp 800w, https:\/\/www.topchinapack.com\/wp-content\/uploads\/2025\/05\/Custom-Spout-Pouches-5-297x300.webp 297w, https:\/\/www.topchinapack.com\/wp-content\/uploads\/2025\/05\/Custom-Spout-Pouches-5-150x150.webp 150w, https:\/\/www.topchinapack.com\/wp-content\/uploads\/2025\/05\/Custom-Spout-Pouches-5-768x775.webp 768w, https:\/\/www.topchinapack.com\/wp-content\/uploads\/2025\/05\/Custom-Spout-Pouches-5-12x12.webp 12w, https:\/\/www.topchinapack.com\/wp-content\/uploads\/2025\/05\/Custom-Spout-Pouches-5-600x605.webp 600w, https:\/\/www.topchinapack.com\/wp-content\/uploads\/2025\/05\/Custom-Spout-Pouches-5-100x100.webp 100w\" sizes=\"(max-width: 800px) 100vw, 800px\" \/><\/figure>\n<\/div>\n\n\n\n<div class=\"wp-block-column is-layout-flow wp-block-column-is-layout-flow\">\n<figure class=\"wp-block-image size-full\"><img decoding=\"async\" width=\"800\" height=\"807\" src=\"https:\/\/www.topchinapack.com\/wp-content\/uploads\/2025\/05\/Custom-Spout-Pouches-6.webp\" alt=\"Kundenspezifische T\u00fcllenbeutel (6)\" class=\"wp-image-1495\" srcset=\"https:\/\/www.topchinapack.com\/wp-content\/uploads\/2025\/05\/Custom-Spout-Pouches-6.webp 800w, https:\/\/www.topchinapack.com\/wp-content\/uploads\/2025\/05\/Custom-Spout-Pouches-6-297x300.webp 297w, https:\/\/www.topchinapack.com\/wp-content\/uploads\/2025\/05\/Custom-Spout-Pouches-6-150x150.webp 150w, https:\/\/www.topchinapack.com\/wp-content\/uploads\/2025\/05\/Custom-Spout-Pouches-6-768x775.webp 768w, https:\/\/www.topchinapack.com\/wp-content\/uploads\/2025\/05\/Custom-Spout-Pouches-6-12x12.webp 12w, https:\/\/www.topchinapack.com\/wp-content\/uploads\/2025\/05\/Custom-Spout-Pouches-6-600x605.webp 600w, https:\/\/www.topchinapack.com\/wp-content\/uploads\/2025\/05\/Custom-Spout-Pouches-6-100x100.webp 100w\" sizes=\"(max-width: 800px) 100vw, 800px\" \/><\/figure>\n<\/div>\n<\/div>\n\n\n\n<div class=\"wp-block-columns is-layout-flex wp-container-core-columns-is-layout-9d6595d7 wp-block-columns-is-layout-flex\">\n<div class=\"wp-block-column is-layout-flow wp-block-column-is-layout-flow\"><\/div>\n\n\n\n<div class=\"wp-block-column is-layout-flow wp-block-column-is-layout-flow\"><\/div>\n<\/div>","protected":false},"excerpt":{"rendered":"<p>Unsere kundenspezifischen T\u00fcllenbeutel werden aus BPA-freien, lebensmittelechten Materialien hergestellt und bieten eine sichere und zuverl\u00e4ssige Verpackung f\u00fcr Fl\u00fcssigkeiten (Getr\u00e4nke) und Halbfl\u00fcssigkeiten (Gelee). Diese T\u00fcllenbeutel sind perfekt f\u00fcr Babynahrung, Getr\u00e4nke, So\u00dfen usw. Unterst\u00fctzen Sie niedrige MOQ, bitte kontaktieren Sie uns.<\/p>\n<h2>Merkmale der Custom Spout Pouches<\/h2>\n<p><strong>Ma\u00dfgeschneiderter Service:<\/strong>\u00a0Material, Gr\u00f6\u00dfe, Druck, Muster und zus\u00e4tzliche Optionen<br \/><strong>Druckverfahren:<\/strong>\u00a0Tiefdruck, bis zu 10 Farben, unterst\u00fctzt kundenspezifischen Druck<br \/><strong>Merkmale:<\/strong>\u00a0langlebig, wasserdicht<br \/><strong>Lieferfrist:<\/strong>\u00a010-20 Tage<br \/><strong>Unterst\u00fctzung f\u00fcr kostenlose Proben<\/strong><br \/><strong>Zertifizierung:<\/strong>\u00a0ISO, FDA, BPA-frei, LFGB, EU-Norm<\/p>\n<p><strong>Lebensmittelechtes Material:<\/strong> Zertifiziertes lebensmittelechtes Material, BPA-frei, geeignet f\u00fcr Lebensmittel, Getr\u00e4nke, Babynahrung und andere Bereiche.<\/p>\n<p><strong>Tiefe Anpassung:<\/strong> Passen Sie das Fassungsverm\u00f6gen, den D\u00fcsentyp und das Kaliber, den Aufdruck und das Aussehen des Beutels an Ihre Bed\u00fcrfnisse an.<\/p>\n<p><strong>Preisliche Wettbewerbsf\u00e4higkeit:<\/strong> Wir unterst\u00fctzen die Anpassung von kleinen und gro\u00dfen Serien. Unter der Pr\u00e4misse, die Qualit\u00e4tsanforderungen zu erf\u00fcllen, bieten wir Ihnen den kosteng\u00fcnstigsten Angebotsplan.<\/p>","protected":false},"featured_media":1490,"comment_status":"closed","ping_status":"closed","template":"","meta":{"_acf_changed":true},"product_brand":[],"product_cat":[22,39],"product_tag":[],"class_list":{"0":"post-1489","1":"product","2":"type-product","3":"status-publish","4":"has-post-thumbnail","6":"product_cat-custom-spout-pouches","7":"product_cat-custom-juice-spout-pouches","9":"first","10":"instock","11":"shipping-taxable","12":"product-type-simple"},"acf":[],"_links":{"self":[{"href":"https:\/\/www.topchinapack.com\/de\/wp-json\/wp\/v2\/product\/1489","targetHints":{"allow":["GET"]}}],"collection":[{"href":"https:\/\/www.topchinapack.com\/de\/wp-json\/wp\/v2\/product"}],"about":[{"href":"https:\/\/www.topchinapack.com\/de\/wp-json\/wp\/v2\/types\/product"}],"replies":[{"embeddable":true,"href":"https:\/\/www.topchinapack.com\/de\/wp-json\/wp\/v2\/comments?post=1489"}],"wp:featuredmedia":[{"embeddable":true,"href":"https:\/\/www.topchinapack.com\/de\/wp-json\/wp\/v2\/media\/1490"}],"wp:attachment":[{"href":"https:\/\/www.topchinapack.com\/de\/wp-json\/wp\/v2\/media?parent=1489"}],"wp:term":[{"taxonomy":"product_brand","embeddable":true,"href":"https:\/\/www.topchinapack.com\/de\/wp-json\/wp\/v2\/product_brand?post=1489"},{"taxonomy":"product_cat","embeddable":true,"href":"https:\/\/www.topchinapack.com\/de\/wp-json\/wp\/v2\/product_cat?post=1489"},{"taxonomy":"product_tag","embeddable":true,"href":"https:\/\/www.topchinapack.com\/de\/wp-json\/wp\/v2\/product_tag?post=1489"}],"curies":[{"name":"wp","href":"https:\/\/api.w.org\/{rel}","templated":true}]}}