{"id":1496,"date":"2025-05-02T00:56:45","date_gmt":"2025-05-02T00:56:45","guid":{"rendered":"https:\/\/www.topchinapack.com\/?post_type=product&#038;p=1496"},"modified":"2025-11-17T07:43:23","modified_gmt":"2025-11-17T07:43:23","slug":"customized-stand-up-spout-bag-for-liquid-and-semi-liquid","status":"publish","type":"product","link":"https:\/\/www.topchinapack.com\/de\/produkt\/customized-stand-up-spout-bag-for-liquid-and-semi-liquid\/","title":{"rendered":"Kundenspezifischer Standbodenbeutel f\u00fcr fl\u00fcssige und halbfl\u00fcssige Produkte - Lebensmitteltiefdruck"},"content":{"rendered":"<div class=\"wp-block-columns is-layout-flex wp-container-core-columns-is-layout-9d6595d7 wp-block-columns-is-layout-flex\">\n<div class=\"wp-block-column is-layout-flow wp-block-column-is-layout-flow\">\n<figure class=\"wp-block-image size-full\"><img decoding=\"async\" width=\"800\" height=\"807\" src=\"https:\/\/www.topchinapack.com\/wp-content\/uploads\/2025\/05\/Customized-beverage-stand-up-spout-bag-5.webp\" alt=\"Individuell gestalteter Getr\u00e4nkestandfu\u00dfbeutel (5)\" class=\"wp-image-1501\" srcset=\"https:\/\/www.topchinapack.com\/wp-content\/uploads\/2025\/05\/Customized-beverage-stand-up-spout-bag-5.webp 800w, https:\/\/www.topchinapack.com\/wp-content\/uploads\/2025\/05\/Customized-beverage-stand-up-spout-bag-5-297x300.webp 297w, https:\/\/www.topchinapack.com\/wp-content\/uploads\/2025\/05\/Customized-beverage-stand-up-spout-bag-5-150x150.webp 150w, https:\/\/www.topchinapack.com\/wp-content\/uploads\/2025\/05\/Customized-beverage-stand-up-spout-bag-5-768x775.webp 768w, https:\/\/www.topchinapack.com\/wp-content\/uploads\/2025\/05\/Customized-beverage-stand-up-spout-bag-5-12x12.webp 12w, https:\/\/www.topchinapack.com\/wp-content\/uploads\/2025\/05\/Customized-beverage-stand-up-spout-bag-5-600x605.webp 600w, https:\/\/www.topchinapack.com\/wp-content\/uploads\/2025\/05\/Customized-beverage-stand-up-spout-bag-5-100x100.webp 100w\" sizes=\"(max-width: 800px) 100vw, 800px\" \/><\/figure>\n<\/div>\n\n\n\n<div class=\"wp-block-column is-layout-flow wp-block-column-is-layout-flow\">\n<figure class=\"wp-block-image size-full\"><img decoding=\"async\" width=\"800\" height=\"807\" src=\"https:\/\/www.topchinapack.com\/wp-content\/uploads\/2025\/05\/Customized-beverage-stand-up-spout-bag-6.webp\" alt=\"Individuell gestalteter Getr\u00e4nkest\u00e4nder mit Ausgie\u00dfer (6)\" class=\"wp-image-1502\" srcset=\"https:\/\/www.topchinapack.com\/wp-content\/uploads\/2025\/05\/Customized-beverage-stand-up-spout-bag-6.webp 800w, https:\/\/www.topchinapack.com\/wp-content\/uploads\/2025\/05\/Customized-beverage-stand-up-spout-bag-6-297x300.webp 297w, https:\/\/www.topchinapack.com\/wp-content\/uploads\/2025\/05\/Customized-beverage-stand-up-spout-bag-6-150x150.webp 150w, https:\/\/www.topchinapack.com\/wp-content\/uploads\/2025\/05\/Customized-beverage-stand-up-spout-bag-6-768x775.webp 768w, https:\/\/www.topchinapack.com\/wp-content\/uploads\/2025\/05\/Customized-beverage-stand-up-spout-bag-6-12x12.webp 12w, https:\/\/www.topchinapack.com\/wp-content\/uploads\/2025\/05\/Customized-beverage-stand-up-spout-bag-6-600x605.webp 600w, https:\/\/www.topchinapack.com\/wp-content\/uploads\/2025\/05\/Customized-beverage-stand-up-spout-bag-6-100x100.webp 100w\" sizes=\"(max-width: 800px) 100vw, 800px\" \/><\/figure>\n<\/div>\n<\/div>","protected":false},"excerpt":{"rendered":"<p>Unsere ma\u00dfgefertigten Beutel mit Ausgie\u00dfer sind sowohl funktional als auch haltbar, bestehen aus lebensmittelechten, BPA-freien Materialien und eignen sich f\u00fcr eine Vielzahl von Anwendungen, darunter Getr\u00e4nke, So\u00dfen, K\u00f6rperpflegeprodukte, Kosmetika und andere fl\u00fcssige oder halbfl\u00fcssige Produkte.<\/p>\n<p>Unterst\u00fctzt Zehn-Farben-Tiefdruck, anpassbare Gr\u00f6\u00dfe und Dicke, Zubeh\u00f6r und Muster, etc. Kontaktieren Sie uns f\u00fcr ein Angebot.<\/p>\n<h2>Eigenschaften von Customized Stand-up Spout Bag<\/h2>\n<p><strong>Ma\u00dfgeschneiderter Service:<\/strong>\u00a0Material, Gr\u00f6\u00dfe, Druck, Muster und zus\u00e4tzliche Optionen<br \/><strong>Druckverfahren:<\/strong>\u00a0Tiefdruck, bis zu 10 Farben, unterst\u00fctzt kundenspezifischen Druck<br \/><strong>Merkmale:<\/strong>\u00a0langlebig, wasserdicht<br \/><strong>Lieferfrist:<\/strong>\u00a010-20 Tage<br \/><strong>Unterst\u00fctzung f\u00fcr kostenlose Proben<\/strong><br \/><strong>Zertifizierung:<\/strong>\u00a0ISO, FDA, BPA-frei, LFGB, EU-Norm<\/p>\n<p><strong>Ausgezeichnete Barriereeigenschaften:<\/strong> Mehrschichtige Laminate wie PET\/PE\/AL gew\u00e4hrleisten starke Barriereeigenschaften gegen\u00fcber Feuchtigkeit, Sauerstoff und Licht und verl\u00e4ngern so die Haltbarkeit des Produkts.<br \/><strong>Bequemer Ausguss oben:<\/strong> Leicht zu \u00f6ffnen, auszugie\u00dfen und wieder zu verschlie\u00dfen - geeignet f\u00fcr fl\u00fcssige, past\u00f6se und pulverf\u00f6rmige Produkte, verbessert die Benutzerfreundlichkeit und reduziert das Versch\u00fctten von Fl\u00fcssigkeiten.<br \/><strong>Standsicherheit:<\/strong> Die selbsttragende Bodenstruktur verbessert die Sichtbarkeit im Regal, die Lagereffizienz und die M\u00f6glichkeiten der Markenbildung am Verkaufsort.<br \/><strong>Anpassbares Design:<\/strong> Gr\u00f6\u00dfe, Dicke, Druckfarbe, Muster und Materialstruktur k\u00f6nnen individuell angepasst werden, um spezifische Marken- und Funktionsanforderungen zu erf\u00fcllen.<\/p>","protected":false},"featured_media":1497,"comment_status":"closed","ping_status":"closed","template":"","meta":{"_acf_changed":true},"product_brand":[],"product_cat":[22,43],"product_tag":[],"class_list":{"0":"post-1496","1":"product","2":"type-product","3":"status-publish","4":"has-post-thumbnail","6":"product_cat-custom-spout-pouches","7":"product_cat-custom-beverage-spout-pouches","9":"first","10":"instock","11":"shipping-taxable","12":"product-type-simple"},"acf":[],"_links":{"self":[{"href":"https:\/\/www.topchinapack.com\/de\/wp-json\/wp\/v2\/product\/1496","targetHints":{"allow":["GET"]}}],"collection":[{"href":"https:\/\/www.topchinapack.com\/de\/wp-json\/wp\/v2\/product"}],"about":[{"href":"https:\/\/www.topchinapack.com\/de\/wp-json\/wp\/v2\/types\/product"}],"replies":[{"embeddable":true,"href":"https:\/\/www.topchinapack.com\/de\/wp-json\/wp\/v2\/comments?post=1496"}],"wp:featuredmedia":[{"embeddable":true,"href":"https:\/\/www.topchinapack.com\/de\/wp-json\/wp\/v2\/media\/1497"}],"wp:attachment":[{"href":"https:\/\/www.topchinapack.com\/de\/wp-json\/wp\/v2\/media?parent=1496"}],"wp:term":[{"taxonomy":"product_brand","embeddable":true,"href":"https:\/\/www.topchinapack.com\/de\/wp-json\/wp\/v2\/product_brand?post=1496"},{"taxonomy":"product_cat","embeddable":true,"href":"https:\/\/www.topchinapack.com\/de\/wp-json\/wp\/v2\/product_cat?post=1496"},{"taxonomy":"product_tag","embeddable":true,"href":"https:\/\/www.topchinapack.com\/de\/wp-json\/wp\/v2\/product_tag?post=1496"}],"curies":[{"name":"wp","href":"https:\/\/api.w.org\/{rel}","templated":true}]}}