{"id":1862,"date":"2025-08-04T14:32:00","date_gmt":"2025-08-04T14:32:00","guid":{"rendered":"https:\/\/www.topchinapack.com\/?post_type=product&#038;p=1862"},"modified":"2025-11-17T07:40:18","modified_gmt":"2025-11-17T07:40:18","slug":"custom-stand-up-spout-bags","status":"publish","type":"product","link":"https:\/\/www.topchinapack.com\/de\/produkt\/custom-stand-up-spout-bags\/","title":{"rendered":"Individuell gestaltete Standbodenbeutel, Bulk-Beutel - wiederverschlie\u00dfbar und ausgezeichnet verschlie\u00dfbar"},"content":{"rendered":"<div class=\"wp-block-columns is-layout-flex wp-container-core-columns-is-layout-9d6595d7 wp-block-columns-is-layout-flex\">\n<div class=\"wp-block-column is-layout-flow wp-block-column-is-layout-flow\">\n<figure class=\"wp-block-image size-full\"><img decoding=\"async\" width=\"800\" height=\"800\" src=\"https:\/\/www.topchinapack.com\/wp-content\/uploads\/2025\/08\/custom-stand-up-spout-pouches-5.webp\" alt=\"Kundenspezifische Standbodenbeutel (5)\" class=\"wp-image-1878\" srcset=\"https:\/\/www.topchinapack.com\/wp-content\/uploads\/2025\/08\/custom-stand-up-spout-pouches-5.webp 800w, https:\/\/www.topchinapack.com\/wp-content\/uploads\/2025\/08\/custom-stand-up-spout-pouches-5-300x300.webp 300w, https:\/\/www.topchinapack.com\/wp-content\/uploads\/2025\/08\/custom-stand-up-spout-pouches-5-150x150.webp 150w, https:\/\/www.topchinapack.com\/wp-content\/uploads\/2025\/08\/custom-stand-up-spout-pouches-5-768x768.webp 768w, https:\/\/www.topchinapack.com\/wp-content\/uploads\/2025\/08\/custom-stand-up-spout-pouches-5-12x12.webp 12w, https:\/\/www.topchinapack.com\/wp-content\/uploads\/2025\/08\/custom-stand-up-spout-pouches-5-600x600.webp 600w, https:\/\/www.topchinapack.com\/wp-content\/uploads\/2025\/08\/custom-stand-up-spout-pouches-5-100x100.webp 100w\" sizes=\"(max-width: 800px) 100vw, 800px\" \/><\/figure>\n<\/div>\n\n\n\n<div class=\"wp-block-column is-layout-flow wp-block-column-is-layout-flow\">\n<figure class=\"wp-block-image size-full\"><img decoding=\"async\" width=\"800\" height=\"800\" src=\"https:\/\/www.topchinapack.com\/wp-content\/uploads\/2025\/08\/custom-stand-up-spout-pouches-6.webp\" alt=\"kundenspezifische Beutel mit aufstehendem Ausguss (6)\" class=\"wp-image-1879\" srcset=\"https:\/\/www.topchinapack.com\/wp-content\/uploads\/2025\/08\/custom-stand-up-spout-pouches-6.webp 800w, https:\/\/www.topchinapack.com\/wp-content\/uploads\/2025\/08\/custom-stand-up-spout-pouches-6-300x300.webp 300w, https:\/\/www.topchinapack.com\/wp-content\/uploads\/2025\/08\/custom-stand-up-spout-pouches-6-150x150.webp 150w, https:\/\/www.topchinapack.com\/wp-content\/uploads\/2025\/08\/custom-stand-up-spout-pouches-6-768x768.webp 768w, https:\/\/www.topchinapack.com\/wp-content\/uploads\/2025\/08\/custom-stand-up-spout-pouches-6-12x12.webp 12w, https:\/\/www.topchinapack.com\/wp-content\/uploads\/2025\/08\/custom-stand-up-spout-pouches-6-600x600.webp 600w, https:\/\/www.topchinapack.com\/wp-content\/uploads\/2025\/08\/custom-stand-up-spout-pouches-6-100x100.webp 100w\" sizes=\"(max-width: 800px) 100vw, 800px\" \/><\/figure>\n<\/div>\n<\/div>\n\n\n\n<div class=\"wp-block-columns is-layout-flex wp-container-core-columns-is-layout-9d6595d7 wp-block-columns-is-layout-flex\">\n<div class=\"wp-block-column is-layout-flow wp-block-column-is-layout-flow\"><\/div>\n\n\n\n<div class=\"wp-block-column is-layout-flow wp-block-column-is-layout-flow\"><\/div>\n<\/div>","protected":false},"excerpt":{"rendered":"<p>Wir bieten vollst\u00e4ndig anpassbare Ausgie\u00dferbeutel an, um die einzigartigen Anforderungen Ihrer Produkte zu erf\u00fcllen. Unsere lebensmittelechten T\u00fcllenbeutel sind f\u00fcr Fl\u00fcssigkeiten, Pasten und k\u00f6rnige Produkte geeignet. Gr\u00f6\u00dfe, Material und Design der Ausgie\u00dfer sind vollst\u00e4ndig anpassbar, und wir bieten einen Zehn-Farben-Druck an, um sicherzustellen, dass Ihr Markenimage optimal pr\u00e4sentiert wird.<\/p>\n<h2>Eigenschaften von Stand up Spout Bags<\/h2>\n<p><strong>Ma\u00dfgeschneiderter Service:<\/strong>\u00a0Material, Gr\u00f6\u00dfe, Druck, Muster und zus\u00e4tzliche Optionen<br \/><strong>Druckverfahren:<\/strong>\u00a0Tiefdruck, bis zu 10 Farben, unterst\u00fctzt kundenspezifischen Druck<br \/><strong>Merkmale:<\/strong>\u00a0langlebig, wasserdicht<br \/><strong>Lieferfrist:<\/strong>\u00a010-20 Tage<br \/><strong>Unterst\u00fctzung f\u00fcr kostenlose Proben<\/strong><br \/><strong>Zertifizierung:<\/strong>\u00a0ISO, FDA, BPA-frei, LFGB, EU-Norm<\/p>\n<p><strong>Bequemlichkeit:<\/strong> Die ma\u00dfgeschneiderten Ausgie\u00dfer sind mit einer leicht zu \u00f6ffnenden und benutzerfreundlichen T\u00fclle ausgestattet, die ein reibungsloses Ausgie\u00dfen erm\u00f6glicht. Der Ansaugstutzen kann mehrfach versiegelt werden, so dass Sie das Produkt leicht versiegeln und l\u00e4nger frisch halten k\u00f6nnen.<\/p>\n<p><strong>Funktion:<\/strong> Unsere T\u00fcllenbeutel sind mit einer auslaufsicheren und verunreinigungssicheren Versiegelungstechnologie ausgestattet, die den besten Schutz f\u00fcr interne Gegenst\u00e4nde bieten kann. Egal, ob Sie Getr\u00e4nke, Kosmetika oder Tiernahrung aufbewahren, der T\u00fcllenbeutel kann Oxidation verhindern.<\/p>\n<p><strong>Selbstst\u00e4ndige Konstruktion:<\/strong> Eines der Highlights unserer ma\u00dfgefertigten Ausgie\u00dfertaschen ist ihr selbststehender Boden. Das aufrechte Design sorgt f\u00fcr eine \u00fcbersichtliche Pr\u00e4sentation und Aufbewahrung der Artikel.<\/p>\n<p>Multifunktionale Kompatibilit\u00e4t: Unsere Ausgie\u00dfer haben ein breites Anwendungsspektrum und eignen sich f\u00fcr verschiedene Verpackungen. Sie eignen sich sehr gut f\u00fcr Fl\u00fcssigkeiten (Getr\u00e4nke), Pasten (Kosmetika) und Granulate (Tiernahrung).<\/p>\n<p><strong>Kundenspezifischer Ausgussbeutel-Service:<\/strong> Wir bieten ein umfassendes Angebot an kundenspezifischen Dienstleistungen f\u00fcr Ausgie\u00dfer, einschlie\u00dflich der Auswahl von Material, Gr\u00f6\u00dfe, Farbe und Markenidentit\u00e4t. Hochwertige Handwerkskunst hilft den Kunden bei der Herstellung hervorragender und langlebiger Ausgie\u00dferprodukte.<\/p>","protected":false},"featured_media":1874,"comment_status":"closed","ping_status":"closed","template":"","meta":{"_acf_changed":false},"product_brand":[],"product_cat":[22,39],"product_tag":[],"class_list":{"0":"post-1862","1":"product","2":"type-product","3":"status-publish","4":"has-post-thumbnail","6":"product_cat-custom-spout-pouches","7":"product_cat-custom-juice-spout-pouches","9":"first","10":"instock","11":"shipping-taxable","12":"product-type-simple"},"acf":[],"_links":{"self":[{"href":"https:\/\/www.topchinapack.com\/de\/wp-json\/wp\/v2\/product\/1862","targetHints":{"allow":["GET"]}}],"collection":[{"href":"https:\/\/www.topchinapack.com\/de\/wp-json\/wp\/v2\/product"}],"about":[{"href":"https:\/\/www.topchinapack.com\/de\/wp-json\/wp\/v2\/types\/product"}],"replies":[{"embeddable":true,"href":"https:\/\/www.topchinapack.com\/de\/wp-json\/wp\/v2\/comments?post=1862"}],"wp:featuredmedia":[{"embeddable":true,"href":"https:\/\/www.topchinapack.com\/de\/wp-json\/wp\/v2\/media\/1874"}],"wp:attachment":[{"href":"https:\/\/www.topchinapack.com\/de\/wp-json\/wp\/v2\/media?parent=1862"}],"wp:term":[{"taxonomy":"product_brand","embeddable":true,"href":"https:\/\/www.topchinapack.com\/de\/wp-json\/wp\/v2\/product_brand?post=1862"},{"taxonomy":"product_cat","embeddable":true,"href":"https:\/\/www.topchinapack.com\/de\/wp-json\/wp\/v2\/product_cat?post=1862"},{"taxonomy":"product_tag","embeddable":true,"href":"https:\/\/www.topchinapack.com\/de\/wp-json\/wp\/v2\/product_tag?post=1862"}],"curies":[{"name":"wp","href":"https:\/\/api.w.org\/{rel}","templated":true}]}}