{"id":1863,"date":"2025-08-06T06:33:35","date_gmt":"2025-08-06T06:33:35","guid":{"rendered":"https:\/\/www.topchinapack.com\/?post_type=product&#038;p=1863"},"modified":"2025-11-17T07:38:16","modified_gmt":"2025-11-17T07:38:16","slug":"stand-up-pouch-with-spout","status":"publish","type":"product","link":"https:\/\/www.topchinapack.com\/de\/produkt\/stand-up-pouch-with-spout\/","title":{"rendered":"Individueller Standbeutel mit Ausguss f\u00fcr Saft, Getr\u00e4nke, Gelee - Hersteller von Ausgussbeuteln"},"content":{"rendered":"<div class=\"wp-block-columns is-layout-flex wp-container-core-columns-is-layout-9d6595d7 wp-block-columns-is-layout-flex\">\n<div class=\"wp-block-column is-layout-flow wp-block-column-is-layout-flow\">\n<figure class=\"wp-block-image size-full\"><img decoding=\"async\" width=\"800\" height=\"807\" src=\"https:\/\/www.topchinapack.com\/wp-content\/uploads\/2025\/08\/custom-spout-pouches-5-1.webp\" alt=\"Kundenspezifische T\u00fcllenbeutel (5)\" class=\"wp-image-1914\" srcset=\"https:\/\/www.topchinapack.com\/wp-content\/uploads\/2025\/08\/custom-spout-pouches-5-1.webp 800w, https:\/\/www.topchinapack.com\/wp-content\/uploads\/2025\/08\/custom-spout-pouches-5-1-297x300.webp 297w, https:\/\/www.topchinapack.com\/wp-content\/uploads\/2025\/08\/custom-spout-pouches-5-1-150x150.webp 150w, https:\/\/www.topchinapack.com\/wp-content\/uploads\/2025\/08\/custom-spout-pouches-5-1-768x775.webp 768w, https:\/\/www.topchinapack.com\/wp-content\/uploads\/2025\/08\/custom-spout-pouches-5-1-12x12.webp 12w, https:\/\/www.topchinapack.com\/wp-content\/uploads\/2025\/08\/custom-spout-pouches-5-1-600x605.webp 600w, https:\/\/www.topchinapack.com\/wp-content\/uploads\/2025\/08\/custom-spout-pouches-5-1-100x100.webp 100w\" sizes=\"(max-width: 800px) 100vw, 800px\" \/><\/figure>\n<\/div>\n\n\n\n<div class=\"wp-block-column is-layout-flow wp-block-column-is-layout-flow\">\n<figure class=\"wp-block-image size-full\"><img decoding=\"async\" width=\"800\" height=\"807\" src=\"https:\/\/www.topchinapack.com\/wp-content\/uploads\/2025\/08\/custom-spout-pouches-6-1.webp\" alt=\"kundenspezifische T\u00fcllenbeutel (6)\" class=\"wp-image-1915\" srcset=\"https:\/\/www.topchinapack.com\/wp-content\/uploads\/2025\/08\/custom-spout-pouches-6-1.webp 800w, https:\/\/www.topchinapack.com\/wp-content\/uploads\/2025\/08\/custom-spout-pouches-6-1-297x300.webp 297w, https:\/\/www.topchinapack.com\/wp-content\/uploads\/2025\/08\/custom-spout-pouches-6-1-150x150.webp 150w, https:\/\/www.topchinapack.com\/wp-content\/uploads\/2025\/08\/custom-spout-pouches-6-1-768x775.webp 768w, https:\/\/www.topchinapack.com\/wp-content\/uploads\/2025\/08\/custom-spout-pouches-6-1-12x12.webp 12w, https:\/\/www.topchinapack.com\/wp-content\/uploads\/2025\/08\/custom-spout-pouches-6-1-600x605.webp 600w, https:\/\/www.topchinapack.com\/wp-content\/uploads\/2025\/08\/custom-spout-pouches-6-1-100x100.webp 100w\" sizes=\"(max-width: 800px) 100vw, 800px\" \/><\/figure>\n<\/div>\n<\/div>\n\n\n\n<div class=\"wp-block-columns is-layout-flex wp-container-core-columns-is-layout-9d6595d7 wp-block-columns-is-layout-flex\">\n<div class=\"wp-block-column is-layout-flow wp-block-column-is-layout-flow\" style=\"flex-basis:66.66%\">\n<figure class=\"wp-block-embed is-type-video is-provider-youtube wp-block-embed-youtube wp-embed-aspect-16-9 wp-has-aspect-ratio\"><div class=\"wp-block-embed__wrapper\">\n<iframe title=\"Kundenspezifischer Ausgussbeutel \u5438\u5634\u888b\" width=\"500\" height=\"281\" src=\"https:\/\/www.youtube.com\/embed\/TygYTRNHNMw?feature=oembed\" frameborder=\"0\" allow=\"accelerometer; autoplay; clipboard-write; encrypted-media; gyroscope; picture-in-picture; web-share\" referrerpolicy=\"strict-origin-when-cross-origin\" allowfullscreen><\/iframe>\n<\/div><\/figure>\n<\/div>\n\n\n\n<div class=\"wp-block-column is-layout-flow wp-block-column-is-layout-flow\" style=\"flex-basis:33.33%\"><\/div>\n<\/div>","protected":false},"excerpt":{"rendered":"<p>Unsere kundenspezifischen Ausgussbeutel bieten flexible, hochwertige Verpackungsl\u00f6sungen f\u00fcr Getr\u00e4nke, S\u00e4fte, Gelees, So\u00dfen und vieles mehr. Wir bieten eine Vielzahl von Gr\u00f6\u00dfen und kundenspezifischen Designs. Wenden Sie sich an GQ PACK, um das beste Angebot von einem zuverl\u00e4ssigen Hersteller von Ausgie\u00dferbeuteln zu erhalten.<\/p>\n<h2>Eigenschaften von Standbodenbeutel mit Ausgie\u00dfer<\/h2>\n<p><strong>Ma\u00dfgeschneiderter Service:<\/strong>\u00a0Material, Gr\u00f6\u00dfe, Druck, Muster und zus\u00e4tzliche Optionen<br \/><strong>Druckverfahren:<\/strong>\u00a0Tiefdruck, bis zu 10 Farben, unterst\u00fctzt kundenspezifischen Druck<br \/><strong>Merkmale:<\/strong>\u00a0langlebig, wasserdicht<br \/><strong>Lieferfrist:<\/strong>\u00a010-20 Tage<br \/><strong>Unterst\u00fctzung f\u00fcr kostenlose Proben<\/strong><br \/><strong>Zertifizierung:<\/strong>\u00a0ISO, FDA, BPA-frei, LFGB, EU-Norm<\/p>\n<p><strong>Hochwertige PE\/PET-Materialien:<\/strong> Unsere kundenspezifischen Ausgie\u00dferbeutel bestehen aus hochwertigen PE\/PET-Materialien. Diese Materialien sind bekannt f\u00fcr ihre Festigkeit, Haltbarkeit und Flexibilit\u00e4t, die dazu beitragen, die Qualit\u00e4t des Inhalts zu erhalten.<\/p>\n<p><strong>Starke Barriereeigenschaften:<\/strong> Das PE\/PET-Design verhindert, dass Sauerstoff, Feuchtigkeit und Verunreinigungen eindringen. Dadurch bleiben die Frische, der Geschmack und der N\u00e4hrwert von Getr\u00e4nken, S\u00e4ften und Gelees l\u00e4nger erhalten.<\/p>\n<p><strong>Auslaufsichere T\u00fclle:<\/strong> Unsere Beutel verf\u00fcgen \u00fcber einen manipulationssicheren Verschluss, der vollkommen auslaufsicher ist. Er bietet einen sicheren Verschluss. Das wiederverschlie\u00dfbare Design erleichtert den Zugang zu Getr\u00e4nken und anderen Produkten und minimiert gleichzeitig den Abfall.<\/p>\n<p><strong>Lebensmitteltaugliche Sicherheit:<\/strong> Unsere ma\u00dfgefertigten Ausgie\u00dferbeutel werden aus lebensmittelechten Materialien hergestellt, die den internationalen Sicherheitsstandards, einschlie\u00dflich FDA und LFGB, entsprechen. Sie sind sicher f\u00fcr den direkten Kontakt mit Lebensmitteln und Getr\u00e4nken.<\/p>\n<p><strong>Anpassungen:<\/strong> GQ PACK bietet vollst\u00e4ndig individuell gestaltete Ausgie\u00dferbeutel an. Wir bieten einen Zehn-Farben-Tiefdruck und Optionen f\u00fcr matte, gl\u00e4nzende oder klare Fenster sowie kundenspezifisches Ausgie\u00dferzubeh\u00f6r.<\/p>","protected":false},"featured_media":1910,"comment_status":"closed","ping_status":"closed","template":"","meta":{"_acf_changed":false},"product_brand":[],"product_cat":[22,41],"product_tag":[],"class_list":{"0":"post-1863","1":"product","2":"type-product","3":"status-publish","4":"has-post-thumbnail","6":"product_cat-custom-spout-pouches","7":"product_cat-custom-jelly-spout-pouches","9":"first","10":"instock","11":"shipping-taxable","12":"product-type-simple"},"acf":[],"_links":{"self":[{"href":"https:\/\/www.topchinapack.com\/de\/wp-json\/wp\/v2\/product\/1863","targetHints":{"allow":["GET"]}}],"collection":[{"href":"https:\/\/www.topchinapack.com\/de\/wp-json\/wp\/v2\/product"}],"about":[{"href":"https:\/\/www.topchinapack.com\/de\/wp-json\/wp\/v2\/types\/product"}],"replies":[{"embeddable":true,"href":"https:\/\/www.topchinapack.com\/de\/wp-json\/wp\/v2\/comments?post=1863"}],"wp:featuredmedia":[{"embeddable":true,"href":"https:\/\/www.topchinapack.com\/de\/wp-json\/wp\/v2\/media\/1910"}],"wp:attachment":[{"href":"https:\/\/www.topchinapack.com\/de\/wp-json\/wp\/v2\/media?parent=1863"}],"wp:term":[{"taxonomy":"product_brand","embeddable":true,"href":"https:\/\/www.topchinapack.com\/de\/wp-json\/wp\/v2\/product_brand?post=1863"},{"taxonomy":"product_cat","embeddable":true,"href":"https:\/\/www.topchinapack.com\/de\/wp-json\/wp\/v2\/product_cat?post=1863"},{"taxonomy":"product_tag","embeddable":true,"href":"https:\/\/www.topchinapack.com\/de\/wp-json\/wp\/v2\/product_tag?post=1863"}],"curies":[{"name":"wp","href":"https:\/\/api.w.org\/{rel}","templated":true}]}}