{"id":1865,"date":"2024-11-12T03:44:09","date_gmt":"2024-11-12T03:44:09","guid":{"rendered":"https:\/\/www.topchinapack.com\/?post_type=product&#038;p=1865"},"modified":"2025-12-19T08:32:13","modified_gmt":"2025-12-19T08:32:13","slug":"custom-fruit-drink-spout-pouch-wholesale","status":"publish","type":"product","link":"https:\/\/www.topchinapack.com\/de\/produkt\/custom-fruit-drink-spout-pouch-wholesale\/","title":{"rendered":"Benutzerdefinierte Obst Getr\u00e4nk Auslauf Beutel Gro\u00dfhandel - Lebensmittel Auslauf Tasche Hersteller"},"content":{"rendered":"<div class=\"wp-block-columns is-layout-flex wp-container-core-columns-is-layout-9d6595d7 wp-block-columns-is-layout-flex\">\n<div class=\"wp-block-column is-layout-flow wp-block-column-is-layout-flow\">\n<figure class=\"wp-block-image size-full\"><img decoding=\"async\" width=\"2048\" height=\"2048\" src=\"https:\/\/www.topchinapack.com\/wp-content\/uploads\/2025\/11\/Fruit-drink-spout-pouch-3.webp\" alt=\"Fruchtgetr\u00e4nke-T\u00fcllenbeutel (3)\" class=\"wp-image-2821\" srcset=\"https:\/\/www.topchinapack.com\/wp-content\/uploads\/2025\/11\/Fruit-drink-spout-pouch-3.webp 2048w, https:\/\/www.topchinapack.com\/wp-content\/uploads\/2025\/11\/Fruit-drink-spout-pouch-3-300x300.webp 300w, https:\/\/www.topchinapack.com\/wp-content\/uploads\/2025\/11\/Fruit-drink-spout-pouch-3-150x150.webp 150w, https:\/\/www.topchinapack.com\/wp-content\/uploads\/2025\/11\/Fruit-drink-spout-pouch-3-768x768.webp 768w, https:\/\/www.topchinapack.com\/wp-content\/uploads\/2025\/11\/Fruit-drink-spout-pouch-3-12x12.webp 12w, https:\/\/www.topchinapack.com\/wp-content\/uploads\/2025\/11\/Fruit-drink-spout-pouch-3-1200x1200.webp 1200w, https:\/\/www.topchinapack.com\/wp-content\/uploads\/2025\/11\/Fruit-drink-spout-pouch-3-600x600.webp 600w, https:\/\/www.topchinapack.com\/wp-content\/uploads\/2025\/11\/Fruit-drink-spout-pouch-3-100x100.webp 100w\" sizes=\"(max-width: 2048px) 100vw, 2048px\" \/><\/figure>\n<\/div>\n\n\n\n<div class=\"wp-block-column is-layout-flow wp-block-column-is-layout-flow\">\n<figure class=\"wp-block-image size-full\"><img decoding=\"async\" width=\"2048\" height=\"2048\" src=\"https:\/\/www.topchinapack.com\/wp-content\/uploads\/2025\/11\/Fruit-drink-spout-pouch-4.webp\" alt=\"Beutel f\u00fcr Fruchtgetr\u00e4nke (4)\" class=\"wp-image-2822\" srcset=\"https:\/\/www.topchinapack.com\/wp-content\/uploads\/2025\/11\/Fruit-drink-spout-pouch-4.webp 2048w, https:\/\/www.topchinapack.com\/wp-content\/uploads\/2025\/11\/Fruit-drink-spout-pouch-4-300x300.webp 300w, https:\/\/www.topchinapack.com\/wp-content\/uploads\/2025\/11\/Fruit-drink-spout-pouch-4-150x150.webp 150w, https:\/\/www.topchinapack.com\/wp-content\/uploads\/2025\/11\/Fruit-drink-spout-pouch-4-768x768.webp 768w, https:\/\/www.topchinapack.com\/wp-content\/uploads\/2025\/11\/Fruit-drink-spout-pouch-4-12x12.webp 12w, https:\/\/www.topchinapack.com\/wp-content\/uploads\/2025\/11\/Fruit-drink-spout-pouch-4-1200x1200.webp 1200w, https:\/\/www.topchinapack.com\/wp-content\/uploads\/2025\/11\/Fruit-drink-spout-pouch-4-600x600.webp 600w, https:\/\/www.topchinapack.com\/wp-content\/uploads\/2025\/11\/Fruit-drink-spout-pouch-4-100x100.webp 100w\" sizes=\"(max-width: 2048px) 100vw, 2048px\" \/><\/figure>\n<\/div>\n<\/div>","protected":false},"excerpt":{"rendered":"<p>Custom beverage spout pouches are available at factory prices. Featuring a rotating spout design, they offer excellent portability and convenient consumption. As a professional flexible packaging manufacturer, we provide OEM and ODM services, allowing you to customize printing, shapes, and functions to match your brand image.<\/p>\n<h2>Features of Fruit Drink Spout Pouch<\/h2>\n<p><strong>Ma\u00dfgeschneiderter Service:<\/strong>\u00a0Material, Gr\u00f6\u00dfe, Druck, Muster und zus\u00e4tzliche Optionen<br \/><strong>Druckverfahren:<\/strong>\u00a0Tiefdruck, bis zu 10 Farben, unterst\u00fctzt kundenspezifischen Druck<br \/><strong>Merkmale:<\/strong>\u00a0langlebig, wasserdicht<br \/><strong>Lieferfrist:<\/strong>\u00a010-20 Tage<br \/><strong>Unterst\u00fctzung f\u00fcr kostenlose Proben<\/strong><br \/><strong>Zertifizierung:<\/strong>\u00a0ISO, FDA, BPA-frei, LFGB, EU-Norm<\/p>\n<p><strong>Ultimate Portability:<\/strong> Using spout pouches as beverage packaging, they are soft and durable, easily fitting into bags, pockets, or lunchboxes.<\/p>\n<p><strong>Wiederverschlie\u00dfbar:<\/strong> The screw-cap design allows consumers to drink a portion and save the rest for later consumption without affecting freshness or causing spills, ideal for portion control and reducing waste.<\/p>\n<p><strong>Reduced Transportation and Storage Costs:<\/strong> Spout pouches are significantly lighter than rigid containers and can be transported and stored flat before filling, greatly reducing transport volume, fuel costs, and warehouse space requirements.<\/p>\n<p><strong>Langlebig:<\/strong> Flexible materials and reinforced seals make the pouches highly puncture-resistant during transport, reducing damage and product loss compared to glass or some hard plastics.<\/p>","protected":false},"featured_media":2819,"comment_status":"closed","ping_status":"closed","template":"","meta":{"_acf_changed":false},"product_brand":[],"product_cat":[22,41],"product_tag":[],"class_list":{"0":"post-1865","1":"product","2":"type-product","3":"status-publish","4":"has-post-thumbnail","6":"product_cat-custom-spout-pouches","7":"product_cat-custom-jelly-spout-pouches","9":"first","10":"instock","11":"shipping-taxable","12":"product-type-simple"},"acf":[],"_links":{"self":[{"href":"https:\/\/www.topchinapack.com\/de\/wp-json\/wp\/v2\/product\/1865","targetHints":{"allow":["GET"]}}],"collection":[{"href":"https:\/\/www.topchinapack.com\/de\/wp-json\/wp\/v2\/product"}],"about":[{"href":"https:\/\/www.topchinapack.com\/de\/wp-json\/wp\/v2\/types\/product"}],"replies":[{"embeddable":true,"href":"https:\/\/www.topchinapack.com\/de\/wp-json\/wp\/v2\/comments?post=1865"}],"wp:featuredmedia":[{"embeddable":true,"href":"https:\/\/www.topchinapack.com\/de\/wp-json\/wp\/v2\/media\/2819"}],"wp:attachment":[{"href":"https:\/\/www.topchinapack.com\/de\/wp-json\/wp\/v2\/media?parent=1865"}],"wp:term":[{"taxonomy":"product_brand","embeddable":true,"href":"https:\/\/www.topchinapack.com\/de\/wp-json\/wp\/v2\/product_brand?post=1865"},{"taxonomy":"product_cat","embeddable":true,"href":"https:\/\/www.topchinapack.com\/de\/wp-json\/wp\/v2\/product_cat?post=1865"},{"taxonomy":"product_tag","embeddable":true,"href":"https:\/\/www.topchinapack.com\/de\/wp-json\/wp\/v2\/product_tag?post=1865"}],"curies":[{"name":"wp","href":"https:\/\/api.w.org\/{rel}","templated":true}]}}