{"id":1866,"date":"2025-08-04T15:42:42","date_gmt":"2025-08-04T15:42:42","guid":{"rendered":"https:\/\/www.topchinapack.com\/?post_type=product&#038;p=1866"},"modified":"2025-11-17T07:39:34","modified_gmt":"2025-11-17T07:39:34","slug":"custom-printed-spout-pouches","status":"publish","type":"product","link":"https:\/\/www.topchinapack.com\/de\/produkt\/custom-printed-spout-pouches\/","title":{"rendered":"Individuell bedruckte Ausgie\u00dferbeutel, Standbeutel mit Ausgie\u00dfer f\u00fcr Fl\u00fcssigkeit, Paste, k\u00f6rniges Material"},"content":{"rendered":"<div class=\"wp-block-columns is-layout-flex wp-container-core-columns-is-layout-9d6595d7 wp-block-columns-is-layout-flex\">\n<div class=\"wp-block-column is-layout-flow wp-block-column-is-layout-flow\">\n<figure class=\"wp-block-image size-full\"><img decoding=\"async\" width=\"800\" height=\"800\" src=\"https:\/\/www.topchinapack.com\/wp-content\/uploads\/2025\/08\/spout-pouch-packaging-5.webp\" alt=\"Ausgussbeutel-Verpackung (5)\" class=\"wp-image-1886\" srcset=\"https:\/\/www.topchinapack.com\/wp-content\/uploads\/2025\/08\/spout-pouch-packaging-5.webp 800w, https:\/\/www.topchinapack.com\/wp-content\/uploads\/2025\/08\/spout-pouch-packaging-5-300x300.webp 300w, https:\/\/www.topchinapack.com\/wp-content\/uploads\/2025\/08\/spout-pouch-packaging-5-150x150.webp 150w, https:\/\/www.topchinapack.com\/wp-content\/uploads\/2025\/08\/spout-pouch-packaging-5-768x768.webp 768w, https:\/\/www.topchinapack.com\/wp-content\/uploads\/2025\/08\/spout-pouch-packaging-5-12x12.webp 12w, https:\/\/www.topchinapack.com\/wp-content\/uploads\/2025\/08\/spout-pouch-packaging-5-600x600.webp 600w, https:\/\/www.topchinapack.com\/wp-content\/uploads\/2025\/08\/spout-pouch-packaging-5-100x100.webp 100w\" sizes=\"(max-width: 800px) 100vw, 800px\" \/><\/figure>\n<\/div>\n\n\n\n<div class=\"wp-block-column is-layout-flow wp-block-column-is-layout-flow\">\n<figure class=\"wp-block-image size-full\"><img decoding=\"async\" width=\"800\" height=\"807\" src=\"https:\/\/www.topchinapack.com\/wp-content\/uploads\/2025\/08\/spout-pouch-packaging-6.webp\" alt=\"Ausgussbeutel-Verpackung (6)\" class=\"wp-image-1887\" srcset=\"https:\/\/www.topchinapack.com\/wp-content\/uploads\/2025\/08\/spout-pouch-packaging-6.webp 800w, https:\/\/www.topchinapack.com\/wp-content\/uploads\/2025\/08\/spout-pouch-packaging-6-297x300.webp 297w, https:\/\/www.topchinapack.com\/wp-content\/uploads\/2025\/08\/spout-pouch-packaging-6-150x150.webp 150w, https:\/\/www.topchinapack.com\/wp-content\/uploads\/2025\/08\/spout-pouch-packaging-6-768x775.webp 768w, https:\/\/www.topchinapack.com\/wp-content\/uploads\/2025\/08\/spout-pouch-packaging-6-12x12.webp 12w, https:\/\/www.topchinapack.com\/wp-content\/uploads\/2025\/08\/spout-pouch-packaging-6-600x605.webp 600w, https:\/\/www.topchinapack.com\/wp-content\/uploads\/2025\/08\/spout-pouch-packaging-6-100x100.webp 100w\" sizes=\"(max-width: 800px) 100vw, 800px\" \/><\/figure>\n<\/div>\n<\/div>\n\n\n\n<div class=\"wp-block-columns is-layout-flex wp-container-core-columns-is-layout-9d6595d7 wp-block-columns-is-layout-flex\">\n<div class=\"wp-block-column is-layout-flow wp-block-column-is-layout-flow\"><\/div>\n\n\n\n<div class=\"wp-block-column is-layout-flow wp-block-column-is-layout-flow\"><\/div>\n<\/div>","protected":false},"excerpt":{"rendered":"<p>Kundenspezifische Standbodenbeutel mit Ausgie\u00dfer. Diese Beutel aus mehrschichtigem PET\/PE mit hervorragenden Barriereeigenschaften sch\u00fctzen vor Feuchtigkeit, Sauerstoff und Licht und k\u00f6nnen mit Fl\u00fcssigkeiten, Pasten und Granulaten bef\u00fcllt werden. Diese in Gr\u00f6\u00dfe, Dicke, Design und Material vollst\u00e4ndig anpassbaren Beutel sind ideal f\u00fcr Getr\u00e4nke, Kosmetika, Tiernahrung und vieles mehr. Wenden Sie sich an GQ PACK, um das beste Angebot von einem professionellen Hersteller flexibler Verpackungen zu erhalten.<\/p>\n<h2>Merkmale der individuell bedruckten Ausgie\u00dfertaschen<\/h2>\n<p><strong>Ma\u00dfgeschneiderter Service:<\/strong>\u00a0Material, Gr\u00f6\u00dfe, Druck, Muster und zus\u00e4tzliche Optionen<br \/><strong>Druckverfahren:<\/strong>\u00a0Tiefdruck, bis zu 10 Farben, unterst\u00fctzt kundenspezifischen Druck<br \/><strong>Merkmale:<\/strong>\u00a0langlebig, wasserdicht<br \/><strong>Lieferfrist:<\/strong>\u00a010-20 Tage<br \/><strong>Unterst\u00fctzung f\u00fcr kostenlose Proben<\/strong><br \/><strong>Zertifizierung:<\/strong>\u00a0ISO, FDA, BPA-frei, LFGB, EU-Norm<\/p>\n<p><strong>Ausgezeichnete Barriereleistung:<\/strong> Unsere ma\u00dfgefertigten Ausgie\u00dferbeutel bestehen aus mehrschichtigen Verbundmaterialien wie PET\/PE, die starke Barriereeigenschaften aufweisen und das Eindringen von Feuchtigkeit, Sauerstoff und Licht verhindern, wodurch die Haltbarkeit Ihrer Produkte effektiv verl\u00e4ngert wird.<\/p>\n<p><strong>Bequemlichkeit:<\/strong> Dank der einzigartigen Ausgusst\u00fclle ist der Beutel wiederverschlie\u00dfbar, so dass er jederzeit verschlossen werden kann, um den Inhalt frisch zu halten und Abfall zu vermeiden.<\/p>\n<p><strong>Geeignet f\u00fcr eine Vielzahl von Inhalten:<\/strong> Unsere ma\u00dfgefertigten Ausgie\u00dfer sind sehr gut vertr\u00e4glich und eignen sich f\u00fcr eine Vielzahl von Produkten, von Fl\u00fcssigkeiten (z. B. Getr\u00e4nke, S\u00e4fte, So\u00dfen) \u00fcber Pasten (z. B. Kosmetika, Hautpflegemittel, Shampoo) bis hin zu k\u00f6rnigen Produkten (z. B. Tiernahrung, N\u00fcsse, K\u00f6rner).<\/p>\n<p><strong>Anpassbare Designs:<\/strong> Wir bieten eine breite Palette von Dienstleistungen f\u00fcr kundenspezifische Ausgie\u00dferbeutel an, einschlie\u00dflich Gr\u00f6\u00dfe, Dicke, Druckfarbe, Muster und Materialstruktur.<\/p>","protected":false},"featured_media":1882,"comment_status":"closed","ping_status":"closed","template":"","meta":{"_acf_changed":true},"product_brand":[],"product_cat":[22,39],"product_tag":[],"class_list":{"0":"post-1866","1":"product","2":"type-product","3":"status-publish","4":"has-post-thumbnail","6":"product_cat-custom-spout-pouches","7":"product_cat-custom-juice-spout-pouches","9":"first","10":"instock","11":"shipping-taxable","12":"product-type-simple"},"acf":[],"_links":{"self":[{"href":"https:\/\/www.topchinapack.com\/de\/wp-json\/wp\/v2\/product\/1866","targetHints":{"allow":["GET"]}}],"collection":[{"href":"https:\/\/www.topchinapack.com\/de\/wp-json\/wp\/v2\/product"}],"about":[{"href":"https:\/\/www.topchinapack.com\/de\/wp-json\/wp\/v2\/types\/product"}],"replies":[{"embeddable":true,"href":"https:\/\/www.topchinapack.com\/de\/wp-json\/wp\/v2\/comments?post=1866"}],"wp:featuredmedia":[{"embeddable":true,"href":"https:\/\/www.topchinapack.com\/de\/wp-json\/wp\/v2\/media\/1882"}],"wp:attachment":[{"href":"https:\/\/www.topchinapack.com\/de\/wp-json\/wp\/v2\/media?parent=1866"}],"wp:term":[{"taxonomy":"product_brand","embeddable":true,"href":"https:\/\/www.topchinapack.com\/de\/wp-json\/wp\/v2\/product_brand?post=1866"},{"taxonomy":"product_cat","embeddable":true,"href":"https:\/\/www.topchinapack.com\/de\/wp-json\/wp\/v2\/product_cat?post=1866"},{"taxonomy":"product_tag","embeddable":true,"href":"https:\/\/www.topchinapack.com\/de\/wp-json\/wp\/v2\/product_tag?post=1866"}],"curies":[{"name":"wp","href":"https:\/\/api.w.org\/{rel}","templated":true}]}}