{"id":1889,"date":"2025-08-06T04:05:19","date_gmt":"2025-08-06T04:05:19","guid":{"rendered":"https:\/\/www.topchinapack.com\/?post_type=product&#038;p=1889"},"modified":"2025-11-17T07:39:05","modified_gmt":"2025-11-17T07:39:05","slug":"made-to-order-spout-pouch-packaging","status":"publish","type":"product","link":"https:\/\/www.topchinapack.com\/de\/produkt\/made-to-order-spout-pouch-packaging\/","title":{"rendered":"Kundenspezifische Ausgie\u00dferbeutel, ma\u00dfgeschneiderte Ausgie\u00dferbeutel-Verpackungen"},"content":{"rendered":"<div class=\"wp-block-columns is-layout-flex wp-container-core-columns-is-layout-9d6595d7 wp-block-columns-is-layout-flex\">\n<div class=\"wp-block-column is-layout-flow wp-block-column-is-layout-flow\">\n<figure class=\"wp-block-image size-full\"><img decoding=\"async\" width=\"800\" height=\"807\" src=\"https:\/\/www.topchinapack.com\/wp-content\/uploads\/2025\/08\/custom-spout-pouch-packaging-6.webp\" alt=\"Kundenspezifische T\u00fcllenbeutelverpackungen (6)\" class=\"wp-image-1906\" srcset=\"https:\/\/www.topchinapack.com\/wp-content\/uploads\/2025\/08\/custom-spout-pouch-packaging-6.webp 800w, https:\/\/www.topchinapack.com\/wp-content\/uploads\/2025\/08\/custom-spout-pouch-packaging-6-297x300.webp 297w, https:\/\/www.topchinapack.com\/wp-content\/uploads\/2025\/08\/custom-spout-pouch-packaging-6-150x150.webp 150w, https:\/\/www.topchinapack.com\/wp-content\/uploads\/2025\/08\/custom-spout-pouch-packaging-6-768x775.webp 768w, https:\/\/www.topchinapack.com\/wp-content\/uploads\/2025\/08\/custom-spout-pouch-packaging-6-12x12.webp 12w, https:\/\/www.topchinapack.com\/wp-content\/uploads\/2025\/08\/custom-spout-pouch-packaging-6-600x605.webp 600w, https:\/\/www.topchinapack.com\/wp-content\/uploads\/2025\/08\/custom-spout-pouch-packaging-6-100x100.webp 100w\" sizes=\"(max-width: 800px) 100vw, 800px\" \/><\/figure>\n<\/div>\n\n\n\n<div class=\"wp-block-column is-layout-flow wp-block-column-is-layout-flow\">\n<figure class=\"wp-block-image size-full\"><img decoding=\"async\" width=\"800\" height=\"793\" src=\"https:\/\/www.topchinapack.com\/wp-content\/uploads\/2025\/08\/custom-spout-pouch-packaging-7.webp\" alt=\"Kundenspezifische T\u00fcllenbeutelverpackungen (7)\" class=\"wp-image-1907\" srcset=\"https:\/\/www.topchinapack.com\/wp-content\/uploads\/2025\/08\/custom-spout-pouch-packaging-7.webp 800w, https:\/\/www.topchinapack.com\/wp-content\/uploads\/2025\/08\/custom-spout-pouch-packaging-7-300x297.webp 300w, https:\/\/www.topchinapack.com\/wp-content\/uploads\/2025\/08\/custom-spout-pouch-packaging-7-150x150.webp 150w, https:\/\/www.topchinapack.com\/wp-content\/uploads\/2025\/08\/custom-spout-pouch-packaging-7-768x761.webp 768w, https:\/\/www.topchinapack.com\/wp-content\/uploads\/2025\/08\/custom-spout-pouch-packaging-7-12x12.webp 12w, https:\/\/www.topchinapack.com\/wp-content\/uploads\/2025\/08\/custom-spout-pouch-packaging-7-600x595.webp 600w, https:\/\/www.topchinapack.com\/wp-content\/uploads\/2025\/08\/custom-spout-pouch-packaging-7-100x100.webp 100w\" sizes=\"(max-width: 800px) 100vw, 800px\" \/><\/figure>\n<\/div>\n<\/div>\n\n\n\n<div class=\"wp-block-columns is-layout-flex wp-container-core-columns-is-layout-9d6595d7 wp-block-columns-is-layout-flex\">\n<div class=\"wp-block-column is-layout-flow wp-block-column-is-layout-flow\"><\/div>\n\n\n\n<div class=\"wp-block-column is-layout-flow wp-block-column-is-layout-flow\"><\/div>\n<\/div>","protected":false},"excerpt":{"rendered":"<p>Wir bieten kundenspezifische Ausgie\u00dferbeutel an. Unsere T\u00fcllenbeutel bieten hervorragende Sauerstoff- und Feuchtigkeitsbarriereeigenschaften und sorgen daf\u00fcr, dass Ihre Produkte frisch und sicher bleiben. Unsere T\u00fcllenbeutel eignen sich f\u00fcr eine Vielzahl von Branchen, darunter S\u00e4fte, Getr\u00e4nke, \u00d6le und Kosmetika, und stellen eine wirtschaftliche, effiziente und nachhaltige Verpackungsl\u00f6sung dar. Kontaktieren Sie uns f\u00fcr ein Angebot.<\/p>\n<h2>Merkmale der Spout Pouch Verpackung<\/h2>\n<p><strong>Ma\u00dfgeschneiderter Service:<\/strong>\u00a0Material, Gr\u00f6\u00dfe, Druck, Muster und zus\u00e4tzliche Optionen<br \/><strong>Druckverfahren:<\/strong>\u00a0Tiefdruck, bis zu 10 Farben, unterst\u00fctzt kundenspezifischen Druck<br \/><strong>Merkmale:<\/strong>\u00a0langlebig, wasserdicht<br \/><strong>Lieferfrist:<\/strong>\u00a010-20 Tage<br \/><strong>Unterst\u00fctzung f\u00fcr kostenlose Proben<\/strong><br \/><strong>Zertifizierung:<\/strong>\u00a0ISO, FDA, BPA-frei, LFGB, EU-Norm<\/p>\n<p><strong>\u00dcberlegener Barriereschutz:<\/strong> Mit einer Sauerstofftransmissionsrate (OTR) und einer Wasserdampfdurchl\u00e4ssigkeit (WVTR) von unter 2 bieten diese Beutel eine hervorragende Best\u00e4ndigkeit gegen Sauerstoff und Feuchtigkeit und bewahren so die Frische und Sicherheit der Produkte. Sie sind ideal f\u00fcr die Verpackung von Saftkonzentraten, Molkereiprodukten, \u00d6len und Kosmetika.<\/p>\n<p><strong>Mehrzwecknutzung:<\/strong> Unsere Ausgie\u00dferbeutel eignen sich f\u00fcr verschiedene Branchen und sind perfekt f\u00fcr S\u00e4fte, Getr\u00e4nke, \u00d6le und Kosmetikprodukte. Sie bieten eine wirtschaftliche und umweltfreundliche Verpackungsl\u00f6sung f\u00fcr Ihr Unternehmen.<\/p>\n<p><strong>FDA- und EU-zugelassen:<\/strong> Unsere Ausgie\u00dferbeutel entsprechen den FDA- und EU-Normen und erf\u00fcllen die gesetzlichen Anforderungen der meisten L\u00e4nder.<\/p>\n<p><strong>Stabiles Stand-Up Design:<\/strong> Diese Verpackungen in Form eines Standbeutels bieten eine verbesserte Regalstabilit\u00e4t und verbessern die Sichtbarkeit des Produkts.<\/p>\n<p><strong>Fortgeschrittener Zehn-Farben-Druck:<\/strong> Wir verwenden modernste Zehn-Farben-Drucktechnologie, um detaillierte Grafiken und lebendige Markenlogos zu liefern.<\/p>\n<p><strong>Anpassbares Design:<\/strong> Wir bieten flexible Anpassungsm\u00f6glichkeiten, die es erlauben, Gr\u00f6\u00dfe, Form, Farbe und Druckstil perfekt auf Ihre Markenidentit\u00e4t und Marktanforderungen abzustimmen.<\/p>","protected":false},"featured_media":1901,"comment_status":"closed","ping_status":"closed","template":"","meta":{"_acf_changed":false},"product_brand":[],"product_cat":[22,39],"product_tag":[],"class_list":{"0":"post-1889","1":"product","2":"type-product","3":"status-publish","4":"has-post-thumbnail","6":"product_cat-custom-spout-pouches","7":"product_cat-custom-juice-spout-pouches","9":"first","10":"instock","11":"shipping-taxable","12":"product-type-simple"},"acf":[],"_links":{"self":[{"href":"https:\/\/www.topchinapack.com\/de\/wp-json\/wp\/v2\/product\/1889","targetHints":{"allow":["GET"]}}],"collection":[{"href":"https:\/\/www.topchinapack.com\/de\/wp-json\/wp\/v2\/product"}],"about":[{"href":"https:\/\/www.topchinapack.com\/de\/wp-json\/wp\/v2\/types\/product"}],"replies":[{"embeddable":true,"href":"https:\/\/www.topchinapack.com\/de\/wp-json\/wp\/v2\/comments?post=1889"}],"wp:featuredmedia":[{"embeddable":true,"href":"https:\/\/www.topchinapack.com\/de\/wp-json\/wp\/v2\/media\/1901"}],"wp:attachment":[{"href":"https:\/\/www.topchinapack.com\/de\/wp-json\/wp\/v2\/media?parent=1889"}],"wp:term":[{"taxonomy":"product_brand","embeddable":true,"href":"https:\/\/www.topchinapack.com\/de\/wp-json\/wp\/v2\/product_brand?post=1889"},{"taxonomy":"product_cat","embeddable":true,"href":"https:\/\/www.topchinapack.com\/de\/wp-json\/wp\/v2\/product_cat?post=1889"},{"taxonomy":"product_tag","embeddable":true,"href":"https:\/\/www.topchinapack.com\/de\/wp-json\/wp\/v2\/product_tag?post=1889"}],"curies":[{"name":"wp","href":"https:\/\/api.w.org\/{rel}","templated":true}]}}