{"id":1890,"date":"2025-11-12T06:25:52","date_gmt":"2025-11-12T06:25:52","guid":{"rendered":"https:\/\/www.topchinapack.com\/?post_type=product&#038;p=1890"},"modified":"2025-11-17T07:31:36","modified_gmt":"2025-11-17T07:31:36","slug":"bulk-custom-juice-spout-bags","status":"publish","type":"product","link":"https:\/\/www.topchinapack.com\/de\/produkt\/bulk-custom-juice-spout-bags\/","title":{"rendered":"Bulk benutzerdefinierte Saft T\u00fclle Beutel - Top-Tier benutzerdefinierte T\u00fclle Beutel Service aus China"},"content":{"rendered":"<div class=\"wp-block-columns is-layout-flex wp-container-core-columns-is-layout-9d6595d7 wp-block-columns-is-layout-flex\">\n<div class=\"wp-block-column is-layout-flow wp-block-column-is-layout-flow\">\n<figure class=\"wp-block-image size-full\"><img decoding=\"async\" width=\"2048\" height=\"2048\" src=\"https:\/\/www.topchinapack.com\/wp-content\/uploads\/2025\/11\/Fruit-drink-spout-pouch-3-1.webp\" alt=\"Fruchtgetr\u00e4nke-T\u00fcllenbeutel (3)\" class=\"wp-image-2828\" srcset=\"https:\/\/www.topchinapack.com\/wp-content\/uploads\/2025\/11\/Fruit-drink-spout-pouch-3-1.webp 2048w, https:\/\/www.topchinapack.com\/wp-content\/uploads\/2025\/11\/Fruit-drink-spout-pouch-3-1-300x300.webp 300w, https:\/\/www.topchinapack.com\/wp-content\/uploads\/2025\/11\/Fruit-drink-spout-pouch-3-1-150x150.webp 150w, https:\/\/www.topchinapack.com\/wp-content\/uploads\/2025\/11\/Fruit-drink-spout-pouch-3-1-768x768.webp 768w, https:\/\/www.topchinapack.com\/wp-content\/uploads\/2025\/11\/Fruit-drink-spout-pouch-3-1-12x12.webp 12w, https:\/\/www.topchinapack.com\/wp-content\/uploads\/2025\/11\/Fruit-drink-spout-pouch-3-1-1200x1200.webp 1200w, https:\/\/www.topchinapack.com\/wp-content\/uploads\/2025\/11\/Fruit-drink-spout-pouch-3-1-600x600.webp 600w, https:\/\/www.topchinapack.com\/wp-content\/uploads\/2025\/11\/Fruit-drink-spout-pouch-3-1-100x100.webp 100w\" sizes=\"(max-width: 2048px) 100vw, 2048px\" \/><\/figure>\n<\/div>\n\n\n\n<div class=\"wp-block-column is-layout-flow wp-block-column-is-layout-flow\">\n<figure class=\"wp-block-image size-full\"><img decoding=\"async\" width=\"2048\" height=\"2048\" src=\"https:\/\/www.topchinapack.com\/wp-content\/uploads\/2025\/11\/Fruit-drink-spout-pouch-4-1.webp\" alt=\"Beutel f\u00fcr Fruchtgetr\u00e4nke (4)\" class=\"wp-image-2829\" srcset=\"https:\/\/www.topchinapack.com\/wp-content\/uploads\/2025\/11\/Fruit-drink-spout-pouch-4-1.webp 2048w, https:\/\/www.topchinapack.com\/wp-content\/uploads\/2025\/11\/Fruit-drink-spout-pouch-4-1-300x300.webp 300w, https:\/\/www.topchinapack.com\/wp-content\/uploads\/2025\/11\/Fruit-drink-spout-pouch-4-1-150x150.webp 150w, https:\/\/www.topchinapack.com\/wp-content\/uploads\/2025\/11\/Fruit-drink-spout-pouch-4-1-768x768.webp 768w, https:\/\/www.topchinapack.com\/wp-content\/uploads\/2025\/11\/Fruit-drink-spout-pouch-4-1-12x12.webp 12w, https:\/\/www.topchinapack.com\/wp-content\/uploads\/2025\/11\/Fruit-drink-spout-pouch-4-1-1200x1200.webp 1200w, https:\/\/www.topchinapack.com\/wp-content\/uploads\/2025\/11\/Fruit-drink-spout-pouch-4-1-600x600.webp 600w, https:\/\/www.topchinapack.com\/wp-content\/uploads\/2025\/11\/Fruit-drink-spout-pouch-4-1-100x100.webp 100w\" sizes=\"(max-width: 2048px) 100vw, 2048px\" \/><\/figure>\n<\/div>\n<\/div>","protected":false},"excerpt":{"rendered":"<p>Wir bieten ma\u00dfgeschneiderte Saftt\u00fcten f\u00fcr den Gro\u00dfhandel an, die f\u00fcr verschiedene Getr\u00e4nkeverpackungen geeignet sind. Aus hochwertigem, auslaufsicherem Material hergestellt, gew\u00e4hrleisten diese Beutel eine sichere und bequeme Aufbewahrung von S\u00e4ften, Smoothies und anderen Getr\u00e4nken. Wir unterst\u00fctzen kundenspezifische Designs, Logodruck und OEM\/ODM-Services.<\/p>\n<h2>Eigenschaften von Customized Stand-up Spout Bag<\/h2>\n<p><strong>Ma\u00dfgeschneiderter Service:<\/strong>\u00a0Material, Gr\u00f6\u00dfe, Druck, Muster und zus\u00e4tzliche Optionen<br \/><strong>Druckverfahren:<\/strong>\u00a0Tiefdruck, bis zu 10 Farben, unterst\u00fctzt kundenspezifischen Druck<br \/><strong>Merkmale:<\/strong>\u00a0langlebig, wasserdicht<br \/><strong>Lieferfrist:<\/strong>\u00a010-20 Tage<br \/><strong>Unterst\u00fctzung f\u00fcr kostenlose Proben<\/strong><br \/><strong>Zertifizierung:<\/strong>\u00a0ISO, FDA, BPA-frei, LFGB, EU-Norm<\/p>\n<p><strong>Starke Dichtungsleistung<\/strong>: Der Beutel besteht gr\u00f6\u00dftenteils aus Verbundfolienmaterial, kombiniert mit einer effizienten Verschlussd\u00fcse. Diese Konstruktion kann das Eindringen von Luft, Feuchtigkeit und Verunreinigungen wirksam verhindern, wodurch die Haltbarkeit des Gelees verl\u00e4ngert und Verderb verhindert wird.<\/p>\n<p><strong><b>Funktionsweise<\/b><\/strong>: Auslaufsicher und kontaminationsresistent, verhindert wirksam Lecks und Oxidation und verl\u00e4ngert die Haltbarkeit.<\/p>\n<p><strong>Niedrigere Kosten<\/strong>: Im Vergleich zu harten Verpackungsmaterialien wie Glasflaschen und Plastikbechern werden f\u00fcr die Herstellung von Saugbeuteln weniger Rohstoffe ben\u00f6tigt und die Verarbeitung ist einfacher. Infolgedessen sind die Verpackungskosten niedriger, was f\u00fcr Unternehmen von Vorteil ist, um die Kosten zu kontrollieren.<\/p>\n<p><strong>Flexible Gestaltung<\/strong>: Der Taschenk\u00f6rper kann mit verschiedenen Mustern und Informationen bedruckt werden, und auch die Form der Tasche kann je nach Bedarf angepasst werden. Dies steigert nicht nur die \u00c4sthetik des Produkts, sondern hebt auch die Eigenschaften der Marke hervor und zieht so die Verbraucher an.<\/p>","protected":false},"featured_media":2830,"comment_status":"closed","ping_status":"closed","template":"","meta":{"_acf_changed":true},"product_brand":[],"product_cat":[22,41],"product_tag":[],"class_list":{"0":"post-1890","1":"product","2":"type-product","3":"status-publish","4":"has-post-thumbnail","6":"product_cat-custom-spout-pouches","7":"product_cat-custom-jelly-spout-pouches","9":"first","10":"instock","11":"shipping-taxable","12":"product-type-simple"},"acf":[],"_links":{"self":[{"href":"https:\/\/www.topchinapack.com\/de\/wp-json\/wp\/v2\/product\/1890","targetHints":{"allow":["GET"]}}],"collection":[{"href":"https:\/\/www.topchinapack.com\/de\/wp-json\/wp\/v2\/product"}],"about":[{"href":"https:\/\/www.topchinapack.com\/de\/wp-json\/wp\/v2\/types\/product"}],"replies":[{"embeddable":true,"href":"https:\/\/www.topchinapack.com\/de\/wp-json\/wp\/v2\/comments?post=1890"}],"wp:featuredmedia":[{"embeddable":true,"href":"https:\/\/www.topchinapack.com\/de\/wp-json\/wp\/v2\/media\/2830"}],"wp:attachment":[{"href":"https:\/\/www.topchinapack.com\/de\/wp-json\/wp\/v2\/media?parent=1890"}],"wp:term":[{"taxonomy":"product_brand","embeddable":true,"href":"https:\/\/www.topchinapack.com\/de\/wp-json\/wp\/v2\/product_brand?post=1890"},{"taxonomy":"product_cat","embeddable":true,"href":"https:\/\/www.topchinapack.com\/de\/wp-json\/wp\/v2\/product_cat?post=1890"},{"taxonomy":"product_tag","embeddable":true,"href":"https:\/\/www.topchinapack.com\/de\/wp-json\/wp\/v2\/product_tag?post=1890"}],"curies":[{"name":"wp","href":"https:\/\/api.w.org\/{rel}","templated":true}]}}