{"id":1891,"date":"2024-11-12T06:37:32","date_gmt":"2024-11-12T06:37:32","guid":{"rendered":"https:\/\/www.topchinapack.com\/?post_type=product&#038;p=1891"},"modified":"2025-12-19T08:30:02","modified_gmt":"2025-12-19T08:30:02","slug":"bulk-custom-fruit-juice-and-vegetable-juice-spout-pouches","status":"publish","type":"product","link":"https:\/\/www.topchinapack.com\/de\/produkt\/bulk-custom-fruit-juice-and-vegetable-juice-spout-pouches\/","title":{"rendered":"Bulk benutzerdefinierte Fruchtsaft und Gem\u00fcsesaft Spout Beutel - China Packaging Manufacturer"},"content":{"rendered":"<div class=\"wp-block-columns is-layout-flex wp-container-core-columns-is-layout-9d6595d7 wp-block-columns-is-layout-flex\">\n<div class=\"wp-block-column is-layout-flow wp-block-column-is-layout-flow\">\n<figure class=\"wp-block-image size-full\"><img decoding=\"async\" width=\"2048\" height=\"2048\" src=\"https:\/\/www.topchinapack.com\/wp-content\/uploads\/2025\/11\/custom-juice-spout-bags-3-1.webp\" alt=\"individuelle Saftt\u00fcten (3)\" class=\"wp-image-2839\" srcset=\"https:\/\/www.topchinapack.com\/wp-content\/uploads\/2025\/11\/custom-juice-spout-bags-3-1.webp 2048w, https:\/\/www.topchinapack.com\/wp-content\/uploads\/2025\/11\/custom-juice-spout-bags-3-1-300x300.webp 300w, https:\/\/www.topchinapack.com\/wp-content\/uploads\/2025\/11\/custom-juice-spout-bags-3-1-150x150.webp 150w, https:\/\/www.topchinapack.com\/wp-content\/uploads\/2025\/11\/custom-juice-spout-bags-3-1-768x768.webp 768w, https:\/\/www.topchinapack.com\/wp-content\/uploads\/2025\/11\/custom-juice-spout-bags-3-1-12x12.webp 12w, https:\/\/www.topchinapack.com\/wp-content\/uploads\/2025\/11\/custom-juice-spout-bags-3-1-1200x1200.webp 1200w, https:\/\/www.topchinapack.com\/wp-content\/uploads\/2025\/11\/custom-juice-spout-bags-3-1-600x600.webp 600w, https:\/\/www.topchinapack.com\/wp-content\/uploads\/2025\/11\/custom-juice-spout-bags-3-1-100x100.webp 100w\" sizes=\"(max-width: 2048px) 100vw, 2048px\" \/><\/figure>\n<\/div>\n\n\n\n<div class=\"wp-block-column is-layout-flow wp-block-column-is-layout-flow\">\n<figure class=\"wp-block-image size-full\"><img decoding=\"async\" width=\"2048\" height=\"2048\" src=\"https:\/\/www.topchinapack.com\/wp-content\/uploads\/2025\/11\/custom-juice-spout-bags-4-1.webp\" alt=\"individuelle Saftt\u00fcten (4)\" class=\"wp-image-2840\" srcset=\"https:\/\/www.topchinapack.com\/wp-content\/uploads\/2025\/11\/custom-juice-spout-bags-4-1.webp 2048w, https:\/\/www.topchinapack.com\/wp-content\/uploads\/2025\/11\/custom-juice-spout-bags-4-1-300x300.webp 300w, https:\/\/www.topchinapack.com\/wp-content\/uploads\/2025\/11\/custom-juice-spout-bags-4-1-150x150.webp 150w, https:\/\/www.topchinapack.com\/wp-content\/uploads\/2025\/11\/custom-juice-spout-bags-4-1-768x768.webp 768w, https:\/\/www.topchinapack.com\/wp-content\/uploads\/2025\/11\/custom-juice-spout-bags-4-1-12x12.webp 12w, https:\/\/www.topchinapack.com\/wp-content\/uploads\/2025\/11\/custom-juice-spout-bags-4-1-1200x1200.webp 1200w, https:\/\/www.topchinapack.com\/wp-content\/uploads\/2025\/11\/custom-juice-spout-bags-4-1-600x600.webp 600w, https:\/\/www.topchinapack.com\/wp-content\/uploads\/2025\/11\/custom-juice-spout-bags-4-1-100x100.webp 100w\" sizes=\"(max-width: 2048px) 100vw, 2048px\" \/><\/figure>\n<\/div>\n<\/div>","protected":false},"excerpt":{"rendered":"<p>Kundenspezifische Fruchtsaft- und Gem\u00fcsesaftbeutel in gro\u00dfen Mengen - langlebiges lebensmittelechtes Material, Fabrikpreise, zuverl\u00e4ssige Anpassungsdienste vom chinesischen Hersteller GQ PACK.<\/p>\n<h2>Eigenschaften von Custom Juice Spout Bag<\/h2>\n<p><strong>Ma\u00dfgeschneiderter Service:<\/strong>\u00a0Material, Gr\u00f6\u00dfe, Druck, Muster und zus\u00e4tzliche Optionen<br \/><strong>Druckverfahren:<\/strong>\u00a0Tiefdruck, bis zu 10 Farben, unterst\u00fctzt kundenspezifischen Druck<br \/><strong>Merkmale:<\/strong>\u00a0langlebig, wasserdicht<br \/><strong>Lieferfrist:<\/strong>\u00a010-20 Tage<br \/><strong>Unterst\u00fctzung f\u00fcr kostenlose Proben<\/strong><br \/><strong>Zertifizierung:<\/strong>\u00a0ISO, FDA, BPA-frei, LFGB, EU-Norm<\/p>\n<p><strong>Flexible Gestaltung<\/strong>: Der Taschenk\u00f6rper kann mit verschiedenen Mustern und Informationen bedruckt werden, und auch die Form der Tasche kann je nach Bedarf angepasst werden. Dies steigert nicht nur die \u00c4sthetik des Produkts, sondern hebt auch die Eigenschaften der Marke hervor und zieht so die Verbraucher an.<\/p>\n<p><strong><b>Bequemlichkeit<\/b><\/strong>: Der Ausgie\u00dfer l\u00e4sst sich leicht \u00f6ffnen und schlie\u00dfen und ist wiederverschlie\u00dfbar, damit der Inhalt frisch bleibt und nicht verschwendet wird.<\/p>\n<p><strong><b>Selbstst\u00e4ndige Konstruktion<\/b><\/strong>: Der Boden des Beutels kann aufrecht gestellt werden, was Platz im Regal spart und das Einschenken oder Schl\u00fcrfen erleichtert.<\/p>\n<p><strong>Genau messen<\/strong>: Kleine Verpackungen erm\u00f6glichen eine genaue Kontrolle der einzelnen Verzehrsmenge und verhindern, dass das Getr\u00e4nk durch eine lange Lagerung in gro\u00dfen Beh\u00e4ltern verdirbt. Au\u00dferdem erleichtert sie den Eltern die Kontrolle \u00fcber die Verzehrmenge des Kindes.<\/p>\n<p><strong>Niedrigere Kosten<\/strong>: Im Vergleich zu einigen harten Verpackungsbeh\u00e4ltern sind die Produktionskosten von Getr\u00e4nkeverpackungsbeuteln niedriger, was ein hohes Ma\u00df an Kosteneffizienz bietet und dazu beitr\u00e4gt, die Gesamtkosten des Produkts zu senken.<\/p>","protected":false},"featured_media":2837,"comment_status":"closed","ping_status":"closed","template":"","meta":{"_acf_changed":true},"product_brand":[],"product_cat":[22,39],"product_tag":[],"class_list":{"0":"post-1891","1":"product","2":"type-product","3":"status-publish","4":"has-post-thumbnail","6":"product_cat-custom-spout-pouches","7":"product_cat-custom-juice-spout-pouches","9":"first","10":"instock","11":"shipping-taxable","12":"product-type-simple"},"acf":[],"_links":{"self":[{"href":"https:\/\/www.topchinapack.com\/de\/wp-json\/wp\/v2\/product\/1891","targetHints":{"allow":["GET"]}}],"collection":[{"href":"https:\/\/www.topchinapack.com\/de\/wp-json\/wp\/v2\/product"}],"about":[{"href":"https:\/\/www.topchinapack.com\/de\/wp-json\/wp\/v2\/types\/product"}],"replies":[{"embeddable":true,"href":"https:\/\/www.topchinapack.com\/de\/wp-json\/wp\/v2\/comments?post=1891"}],"wp:featuredmedia":[{"embeddable":true,"href":"https:\/\/www.topchinapack.com\/de\/wp-json\/wp\/v2\/media\/2837"}],"wp:attachment":[{"href":"https:\/\/www.topchinapack.com\/de\/wp-json\/wp\/v2\/media?parent=1891"}],"wp:term":[{"taxonomy":"product_brand","embeddable":true,"href":"https:\/\/www.topchinapack.com\/de\/wp-json\/wp\/v2\/product_brand?post=1891"},{"taxonomy":"product_cat","embeddable":true,"href":"https:\/\/www.topchinapack.com\/de\/wp-json\/wp\/v2\/product_cat?post=1891"},{"taxonomy":"product_tag","embeddable":true,"href":"https:\/\/www.topchinapack.com\/de\/wp-json\/wp\/v2\/product_tag?post=1891"}],"curies":[{"name":"wp","href":"https:\/\/api.w.org\/{rel}","templated":true}]}}