{"id":1892,"date":"2024-11-12T06:53:44","date_gmt":"2024-11-12T06:53:44","guid":{"rendered":"https:\/\/www.topchinapack.com\/?post_type=product&#038;p=1892"},"modified":"2025-12-19T08:30:10","modified_gmt":"2025-12-19T08:30:10","slug":"custom-vegetable-juice-spout-pouches-wholesale","status":"publish","type":"product","link":"https:\/\/www.topchinapack.com\/de\/produkt\/custom-vegetable-juice-spout-pouches-wholesale\/","title":{"rendered":"Customizabe Gem\u00fcsesaft Verpackung Gro\u00dfhandel, Bulk Spout Pouches Versorgung"},"content":{"rendered":"<div class=\"wp-block-columns is-layout-flex wp-container-core-columns-is-layout-9d6595d7 wp-block-columns-is-layout-flex\">\n<div class=\"wp-block-column is-layout-flow wp-block-column-is-layout-flow\">\n<figure class=\"wp-block-image size-full\"><img decoding=\"async\" width=\"1000\" height=\"1000\" src=\"https:\/\/www.topchinapack.com\/wp-content\/uploads\/2025\/11\/custom-vegetable-juice-spout-pouch-3-1.webp\" alt=\"kundenspezifische Gem\u00fcsesaftt\u00fclle (3)\" class=\"wp-image-2852\" srcset=\"https:\/\/www.topchinapack.com\/wp-content\/uploads\/2025\/11\/custom-vegetable-juice-spout-pouch-3-1.webp 1000w, https:\/\/www.topchinapack.com\/wp-content\/uploads\/2025\/11\/custom-vegetable-juice-spout-pouch-3-1-300x300.webp 300w, https:\/\/www.topchinapack.com\/wp-content\/uploads\/2025\/11\/custom-vegetable-juice-spout-pouch-3-1-150x150.webp 150w, https:\/\/www.topchinapack.com\/wp-content\/uploads\/2025\/11\/custom-vegetable-juice-spout-pouch-3-1-768x768.webp 768w, https:\/\/www.topchinapack.com\/wp-content\/uploads\/2025\/11\/custom-vegetable-juice-spout-pouch-3-1-12x12.webp 12w, https:\/\/www.topchinapack.com\/wp-content\/uploads\/2025\/11\/custom-vegetable-juice-spout-pouch-3-1-600x600.webp 600w, https:\/\/www.topchinapack.com\/wp-content\/uploads\/2025\/11\/custom-vegetable-juice-spout-pouch-3-1-100x100.webp 100w\" sizes=\"(max-width: 1000px) 100vw, 1000px\" \/><\/figure>\n<\/div>\n\n\n\n<div class=\"wp-block-column is-layout-flow wp-block-column-is-layout-flow\">\n<figure class=\"wp-block-image size-full\"><img decoding=\"async\" width=\"1000\" height=\"1000\" src=\"https:\/\/www.topchinapack.com\/wp-content\/uploads\/2025\/11\/custom-vegetable-juice-spout-pouch-4-1.webp\" alt=\"kundenspezifische Gem\u00fcsesaftt\u00fclle (4)\" class=\"wp-image-2853\" srcset=\"https:\/\/www.topchinapack.com\/wp-content\/uploads\/2025\/11\/custom-vegetable-juice-spout-pouch-4-1.webp 1000w, https:\/\/www.topchinapack.com\/wp-content\/uploads\/2025\/11\/custom-vegetable-juice-spout-pouch-4-1-300x300.webp 300w, https:\/\/www.topchinapack.com\/wp-content\/uploads\/2025\/11\/custom-vegetable-juice-spout-pouch-4-1-150x150.webp 150w, https:\/\/www.topchinapack.com\/wp-content\/uploads\/2025\/11\/custom-vegetable-juice-spout-pouch-4-1-768x768.webp 768w, https:\/\/www.topchinapack.com\/wp-content\/uploads\/2025\/11\/custom-vegetable-juice-spout-pouch-4-1-12x12.webp 12w, https:\/\/www.topchinapack.com\/wp-content\/uploads\/2025\/11\/custom-vegetable-juice-spout-pouch-4-1-600x600.webp 600w, https:\/\/www.topchinapack.com\/wp-content\/uploads\/2025\/11\/custom-vegetable-juice-spout-pouch-4-1-100x100.webp 100w\" sizes=\"(max-width: 1000px) 100vw, 1000px\" \/><\/figure>\n<\/div>\n<\/div>","protected":false},"excerpt":{"rendered":"<p>Wir bieten Ausgie\u00dferbeutel an, die sich f\u00fcr die Verpackung von Gem\u00fcses\u00e4ften, Fruchts\u00e4ften und Getr\u00e4nken eignen. Sie sind im Gro\u00dfhandel erh\u00e4ltlich und k\u00f6nnen in Bezug auf Muster, Stil und Material individuell angepasst werden. Unsere Beutel sind aus lebensmittelechten, umweltfreundlichen Materialien hergestellt, auslaufsicher und langlebig und gew\u00e4hrleisten die sichere Lagerung und den Transport von Gem\u00fcses\u00e4ften. Kontaktieren Sie uns f\u00fcr ein Angebot.<\/p>\n<h2>Eigenschaften von Customized Stand-up Spout Bag<\/h2>\n<p><strong>Ma\u00dfgeschneiderter Service:<\/strong>\u00a0Material, Gr\u00f6\u00dfe, Druck, Muster und zus\u00e4tzliche Optionen<br \/><strong>Druckverfahren:<\/strong>\u00a0Tiefdruck, bis zu 10 Farben, unterst\u00fctzt kundenspezifischen Druck<br \/><strong>Merkmale:<\/strong>\u00a0langlebig, wasserdicht<br \/><strong>Lieferfrist:<\/strong>\u00a010-20 Tage<br \/><strong>Unterst\u00fctzung f\u00fcr kostenlose Proben<\/strong><br \/><strong>Zertifizierung:<\/strong>\u00a0ISO, FDA, BPA-frei, LFGB, EU-Norm<\/p>\n<p><strong>Hochwertiger Druck:<\/strong> Saftt\u00fcten aus dem Gro\u00dfhandel k\u00f6nnen mit umweltfreundlicher Tinte hochpr\u00e4zise bedruckt werden und bieten satte Farben und exquisite Muster. Dies erm\u00f6glicht eine klare Darstellung der Produktinformationen und des Markenimages, was die Verbraucher zum Kauf anregt.<\/p>\n<p><strong>Funktionsweise:<\/strong> Auslaufsicher und kontaminationsresistent, verhindert wirksam Lecks und Oxidation und verl\u00e4ngert die Haltbarkeit.<\/p>\n<p><strong>Selbstst\u00e4ndige Konstruktion:<\/strong> Der Boden des Ausgie\u00dferbeutels kann aufrecht gestellt werden, was Platz im Regal spart und das Ausgie\u00dfen oder Schl\u00fcrfen erleichtert.<\/p>\n<p><strong>Geringere Kosten:<\/strong> Im Vergleich zu einigen harten Verpackungsbeh\u00e4ltern sind die Produktionskosten von Getr\u00e4nkebeuteln niedriger, was ein hohes Ma\u00df an Kosteneffizienz bietet und dazu beitr\u00e4gt, die Gesamtkosten des Produkts zu senken.<\/p>\n<p><strong>Tragbar und leicht zu transportieren:<\/strong> Im Vergleich zu Getr\u00e4nken in Flaschen oder Dosen sind die Verpackungsbeutel f\u00fcr Getr\u00e4nke leichter und kleiner.<\/p>","protected":false},"featured_media":2847,"comment_status":"closed","ping_status":"closed","template":"","meta":{"_acf_changed":false},"product_brand":[],"product_cat":[22,42],"product_tag":[],"class_list":{"0":"post-1892","1":"product","2":"type-product","3":"status-publish","4":"has-post-thumbnail","6":"product_cat-custom-spout-pouches","7":"product_cat-custom-vegetable-juice-spout-pouches","9":"first","10":"instock","11":"shipping-taxable","12":"product-type-simple"},"acf":[],"_links":{"self":[{"href":"https:\/\/www.topchinapack.com\/de\/wp-json\/wp\/v2\/product\/1892","targetHints":{"allow":["GET"]}}],"collection":[{"href":"https:\/\/www.topchinapack.com\/de\/wp-json\/wp\/v2\/product"}],"about":[{"href":"https:\/\/www.topchinapack.com\/de\/wp-json\/wp\/v2\/types\/product"}],"replies":[{"embeddable":true,"href":"https:\/\/www.topchinapack.com\/de\/wp-json\/wp\/v2\/comments?post=1892"}],"wp:featuredmedia":[{"embeddable":true,"href":"https:\/\/www.topchinapack.com\/de\/wp-json\/wp\/v2\/media\/2847"}],"wp:attachment":[{"href":"https:\/\/www.topchinapack.com\/de\/wp-json\/wp\/v2\/media?parent=1892"}],"wp:term":[{"taxonomy":"product_brand","embeddable":true,"href":"https:\/\/www.topchinapack.com\/de\/wp-json\/wp\/v2\/product_brand?post=1892"},{"taxonomy":"product_cat","embeddable":true,"href":"https:\/\/www.topchinapack.com\/de\/wp-json\/wp\/v2\/product_cat?post=1892"},{"taxonomy":"product_tag","embeddable":true,"href":"https:\/\/www.topchinapack.com\/de\/wp-json\/wp\/v2\/product_tag?post=1892"}],"curies":[{"name":"wp","href":"https:\/\/api.w.org\/{rel}","templated":true}]}}