{"id":1893,"date":"2025-11-12T07:13:34","date_gmt":"2025-11-12T07:13:34","guid":{"rendered":"https:\/\/www.topchinapack.com\/?post_type=product&#038;p=1893"},"modified":"2025-11-17T07:28:39","modified_gmt":"2025-11-17T07:28:39","slug":"wholesale-custom-spout-bags","status":"publish","type":"product","link":"https:\/\/www.topchinapack.com\/de\/produkt\/wholesale-custom-spout-bags\/","title":{"rendered":"Benutzerdefinierte Gro\u00dfhandelst\u00fcten f\u00fcr Getr\u00e4nkemarken, Lebensmittelhersteller und Vertriebsh\u00e4ndler"},"content":{"rendered":"<div class=\"wp-block-columns is-layout-flex wp-container-core-columns-is-layout-9d6595d7 wp-block-columns-is-layout-flex\">\n<div class=\"wp-block-column is-layout-flow wp-block-column-is-layout-flow\">\n<figure class=\"wp-block-image size-full\"><img decoding=\"async\" width=\"1280\" height=\"1280\" src=\"https:\/\/www.topchinapack.com\/wp-content\/uploads\/2025\/11\/custom-juice-packaging-3.webp\" alt=\"Kundenspezifische Saftverpackungen (3)\" class=\"wp-image-2858\" srcset=\"https:\/\/www.topchinapack.com\/wp-content\/uploads\/2025\/11\/custom-juice-packaging-3.webp 1280w, https:\/\/www.topchinapack.com\/wp-content\/uploads\/2025\/11\/custom-juice-packaging-3-300x300.webp 300w, https:\/\/www.topchinapack.com\/wp-content\/uploads\/2025\/11\/custom-juice-packaging-3-150x150.webp 150w, https:\/\/www.topchinapack.com\/wp-content\/uploads\/2025\/11\/custom-juice-packaging-3-768x768.webp 768w, https:\/\/www.topchinapack.com\/wp-content\/uploads\/2025\/11\/custom-juice-packaging-3-12x12.webp 12w, https:\/\/www.topchinapack.com\/wp-content\/uploads\/2025\/11\/custom-juice-packaging-3-1200x1200.webp 1200w, https:\/\/www.topchinapack.com\/wp-content\/uploads\/2025\/11\/custom-juice-packaging-3-600x600.webp 600w, https:\/\/www.topchinapack.com\/wp-content\/uploads\/2025\/11\/custom-juice-packaging-3-100x100.webp 100w\" sizes=\"(max-width: 1280px) 100vw, 1280px\" \/><\/figure>\n<\/div>\n\n\n\n<div class=\"wp-block-column is-layout-flow wp-block-column-is-layout-flow\">\n<figure class=\"wp-block-image size-full\"><img decoding=\"async\" width=\"2048\" height=\"2048\" src=\"https:\/\/www.topchinapack.com\/wp-content\/uploads\/2025\/11\/custom-juice-packaging-4.webp\" alt=\"Kundenspezifische Saftverpackungen (4)\" class=\"wp-image-2859\" srcset=\"https:\/\/www.topchinapack.com\/wp-content\/uploads\/2025\/11\/custom-juice-packaging-4.webp 2048w, https:\/\/www.topchinapack.com\/wp-content\/uploads\/2025\/11\/custom-juice-packaging-4-300x300.webp 300w, https:\/\/www.topchinapack.com\/wp-content\/uploads\/2025\/11\/custom-juice-packaging-4-150x150.webp 150w, https:\/\/www.topchinapack.com\/wp-content\/uploads\/2025\/11\/custom-juice-packaging-4-768x768.webp 768w, https:\/\/www.topchinapack.com\/wp-content\/uploads\/2025\/11\/custom-juice-packaging-4-12x12.webp 12w, https:\/\/www.topchinapack.com\/wp-content\/uploads\/2025\/11\/custom-juice-packaging-4-1200x1200.webp 1200w, https:\/\/www.topchinapack.com\/wp-content\/uploads\/2025\/11\/custom-juice-packaging-4-600x600.webp 600w, https:\/\/www.topchinapack.com\/wp-content\/uploads\/2025\/11\/custom-juice-packaging-4-100x100.webp 100w\" sizes=\"(max-width: 2048px) 100vw, 2048px\" \/><\/figure>\n<\/div>\n<\/div>","protected":false},"excerpt":{"rendered":"<p>Wir sind Gro\u00dfh\u00e4ndler f\u00fcr kundenspezifische Ausgie\u00dferbeutel f\u00fcr Getr\u00e4nkemarken, Lebensmittelhersteller und H\u00e4ndler. Unsere lebensmittelechten, auslaufsicheren Ausgie\u00dferbeutel verf\u00fcgen \u00fcber einen lebendigen Zehn-Farben-Tiefdruck, und Gr\u00f6\u00dfen, Materialien und Formen k\u00f6nnen alle an Ihre Markenanforderungen angepasst werden. Als Direktlieferant bieten wir \u00e4u\u00dferst wettbewerbsf\u00e4hige Preise, zuverl\u00e4ssige Qualit\u00e4t und einen umfassenden OEM- und ODM-Service f\u00fcr Gro\u00dfauftr\u00e4ge. Ideal f\u00fcr die Verpackung von S\u00e4ften, So\u00dfen und anderen fl\u00fcssigen oder halbfl\u00fcssigen Produkten.<\/p>\n<h2>Merkmale der Custom Spout Bags<\/h2>\n<p><strong>Ma\u00dfgeschneiderter Service:<\/strong>\u00a0Material, Gr\u00f6\u00dfe, Druck, Muster und zus\u00e4tzliche Optionen<br \/><strong>Druckverfahren:<\/strong>\u00a0Tiefdruck, bis zu 10 Farben, unterst\u00fctzt kundenspezifischen Druck<br \/><strong>Merkmale:<\/strong>\u00a0langlebig, wasserdicht<br \/><strong>Lieferfrist:<\/strong>\u00a010-20 Tage<br \/><strong>Unterst\u00fctzung f\u00fcr kostenlose Proben<\/strong><br \/><strong>Zertifizierung:<\/strong>\u00a0ISO, FDA, BPA-frei, LFGB, EU-Norm<\/p>\n<p><strong>Wiederverschlie\u00dfbare Kappe:<\/strong> Der Schraubverschluss des Ausgie\u00dferbeutels verschlie\u00dft den Beutel f\u00fcr den sp\u00e4teren Gebrauch, wodurch Versch\u00fcttungen und Lebensmittelabf\u00e4lle minimiert werden.<\/p>\n<p><strong>Barriere-Eigenschaften:<\/strong> Unsere Gro\u00dfhandelsbeutel mit Ausgie\u00dfer verwenden ein flexibles Folienmaterial, das hervorragende Barriereeigenschaften gegen Sauerstoff, Feuchtigkeit und Licht bietet und den Geschmack, die N\u00e4hrstoffe und die Farbe des Produkts bewahrt.<\/p>\n<p><strong>Produktdifferenzierung:<\/strong> GQ PACK unterst\u00fctzt die vollst\u00e4ndige Individualisierung von Ausgie\u00dferbeuteln und erm\u00f6glicht es Marken, sich im Regal durch individuelle Formen und lebendige Druckeffekte abzuheben.<\/p>\n<p><strong>Direkte Preisgestaltung ab Werk:<\/strong> GQ PACK verf\u00fcgt \u00fcber moderne Zehn-Farben-Tiefdruckmaschinen, automatisierte Beutelproduktionslinien und ein umfassendes Qualit\u00e4tskontrollsystem. Wir bieten unseren Kunden weltweit kosteneffiziente Preise im Direktvertrieb.<\/p>","protected":false},"featured_media":2856,"comment_status":"closed","ping_status":"closed","template":"","meta":{"_acf_changed":false},"product_brand":[],"product_cat":[22,39],"product_tag":[],"class_list":{"0":"post-1893","1":"product","2":"type-product","3":"status-publish","4":"has-post-thumbnail","6":"product_cat-custom-spout-pouches","7":"product_cat-custom-juice-spout-pouches","9":"first","10":"instock","11":"shipping-taxable","12":"product-type-simple"},"acf":[],"_links":{"self":[{"href":"https:\/\/www.topchinapack.com\/de\/wp-json\/wp\/v2\/product\/1893","targetHints":{"allow":["GET"]}}],"collection":[{"href":"https:\/\/www.topchinapack.com\/de\/wp-json\/wp\/v2\/product"}],"about":[{"href":"https:\/\/www.topchinapack.com\/de\/wp-json\/wp\/v2\/types\/product"}],"replies":[{"embeddable":true,"href":"https:\/\/www.topchinapack.com\/de\/wp-json\/wp\/v2\/comments?post=1893"}],"wp:featuredmedia":[{"embeddable":true,"href":"https:\/\/www.topchinapack.com\/de\/wp-json\/wp\/v2\/media\/2856"}],"wp:attachment":[{"href":"https:\/\/www.topchinapack.com\/de\/wp-json\/wp\/v2\/media?parent=1893"}],"wp:term":[{"taxonomy":"product_brand","embeddable":true,"href":"https:\/\/www.topchinapack.com\/de\/wp-json\/wp\/v2\/product_brand?post=1893"},{"taxonomy":"product_cat","embeddable":true,"href":"https:\/\/www.topchinapack.com\/de\/wp-json\/wp\/v2\/product_cat?post=1893"},{"taxonomy":"product_tag","embeddable":true,"href":"https:\/\/www.topchinapack.com\/de\/wp-json\/wp\/v2\/product_tag?post=1893"}],"curies":[{"name":"wp","href":"https:\/\/api.w.org\/{rel}","templated":true}]}}