{"id":1894,"date":"2025-08-06T06:58:41","date_gmt":"2025-08-06T06:58:41","guid":{"rendered":"https:\/\/www.topchinapack.com\/?post_type=product&#038;p=1894"},"modified":"2025-11-17T07:37:48","modified_gmt":"2025-11-17T07:37:48","slug":"custom-spout-pouches-for-beverages","status":"publish","type":"product","link":"https:\/\/www.topchinapack.com\/de\/produkt\/custom-spout-pouches-for-beverages\/","title":{"rendered":"Kundenspezifische Ausgie\u00dferbeutel f\u00fcr Getr\u00e4nke - Saftgetr\u00e4nkeverpackungen"},"content":{"rendered":"<div class=\"wp-block-columns is-layout-flex wp-container-core-columns-is-layout-9d6595d7 wp-block-columns-is-layout-flex\">\n<div class=\"wp-block-column is-layout-flow wp-block-column-is-layout-flow\">\n<figure class=\"wp-block-image size-full\"><img decoding=\"async\" width=\"800\" height=\"807\" src=\"https:\/\/www.topchinapack.com\/wp-content\/uploads\/2025\/08\/custom-spout-pouches-for-juice-5.webp\" alt=\"individuelle Ausgie\u00dfer f\u00fcr Saft (5)\" class=\"wp-image-1923\" srcset=\"https:\/\/www.topchinapack.com\/wp-content\/uploads\/2025\/08\/custom-spout-pouches-for-juice-5.webp 800w, https:\/\/www.topchinapack.com\/wp-content\/uploads\/2025\/08\/custom-spout-pouches-for-juice-5-297x300.webp 297w, https:\/\/www.topchinapack.com\/wp-content\/uploads\/2025\/08\/custom-spout-pouches-for-juice-5-150x150.webp 150w, https:\/\/www.topchinapack.com\/wp-content\/uploads\/2025\/08\/custom-spout-pouches-for-juice-5-768x775.webp 768w, https:\/\/www.topchinapack.com\/wp-content\/uploads\/2025\/08\/custom-spout-pouches-for-juice-5-12x12.webp 12w, https:\/\/www.topchinapack.com\/wp-content\/uploads\/2025\/08\/custom-spout-pouches-for-juice-5-600x605.webp 600w, https:\/\/www.topchinapack.com\/wp-content\/uploads\/2025\/08\/custom-spout-pouches-for-juice-5-100x100.webp 100w\" sizes=\"(max-width: 800px) 100vw, 800px\" \/><\/figure>\n<\/div>\n\n\n\n<div class=\"wp-block-column is-layout-flow wp-block-column-is-layout-flow\">\n<figure class=\"wp-block-image size-full\"><img decoding=\"async\" width=\"800\" height=\"807\" src=\"https:\/\/www.topchinapack.com\/wp-content\/uploads\/2025\/08\/custom-spout-pouches-for-juice-6.webp\" alt=\"individuelle Ausgie\u00dfer f\u00fcr Saft (6)\" class=\"wp-image-1924\" srcset=\"https:\/\/www.topchinapack.com\/wp-content\/uploads\/2025\/08\/custom-spout-pouches-for-juice-6.webp 800w, https:\/\/www.topchinapack.com\/wp-content\/uploads\/2025\/08\/custom-spout-pouches-for-juice-6-297x300.webp 297w, https:\/\/www.topchinapack.com\/wp-content\/uploads\/2025\/08\/custom-spout-pouches-for-juice-6-150x150.webp 150w, https:\/\/www.topchinapack.com\/wp-content\/uploads\/2025\/08\/custom-spout-pouches-for-juice-6-768x775.webp 768w, https:\/\/www.topchinapack.com\/wp-content\/uploads\/2025\/08\/custom-spout-pouches-for-juice-6-12x12.webp 12w, https:\/\/www.topchinapack.com\/wp-content\/uploads\/2025\/08\/custom-spout-pouches-for-juice-6-600x605.webp 600w, https:\/\/www.topchinapack.com\/wp-content\/uploads\/2025\/08\/custom-spout-pouches-for-juice-6-100x100.webp 100w\" sizes=\"(max-width: 800px) 100vw, 800px\" \/><\/figure>\n<\/div>\n<\/div>\n\n\n\n<div class=\"wp-block-columns is-layout-flex wp-container-core-columns-is-layout-9d6595d7 wp-block-columns-is-layout-flex\">\n<div class=\"wp-block-column is-layout-flow wp-block-column-is-layout-flow\"><\/div>\n\n\n\n<div class=\"wp-block-column is-layout-flow wp-block-column-is-layout-flow\"><\/div>\n<\/div>","protected":false},"excerpt":{"rendered":"<p>Unsere ma\u00dfgeschneiderten Ausgie\u00dferbeutel sind die ideale Verpackungsl\u00f6sung f\u00fcr S\u00e4fte und Getr\u00e4nke. Die aus lebensmittelechtem PET und PE hergestellten Beutel bieten eine hervorragende Feuchtigkeitsbest\u00e4ndigkeit und sorgen daf\u00fcr, dass Ihr Produkt frisch bleibt. Wir bieten umfassende Anpassungsm\u00f6glichkeiten f\u00fcr Gr\u00f6\u00dfe, Farbe und Muster. Wenden Sie sich an uns, um ein Angebot f\u00fcr unsere kundenspezifischen T\u00fcllenbeutel zu erhalten.<\/p>\n<h2>Merkmale von kundenspezifischen Ausgie\u00dferbeuteln f\u00fcr Getr\u00e4nke<\/h2>\n<p><strong>Ma\u00dfgeschneiderter Service:<\/strong>\u00a0Material, Gr\u00f6\u00dfe, Druck, Muster und zus\u00e4tzliche Optionen<br \/><strong>Druckverfahren:<\/strong>\u00a0Tiefdruck, bis zu 10 Farben, unterst\u00fctzt kundenspezifischen Druck<br \/><strong>Merkmale:<\/strong>\u00a0langlebig, wasserdicht<br \/><strong>Lieferfrist:<\/strong>\u00a010-20 Tage<br \/><strong>Unterst\u00fctzung f\u00fcr kostenlose Proben<\/strong><br \/><strong>Zertifizierung:<\/strong> ISO, FDA, BPA-frei, LFGB, EU-Norm<\/p>\n<ul>\n<li><strong>PET\/Wei\u00df PE Material:<\/strong> Die T\u00fcllenbeutel bestehen aus hochwertigem PET und wei\u00dfem PE f\u00fcr zus\u00e4tzliche Festigkeit und verbesserte Feuchtigkeitsbest\u00e4ndigkeit.<\/li>\n<li><strong>Lebensmittelqualit\u00e4t:<\/strong> Die Ausgie\u00dferbeutel sind aus zertifiziertem, lebensmittelechtem Material hergestellt und somit f\u00fcr den direkten Kontakt mit Getr\u00e4nken geeignet. Das gibt Herstellern und Verbrauchern ein gutes Gef\u00fchl.<\/li>\n<li><strong>Anpassbar:<\/strong> Diese Ausgie\u00dferbeutel k\u00f6nnen vollst\u00e4ndig mit Ihrer Marke und Ihren Designelementen versehen werden. Vom Firmenlogo \u00fcber den Produktnamen bis hin zu aufwendigen Kunstwerken bieten wir Ihnen die Freiheit, ein einzigartiges, auff\u00e4lliges Design zu gestalten.<\/li>\n<li><strong>Multi-Extrusion:<\/strong> Diese Beutel werden im Multiextrusionsverfahren hergestellt, einem Verfahren, das eine gleichm\u00e4\u00dfige Verklebung aller Beutelschichten f\u00fcr zus\u00e4tzliche Festigkeit und Auslaufsicherheit gew\u00e4hrleistet.<\/li>\n<li><strong>Zehn-Farben-Tiefdruck-Service:<\/strong> Unser kundenspezifischer Ausgie\u00dferbeutel-Service nutzt die Tiefdrucktechnologie, die Ihre individuellen Grafiken gestochen scharf, lebendig und best\u00e4ndig gegen\u00fcber Handhabung, Sonnenlicht und Feuchtigkeit macht.<\/li>\n<\/ul>","protected":false},"featured_media":1919,"comment_status":"closed","ping_status":"closed","template":"","meta":{"_acf_changed":false},"product_brand":[],"product_cat":[22,39],"product_tag":[],"class_list":{"0":"post-1894","1":"product","2":"type-product","3":"status-publish","4":"has-post-thumbnail","6":"product_cat-custom-spout-pouches","7":"product_cat-custom-juice-spout-pouches","9":"first","10":"instock","11":"shipping-taxable","12":"product-type-simple"},"acf":[],"_links":{"self":[{"href":"https:\/\/www.topchinapack.com\/de\/wp-json\/wp\/v2\/product\/1894","targetHints":{"allow":["GET"]}}],"collection":[{"href":"https:\/\/www.topchinapack.com\/de\/wp-json\/wp\/v2\/product"}],"about":[{"href":"https:\/\/www.topchinapack.com\/de\/wp-json\/wp\/v2\/types\/product"}],"replies":[{"embeddable":true,"href":"https:\/\/www.topchinapack.com\/de\/wp-json\/wp\/v2\/comments?post=1894"}],"wp:featuredmedia":[{"embeddable":true,"href":"https:\/\/www.topchinapack.com\/de\/wp-json\/wp\/v2\/media\/1919"}],"wp:attachment":[{"href":"https:\/\/www.topchinapack.com\/de\/wp-json\/wp\/v2\/media?parent=1894"}],"wp:term":[{"taxonomy":"product_brand","embeddable":true,"href":"https:\/\/www.topchinapack.com\/de\/wp-json\/wp\/v2\/product_brand?post=1894"},{"taxonomy":"product_cat","embeddable":true,"href":"https:\/\/www.topchinapack.com\/de\/wp-json\/wp\/v2\/product_cat?post=1894"},{"taxonomy":"product_tag","embeddable":true,"href":"https:\/\/www.topchinapack.com\/de\/wp-json\/wp\/v2\/product_tag?post=1894"}],"curies":[{"name":"wp","href":"https:\/\/api.w.org\/{rel}","templated":true}]}}