{"id":1895,"date":"2025-08-07T03:43:33","date_gmt":"2025-08-07T03:43:33","guid":{"rendered":"https:\/\/www.topchinapack.com\/?post_type=product&#038;p=1895"},"modified":"2025-11-17T07:36:23","modified_gmt":"2025-11-17T07:36:23","slug":"custom-spouted-stand-up-pouches","status":"publish","type":"product","link":"https:\/\/www.topchinapack.com\/de\/produkt\/custom-spouted-stand-up-pouches\/","title":{"rendered":"Standbeutel mit Ausgie\u00dfer f\u00fcr individuelle flexible Getr\u00e4nkeverpackungen"},"content":{"rendered":"<div class=\"wp-block-columns is-layout-flex wp-container-core-columns-is-layout-9d6595d7 wp-block-columns-is-layout-flex\">\n<div class=\"wp-block-column is-layout-flow wp-block-column-is-layout-flow\">\n<figure class=\"wp-block-image size-full\"><img decoding=\"async\" width=\"800\" height=\"800\" src=\"https:\/\/www.topchinapack.com\/wp-content\/uploads\/2025\/08\/spouted-stand-up-pouch-5-1.webp\" alt=\"Standbeutel mit Ausgie\u00dfer (5)\" class=\"wp-image-1937\" srcset=\"https:\/\/www.topchinapack.com\/wp-content\/uploads\/2025\/08\/spouted-stand-up-pouch-5-1.webp 800w, https:\/\/www.topchinapack.com\/wp-content\/uploads\/2025\/08\/spouted-stand-up-pouch-5-1-300x300.webp 300w, https:\/\/www.topchinapack.com\/wp-content\/uploads\/2025\/08\/spouted-stand-up-pouch-5-1-150x150.webp 150w, https:\/\/www.topchinapack.com\/wp-content\/uploads\/2025\/08\/spouted-stand-up-pouch-5-1-768x768.webp 768w, https:\/\/www.topchinapack.com\/wp-content\/uploads\/2025\/08\/spouted-stand-up-pouch-5-1-12x12.webp 12w, https:\/\/www.topchinapack.com\/wp-content\/uploads\/2025\/08\/spouted-stand-up-pouch-5-1-600x600.webp 600w, https:\/\/www.topchinapack.com\/wp-content\/uploads\/2025\/08\/spouted-stand-up-pouch-5-1-100x100.webp 100w\" sizes=\"(max-width: 800px) 100vw, 800px\" \/><\/figure>\n<\/div>\n\n\n\n<div class=\"wp-block-column is-layout-flow wp-block-column-is-layout-flow\">\n<figure class=\"wp-block-image size-full\"><img decoding=\"async\" width=\"800\" height=\"807\" src=\"https:\/\/www.topchinapack.com\/wp-content\/uploads\/2025\/08\/spouted-stand-up-pouch-6-1.webp\" alt=\"Standbeutel mit Ausgie\u00dfer (6)\" class=\"wp-image-1938\" srcset=\"https:\/\/www.topchinapack.com\/wp-content\/uploads\/2025\/08\/spouted-stand-up-pouch-6-1.webp 800w, https:\/\/www.topchinapack.com\/wp-content\/uploads\/2025\/08\/spouted-stand-up-pouch-6-1-297x300.webp 297w, https:\/\/www.topchinapack.com\/wp-content\/uploads\/2025\/08\/spouted-stand-up-pouch-6-1-150x150.webp 150w, https:\/\/www.topchinapack.com\/wp-content\/uploads\/2025\/08\/spouted-stand-up-pouch-6-1-768x775.webp 768w, https:\/\/www.topchinapack.com\/wp-content\/uploads\/2025\/08\/spouted-stand-up-pouch-6-1-12x12.webp 12w, https:\/\/www.topchinapack.com\/wp-content\/uploads\/2025\/08\/spouted-stand-up-pouch-6-1-600x605.webp 600w, https:\/\/www.topchinapack.com\/wp-content\/uploads\/2025\/08\/spouted-stand-up-pouch-6-1-100x100.webp 100w\" sizes=\"(max-width: 800px) 100vw, 800px\" \/><\/figure>\n<\/div>\n<\/div>","protected":false},"excerpt":{"rendered":"<p>GQ PACK bietet ma\u00dfgeschneiderte Ausgie\u00dferbeutel f\u00fcr eine Vielzahl von Getr\u00e4nken, darunter S\u00e4fte und Softdrinks. Unsere hochwertigen, flexiblen Ausgie\u00dferbeutel sind so konzipiert, dass sie optimale Frische und Bequemlichkeit bieten. Sie sind in Gr\u00f6\u00dfe, Muster und Material anpassbar und eignen sich sowohl f\u00fcr den Einzelhandel als auch f\u00fcr Gro\u00dfverpackungen. Kontaktieren Sie uns f\u00fcr ein Angebot von einem zuverl\u00e4ssigen Hersteller von Ausgie\u00dferbeuteln.<\/p>\n<h2>Eigenschaften von Spouted Stand up Pouch<\/h2>\n<p><strong>Ma\u00dfgeschneiderter Service:<\/strong>\u00a0Material, Gr\u00f6\u00dfe, Druck, Muster und zus\u00e4tzliche Optionen<br \/><strong>Druckverfahren:<\/strong>\u00a0Tiefdruck, bis zu 10 Farben, unterst\u00fctzt kundenspezifischen Druck<br \/><strong>Merkmale:<\/strong>\u00a0langlebig, wasserdicht<br \/><strong>Lieferfrist:<\/strong>\u00a010-20 Tage<br \/><strong>Unterst\u00fctzung f\u00fcr kostenlose Proben<\/strong><br \/><strong>Zertifizierung:<\/strong>\u00a0ISO, FDA, BPA-frei, LFGB, EU-Norm<\/p>\n<ul>\n<li><strong>Verl\u00e4ngerte Lagerf\u00e4higkeit:<\/strong> Die Kombination aus PET, AL, PA und PE bietet eine wirksame Barriere gegen Feuchtigkeit und Sauerstoff und tr\u00e4gt dazu bei, die Haltbarkeit von Getr\u00e4nken, einschlie\u00dflich S\u00e4ften, Smoothies und Milchgetr\u00e4nken, zu verl\u00e4ngern.<\/li>\n<li><strong>Platzsparend und leicht:<\/strong> Im Vergleich zu starren Verpackungen wie Glas- oder Plastikflaschen sind Standbeutel mit Ausgie\u00dfer leicht und flexibel. Dies tr\u00e4gt dazu bei, Lagerraum und Versandkosten zu reduzieren, und ist zudem umweltfreundlicher.<\/li>\n<li><strong>Wiederverschlie\u00dfbar:<\/strong> Der Standbeutel mit Ausgie\u00dfer ist wiederverschlie\u00dfbar, so dass die Verbraucher den Beutel nach dem \u00d6ffnen wieder verschlie\u00dfen k\u00f6nnen.<\/li>\n<li><strong>Kosteneffiziente Verpackungsl\u00f6sung:<\/strong> Flexible Materialien wie Standbeutel mit Ausgie\u00dfer sind kosteng\u00fcnstiger in der Herstellung und haben ein geringes Gewicht, was die Versandkosten senkt.<\/li>\n<li><strong>Umfassender Service f\u00fcr kundenspezifische Ausgie\u00dferbeutel:<\/strong> Im Zehn-Farben-Tiefdruckverfahren produzieren wir hochwertige Grafiken, die das Kundenerlebnis verbessern. Wir unterst\u00fctzen auch die individuelle Anpassung in Bezug auf Gr\u00f6\u00dfe, Zubeh\u00f6r, Material und andere Abmessungen.<\/li>\n<\/ul>","protected":false},"featured_media":1933,"comment_status":"closed","ping_status":"closed","template":"","meta":{"_acf_changed":false},"product_brand":[],"product_cat":[22,39],"product_tag":[],"class_list":{"0":"post-1895","1":"product","2":"type-product","3":"status-publish","4":"has-post-thumbnail","6":"product_cat-custom-spout-pouches","7":"product_cat-custom-juice-spout-pouches","9":"first","10":"instock","11":"shipping-taxable","12":"product-type-simple"},"acf":[],"_links":{"self":[{"href":"https:\/\/www.topchinapack.com\/de\/wp-json\/wp\/v2\/product\/1895","targetHints":{"allow":["GET"]}}],"collection":[{"href":"https:\/\/www.topchinapack.com\/de\/wp-json\/wp\/v2\/product"}],"about":[{"href":"https:\/\/www.topchinapack.com\/de\/wp-json\/wp\/v2\/types\/product"}],"replies":[{"embeddable":true,"href":"https:\/\/www.topchinapack.com\/de\/wp-json\/wp\/v2\/comments?post=1895"}],"wp:featuredmedia":[{"embeddable":true,"href":"https:\/\/www.topchinapack.com\/de\/wp-json\/wp\/v2\/media\/1933"}],"wp:attachment":[{"href":"https:\/\/www.topchinapack.com\/de\/wp-json\/wp\/v2\/media?parent=1895"}],"wp:term":[{"taxonomy":"product_brand","embeddable":true,"href":"https:\/\/www.topchinapack.com\/de\/wp-json\/wp\/v2\/product_brand?post=1895"},{"taxonomy":"product_cat","embeddable":true,"href":"https:\/\/www.topchinapack.com\/de\/wp-json\/wp\/v2\/product_cat?post=1895"},{"taxonomy":"product_tag","embeddable":true,"href":"https:\/\/www.topchinapack.com\/de\/wp-json\/wp\/v2\/product_tag?post=1895"}],"curies":[{"name":"wp","href":"https:\/\/api.w.org\/{rel}","templated":true}]}}