{"id":1896,"date":"2025-08-07T04:34:59","date_gmt":"2025-08-07T04:34:59","guid":{"rendered":"https:\/\/www.topchinapack.com\/?post_type=product&#038;p=1896"},"modified":"2025-11-17T07:35:53","modified_gmt":"2025-11-17T07:35:53","slug":"custom-unique-shaped-spout-pouches","status":"publish","type":"product","link":"https:\/\/www.topchinapack.com\/de\/produkt\/custom-unique-shaped-spout-pouches\/","title":{"rendered":"Einzigartig geformte Ausgie\u00dferbeutel f\u00fcr Saftverpackungen"},"content":{"rendered":"<div class=\"wp-block-columns is-layout-flex wp-container-core-columns-is-layout-9d6595d7 wp-block-columns-is-layout-flex\">\n<div class=\"wp-block-column is-layout-flow wp-block-column-is-layout-flow\">\n<figure class=\"wp-block-image size-full\"><img decoding=\"async\" width=\"800\" height=\"800\" src=\"https:\/\/www.topchinapack.com\/wp-content\/uploads\/2025\/08\/custom-unique-shaped-spout-pouches-5.webp\" alt=\"individuelle, einzigartig geformte Ausgie\u00dferbeutel (5)\" class=\"wp-image-1945\" srcset=\"https:\/\/www.topchinapack.com\/wp-content\/uploads\/2025\/08\/custom-unique-shaped-spout-pouches-5.webp 800w, https:\/\/www.topchinapack.com\/wp-content\/uploads\/2025\/08\/custom-unique-shaped-spout-pouches-5-300x300.webp 300w, https:\/\/www.topchinapack.com\/wp-content\/uploads\/2025\/08\/custom-unique-shaped-spout-pouches-5-150x150.webp 150w, https:\/\/www.topchinapack.com\/wp-content\/uploads\/2025\/08\/custom-unique-shaped-spout-pouches-5-768x768.webp 768w, https:\/\/www.topchinapack.com\/wp-content\/uploads\/2025\/08\/custom-unique-shaped-spout-pouches-5-12x12.webp 12w, https:\/\/www.topchinapack.com\/wp-content\/uploads\/2025\/08\/custom-unique-shaped-spout-pouches-5-600x600.webp 600w, https:\/\/www.topchinapack.com\/wp-content\/uploads\/2025\/08\/custom-unique-shaped-spout-pouches-5-100x100.webp 100w\" sizes=\"(max-width: 800px) 100vw, 800px\" \/><\/figure>\n<\/div>\n\n\n\n<div class=\"wp-block-column is-layout-flow wp-block-column-is-layout-flow\">\n<figure class=\"wp-block-image size-full\"><img decoding=\"async\" width=\"800\" height=\"807\" src=\"https:\/\/www.topchinapack.com\/wp-content\/uploads\/2025\/08\/custom-unique-shaped-spout-pouches-6.webp\" alt=\"Individuell gestaltete T\u00fcllenbeutel (6)\" class=\"wp-image-1946\" srcset=\"https:\/\/www.topchinapack.com\/wp-content\/uploads\/2025\/08\/custom-unique-shaped-spout-pouches-6.webp 800w, https:\/\/www.topchinapack.com\/wp-content\/uploads\/2025\/08\/custom-unique-shaped-spout-pouches-6-297x300.webp 297w, https:\/\/www.topchinapack.com\/wp-content\/uploads\/2025\/08\/custom-unique-shaped-spout-pouches-6-150x150.webp 150w, https:\/\/www.topchinapack.com\/wp-content\/uploads\/2025\/08\/custom-unique-shaped-spout-pouches-6-768x775.webp 768w, https:\/\/www.topchinapack.com\/wp-content\/uploads\/2025\/08\/custom-unique-shaped-spout-pouches-6-12x12.webp 12w, https:\/\/www.topchinapack.com\/wp-content\/uploads\/2025\/08\/custom-unique-shaped-spout-pouches-6-600x605.webp 600w, https:\/\/www.topchinapack.com\/wp-content\/uploads\/2025\/08\/custom-unique-shaped-spout-pouches-6-100x100.webp 100w\" sizes=\"(max-width: 800px) 100vw, 800px\" \/><\/figure>\n<\/div>\n<\/div>\n\n\n\n<div class=\"wp-block-columns is-layout-flex wp-container-core-columns-is-layout-9d6595d7 wp-block-columns-is-layout-flex\">\n<div class=\"wp-block-column is-layout-flow wp-block-column-is-layout-flow\"><\/div>\n\n\n\n<div class=\"wp-block-column is-layout-flow wp-block-column-is-layout-flow\"><\/div>\n<\/div>","protected":false},"excerpt":{"rendered":"<p>Kundenspezifische, lebensmittelechte Ausgie\u00dferbeutel sind eine praktische, kosteng\u00fcnstige L\u00f6sung f\u00fcr die Verpackung von Getr\u00e4nken. Sie werden aus hochwertigen, feuchtigkeitsbest\u00e4ndigen Materialien hergestellt und tragen dazu bei, die Frische des Produkts zu bewahren, w\u00e4hrend der Inhalt einfach entnommen und wiederverschlossen werden kann.<\/p>\n<p>GQ PACK bietet einen vollst\u00e4ndig anpassbaren Service f\u00fcr kundenspezifische Ausgie\u00dferbeutel, einschlie\u00dflich der Anpassung von Logo, Gr\u00f6\u00dfe und Material. Kontaktieren Sie uns f\u00fcr ein Werksangebot.<\/p>\n<h2>Eigenschaften von Customized Stand-up Spout Bag<\/h2>\n<p><strong>Ma\u00dfgeschneiderter Service:<\/strong>\u00a0Material, Gr\u00f6\u00dfe, Druck, Muster und zus\u00e4tzliche Optionen<br \/><strong>Druckverfahren:<\/strong>\u00a0Tiefdruck, bis zu 10 Farben, unterst\u00fctzt kundenspezifischen Druck<br \/><strong>Merkmale:<\/strong>\u00a0langlebig, wasserdicht<br \/><strong>Lieferfrist:<\/strong>\u00a010-20 Tage<br \/><strong>Unterst\u00fctzung f\u00fcr kostenlose Proben<\/strong><br \/><strong>Zertifizierung:<\/strong>\u00a0ISO, FDA, BPA-frei, LFGB, EU-Norm<\/p>\n<ul>\n<li><strong>Bequem und einfach in der Anwendung:<\/strong> Der Ausgie\u00dfer erm\u00f6glicht ein einfaches Ausgie\u00dfen und Wiederverschlie\u00dfen, wodurch das Risiko des Versch\u00fcttens und des Abfalls von Getr\u00e4nken wie S\u00e4ften, Smoothies und So\u00dfen verringert wird.<\/li>\n<li><strong>Verl\u00e4ngerte Lagerf\u00e4higkeit:<\/strong> Die aus lebensmittelechten PET\/AL\/PET\/PE-Materialien hergestellten Beutel bieten einen hervorragenden Schutz vor Feuchtigkeit, Sauerstoff und Licht. Sie bewahren die Frische und Qualit\u00e4t von Getr\u00e4nken l\u00e4nger, auch ohne K\u00fchlung.<\/li>\n<li><strong>Platzsparendes Design:<\/strong> Die Ausgie\u00dferbeutel sind kompakt und flexibel, so dass sie einfacher zu lagern und zu transportieren sind als herk\u00f6mmliche Flaschen oder Kartons. Ihre Form kann an unterschiedliche Verpackungsanforderungen angepasst werden, was die Lagerkosten senkt.<\/li>\n<li><strong>Anpassungen:<\/strong> Diese Beutel sind in Gr\u00f6\u00dfe, Form, Material und Branding vollst\u00e4ndig anpassbar. Unternehmen k\u00f6nnen Beutel entwerfen, die zu ihrer Marken\u00e4sthetik und ihren Produkteigenschaften passen und so eine einzigartige und \u00e4sthetisch ansprechende Verpackungsoption schaffen.<\/li>\n<li><strong>Verbraucherfreundlich:<\/strong> Das Design des Ausgusses erm\u00f6glicht es den Verbrauchern, die Menge der abgegebenen Fl\u00fcssigkeit leicht zu kontrollieren, so dass sie m\u00fchelos die richtige Menge erhalten.<\/li>\n<\/ul>","protected":false},"featured_media":1941,"comment_status":"closed","ping_status":"closed","template":"","meta":{"_acf_changed":false},"product_brand":[],"product_cat":[22,39],"product_tag":[],"class_list":{"0":"post-1896","1":"product","2":"type-product","3":"status-publish","4":"has-post-thumbnail","6":"product_cat-custom-spout-pouches","7":"product_cat-custom-juice-spout-pouches","9":"first","10":"instock","11":"shipping-taxable","12":"product-type-simple"},"acf":[],"_links":{"self":[{"href":"https:\/\/www.topchinapack.com\/de\/wp-json\/wp\/v2\/product\/1896","targetHints":{"allow":["GET"]}}],"collection":[{"href":"https:\/\/www.topchinapack.com\/de\/wp-json\/wp\/v2\/product"}],"about":[{"href":"https:\/\/www.topchinapack.com\/de\/wp-json\/wp\/v2\/types\/product"}],"replies":[{"embeddable":true,"href":"https:\/\/www.topchinapack.com\/de\/wp-json\/wp\/v2\/comments?post=1896"}],"wp:featuredmedia":[{"embeddable":true,"href":"https:\/\/www.topchinapack.com\/de\/wp-json\/wp\/v2\/media\/1941"}],"wp:attachment":[{"href":"https:\/\/www.topchinapack.com\/de\/wp-json\/wp\/v2\/media?parent=1896"}],"wp:term":[{"taxonomy":"product_brand","embeddable":true,"href":"https:\/\/www.topchinapack.com\/de\/wp-json\/wp\/v2\/product_brand?post=1896"},{"taxonomy":"product_cat","embeddable":true,"href":"https:\/\/www.topchinapack.com\/de\/wp-json\/wp\/v2\/product_cat?post=1896"},{"taxonomy":"product_tag","embeddable":true,"href":"https:\/\/www.topchinapack.com\/de\/wp-json\/wp\/v2\/product_tag?post=1896"}],"curies":[{"name":"wp","href":"https:\/\/api.w.org\/{rel}","templated":true}]}}