{"id":1897,"date":"2025-08-07T06:22:53","date_gmt":"2025-08-07T06:22:53","guid":{"rendered":"https:\/\/www.topchinapack.com\/?post_type=product&#038;p=1897"},"modified":"2025-11-17T07:35:07","modified_gmt":"2025-11-17T07:35:07","slug":"custom-printed-spout-pouches-for-drinks","status":"publish","type":"product","link":"https:\/\/www.topchinapack.com\/de\/produkt\/custom-printed-spout-pouches-for-drinks\/","title":{"rendered":"Individuell bedruckte Ausgie\u00dferbeutel f\u00fcr Getr\u00e4nke, Saft, Babynahrung"},"content":{"rendered":"<div class=\"wp-block-columns is-layout-flex wp-container-core-columns-is-layout-9d6595d7 wp-block-columns-is-layout-flex\">\n<div class=\"wp-block-column is-layout-flow wp-block-column-is-layout-flow\">\n<figure class=\"wp-block-image size-full\"><img decoding=\"async\" width=\"800\" height=\"800\" src=\"https:\/\/www.topchinapack.com\/wp-content\/uploads\/2025\/08\/custom-printed-spout-pouches-4.webp\" alt=\"Individuell bedruckte Ausgussbeutel (4)\" class=\"wp-image-1952\" srcset=\"https:\/\/www.topchinapack.com\/wp-content\/uploads\/2025\/08\/custom-printed-spout-pouches-4.webp 800w, https:\/\/www.topchinapack.com\/wp-content\/uploads\/2025\/08\/custom-printed-spout-pouches-4-300x300.webp 300w, https:\/\/www.topchinapack.com\/wp-content\/uploads\/2025\/08\/custom-printed-spout-pouches-4-150x150.webp 150w, https:\/\/www.topchinapack.com\/wp-content\/uploads\/2025\/08\/custom-printed-spout-pouches-4-768x768.webp 768w, https:\/\/www.topchinapack.com\/wp-content\/uploads\/2025\/08\/custom-printed-spout-pouches-4-12x12.webp 12w, https:\/\/www.topchinapack.com\/wp-content\/uploads\/2025\/08\/custom-printed-spout-pouches-4-600x600.webp 600w, https:\/\/www.topchinapack.com\/wp-content\/uploads\/2025\/08\/custom-printed-spout-pouches-4-100x100.webp 100w\" sizes=\"(max-width: 800px) 100vw, 800px\" \/><\/figure>\n<\/div>\n\n\n\n<div class=\"wp-block-column is-layout-flow wp-block-column-is-layout-flow\">\n<figure class=\"wp-block-image size-full\"><img decoding=\"async\" width=\"800\" height=\"800\" src=\"https:\/\/www.topchinapack.com\/wp-content\/uploads\/2025\/08\/custom-printed-spout-pouches-5.webp\" alt=\"Individuell bedruckte Ausgie\u00dferbeutel (5)\" class=\"wp-image-1953\" srcset=\"https:\/\/www.topchinapack.com\/wp-content\/uploads\/2025\/08\/custom-printed-spout-pouches-5.webp 800w, https:\/\/www.topchinapack.com\/wp-content\/uploads\/2025\/08\/custom-printed-spout-pouches-5-300x300.webp 300w, https:\/\/www.topchinapack.com\/wp-content\/uploads\/2025\/08\/custom-printed-spout-pouches-5-150x150.webp 150w, https:\/\/www.topchinapack.com\/wp-content\/uploads\/2025\/08\/custom-printed-spout-pouches-5-768x768.webp 768w, https:\/\/www.topchinapack.com\/wp-content\/uploads\/2025\/08\/custom-printed-spout-pouches-5-12x12.webp 12w, https:\/\/www.topchinapack.com\/wp-content\/uploads\/2025\/08\/custom-printed-spout-pouches-5-600x600.webp 600w, https:\/\/www.topchinapack.com\/wp-content\/uploads\/2025\/08\/custom-printed-spout-pouches-5-100x100.webp 100w\" sizes=\"(max-width: 800px) 100vw, 800px\" \/><\/figure>\n<\/div>\n<\/div>\n\n\n\n<div class=\"wp-block-columns is-layout-flex wp-container-core-columns-is-layout-9d6595d7 wp-block-columns-is-layout-flex\">\n<div class=\"wp-block-column is-layout-flow wp-block-column-is-layout-flow\"><\/div>\n\n\n\n<div class=\"wp-block-column is-layout-flow wp-block-column-is-layout-flow\"><\/div>\n<\/div>","protected":false},"excerpt":{"rendered":"<p>Unser individueller Ausgie\u00dferbeutel-Service wertet Ihre Produktverpackung auf. Diese individuell gestaltbaren Beutel sind ideal f\u00fcr Getr\u00e4nke, S\u00e4fte, Babynahrung und vieles mehr. Sie zeichnen sich durch einen lebendigen, hochwertigen Druck, umweltfreundliche Materialien und ein auslaufsicheres Design aus. Ma\u00dfgeschneiderte Gr\u00f6\u00dfen, Formen und Materialien sind erh\u00e4ltlich, um Funktionalit\u00e4t und Markenwiedererkennung zu gew\u00e4hrleisten.<\/p>\n<h2>Merkmale der individuell bedruckten Ausgie\u00dfertaschen<\/h2>\n<p><strong>Ma\u00dfgeschneiderter Service:<\/strong>\u00a0Material, Gr\u00f6\u00dfe, Druck, Muster und zus\u00e4tzliche Optionen<br \/><strong>Druckverfahren:<\/strong>\u00a0Tiefdruck, bis zu 10 Farben, unterst\u00fctzt kundenspezifischen Druck<br \/><strong>Merkmale:<\/strong>\u00a0langlebig, wasserdicht<br \/><strong>Lieferfrist:<\/strong>\u00a010-20 Tage<br \/><strong>Unterst\u00fctzung f\u00fcr kostenlose Proben<\/strong><br \/><strong>Zertifizierung:<\/strong>\u00a0ISO, FDA, BPA-frei, LFGB, EU-Norm<\/p>\n<ul>\n<li><strong>Bequem und tragbar:<\/strong> Der Ausgie\u00dfer ist so gestaltet, dass er sich leicht ausgie\u00dfen l\u00e4sst. Das macht ihn tragbar und praktisch f\u00fcr das Trinken unterwegs. Er ist perfekt f\u00fcr Getr\u00e4nke, S\u00e4fte und Babynahrung. Viel besch\u00e4ftigte Eltern und Reisende profitieren besonders davon.<\/li>\n<li><strong>Individuelles Branding:<\/strong> Diese Beutel bieten gro\u00dfartige M\u00f6glichkeiten f\u00fcr das Branding. Marken k\u00f6nnen ihre Logos, Designs und Produktinformationen auf sie drucken. Dies tr\u00e4gt dazu bei, die Sichtbarkeit des Produkts und die Marktreichweite zu verbessern.<\/li>\n<li><strong>Leicht und platzsparend:<\/strong> Ausgie\u00dferbeutel sind leichter und kompakter als herk\u00f6mmliche Flaschen oder Gl\u00e4ser. Sie ben\u00f6tigen weniger Platz f\u00fcr Lagerung und Transport. Diese Eigenschaft ist ideal f\u00fcr den Einzelhandel und den Vertrieb.<\/li>\n<li><strong>Verl\u00e4ngerte Lagerf\u00e4higkeit:<\/strong> Das mehrschichtige Material des Ausgie\u00dferbeutels sch\u00fctzt vor Feuchtigkeit, Sauerstoff und Licht. Dies tr\u00e4gt dazu bei, dass der Inhalt frisch und von hoher Qualit\u00e4t bleibt. Er ist besonders n\u00fctzlich f\u00fcr S\u00e4fte, Babynahrung und andere Produkte, die leicht verderben.<\/li>\n<li><strong>Kundenspezifischer Ausgussbeutel-Service:<\/strong> Sie k\u00f6nnen die Gr\u00f6\u00dfe, die Form und das Material des Ausgie\u00dferbeutels entsprechend den spezifischen Anforderungen Ihres Produkts w\u00e4hlen. Ob Sie einen Standbeutel, einen Beutel mit flachem Boden oder ein innovatives Design ben\u00f6tigen.<\/li>\n<\/ul>","protected":false},"featured_media":1949,"comment_status":"closed","ping_status":"closed","template":"","meta":{"_acf_changed":true},"product_brand":[],"product_cat":[22,39],"product_tag":[],"class_list":{"0":"post-1897","1":"product","2":"type-product","3":"status-publish","4":"has-post-thumbnail","6":"product_cat-custom-spout-pouches","7":"product_cat-custom-juice-spout-pouches","9":"first","10":"instock","11":"shipping-taxable","12":"product-type-simple"},"acf":[],"_links":{"self":[{"href":"https:\/\/www.topchinapack.com\/de\/wp-json\/wp\/v2\/product\/1897","targetHints":{"allow":["GET"]}}],"collection":[{"href":"https:\/\/www.topchinapack.com\/de\/wp-json\/wp\/v2\/product"}],"about":[{"href":"https:\/\/www.topchinapack.com\/de\/wp-json\/wp\/v2\/types\/product"}],"replies":[{"embeddable":true,"href":"https:\/\/www.topchinapack.com\/de\/wp-json\/wp\/v2\/comments?post=1897"}],"wp:featuredmedia":[{"embeddable":true,"href":"https:\/\/www.topchinapack.com\/de\/wp-json\/wp\/v2\/media\/1949"}],"wp:attachment":[{"href":"https:\/\/www.topchinapack.com\/de\/wp-json\/wp\/v2\/media?parent=1897"}],"wp:term":[{"taxonomy":"product_brand","embeddable":true,"href":"https:\/\/www.topchinapack.com\/de\/wp-json\/wp\/v2\/product_brand?post=1897"},{"taxonomy":"product_cat","embeddable":true,"href":"https:\/\/www.topchinapack.com\/de\/wp-json\/wp\/v2\/product_cat?post=1897"},{"taxonomy":"product_tag","embeddable":true,"href":"https:\/\/www.topchinapack.com\/de\/wp-json\/wp\/v2\/product_tag?post=1897"}],"curies":[{"name":"wp","href":"https:\/\/api.w.org\/{rel}","templated":true}]}}