{"id":1899,"date":"2025-08-07T13:42:59","date_gmt":"2025-08-07T13:42:59","guid":{"rendered":"https:\/\/www.topchinapack.com\/?post_type=product&#038;p=1899"},"modified":"2025-11-17T07:33:47","modified_gmt":"2025-11-17T07:33:47","slug":"custom-stand-up-spout-bag","status":"publish","type":"product","link":"https:\/\/www.topchinapack.com\/de\/produkt\/custom-stand-up-spout-bag\/","title":{"rendered":"Benutzerdefinierte Stand up Spout Tasche, Spouted Pouch Babynahrung, Saft, Getr\u00e4nk"},"content":{"rendered":"<div class=\"wp-block-columns is-layout-flex wp-container-core-columns-is-layout-9d6595d7 wp-block-columns-is-layout-flex\">\n<div class=\"wp-block-column is-layout-flow wp-block-column-is-layout-flow\">\n<figure class=\"wp-block-image size-full\"><img decoding=\"async\" width=\"800\" height=\"800\" src=\"https:\/\/www.topchinapack.com\/wp-content\/uploads\/2025\/08\/custom-stand-up-spout-bag-5.webp\" alt=\"Individuell gestalteter Beutel mit Ausguss (5)\" class=\"wp-image-1960\" srcset=\"https:\/\/www.topchinapack.com\/wp-content\/uploads\/2025\/08\/custom-stand-up-spout-bag-5.webp 800w, https:\/\/www.topchinapack.com\/wp-content\/uploads\/2025\/08\/custom-stand-up-spout-bag-5-300x300.webp 300w, https:\/\/www.topchinapack.com\/wp-content\/uploads\/2025\/08\/custom-stand-up-spout-bag-5-150x150.webp 150w, https:\/\/www.topchinapack.com\/wp-content\/uploads\/2025\/08\/custom-stand-up-spout-bag-5-768x768.webp 768w, https:\/\/www.topchinapack.com\/wp-content\/uploads\/2025\/08\/custom-stand-up-spout-bag-5-12x12.webp 12w, https:\/\/www.topchinapack.com\/wp-content\/uploads\/2025\/08\/custom-stand-up-spout-bag-5-600x600.webp 600w, https:\/\/www.topchinapack.com\/wp-content\/uploads\/2025\/08\/custom-stand-up-spout-bag-5-100x100.webp 100w\" sizes=\"(max-width: 800px) 100vw, 800px\" \/><\/figure>\n<\/div>\n\n\n\n<div class=\"wp-block-column is-layout-flow wp-block-column-is-layout-flow\">\n<figure class=\"wp-block-image size-full\"><img decoding=\"async\" width=\"800\" height=\"800\" src=\"https:\/\/www.topchinapack.com\/wp-content\/uploads\/2025\/08\/custom-stand-up-spout-bag-6.webp\" alt=\"Individuell gestalteter Beutel mit Ausguss (6)\" class=\"wp-image-1961\" srcset=\"https:\/\/www.topchinapack.com\/wp-content\/uploads\/2025\/08\/custom-stand-up-spout-bag-6.webp 800w, https:\/\/www.topchinapack.com\/wp-content\/uploads\/2025\/08\/custom-stand-up-spout-bag-6-300x300.webp 300w, https:\/\/www.topchinapack.com\/wp-content\/uploads\/2025\/08\/custom-stand-up-spout-bag-6-150x150.webp 150w, https:\/\/www.topchinapack.com\/wp-content\/uploads\/2025\/08\/custom-stand-up-spout-bag-6-768x768.webp 768w, https:\/\/www.topchinapack.com\/wp-content\/uploads\/2025\/08\/custom-stand-up-spout-bag-6-12x12.webp 12w, https:\/\/www.topchinapack.com\/wp-content\/uploads\/2025\/08\/custom-stand-up-spout-bag-6-600x600.webp 600w, https:\/\/www.topchinapack.com\/wp-content\/uploads\/2025\/08\/custom-stand-up-spout-bag-6-100x100.webp 100w\" sizes=\"(max-width: 800px) 100vw, 800px\" \/><\/figure>\n<\/div>\n<\/div>\n\n\n\n<div class=\"wp-block-columns is-layout-flex wp-container-core-columns-is-layout-9d6595d7 wp-block-columns-is-layout-flex\">\n<div class=\"wp-block-column is-layout-flow wp-block-column-is-layout-flow\"><\/div>\n\n\n\n<div class=\"wp-block-column is-layout-flow wp-block-column-is-layout-flow\"><\/div>\n<\/div>","protected":false},"excerpt":{"rendered":"<p>GQ PACK bietet Nutzern auf der ganzen Welt ma\u00dfgeschneiderte Standbodenbeutel an. Die aus lebensmittelechtem, BPA-freiem Material hergestellten Beutel eignen sich f\u00fcr die Verpackung von Babynahrung, Saft, Smoothies und anderen fl\u00fcssigen Produkten. Gr\u00f6\u00dfe, Form, Aufdruck und Zubeh\u00f6r sind vollst\u00e4ndig anpassbar, um Ihre Markenanforderungen zu erf\u00fcllen.<\/p>\n<h2>Merkmale der Custom Stand up Spout Bag<\/h2>\n<p><strong>Ma\u00dfgeschneiderter Service:<\/strong>\u00a0Material, Gr\u00f6\u00dfe, Druck, Muster und zus\u00e4tzliche Optionen<br \/><strong>Druckverfahren:<\/strong>\u00a0Tiefdruck, bis zu 10 Farben, unterst\u00fctzt kundenspezifischen Druck<br \/><strong>Merkmale:<\/strong>\u00a0langlebig, wasserdicht<br \/><strong>Lieferfrist:<\/strong>\u00a010-20 Tage<br \/><strong>Unterst\u00fctzung f\u00fcr kostenlose Proben<\/strong><br \/><strong>Zertifizierung:<\/strong>\u00a0ISO, FDA, BPA-frei, LFGB, EU-Norm<\/p>\n<ul>\n<li><strong>Bequem und einfach zu bedienen:<\/strong> Der integrierte Ausgie\u00dfer des Beutels erm\u00f6glicht ein einfaches Ausgie\u00dfen, Trinken oder Ausdr\u00fccken des Inhalts und ist somit ideal f\u00fcr Kinder oder unterwegs.<\/li>\n<li><strong>Starker Barriereschutz:<\/strong> Unsere ma\u00dfgefertigten Standbodenbeutel bestehen aus einer mehrschichtigen Verbundfolie, die Sauerstoff, Feuchtigkeit und UV-Strahlen wirksam abh\u00e4lt.<\/li>\n<li><strong>Stabilit\u00e4t des Standfu\u00dfes:<\/strong> Durch die Bodenfalte kann die Tasche aufrecht im Regal stehen, was die Sichtbarkeit der Produkte und die Effizienz der Lagerung verbessert.<\/li>\n<li><strong>Lebensmittelecht:<\/strong> Unsere Standbeutel mit Ausgie\u00dfer sind aus lebensmittelechten, BPA-freien Materialien hergestellt, die den internationalen Sicherheitsstandards f\u00fcr Babynahrung und Getr\u00e4nke entsprechen.<\/li>\n<li><strong>Anpassbare Designs:<\/strong> Wir bieten individuelle Vollfarbdrucke, eine Vielzahl von Gr\u00f6\u00dfen und Ausgie\u00dferpositionen, die Ihren Marken- und Produktanforderungen entsprechen.<\/li>\n<\/ul>","protected":false},"featured_media":1956,"comment_status":"closed","ping_status":"closed","template":"","meta":{"_acf_changed":true},"product_brand":[],"product_cat":[22,39],"product_tag":[],"class_list":{"0":"post-1899","1":"product","2":"type-product","3":"status-publish","4":"has-post-thumbnail","6":"product_cat-custom-spout-pouches","7":"product_cat-custom-juice-spout-pouches","9":"first","10":"instock","11":"shipping-taxable","12":"product-type-simple"},"acf":[],"_links":{"self":[{"href":"https:\/\/www.topchinapack.com\/de\/wp-json\/wp\/v2\/product\/1899","targetHints":{"allow":["GET"]}}],"collection":[{"href":"https:\/\/www.topchinapack.com\/de\/wp-json\/wp\/v2\/product"}],"about":[{"href":"https:\/\/www.topchinapack.com\/de\/wp-json\/wp\/v2\/types\/product"}],"replies":[{"embeddable":true,"href":"https:\/\/www.topchinapack.com\/de\/wp-json\/wp\/v2\/comments?post=1899"}],"wp:featuredmedia":[{"embeddable":true,"href":"https:\/\/www.topchinapack.com\/de\/wp-json\/wp\/v2\/media\/1956"}],"wp:attachment":[{"href":"https:\/\/www.topchinapack.com\/de\/wp-json\/wp\/v2\/media?parent=1899"}],"wp:term":[{"taxonomy":"product_brand","embeddable":true,"href":"https:\/\/www.topchinapack.com\/de\/wp-json\/wp\/v2\/product_brand?post=1899"},{"taxonomy":"product_cat","embeddable":true,"href":"https:\/\/www.topchinapack.com\/de\/wp-json\/wp\/v2\/product_cat?post=1899"},{"taxonomy":"product_tag","embeddable":true,"href":"https:\/\/www.topchinapack.com\/de\/wp-json\/wp\/v2\/product_tag?post=1899"}],"curies":[{"name":"wp","href":"https:\/\/api.w.org\/{rel}","templated":true}]}}