{"id":2184,"date":"2025-09-09T02:29:40","date_gmt":"2025-09-09T02:29:40","guid":{"rendered":"https:\/\/www.topchinapack.com\/?post_type=product&#038;p=2184"},"modified":"2025-11-17T07:08:43","modified_gmt":"2025-11-17T07:08:43","slug":"factory-batch-custom-shrink-sleeve-label","status":"publish","type":"product","link":"https:\/\/www.topchinapack.com\/de\/produkt\/factory-batch-custom-shrink-sleeve-label\/","title":{"rendered":"Kundenspezifische Schrumpfschlauchetiketten - Professioneller Druck von Schrumpfschlauchetiketten in China"},"content":{"rendered":"<div class=\"wp-block-columns is-layout-flex wp-container-core-columns-is-layout-9d6595d7 wp-block-columns-is-layout-flex\">\n<div class=\"wp-block-column is-layout-flow wp-block-column-is-layout-flow\">\n<figure class=\"wp-block-image size-full\"><img decoding=\"async\" width=\"800\" height=\"800\" src=\"https:\/\/www.topchinapack.com\/wp-content\/uploads\/2025\/09\/custom-shrink-sleeve-label-8.webp\" alt=\"Individuelles Schrumpfschlauch-Etikett (8)\" class=\"wp-image-2251\" srcset=\"https:\/\/www.topchinapack.com\/wp-content\/uploads\/2025\/09\/custom-shrink-sleeve-label-8.webp 800w, https:\/\/www.topchinapack.com\/wp-content\/uploads\/2025\/09\/custom-shrink-sleeve-label-8-300x300.webp 300w, https:\/\/www.topchinapack.com\/wp-content\/uploads\/2025\/09\/custom-shrink-sleeve-label-8-150x150.webp 150w, https:\/\/www.topchinapack.com\/wp-content\/uploads\/2025\/09\/custom-shrink-sleeve-label-8-768x768.webp 768w, https:\/\/www.topchinapack.com\/wp-content\/uploads\/2025\/09\/custom-shrink-sleeve-label-8-12x12.webp 12w, https:\/\/www.topchinapack.com\/wp-content\/uploads\/2025\/09\/custom-shrink-sleeve-label-8-600x600.webp 600w, https:\/\/www.topchinapack.com\/wp-content\/uploads\/2025\/09\/custom-shrink-sleeve-label-8-100x100.webp 100w\" sizes=\"(max-width: 800px) 100vw, 800px\" \/><\/figure>\n<\/div>\n\n\n\n<div class=\"wp-block-column is-layout-flow wp-block-column-is-layout-flow\">\n<figure class=\"wp-block-image size-full\"><img decoding=\"async\" width=\"800\" height=\"800\" src=\"https:\/\/www.topchinapack.com\/wp-content\/uploads\/2025\/09\/custom-shrink-sleeve-label-9.webp\" alt=\"Individuelle Schrumpfschlauch-Etiketten (9)\" class=\"wp-image-2252\" srcset=\"https:\/\/www.topchinapack.com\/wp-content\/uploads\/2025\/09\/custom-shrink-sleeve-label-9.webp 800w, https:\/\/www.topchinapack.com\/wp-content\/uploads\/2025\/09\/custom-shrink-sleeve-label-9-300x300.webp 300w, https:\/\/www.topchinapack.com\/wp-content\/uploads\/2025\/09\/custom-shrink-sleeve-label-9-150x150.webp 150w, https:\/\/www.topchinapack.com\/wp-content\/uploads\/2025\/09\/custom-shrink-sleeve-label-9-768x768.webp 768w, https:\/\/www.topchinapack.com\/wp-content\/uploads\/2025\/09\/custom-shrink-sleeve-label-9-12x12.webp 12w, https:\/\/www.topchinapack.com\/wp-content\/uploads\/2025\/09\/custom-shrink-sleeve-label-9-600x600.webp 600w, https:\/\/www.topchinapack.com\/wp-content\/uploads\/2025\/09\/custom-shrink-sleeve-label-9-100x100.webp 100w\" sizes=\"(max-width: 800px) 100vw, 800px\" \/><\/figure>\n<\/div>\n<\/div>\n\n\n\n<div class=\"wp-block-columns is-layout-flex wp-container-core-columns-is-layout-9d6595d7 wp-block-columns-is-layout-flex\">\n<div class=\"wp-block-column is-layout-flow wp-block-column-is-layout-flow\"><\/div>\n\n\n\n<div class=\"wp-block-column is-layout-flow wp-block-column-is-layout-flow\"><\/div>\n<\/div>","protected":false},"excerpt":{"rendered":"<p>GQ PACK verwendet einen Zehnfarbendruck mit leuchtenden Farben, hoher Aufl\u00f6sung, schneller Lieferung und der F\u00e4higkeit, flexibel auf unterschiedliche Chargen und Designanforderungen zu reagieren. Bitte kontaktieren Sie uns f\u00fcr kundenspezifische Dienstleistungen.<\/p>\n<h2>Merkmale von kundenspezifischen Schrumpfschlauchetiketten<\/h2>\n<p><strong>Ma\u00dfgeschneiderte Dienstleistungen:<\/strong> Materialien, Gr\u00f6\u00dfen, Druck, Muster und andere Optionen<br \/><strong>Druckverfahren:<\/strong> Tiefdruck, bis zu 10 Farben, unterst\u00fctzt kundenspezifischen Druck<br \/><strong>Merkmale: <\/strong>Vollfarbdruck, perfekte Anpassung an den Flaschenk\u00f6rper, wasserdicht, feuchtigkeitsbest\u00e4ndig, \u00f6lbest\u00e4ndig, verschlei\u00dffest<\/p>\n<ul>\n<li><strong>Reduzieren Sie den Anpassungsdruck:<\/strong> Sie k\u00f6nnen den Geschmack \u00e4ndern, ohne die Flaschenform zu ver\u00e4ndern, was die Kosten f\u00fcr die Anpassung reduziert.<\/li>\n<li><strong>Sicherheitssiegel:<\/strong> Nachdem das Etikett geschrumpft ist, legt es sich eng um die Flaschenm\u00fcndung und den Flaschenk\u00f6rper und kann als \"Sicherheitssiegel\" f\u00fcr Verpackungen verwendet werden.<\/li>\n<li><strong>Einzigartige Anpassungsf\u00e4higkeit der Flaschenform:<\/strong> Sie passt sich perfekt an verschiedene komplexe Formen von Flaschenk\u00f6rpern an, egal ob es sich um Kurven, Rillen, Taillen oder unregelm\u00e4\u00dfige Flaschen handelt, die Schrumpffolie kann sie perfekt umh\u00fcllen.<\/li>\n<li><strong>Wasserdicht, feuchtigkeitsbest\u00e4ndig und \u00f6lbest\u00e4ndig:<\/strong> Mit seinen ausgezeichneten wasser-, feuchtigkeits- und \u00f6lbest\u00e4ndigen Eigenschaften eignet es sich hervorragend f\u00fcr gek\u00fchlte Getr\u00e4nke, Speise\u00f6le, Shampoos, Mineralwasser und andere Produkte.<\/li>\n<li><strong>Kompatibel mit verschiedenen Flaschenmaterialien:<\/strong> geeignet f\u00fcr Beh\u00e4lter aus verschiedenen Materialien wie Glas, PET-Kunststoff, Metalldosen, Papierschachteln usw.<\/li>\n<\/ul>\n<p>Lieferfrist: 10-20 Tage<br \/>Unterst\u00fctzung f\u00fcr kostenlose Proben<br \/>Zertifizierung: ISO, FDA, BPA-frei, LFGB, EU-Normen<\/p>\n<p><strong>360 \u00b0 Marke Display:<\/strong> Bietet Schrumpffolien-Etiketten f\u00fcr den vollst\u00e4ndigen Verpackungsdruck, die den Platz auf der Verpackung optimal nutzen, um Ihr Markenimage zu pr\u00e4sentieren.<br \/><strong>Langlebigkeit und Schutz:<\/strong> Das hochfeste Schrumpffolienmaterial umschlie\u00dft den Flaschenk\u00f6rper fest, verhindert Kratzer beim Transport und gew\u00e4hrleistet einen sicheren Transport.<br \/><strong>Kosteneffizienz:<\/strong> Wir unterst\u00fctzen die Anpassung von Kleinserien. Wir bieten wettbewerbsf\u00e4hige Preise f\u00fcr Gro\u00dfauftr\u00e4ge, damit Sie Ihr Budget so weit wie m\u00f6glich schonen k\u00f6nnen.<\/p>","protected":false},"featured_media":2244,"comment_status":"closed","ping_status":"closed","template":"","meta":{"_acf_changed":false},"product_brand":[],"product_cat":[25,33],"product_tag":[],"class_list":{"0":"post-2184","1":"product","2":"type-product","3":"status-publish","4":"has-post-thumbnail","6":"product_cat-custom-shrink-sleeve-label","7":"product_cat-custom-beverage-shrink-sleeve-labels","9":"first","10":"instock","11":"shipping-taxable","12":"product-type-simple"},"acf":[],"_links":{"self":[{"href":"https:\/\/www.topchinapack.com\/de\/wp-json\/wp\/v2\/product\/2184","targetHints":{"allow":["GET"]}}],"collection":[{"href":"https:\/\/www.topchinapack.com\/de\/wp-json\/wp\/v2\/product"}],"about":[{"href":"https:\/\/www.topchinapack.com\/de\/wp-json\/wp\/v2\/types\/product"}],"replies":[{"embeddable":true,"href":"https:\/\/www.topchinapack.com\/de\/wp-json\/wp\/v2\/comments?post=2184"}],"wp:featuredmedia":[{"embeddable":true,"href":"https:\/\/www.topchinapack.com\/de\/wp-json\/wp\/v2\/media\/2244"}],"wp:attachment":[{"href":"https:\/\/www.topchinapack.com\/de\/wp-json\/wp\/v2\/media?parent=2184"}],"wp:term":[{"taxonomy":"product_brand","embeddable":true,"href":"https:\/\/www.topchinapack.com\/de\/wp-json\/wp\/v2\/product_brand?post=2184"},{"taxonomy":"product_cat","embeddable":true,"href":"https:\/\/www.topchinapack.com\/de\/wp-json\/wp\/v2\/product_cat?post=2184"},{"taxonomy":"product_tag","embeddable":true,"href":"https:\/\/www.topchinapack.com\/de\/wp-json\/wp\/v2\/product_tag?post=2184"}],"curies":[{"name":"wp","href":"https:\/\/api.w.org\/{rel}","templated":true}]}}