{"id":2192,"date":"2025-09-09T03:33:08","date_gmt":"2025-09-09T03:33:08","guid":{"rendered":"https:\/\/www.topchinapack.com\/?post_type=product&#038;p=2192"},"modified":"2025-11-17T07:08:14","modified_gmt":"2025-11-17T07:08:14","slug":"custom-shrink-wrap-labels-for-bottles","status":"publish","type":"product","link":"https:\/\/www.topchinapack.com\/de\/produkt\/custom-shrink-wrap-labels-for-bottles\/","title":{"rendered":"Kundenspezifische Schrumpffolienetiketten f\u00fcr Flaschen, Fabrikangebot, Zehn-Farben-Druck - China Supplier"},"content":{"rendered":"<div class=\"wp-block-columns is-layout-flex wp-container-core-columns-is-layout-9d6595d7 wp-block-columns-is-layout-flex\">\n<div class=\"wp-block-column is-layout-flow wp-block-column-is-layout-flow\">\n<figure class=\"wp-block-image size-full\"><img decoding=\"async\" width=\"800\" height=\"800\" src=\"https:\/\/www.topchinapack.com\/wp-content\/uploads\/2025\/09\/custom-shrink-wrap-labels-for-bottles-6.webp\" alt=\"Individuelle Schrumpffolienetiketten f\u00fcr Flaschen (6)\" class=\"wp-image-2271\" srcset=\"https:\/\/www.topchinapack.com\/wp-content\/uploads\/2025\/09\/custom-shrink-wrap-labels-for-bottles-6.webp 800w, https:\/\/www.topchinapack.com\/wp-content\/uploads\/2025\/09\/custom-shrink-wrap-labels-for-bottles-6-300x300.webp 300w, https:\/\/www.topchinapack.com\/wp-content\/uploads\/2025\/09\/custom-shrink-wrap-labels-for-bottles-6-150x150.webp 150w, https:\/\/www.topchinapack.com\/wp-content\/uploads\/2025\/09\/custom-shrink-wrap-labels-for-bottles-6-768x768.webp 768w, https:\/\/www.topchinapack.com\/wp-content\/uploads\/2025\/09\/custom-shrink-wrap-labels-for-bottles-6-12x12.webp 12w, https:\/\/www.topchinapack.com\/wp-content\/uploads\/2025\/09\/custom-shrink-wrap-labels-for-bottles-6-600x600.webp 600w, https:\/\/www.topchinapack.com\/wp-content\/uploads\/2025\/09\/custom-shrink-wrap-labels-for-bottles-6-100x100.webp 100w\" sizes=\"(max-width: 800px) 100vw, 800px\" \/><\/figure>\n<\/div>\n\n\n\n<div class=\"wp-block-column is-layout-flow wp-block-column-is-layout-flow\">\n<figure class=\"wp-block-image size-full\"><img decoding=\"async\" width=\"800\" height=\"800\" src=\"https:\/\/www.topchinapack.com\/wp-content\/uploads\/2025\/09\/custom-shrink-wrap-labels-for-bottles-7.webp\" alt=\"Individuelle Schrumpffolienetiketten f\u00fcr Flaschen (7)\" class=\"wp-image-2272\" srcset=\"https:\/\/www.topchinapack.com\/wp-content\/uploads\/2025\/09\/custom-shrink-wrap-labels-for-bottles-7.webp 800w, https:\/\/www.topchinapack.com\/wp-content\/uploads\/2025\/09\/custom-shrink-wrap-labels-for-bottles-7-300x300.webp 300w, https:\/\/www.topchinapack.com\/wp-content\/uploads\/2025\/09\/custom-shrink-wrap-labels-for-bottles-7-150x150.webp 150w, https:\/\/www.topchinapack.com\/wp-content\/uploads\/2025\/09\/custom-shrink-wrap-labels-for-bottles-7-768x768.webp 768w, https:\/\/www.topchinapack.com\/wp-content\/uploads\/2025\/09\/custom-shrink-wrap-labels-for-bottles-7-12x12.webp 12w, https:\/\/www.topchinapack.com\/wp-content\/uploads\/2025\/09\/custom-shrink-wrap-labels-for-bottles-7-600x600.webp 600w, https:\/\/www.topchinapack.com\/wp-content\/uploads\/2025\/09\/custom-shrink-wrap-labels-for-bottles-7-100x100.webp 100w\" sizes=\"(max-width: 800px) 100vw, 800px\" \/><\/figure>\n<\/div>\n<\/div>\n\n\n\n<div class=\"wp-block-columns is-layout-flex wp-container-core-columns-is-layout-9d6595d7 wp-block-columns-is-layout-flex\">\n<div class=\"wp-block-column is-layout-flow wp-block-column-is-layout-flow\"><\/div>\n\n\n\n<div class=\"wp-block-column is-layout-flow wp-block-column-is-layout-flow\"><\/div>\n<\/div>","protected":false},"excerpt":{"rendered":"<p>GQ PACK bietet kundenspezifische Schrumpfschlauchetiketten im Zehn-Farben-Tiefdruck an. Unsere leuchtenden Farben und aufw\u00e4ndigen Details bringen Ihr Markenimage perfekt zur Geltung. Unsere Etiketten sind haltbar, f\u00e4lschungssicher und f\u00fcr eine Vielzahl von Flaschen- und Beh\u00e4lterformen geeignet. Als professioneller Hersteller bieten wir wettbewerbsf\u00e4hige Preise und unterst\u00fctzen kleine Bestellmengen.<\/p>\n<h2>Merkmale von kundenspezifischen Schrumpfverpackungsetiketten<\/h2>\n<p><strong>Ma\u00dfgeschneiderter Service:<\/strong>\u00a0Material, Gr\u00f6\u00dfe, Druck, Muster und zus\u00e4tzliche Optionen<br \/><strong>Druckverfahren:<\/strong>\u00a0Tiefdruck, bis zu 10 Farben, unterst\u00fctzt kundenspezifischen Druck<br \/><strong>Merkmale:<\/strong>\u00a0langlebig, wasserdicht<br \/><strong>Lieferfrist:<\/strong>\u00a010-20 Tage<br \/><strong>Unterst\u00fctzung f\u00fcr kostenlose Proben<\/strong><br \/><strong>Zertifizierung:<\/strong>\u00a0ISO, FDA, BPA-frei, LFGB, EU-Norm<\/p>\n<ul>\n<li>\n<p><strong>360\u00b0 fl\u00e4chendeckendes Branding:<\/strong> Schrumpfsleeve-Etiketten k\u00f6nnen Flaschen oder Beh\u00e4lter vollst\u00e4ndig umh\u00fcllen und bieten im Vergleich zu herk\u00f6mmlichen Etiketten einen gr\u00f6\u00dferen Gestaltungsspielraum.<\/p>\n<\/li>\n<li>\n<p><strong>Hochwertiger Druck:<\/strong> GQ PACK verwendet den Zehn-Farben-Tiefdruck, und das Schrumpfetikett kann leuchtende Farben, klare Details und hochwertige Oberfl\u00e4cheneffekte erzielen.<\/p>\n<\/li>\n<li>\n<p><strong>Langlebigkeit und Widerstandsf\u00e4higkeit:<\/strong> Die Schrumpfetiketten von GQ PACK sind wasserdicht, verschlei\u00dffest und f\u00e4lschungssicher. Selbst w\u00e4hrend der K\u00fchlung, des Transports und der Handhabung schwerer Gegenst\u00e4nde bleiben sie intakt und unbesch\u00e4digt.<\/p>\n<\/li>\n<li>\n<p><strong>Manipulationssichere Sicherheit:<\/strong> Der Deckel kann bis zur Flaschenkappe oder zum Deckel reichen, um ein manipulationssicheres Siegel zu bilden, das die Produktsicherheit gew\u00e4hrleistet und sich besonders f\u00fcr Lebensmittel und Getr\u00e4nke eignet.<\/p>\n<\/li>\n<li>\n<p><strong>Leistungsstarke OEM- und ODM-Unterst\u00fctzung:<\/strong> GQ PACK verf\u00fcgt \u00fcber langj\u00e4hrige Erfahrung in OEM- und ODM-Dienstleistungen und ein internes Designteam, das bei Zeichnungsanpassungen behilflich ist und technische Unterst\u00fctzung bietet, um die einwandfreie Anbringung von Schrumpfschlauchetiketten zu gew\u00e4hrleisten.<\/p>\n<\/li>\n<\/ul>","protected":false},"featured_media":2266,"comment_status":"closed","ping_status":"closed","template":"","meta":{"_acf_changed":false},"product_brand":[],"product_cat":[25,57],"product_tag":[],"class_list":{"0":"post-2192","1":"product","2":"type-product","3":"status-publish","4":"has-post-thumbnail","6":"product_cat-custom-shrink-sleeve-label","7":"product_cat-custom-water-bottle-shrink-sleeve-labels","9":"first","10":"instock","11":"shipping-taxable","12":"product-type-simple"},"acf":[],"_links":{"self":[{"href":"https:\/\/www.topchinapack.com\/de\/wp-json\/wp\/v2\/product\/2192","targetHints":{"allow":["GET"]}}],"collection":[{"href":"https:\/\/www.topchinapack.com\/de\/wp-json\/wp\/v2\/product"}],"about":[{"href":"https:\/\/www.topchinapack.com\/de\/wp-json\/wp\/v2\/types\/product"}],"replies":[{"embeddable":true,"href":"https:\/\/www.topchinapack.com\/de\/wp-json\/wp\/v2\/comments?post=2192"}],"wp:featuredmedia":[{"embeddable":true,"href":"https:\/\/www.topchinapack.com\/de\/wp-json\/wp\/v2\/media\/2266"}],"wp:attachment":[{"href":"https:\/\/www.topchinapack.com\/de\/wp-json\/wp\/v2\/media?parent=2192"}],"wp:term":[{"taxonomy":"product_brand","embeddable":true,"href":"https:\/\/www.topchinapack.com\/de\/wp-json\/wp\/v2\/product_brand?post=2192"},{"taxonomy":"product_cat","embeddable":true,"href":"https:\/\/www.topchinapack.com\/de\/wp-json\/wp\/v2\/product_cat?post=2192"},{"taxonomy":"product_tag","embeddable":true,"href":"https:\/\/www.topchinapack.com\/de\/wp-json\/wp\/v2\/product_tag?post=2192"}],"curies":[{"name":"wp","href":"https:\/\/api.w.org\/{rel}","templated":true}]}}