{"id":2200,"date":"2025-09-09T06:43:03","date_gmt":"2025-09-09T06:43:03","guid":{"rendered":"https:\/\/www.topchinapack.com\/?post_type=product&#038;p=2200"},"modified":"2025-11-17T07:05:45","modified_gmt":"2025-11-17T07:05:45","slug":"custom-shrink-wrap-label-manufacturer","status":"publish","type":"product","link":"https:\/\/www.topchinapack.com\/de\/produkt\/custom-shrink-wrap-label-manufacturer\/","title":{"rendered":"Individuelle Schrumpfetiketten - Hersteller von Schrumpfschlauchetiketten"},"content":{"rendered":"<div class=\"wp-block-columns is-layout-flex wp-container-core-columns-is-layout-9d6595d7 wp-block-columns-is-layout-flex\">\n<div class=\"wp-block-column is-layout-flow wp-block-column-is-layout-flow\">\n<figure class=\"wp-block-image size-full\"><img decoding=\"async\" width=\"800\" height=\"800\" src=\"https:\/\/www.topchinapack.com\/wp-content\/uploads\/2025\/09\/custom-shrink-wrap-labels-6.webp\" alt=\"individuelle Schrumpfverpackungsetiketten (6)\" class=\"wp-image-2288\" srcset=\"https:\/\/www.topchinapack.com\/wp-content\/uploads\/2025\/09\/custom-shrink-wrap-labels-6.webp 800w, https:\/\/www.topchinapack.com\/wp-content\/uploads\/2025\/09\/custom-shrink-wrap-labels-6-300x300.webp 300w, https:\/\/www.topchinapack.com\/wp-content\/uploads\/2025\/09\/custom-shrink-wrap-labels-6-150x150.webp 150w, https:\/\/www.topchinapack.com\/wp-content\/uploads\/2025\/09\/custom-shrink-wrap-labels-6-768x768.webp 768w, https:\/\/www.topchinapack.com\/wp-content\/uploads\/2025\/09\/custom-shrink-wrap-labels-6-12x12.webp 12w, https:\/\/www.topchinapack.com\/wp-content\/uploads\/2025\/09\/custom-shrink-wrap-labels-6-600x600.webp 600w, https:\/\/www.topchinapack.com\/wp-content\/uploads\/2025\/09\/custom-shrink-wrap-labels-6-100x100.webp 100w\" sizes=\"(max-width: 800px) 100vw, 800px\" \/><\/figure>\n<\/div>\n\n\n\n<div class=\"wp-block-column is-layout-flow wp-block-column-is-layout-flow\">\n<figure class=\"wp-block-image size-full\"><img decoding=\"async\" width=\"800\" height=\"800\" src=\"https:\/\/www.topchinapack.com\/wp-content\/uploads\/2025\/09\/custom-shrink-wrap-labels-7.webp\" alt=\"individuelle Schrumpfverpackungsetiketten (7)\" class=\"wp-image-2289\" srcset=\"https:\/\/www.topchinapack.com\/wp-content\/uploads\/2025\/09\/custom-shrink-wrap-labels-7.webp 800w, https:\/\/www.topchinapack.com\/wp-content\/uploads\/2025\/09\/custom-shrink-wrap-labels-7-300x300.webp 300w, https:\/\/www.topchinapack.com\/wp-content\/uploads\/2025\/09\/custom-shrink-wrap-labels-7-150x150.webp 150w, https:\/\/www.topchinapack.com\/wp-content\/uploads\/2025\/09\/custom-shrink-wrap-labels-7-768x768.webp 768w, https:\/\/www.topchinapack.com\/wp-content\/uploads\/2025\/09\/custom-shrink-wrap-labels-7-12x12.webp 12w, https:\/\/www.topchinapack.com\/wp-content\/uploads\/2025\/09\/custom-shrink-wrap-labels-7-600x600.webp 600w, https:\/\/www.topchinapack.com\/wp-content\/uploads\/2025\/09\/custom-shrink-wrap-labels-7-100x100.webp 100w\" sizes=\"(max-width: 800px) 100vw, 800px\" \/><\/figure>\n<\/div>\n<\/div>\n\n\n\n<div class=\"wp-block-columns is-layout-flex wp-container-core-columns-is-layout-9d6595d7 wp-block-columns-is-layout-flex\">\n<div class=\"wp-block-column is-layout-flow wp-block-column-is-layout-flow\"><\/div>\n\n\n\n<div class=\"wp-block-column is-layout-flow wp-block-column-is-layout-flow\"><\/div>\n<\/div>","protected":false},"excerpt":{"rendered":"<p>Als professioneller Hersteller von Schrumpfetiketten bieten wir ma\u00dfgeschneiderte Schrumpfetiketten f\u00fcr verschiedene Flaschentypen an, die sich ideal f\u00fcr Getr\u00e4nkeverpackungen und lebensmitteltaugliche Anwendungen eignen. Die Gr\u00f6\u00dfe kann flexibel angepasst werden, mit L\u00e4ngen von 30 Metern bis 300 Metern und Breiten von 30 Zentimetern bis 50 Zentimetern, um eine perfekte Passform f\u00fcr Ihre Produktanforderungen zu gew\u00e4hrleisten.<\/p>\n<h2>Merkmale von kundenspezifischen Schrumpfverpackungsetiketten<\/h2>\n<p><strong>Ma\u00dfgeschneiderter Service:<\/strong>\u00a0Material, Gr\u00f6\u00dfe, Druck, Muster und zus\u00e4tzliche Optionen<br \/><strong>Druckverfahren:<\/strong>\u00a0Tiefdruck, bis zu 10 Farben, unterst\u00fctzt kundenspezifischen Druck<br \/><strong>Merkmale:<\/strong> Vollfarbdruck, perfekte Anpassung an die Flasche, wasserdicht, feuchtigkeitsbest\u00e4ndig, fettbest\u00e4ndig und verschlei\u00dffest<br \/><strong>Lieferfrist:<\/strong>\u00a010-20 Tage<br \/><strong>Unterst\u00fctzung f\u00fcr kostenlose Proben<\/strong><br \/><strong>Zertifizierung:<\/strong>\u00a0ISO, FDA, BPA-frei, LFGB, EU-Norm<\/p>\n<ul>\n<li><strong>360-Grad-Abdeckung:<\/strong> Schrumpfverpackungsetiketten bieten reichlich Platz f\u00fcr gro\u00dfe, auff\u00e4llige Bilder, umfassende Produktinformationen und N\u00e4hrwertangaben.<\/li>\n<li><strong>Manipulationssicheres Siegel:<\/strong> Das Aufbringen von Schrumpfetiketten auf die Kappe oder den Deckel eines Beh\u00e4lters bietet einen einfachen, aber effektiven Verschluss zur Sicherung der Originalit\u00e4t.<\/li>\n<li><strong>Hochwertige Grafiken:<\/strong> Wir verwenden einen Zehn-Farben-Tiefdruck f\u00fcr Ihre Schrumpffolienetiketten, der leuchtende Farben und komplizierte Details hervorhebt.<\/li>\n<li><strong>Globale Exporterfahrung:<\/strong> Als professioneller Hersteller flexibler Verpackungen verf\u00fcgen wir \u00fcber umfassende Erfahrung in der Exportlogistik, Zollabfertigung und Dokumentation und gew\u00e4hrleisten eine reibungslose und effiziente internationale Zusammenarbeit.<\/li>\n<\/ul>","protected":false},"featured_media":2290,"comment_status":"closed","ping_status":"closed","template":"","meta":{"_acf_changed":false},"product_brand":[],"product_cat":[25,33],"product_tag":[],"class_list":{"0":"post-2200","1":"product","2":"type-product","3":"status-publish","4":"has-post-thumbnail","6":"product_cat-custom-shrink-sleeve-label","7":"product_cat-custom-beverage-shrink-sleeve-labels","9":"first","10":"instock","11":"shipping-taxable","12":"product-type-simple"},"acf":[],"_links":{"self":[{"href":"https:\/\/www.topchinapack.com\/de\/wp-json\/wp\/v2\/product\/2200","targetHints":{"allow":["GET"]}}],"collection":[{"href":"https:\/\/www.topchinapack.com\/de\/wp-json\/wp\/v2\/product"}],"about":[{"href":"https:\/\/www.topchinapack.com\/de\/wp-json\/wp\/v2\/types\/product"}],"replies":[{"embeddable":true,"href":"https:\/\/www.topchinapack.com\/de\/wp-json\/wp\/v2\/comments?post=2200"}],"wp:featuredmedia":[{"embeddable":true,"href":"https:\/\/www.topchinapack.com\/de\/wp-json\/wp\/v2\/media\/2290"}],"wp:attachment":[{"href":"https:\/\/www.topchinapack.com\/de\/wp-json\/wp\/v2\/media?parent=2200"}],"wp:term":[{"taxonomy":"product_brand","embeddable":true,"href":"https:\/\/www.topchinapack.com\/de\/wp-json\/wp\/v2\/product_brand?post=2200"},{"taxonomy":"product_cat","embeddable":true,"href":"https:\/\/www.topchinapack.com\/de\/wp-json\/wp\/v2\/product_cat?post=2200"},{"taxonomy":"product_tag","embeddable":true,"href":"https:\/\/www.topchinapack.com\/de\/wp-json\/wp\/v2\/product_tag?post=2200"}],"curies":[{"name":"wp","href":"https:\/\/api.w.org\/{rel}","templated":true}]}}