{"id":2204,"date":"2025-09-09T07:13:15","date_gmt":"2025-09-09T07:13:15","guid":{"rendered":"https:\/\/www.topchinapack.com\/?post_type=product&#038;p=2204"},"modified":"2025-11-17T07:05:19","modified_gmt":"2025-11-17T07:05:19","slug":"custom-shrink-wrap-bottle-labels-with-flexible-sizes","status":"publish","type":"product","link":"https:\/\/www.topchinapack.com\/de\/produkt\/custom-shrink-wrap-bottle-labels-with-flexible-sizes\/","title":{"rendered":"Individuelle Schrumpffolien-Flaschenetiketten - flexible Gr\u00f6\u00dfen und Lieferung in gro\u00dfen Mengen"},"content":{"rendered":"<div class=\"wp-block-columns is-layout-flex wp-container-core-columns-is-layout-9d6595d7 wp-block-columns-is-layout-flex\">\n<div class=\"wp-block-column is-layout-flow wp-block-column-is-layout-flow\">\n<figure class=\"wp-block-image size-full\"><img decoding=\"async\" width=\"800\" height=\"800\" src=\"https:\/\/www.topchinapack.com\/wp-content\/uploads\/2025\/09\/custom-shrink-wrap-bottle-labels-6-1.webp\" alt=\"Individuelle Schrumpfschlauch-Flaschenetiketten (6)\" class=\"wp-image-2305\" srcset=\"https:\/\/www.topchinapack.com\/wp-content\/uploads\/2025\/09\/custom-shrink-wrap-bottle-labels-6-1.webp 800w, https:\/\/www.topchinapack.com\/wp-content\/uploads\/2025\/09\/custom-shrink-wrap-bottle-labels-6-1-300x300.webp 300w, https:\/\/www.topchinapack.com\/wp-content\/uploads\/2025\/09\/custom-shrink-wrap-bottle-labels-6-1-150x150.webp 150w, https:\/\/www.topchinapack.com\/wp-content\/uploads\/2025\/09\/custom-shrink-wrap-bottle-labels-6-1-768x768.webp 768w, https:\/\/www.topchinapack.com\/wp-content\/uploads\/2025\/09\/custom-shrink-wrap-bottle-labels-6-1-12x12.webp 12w, https:\/\/www.topchinapack.com\/wp-content\/uploads\/2025\/09\/custom-shrink-wrap-bottle-labels-6-1-600x600.webp 600w, https:\/\/www.topchinapack.com\/wp-content\/uploads\/2025\/09\/custom-shrink-wrap-bottle-labels-6-1-100x100.webp 100w\" sizes=\"(max-width: 800px) 100vw, 800px\" \/><\/figure>\n<\/div>\n\n\n\n<div class=\"wp-block-column is-layout-flow wp-block-column-is-layout-flow\">\n<figure class=\"wp-block-image size-full\"><img decoding=\"async\" width=\"800\" height=\"800\" src=\"https:\/\/www.topchinapack.com\/wp-content\/uploads\/2025\/09\/custom-shrink-wrap-bottle-labels-7.webp\" alt=\"Schrumpfverpackungsetiketten f\u00fcr Flaschen (7)\" class=\"wp-image-2306\" srcset=\"https:\/\/www.topchinapack.com\/wp-content\/uploads\/2025\/09\/custom-shrink-wrap-bottle-labels-7.webp 800w, https:\/\/www.topchinapack.com\/wp-content\/uploads\/2025\/09\/custom-shrink-wrap-bottle-labels-7-300x300.webp 300w, https:\/\/www.topchinapack.com\/wp-content\/uploads\/2025\/09\/custom-shrink-wrap-bottle-labels-7-150x150.webp 150w, https:\/\/www.topchinapack.com\/wp-content\/uploads\/2025\/09\/custom-shrink-wrap-bottle-labels-7-768x768.webp 768w, https:\/\/www.topchinapack.com\/wp-content\/uploads\/2025\/09\/custom-shrink-wrap-bottle-labels-7-12x12.webp 12w, https:\/\/www.topchinapack.com\/wp-content\/uploads\/2025\/09\/custom-shrink-wrap-bottle-labels-7-600x600.webp 600w, https:\/\/www.topchinapack.com\/wp-content\/uploads\/2025\/09\/custom-shrink-wrap-bottle-labels-7-100x100.webp 100w\" sizes=\"(max-width: 800px) 100vw, 800px\" \/><\/figure>\n<\/div>\n<\/div>\n\n\n\n<div class=\"wp-block-columns is-layout-flex wp-container-core-columns-is-layout-9d6595d7 wp-block-columns-is-layout-flex\">\n<div class=\"wp-block-column is-layout-flow wp-block-column-is-layout-flow\" style=\"flex-basis:66.66%\">\n<figure class=\"wp-block-embed is-type-video is-provider-youtube wp-block-embed-youtube wp-embed-aspect-16-9 wp-has-aspect-ratio\"><div class=\"wp-block-embed__wrapper\">\n<iframe title=\"PVC-Schrumpfetikett\" width=\"500\" height=\"281\" src=\"https:\/\/www.youtube.com\/embed\/I66saQstTg8?feature=oembed\" frameborder=\"0\" allow=\"accelerometer; autoplay; clipboard-write; encrypted-media; gyroscope; picture-in-picture; web-share\" referrerpolicy=\"strict-origin-when-cross-origin\" allowfullscreen><\/iframe>\n<\/div><\/figure>\n<\/div>\n\n\n\n<div class=\"wp-block-column is-layout-flow wp-block-column-is-layout-flow\" style=\"flex-basis:33.33%\"><\/div>\n<\/div>","protected":false},"excerpt":{"rendered":"<p>Kundenspezifische Schrumpffolienetiketten bieten einen 360-Grad-Druck mit voller Abdeckung, der es Marken erm\u00f6glicht, N\u00e4hrwerttabellen, Etiketten und kreative Grafiken auf der gesamten Flaschenoberfl\u00e4che darzustellen. Als professioneller Hersteller bieten wir fortschrittliche Drucktechnologie und wettbewerbsf\u00e4hige Preise. Wir freuen uns, wenn Getr\u00e4nkefabriken und Markeninhaber aus aller Welt mit uns Kontakt aufnehmen.<\/p>\n<h2>Merkmale von kundenspezifischen Schrumpffolien-Flaschenetiketten<\/h2>\n<p><strong>Ma\u00dfgeschneiderter Service:<\/strong>\u00a0Material, Gr\u00f6\u00dfe, Druck, Muster und zus\u00e4tzliche Optionen<br \/><strong>Druckverfahren:<\/strong>\u00a0Tiefdruck, bis zu 10 Farben, unterst\u00fctzt kundenspezifischen Druck<br \/><strong>Merkmale:<\/strong>\u00a0langlebig, wasserdicht<br \/><strong>Lieferfrist:<\/strong>\u00a010-20 Tage<br \/><strong>Unterst\u00fctzung f\u00fcr kostenlose Proben<\/strong><br \/><strong>Zertifizierung:<\/strong>\u00a0ISO, FDA, BPA-frei, LFGB, EU-Norm<\/p>\n<ul>\n<li>\n<p><strong>360\u00b0 vollfl\u00e4chiger Druck:<\/strong> Das Schrumpffolienetikett bedeckt die gesamte Oberfl\u00e4che der Flasche und bietet mehr Platz f\u00fcr Markenelemente, N\u00e4hrwerttabellen und kreative Grafiken.<\/p>\n<\/li>\n<li>\n<p><strong>Feuchtigkeitsresistent und verschlei\u00dffest:<\/strong> Schrumpfverpackungsetiketten k\u00f6nnen Kondensation, K\u00fchlung und Handhabung w\u00e4hrend des Transports wirksam widerstehen und sind daher die ideale Wahl f\u00fcr gek\u00fchlte Getr\u00e4nke und fl\u00fcssige Produkte.<\/p>\n<\/li>\n<li>\n<p><strong>Leichte Verpackung:<\/strong> Im Vergleich zu anderen Verpackungsmaterialien sind Schrumpffolien-Flaschenetiketten d\u00fcnner und leichter, was den Materialverbrauch und das Versandgewicht reduziert und somit zu einer Senkung der Transportkosten beitr\u00e4gt.<\/p>\n<\/li>\n<li>\n<p><strong>Weit verbreitet:<\/strong> Schrumpffolienetiketten sind nicht auf Flaschenprodukte beschr\u00e4nkt. Sie k\u00f6nnen auf Dosen, Gl\u00e4sern und Kunststoffbeh\u00e4ltern angebracht werden und sind multifunktionale L\u00f6sungen f\u00fcr verschiedene Branchen wie Lebensmittel und Getr\u00e4nke, Kosmetik und Haushaltswaren.<\/p>\n<\/li>\n<\/ul>","protected":false},"featured_media":2300,"comment_status":"closed","ping_status":"closed","template":"","meta":{"_acf_changed":false},"product_brand":[],"product_cat":[25,33],"product_tag":[],"class_list":{"0":"post-2204","1":"product","2":"type-product","3":"status-publish","4":"has-post-thumbnail","6":"product_cat-custom-shrink-sleeve-label","7":"product_cat-custom-beverage-shrink-sleeve-labels","9":"first","10":"instock","11":"shipping-taxable","12":"product-type-simple"},"acf":[],"_links":{"self":[{"href":"https:\/\/www.topchinapack.com\/de\/wp-json\/wp\/v2\/product\/2204","targetHints":{"allow":["GET"]}}],"collection":[{"href":"https:\/\/www.topchinapack.com\/de\/wp-json\/wp\/v2\/product"}],"about":[{"href":"https:\/\/www.topchinapack.com\/de\/wp-json\/wp\/v2\/types\/product"}],"replies":[{"embeddable":true,"href":"https:\/\/www.topchinapack.com\/de\/wp-json\/wp\/v2\/comments?post=2204"}],"wp:featuredmedia":[{"embeddable":true,"href":"https:\/\/www.topchinapack.com\/de\/wp-json\/wp\/v2\/media\/2300"}],"wp:attachment":[{"href":"https:\/\/www.topchinapack.com\/de\/wp-json\/wp\/v2\/media?parent=2204"}],"wp:term":[{"taxonomy":"product_brand","embeddable":true,"href":"https:\/\/www.topchinapack.com\/de\/wp-json\/wp\/v2\/product_brand?post=2204"},{"taxonomy":"product_cat","embeddable":true,"href":"https:\/\/www.topchinapack.com\/de\/wp-json\/wp\/v2\/product_cat?post=2204"},{"taxonomy":"product_tag","embeddable":true,"href":"https:\/\/www.topchinapack.com\/de\/wp-json\/wp\/v2\/product_tag?post=2204"}],"curies":[{"name":"wp","href":"https:\/\/api.w.org\/{rel}","templated":true}]}}