{"id":2390,"date":"2025-09-26T10:18:34","date_gmt":"2025-09-26T10:18:34","guid":{"rendered":"https:\/\/www.topchinapack.com\/?post_type=product&#038;p=2390"},"modified":"2025-11-17T07:12:39","modified_gmt":"2025-11-17T07:12:39","slug":"custom-food-stand-up-pouch","status":"publish","type":"product","link":"https:\/\/www.topchinapack.com\/de\/produkt\/custom-food-stand-up-pouch\/","title":{"rendered":"Individuell gestalteter Standbeutel f\u00fcr Lebensmittel - sicher, wiederverschlie\u00dfbar, feuchtigkeitsbest\u00e4ndig"},"content":{"rendered":"<div class=\"wp-block-columns is-layout-flex wp-container-core-columns-is-layout-9d6595d7 wp-block-columns-is-layout-flex\">\n<div class=\"wp-block-column is-layout-flow wp-block-column-is-layout-flow\"><\/div>\n\n\n\n<div class=\"wp-block-column is-layout-flow wp-block-column-is-layout-flow\"><\/div>\n<\/div>\n\n\n\n<div class=\"wp-block-columns is-layout-flex wp-container-core-columns-is-layout-9d6595d7 wp-block-columns-is-layout-flex\">\n<div class=\"wp-block-column is-layout-flow wp-block-column-is-layout-flow\">\n<figure class=\"wp-block-image size-full\"><img decoding=\"async\" width=\"800\" height=\"800\" src=\"https:\/\/www.topchinapack.com\/wp-content\/uploads\/2025\/09\/custom-food-stand-up-pouch-5.webp\" alt=\"Individueller Standbeutel f\u00fcr Lebensmittel (5)\" class=\"wp-image-2471\" srcset=\"https:\/\/www.topchinapack.com\/wp-content\/uploads\/2025\/09\/custom-food-stand-up-pouch-5.webp 800w, https:\/\/www.topchinapack.com\/wp-content\/uploads\/2025\/09\/custom-food-stand-up-pouch-5-300x300.webp 300w, https:\/\/www.topchinapack.com\/wp-content\/uploads\/2025\/09\/custom-food-stand-up-pouch-5-150x150.webp 150w, https:\/\/www.topchinapack.com\/wp-content\/uploads\/2025\/09\/custom-food-stand-up-pouch-5-768x768.webp 768w, https:\/\/www.topchinapack.com\/wp-content\/uploads\/2025\/09\/custom-food-stand-up-pouch-5-12x12.webp 12w, https:\/\/www.topchinapack.com\/wp-content\/uploads\/2025\/09\/custom-food-stand-up-pouch-5-600x600.webp 600w, https:\/\/www.topchinapack.com\/wp-content\/uploads\/2025\/09\/custom-food-stand-up-pouch-5-100x100.webp 100w\" sizes=\"(max-width: 800px) 100vw, 800px\" \/><\/figure>\n<\/div>\n\n\n\n<div class=\"wp-block-column is-layout-flow wp-block-column-is-layout-flow\">\n<figure class=\"wp-block-image size-full\"><img decoding=\"async\" width=\"800\" height=\"800\" src=\"https:\/\/www.topchinapack.com\/wp-content\/uploads\/2025\/09\/custom-food-stand-up-pouch-6.webp\" alt=\"Individueller Standbeutel f\u00fcr Lebensmittel (6)\" class=\"wp-image-2472\" srcset=\"https:\/\/www.topchinapack.com\/wp-content\/uploads\/2025\/09\/custom-food-stand-up-pouch-6.webp 800w, https:\/\/www.topchinapack.com\/wp-content\/uploads\/2025\/09\/custom-food-stand-up-pouch-6-300x300.webp 300w, https:\/\/www.topchinapack.com\/wp-content\/uploads\/2025\/09\/custom-food-stand-up-pouch-6-150x150.webp 150w, https:\/\/www.topchinapack.com\/wp-content\/uploads\/2025\/09\/custom-food-stand-up-pouch-6-768x768.webp 768w, https:\/\/www.topchinapack.com\/wp-content\/uploads\/2025\/09\/custom-food-stand-up-pouch-6-12x12.webp 12w, https:\/\/www.topchinapack.com\/wp-content\/uploads\/2025\/09\/custom-food-stand-up-pouch-6-600x600.webp 600w, https:\/\/www.topchinapack.com\/wp-content\/uploads\/2025\/09\/custom-food-stand-up-pouch-6-100x100.webp 100w\" sizes=\"(max-width: 800px) 100vw, 800px\" \/><\/figure>\n<\/div>\n<\/div>","protected":false},"excerpt":{"rendered":"<p>Wir bieten ma\u00dfgeschneiderte Standbodenbeutel-L\u00f6sungen in Lebensmittelqualit\u00e4t mit wiederverschlie\u00dfbaren Rei\u00dfverschl\u00fcssen, Aufrei\u00dfschlitzen und Ventilen, die Ihre Produkte frisch, sicher und optisch ansprechend f\u00fcr den Einzel- oder Gro\u00dfhandel halten.<\/p>\n<h2>Merkmale von Custom Food Stand-up Pouch<\/h2>\n<p><strong>Ma\u00dfgeschneiderter Service:<\/strong>\u00a0Material, Gr\u00f6\u00dfe, Druck, Muster und zus\u00e4tzliche Optionen<br \/><strong>Druckverfahren:<\/strong>\u00a0Tiefdruck, bis zu 10 Farben, unterst\u00fctzt kundenspezifischen Druck<br \/><strong>Merkmale:<\/strong>\u00a0langlebig, wasserdicht<br \/><strong>Lieferfrist:<\/strong>\u00a010-20 Tage<br \/><strong>Unterst\u00fctzung f\u00fcr kostenlose Proben<\/strong><br \/><strong>Zertifizierung:<\/strong>\u00a0ISO, FDA, BPA-frei, LFGB, EU-Norm<\/p>\n<p><strong>Praktische Struktur<\/strong>: Der Standbeutel f\u00fcr Lebensmittel ist mit einer eingebauten St\u00fctzstruktur am Boden ausgestattet und kann unabh\u00e4ngig stehen, um leicht zug\u00e4nglich zu sein und ausgestellt zu werden.<\/p>\n<p><strong>Starke Frischeerhaltung<\/strong>: Das Design mit Rei\u00dfverschluss isoliert effektiv Luft, Feuchtigkeit und Ger\u00fcche, verl\u00e4ngert die Haltbarkeit von Lebensmitteln (z. B. N\u00fcsse, Snacks, getrocknete Lebensmittel usw.) und reduziert Oxidation und Verfall.<\/p>\n<p><strong>Hohe Bequemlichkeit<\/strong>: Die selbststehende Form erleichtert die Aufbewahrung (z. B. auf dem Schreibtisch, in Schr\u00e4nken) ohne zus\u00e4tzliche Beh\u00e4lter; die wiederverschlie\u00dfbare Funktion ist f\u00fcr den Verbrauch geeignet und verhindert eine Verunreinigung nach dem \u00d6ffnen.<\/p>\n<p><strong>Breite Anpassungsf\u00e4higkeit<\/strong>: Meist aus lebensmittelechten Verbundfolien (wie PE, PET usw.) hergestellt, ist sie temperatur- und \u00f6lbest\u00e4ndig und kann f\u00fcr Lebensmittel in verschiedenen Formen wie Feststoffe und Granulate verwendet werden. Au\u00dferdem ist sie gut bedruckbar, was f\u00fcr die Darstellung von Markeninformationen von Vorteil ist.<\/p>\n<p><strong>Ausgezeichnete Sicherheit<\/strong>: Es entspricht den Normen f\u00fcr Materialien, die mit Lebensmitteln in Ber\u00fchrung kommen, setzt keine sch\u00e4dlichen Stoffe frei und gew\u00e4hrleistet Lebensmittelhygiene. Au\u00dferdem entsprechen einige der verwendeten recycelbaren Materialien dem Trend zum Umweltschutz.<\/p>","protected":false},"featured_media":2467,"comment_status":"closed","ping_status":"closed","template":"","meta":{"_acf_changed":true},"product_brand":[],"product_cat":[20,52],"product_tag":[],"class_list":{"0":"post-2390","1":"product","2":"type-product","3":"status-publish","4":"has-post-thumbnail","6":"product_cat-custom-stand-up-pouch","7":"product_cat-custom-cereal-stand-up-pouches","9":"first","10":"instock","11":"shipping-taxable","12":"product-type-simple"},"acf":[],"_links":{"self":[{"href":"https:\/\/www.topchinapack.com\/de\/wp-json\/wp\/v2\/product\/2390","targetHints":{"allow":["GET"]}}],"collection":[{"href":"https:\/\/www.topchinapack.com\/de\/wp-json\/wp\/v2\/product"}],"about":[{"href":"https:\/\/www.topchinapack.com\/de\/wp-json\/wp\/v2\/types\/product"}],"replies":[{"embeddable":true,"href":"https:\/\/www.topchinapack.com\/de\/wp-json\/wp\/v2\/comments?post=2390"}],"wp:featuredmedia":[{"embeddable":true,"href":"https:\/\/www.topchinapack.com\/de\/wp-json\/wp\/v2\/media\/2467"}],"wp:attachment":[{"href":"https:\/\/www.topchinapack.com\/de\/wp-json\/wp\/v2\/media?parent=2390"}],"wp:term":[{"taxonomy":"product_brand","embeddable":true,"href":"https:\/\/www.topchinapack.com\/de\/wp-json\/wp\/v2\/product_brand?post=2390"},{"taxonomy":"product_cat","embeddable":true,"href":"https:\/\/www.topchinapack.com\/de\/wp-json\/wp\/v2\/product_cat?post=2390"},{"taxonomy":"product_tag","embeddable":true,"href":"https:\/\/www.topchinapack.com\/de\/wp-json\/wp\/v2\/product_tag?post=2390"}],"curies":[{"name":"wp","href":"https:\/\/api.w.org\/{rel}","templated":true}]}}