{"id":2394,"date":"2025-09-26T09:03:32","date_gmt":"2025-09-26T09:03:32","guid":{"rendered":"https:\/\/www.topchinapack.com\/?post_type=product&#038;p=2394"},"modified":"2025-11-17T06:49:09","modified_gmt":"2025-11-17T06:49:09","slug":"custom-food-packaging-bag","status":"publish","type":"product","link":"https:\/\/www.topchinapack.com\/de\/produkt\/custom-food-packaging-bag\/","title":{"rendered":"Benutzerdefinierte Lebensmittelverpackung Tasche Gro\u00dfhandel, Film Roll Verpackung Lieferant"},"content":{"rendered":"<div class=\"wp-block-columns is-layout-flex wp-container-core-columns-is-layout-9d6595d7 wp-block-columns-is-layout-flex\">\n<div class=\"wp-block-column is-layout-flow wp-block-column-is-layout-flow\">\n<figure class=\"wp-block-image size-full\"><img decoding=\"async\" width=\"800\" height=\"800\" src=\"https:\/\/www.topchinapack.com\/wp-content\/uploads\/2025\/09\/custom-food-packaging-bag-5.webp\" alt=\"Verpackungsbeutel f\u00fcr Lebensmittel (5)\" class=\"wp-image-2449\" srcset=\"https:\/\/www.topchinapack.com\/wp-content\/uploads\/2025\/09\/custom-food-packaging-bag-5.webp 800w, https:\/\/www.topchinapack.com\/wp-content\/uploads\/2025\/09\/custom-food-packaging-bag-5-300x300.webp 300w, https:\/\/www.topchinapack.com\/wp-content\/uploads\/2025\/09\/custom-food-packaging-bag-5-150x150.webp 150w, https:\/\/www.topchinapack.com\/wp-content\/uploads\/2025\/09\/custom-food-packaging-bag-5-768x768.webp 768w, https:\/\/www.topchinapack.com\/wp-content\/uploads\/2025\/09\/custom-food-packaging-bag-5-12x12.webp 12w, https:\/\/www.topchinapack.com\/wp-content\/uploads\/2025\/09\/custom-food-packaging-bag-5-600x600.webp 600w, https:\/\/www.topchinapack.com\/wp-content\/uploads\/2025\/09\/custom-food-packaging-bag-5-100x100.webp 100w\" sizes=\"(max-width: 800px) 100vw, 800px\" \/><\/figure>\n<\/div>\n\n\n\n<div class=\"wp-block-column is-layout-flow wp-block-column-is-layout-flow\">\n<figure class=\"wp-block-image size-full\"><img decoding=\"async\" width=\"800\" height=\"800\" src=\"https:\/\/www.topchinapack.com\/wp-content\/uploads\/2025\/09\/custom-food-packaging-bag-6.webp\" alt=\"Verpackungsbeutel f\u00fcr Lebensmittel (6)\" class=\"wp-image-2450\" srcset=\"https:\/\/www.topchinapack.com\/wp-content\/uploads\/2025\/09\/custom-food-packaging-bag-6.webp 800w, https:\/\/www.topchinapack.com\/wp-content\/uploads\/2025\/09\/custom-food-packaging-bag-6-300x300.webp 300w, https:\/\/www.topchinapack.com\/wp-content\/uploads\/2025\/09\/custom-food-packaging-bag-6-150x150.webp 150w, https:\/\/www.topchinapack.com\/wp-content\/uploads\/2025\/09\/custom-food-packaging-bag-6-768x768.webp 768w, https:\/\/www.topchinapack.com\/wp-content\/uploads\/2025\/09\/custom-food-packaging-bag-6-12x12.webp 12w, https:\/\/www.topchinapack.com\/wp-content\/uploads\/2025\/09\/custom-food-packaging-bag-6-600x600.webp 600w, https:\/\/www.topchinapack.com\/wp-content\/uploads\/2025\/09\/custom-food-packaging-bag-6-100x100.webp 100w\" sizes=\"(max-width: 800px) 100vw, 800px\" \/><\/figure>\n<\/div>\n<\/div>","protected":false},"excerpt":{"rendered":"<p>Kundenspezifische Lebensmittelverpackungsbeutel im Gro\u00dfhandel. Als f\u00fchrender Hersteller flexibler Verpackungen in Guangdong, China, k\u00f6nnen wir Lebensmittelverpackungsbeutel mit Eigenschaften wie Hitzebest\u00e4ndigkeit, K\u00e4ltebest\u00e4ndigkeit, \u00d6lbest\u00e4ndigkeit und Durchsto\u00dffestigkeit individuell gestalten. Durch die Kombination verschiedener Materialien gew\u00e4hrleisten wir eine hohe Verpackungsleistung bei gleichzeitiger Reduzierung der Gesamtmaterialkosten. Wenden Sie sich an uns, wenn Sie ein Angebot f\u00fcr eine Massenanfertigung ben\u00f6tigen.<\/p>\n<h2>Merkmale von kundenspezifischen Verpackungsbeuteln f\u00fcr Lebensmittel<\/h2>\n<p><strong>Ma\u00dfgeschneiderter Service:<\/strong>\u00a0Material, Gr\u00f6\u00dfe, Druck, Muster und zus\u00e4tzliche Optionen<br \/><strong>Druckverfahren:<\/strong>\u00a0Tiefdruck, bis zu 10 Farben, unterst\u00fctzt kundenspezifischen Druck<br \/><strong>Merkmale:<\/strong>\u00a0langlebig, wasserdicht<br \/><strong>Lieferfrist:<\/strong>\u00a010-20 Tage<br \/><strong>Unterst\u00fctzung f\u00fcr kostenlose Proben<\/strong><br \/><strong>Zertifizierung:<\/strong>\u00a0ISO, FDA, BPA-frei, LFGB, EU-Norm<\/p>\n<p><strong>Starke Barriereeigenschaften<\/strong>: Es kann Sauerstoff, Feuchtigkeit, Licht usw. wirksam abhalten, die Oxidation von Lebensmitteln, die Feuchtigkeitsaufnahme und den Verfall verz\u00f6gern und die Haltbarkeit verl\u00e4ngern.<\/p>\n<p><strong>Ausgezeichnete Funktionalit\u00e4t:<\/strong> Als professioneller Hersteller von Beuteln f\u00fcr Lebensmittelverpackungen k\u00f6nnen wir Hitzebest\u00e4ndigkeit, K\u00e4ltebest\u00e4ndigkeit, \u00d6lbest\u00e4ndigkeit, Durchsto\u00dffestigkeit und andere Eigenschaften je nach Bedarf integrieren, um den Verpackungsanforderungen verschiedener Lebensmittel (wie Tiefk\u00fchlkost, frittierte Lebensmittel) gerecht zu werden.<\/p>\n<p><strong>Geringes Gewicht und hohe Festigkeit<\/strong>: Es ist leichter, bequem zu transportieren und zu tragen und hat gleichzeitig gute Zug- und Schlagfestigkeitseigenschaften, was Transportverluste reduziert.<\/p>\n<p><strong>Beherrschbare Kosten<\/strong>: Durch die sinnvolle Kombination verschiedener Materialien werden die Gesamtmaterialkosten unter der Pr\u00e4misse gesenkt, dass die Verpackungsleistung gew\u00e4hrleistet ist und ein ausgewogenes Verh\u00e4ltnis zwischen Leistung und Kosteneffizienz erreicht wird.<\/p>\n<p><strong>Gute Bedruckbarkeit und Aussehen<\/strong>: Die Oberfl\u00e4che der benutzerdefinierten Verpackung Tasche kann leicht zu erreichen klare und helle Druck, die Verbesserung der \u00c4sthetik von Lebensmittelverpackungen und Markenerkennung, um die Verbraucher zu gewinnen.<\/p>","protected":false},"featured_media":2445,"comment_status":"closed","ping_status":"closed","template":"","meta":{"_acf_changed":true},"product_brand":[],"product_cat":[21],"product_tag":[],"class_list":{"0":"post-2394","1":"product","2":"type-product","3":"status-publish","4":"has-post-thumbnail","6":"product_cat-custom-packaging-film-roll","8":"first","9":"instock","10":"shipping-taxable","11":"product-type-simple"},"acf":[],"_links":{"self":[{"href":"https:\/\/www.topchinapack.com\/de\/wp-json\/wp\/v2\/product\/2394","targetHints":{"allow":["GET"]}}],"collection":[{"href":"https:\/\/www.topchinapack.com\/de\/wp-json\/wp\/v2\/product"}],"about":[{"href":"https:\/\/www.topchinapack.com\/de\/wp-json\/wp\/v2\/types\/product"}],"replies":[{"embeddable":true,"href":"https:\/\/www.topchinapack.com\/de\/wp-json\/wp\/v2\/comments?post=2394"}],"wp:featuredmedia":[{"embeddable":true,"href":"https:\/\/www.topchinapack.com\/de\/wp-json\/wp\/v2\/media\/2445"}],"wp:attachment":[{"href":"https:\/\/www.topchinapack.com\/de\/wp-json\/wp\/v2\/media?parent=2394"}],"wp:term":[{"taxonomy":"product_brand","embeddable":true,"href":"https:\/\/www.topchinapack.com\/de\/wp-json\/wp\/v2\/product_brand?post=2394"},{"taxonomy":"product_cat","embeddable":true,"href":"https:\/\/www.topchinapack.com\/de\/wp-json\/wp\/v2\/product_cat?post=2394"},{"taxonomy":"product_tag","embeddable":true,"href":"https:\/\/www.topchinapack.com\/de\/wp-json\/wp\/v2\/product_tag?post=2394"}],"curies":[{"name":"wp","href":"https:\/\/api.w.org\/{rel}","templated":true}]}}