{"id":2395,"date":"2025-09-26T09:30:22","date_gmt":"2025-09-26T09:30:22","guid":{"rendered":"https:\/\/www.topchinapack.com\/?post_type=product&#038;p=2395"},"modified":"2025-12-19T07:54:39","modified_gmt":"2025-12-19T07:54:39","slug":"custom-printed-stand-up-pouch-manufacturer","status":"publish","type":"product","link":"https:\/\/www.topchinapack.com\/de\/produkt\/custom-printed-stand-up-pouch-manufacturer\/","title":{"rendered":"Individuell bedruckte Standbodenbeutel, die eine individuelle Anpassung von Gr\u00f6\u00dfe, Oberfl\u00e4che und Funktionalit\u00e4t erm\u00f6glichen"},"content":{"rendered":"<div class=\"wp-block-columns is-layout-flex wp-container-core-columns-is-layout-9d6595d7 wp-block-columns-is-layout-flex\">\n<div class=\"wp-block-column is-layout-flow wp-block-column-is-layout-flow\">\n<figure class=\"wp-block-image size-full\"><img decoding=\"async\" width=\"800\" height=\"800\" src=\"https:\/\/www.topchinapack.com\/wp-content\/uploads\/2025\/09\/custom-printed-stand-up-pouches-5.webp\" alt=\"individuell bedruckte Standbodenbeutel (5)\" class=\"wp-image-2457\" srcset=\"https:\/\/www.topchinapack.com\/wp-content\/uploads\/2025\/09\/custom-printed-stand-up-pouches-5.webp 800w, https:\/\/www.topchinapack.com\/wp-content\/uploads\/2025\/09\/custom-printed-stand-up-pouches-5-300x300.webp 300w, https:\/\/www.topchinapack.com\/wp-content\/uploads\/2025\/09\/custom-printed-stand-up-pouches-5-150x150.webp 150w, https:\/\/www.topchinapack.com\/wp-content\/uploads\/2025\/09\/custom-printed-stand-up-pouches-5-768x768.webp 768w, https:\/\/www.topchinapack.com\/wp-content\/uploads\/2025\/09\/custom-printed-stand-up-pouches-5-12x12.webp 12w, https:\/\/www.topchinapack.com\/wp-content\/uploads\/2025\/09\/custom-printed-stand-up-pouches-5-600x600.webp 600w, https:\/\/www.topchinapack.com\/wp-content\/uploads\/2025\/09\/custom-printed-stand-up-pouches-5-100x100.webp 100w\" sizes=\"(max-width: 800px) 100vw, 800px\" \/><\/figure>\n<\/div>\n\n\n\n<div class=\"wp-block-column is-layout-flow wp-block-column-is-layout-flow\">\n<figure class=\"wp-block-image size-full\"><img decoding=\"async\" width=\"800\" height=\"800\" src=\"https:\/\/www.topchinapack.com\/wp-content\/uploads\/2025\/09\/custom-printed-stand-up-pouches-6.webp\" alt=\"individuell bedruckte Standbodenbeutel (6)\" class=\"wp-image-2458\" srcset=\"https:\/\/www.topchinapack.com\/wp-content\/uploads\/2025\/09\/custom-printed-stand-up-pouches-6.webp 800w, https:\/\/www.topchinapack.com\/wp-content\/uploads\/2025\/09\/custom-printed-stand-up-pouches-6-300x300.webp 300w, https:\/\/www.topchinapack.com\/wp-content\/uploads\/2025\/09\/custom-printed-stand-up-pouches-6-150x150.webp 150w, https:\/\/www.topchinapack.com\/wp-content\/uploads\/2025\/09\/custom-printed-stand-up-pouches-6-768x768.webp 768w, https:\/\/www.topchinapack.com\/wp-content\/uploads\/2025\/09\/custom-printed-stand-up-pouches-6-12x12.webp 12w, https:\/\/www.topchinapack.com\/wp-content\/uploads\/2025\/09\/custom-printed-stand-up-pouches-6-600x600.webp 600w, https:\/\/www.topchinapack.com\/wp-content\/uploads\/2025\/09\/custom-printed-stand-up-pouches-6-100x100.webp 100w\" sizes=\"(max-width: 800px) 100vw, 800px\" \/><\/figure>\n<\/div>\n<\/div>","protected":false},"excerpt":{"rendered":"<p>Gro\u00dfhandel mit individuell bedruckten Standbeuteln, die eine Vielzahl von Materialien, Gr\u00f6\u00dfen und Veredelungen bieten, um Ihre Marke perfekt zu pr\u00e4sentieren und einen hervorragenden Produktschutz zu bieten. Als Hersteller kundenspezifischer flexibler Verpackungen k\u00f6nnen wir Standbodenbeutel mit Optionen wie wiederverschlie\u00dfbaren Rei\u00dfverschl\u00fcssen, Abrei\u00df\u00f6ffnungen und Einwegventilen anbieten, was sie zu einer idealen Wahl f\u00fcr die Verpackung von Snacks, Kaffee, Tee, Tiernahrung und vielem mehr macht. Kontaktieren Sie uns f\u00fcr Gro\u00dfhandelspreise.<\/p>\n<h2>Merkmale von individuell bedruckten Standbodenbeuteln<\/h2>\n<p><strong>Ma\u00dfgeschneiderter Service:<\/strong>\u00a0Material, Gr\u00f6\u00dfe, Druck, Muster und zus\u00e4tzliche Optionen<br \/><strong>Druckverfahren:<\/strong>\u00a0Tiefdruck, bis zu 10 Farben, unterst\u00fctzt kundenspezifischen Druck<br \/><strong>Merkmale:<\/strong>\u00a0langlebig, wasserdicht<br \/><strong>Lieferfrist:<\/strong>\u00a010-20 Tage<br \/><strong>Unterst\u00fctzung f\u00fcr kostenlose Proben<\/strong><br \/><strong>Zertifizierung:<\/strong>\u00a0ISO, FDA, BPA-frei, LFGB, EU-Norm<\/p>\n<p><strong>Professionelle Anpassung:<\/strong> Als professioneller Hersteller von Standbeuteln bieten wir eine Vielzahl funktioneller Optionen, darunter wiederverschlie\u00dfbare Rei\u00dfverschl\u00fcsse, Aufrei\u00dfkerben, Ventile und vieles mehr, um Ihre Anforderungen an das Branding zu erf\u00fcllen.<\/p>\n<p><strong>Unverwechselbare visuelle Elemente:<\/strong> Wir bieten eine Vielzahl von Veredelungen an, darunter matte, gl\u00e4nzende, metallische, durchsichtige Fenster und kundenspezifische Formen, um die Attraktivit\u00e4t der Regale zu erh\u00f6hen und Ihre Produkte hervorzuheben.<\/p>\n<p><strong>Bequemlichkeit:<\/strong> Leicht, \u00fcber 80% leichter als Glasflaschen und Eisendosen, einfach zu transportieren; anpassbares, leicht zu rei\u00dfendes Design, wiederverwendbar (Rei\u00dfverschlussbeutel) und direkt erhitzbar (mikrowellenerhitzbarer Kochbeutel), um die Nachfrage des modernen Verbrauchers nach \"Convenience\" zu erf\u00fcllen.<\/p>\n<p><strong>Klare Informations\u00fcbermittlung:<\/strong> Unsere Standbeutel haben eine hervorragende Druckanpassung f\u00fcr ihre Au\u00dfenverpackungsmaterialien, auf denen Informationen wie Lebensmittelnamen, Zutatenlisten, Haltbarkeitsdauer, N\u00e4hrstoffgehalt usw. deutlich gedruckt werden k\u00f6nnen. Au\u00dferdem haftet die Tinte gut und l\u00e4sst sich nicht so leicht abl\u00f6sen.<\/p>\n<p><strong>Ausgezeichnete Anzeige:<\/strong> Durch transparente Strukturen wie PET\/PE k\u00f6nnen Farbe und Form von Lebensmitteln (z. B. Frischfleisch und Trockenfr\u00fcchte) deutlich dargestellt werden, was die Kaufbereitschaft der Verbraucher erh\u00f6ht.<\/p>","protected":false},"featured_media":2453,"comment_status":"closed","ping_status":"closed","template":"","meta":{"_acf_changed":true},"product_brand":[],"product_cat":[20,55],"product_tag":[59],"class_list":{"0":"post-2395","1":"product","2":"type-product","3":"status-publish","4":"has-post-thumbnail","6":"product_cat-custom-stand-up-pouch","7":"product_cat-custom-coffee-stand-up-pouches","8":"product_tag-custom-coffee-packaging-bags","10":"first","11":"instock","12":"shipping-taxable","13":"product-type-simple"},"acf":[],"_links":{"self":[{"href":"https:\/\/www.topchinapack.com\/de\/wp-json\/wp\/v2\/product\/2395","targetHints":{"allow":["GET"]}}],"collection":[{"href":"https:\/\/www.topchinapack.com\/de\/wp-json\/wp\/v2\/product"}],"about":[{"href":"https:\/\/www.topchinapack.com\/de\/wp-json\/wp\/v2\/types\/product"}],"replies":[{"embeddable":true,"href":"https:\/\/www.topchinapack.com\/de\/wp-json\/wp\/v2\/comments?post=2395"}],"wp:featuredmedia":[{"embeddable":true,"href":"https:\/\/www.topchinapack.com\/de\/wp-json\/wp\/v2\/media\/2453"}],"wp:attachment":[{"href":"https:\/\/www.topchinapack.com\/de\/wp-json\/wp\/v2\/media?parent=2395"}],"wp:term":[{"taxonomy":"product_brand","embeddable":true,"href":"https:\/\/www.topchinapack.com\/de\/wp-json\/wp\/v2\/product_brand?post=2395"},{"taxonomy":"product_cat","embeddable":true,"href":"https:\/\/www.topchinapack.com\/de\/wp-json\/wp\/v2\/product_cat?post=2395"},{"taxonomy":"product_tag","embeddable":true,"href":"https:\/\/www.topchinapack.com\/de\/wp-json\/wp\/v2\/product_tag?post=2395"}],"curies":[{"name":"wp","href":"https:\/\/api.w.org\/{rel}","templated":true}]}}