{"id":2402,"date":"2025-02-24T09:56:52","date_gmt":"2025-02-24T09:56:52","guid":{"rendered":"https:\/\/www.topchinapack.com\/?post_type=product&#038;p=2402"},"modified":"2025-12-05T09:19:15","modified_gmt":"2025-12-05T09:19:15","slug":"custom-drink-spout-pouches-wholesale","status":"publish","type":"product","link":"https:\/\/www.topchinapack.com\/de\/produkt\/custom-drink-spout-pouches-wholesale\/","title":{"rendered":"Kundenspezifische Saft-, Getr\u00e4nke- und Gem\u00fcsesaft-Ausgie\u00dfer-Beutel f\u00fcr den Gro\u00dfhandel"},"content":{"rendered":"<div class=\"wp-block-columns is-layout-flex wp-container-core-columns-is-layout-9d6595d7 wp-block-columns-is-layout-flex\">\n<div class=\"wp-block-column is-layout-flow wp-block-column-is-layout-flow\">\n<figure class=\"wp-block-image size-full\"><img decoding=\"async\" width=\"2048\" height=\"2048\" src=\"https:\/\/www.topchinapack.com\/wp-content\/uploads\/2025\/09\/custom-spout-pouch-3.webp\" alt=\"benutzerdefinierte Ausgie\u00dfertasche (3)\" class=\"wp-image-3075\" srcset=\"https:\/\/www.topchinapack.com\/wp-content\/uploads\/2025\/09\/custom-spout-pouch-3.webp 2048w, https:\/\/www.topchinapack.com\/wp-content\/uploads\/2025\/09\/custom-spout-pouch-3-300x300.webp 300w, https:\/\/www.topchinapack.com\/wp-content\/uploads\/2025\/09\/custom-spout-pouch-3-150x150.webp 150w, https:\/\/www.topchinapack.com\/wp-content\/uploads\/2025\/09\/custom-spout-pouch-3-768x768.webp 768w, https:\/\/www.topchinapack.com\/wp-content\/uploads\/2025\/09\/custom-spout-pouch-3-12x12.webp 12w, https:\/\/www.topchinapack.com\/wp-content\/uploads\/2025\/09\/custom-spout-pouch-3-1200x1200.webp 1200w, https:\/\/www.topchinapack.com\/wp-content\/uploads\/2025\/09\/custom-spout-pouch-3-600x600.webp 600w, https:\/\/www.topchinapack.com\/wp-content\/uploads\/2025\/09\/custom-spout-pouch-3-100x100.webp 100w\" sizes=\"(max-width: 2048px) 100vw, 2048px\" \/><\/figure>\n<\/div>\n\n\n\n<div class=\"wp-block-column is-layout-flow wp-block-column-is-layout-flow\">\n<figure class=\"wp-block-image size-full\"><img decoding=\"async\" width=\"2048\" height=\"2048\" src=\"https:\/\/www.topchinapack.com\/wp-content\/uploads\/2025\/09\/custom-spout-pouch-4.webp\" alt=\"benutzerdefinierte Ausgie\u00dfertasche (4)\" class=\"wp-image-3076\" srcset=\"https:\/\/www.topchinapack.com\/wp-content\/uploads\/2025\/09\/custom-spout-pouch-4.webp 2048w, https:\/\/www.topchinapack.com\/wp-content\/uploads\/2025\/09\/custom-spout-pouch-4-300x300.webp 300w, https:\/\/www.topchinapack.com\/wp-content\/uploads\/2025\/09\/custom-spout-pouch-4-150x150.webp 150w, https:\/\/www.topchinapack.com\/wp-content\/uploads\/2025\/09\/custom-spout-pouch-4-768x768.webp 768w, https:\/\/www.topchinapack.com\/wp-content\/uploads\/2025\/09\/custom-spout-pouch-4-12x12.webp 12w, https:\/\/www.topchinapack.com\/wp-content\/uploads\/2025\/09\/custom-spout-pouch-4-1200x1200.webp 1200w, https:\/\/www.topchinapack.com\/wp-content\/uploads\/2025\/09\/custom-spout-pouch-4-600x600.webp 600w, https:\/\/www.topchinapack.com\/wp-content\/uploads\/2025\/09\/custom-spout-pouch-4-100x100.webp 100w\" sizes=\"(max-width: 2048px) 100vw, 2048px\" \/><\/figure>\n<\/div>\n<\/div>","protected":false},"excerpt":{"rendered":"<p>Unsere ma\u00dfgeschneiderten Gro\u00dfhandelsbeutel mit Ausgie\u00dfer sind perfekt f\u00fcr S\u00e4fte, Getr\u00e4nke und pflanzliche Getr\u00e4nke. Diese Beutel wurden f\u00fcr Sicherheit, Haltbarkeit und Bequemlichkeit entwickelt und unterst\u00fctzen ein lebendiges Branding und einen hochwertigen Druck. Sie sind in verschiedenen Gr\u00f6\u00dfen, Formen und Designs erh\u00e4ltlich und eignen sich ideal f\u00fcr die kommerzielle Nutzung, den Einzelhandel oder als Werbeverpackung.<\/p>\n<h2>Eigenschaften von Custom Spout Pouch<\/h2>\n<p><strong>Ma\u00dfgeschneiderter Service:<\/strong>\u00a0Material, Gr\u00f6\u00dfe, Druck, Muster und zus\u00e4tzliche Optionen<br \/><strong>Druckverfahren:<\/strong>\u00a0Tiefdruck, bis zu 10 Farben, unterst\u00fctzt kundenspezifischen Druck<br \/><strong>Merkmale:<\/strong>\u00a0langlebig, wasserdicht<br \/><strong>Lieferfrist:<\/strong>\u00a010-20 Tage<br \/><strong>Unterst\u00fctzung f\u00fcr kostenlose Proben<\/strong><br \/><strong>Zertifizierung:<\/strong>\u00a0ISO, FDA, BPA-frei, LFGB, EU-Norm<\/p>\n<p><strong>Hochwertiger Druck<\/strong>: Hochpr\u00e4zise Drucke mit umweltfreundlichen Tinten k\u00f6nnen durchgef\u00fchrt werden, die satte Farben und exquisite Muster pr\u00e4sentieren, Produktinformationen und Markenimage klar darstellen und die Verbraucher zum Kauf anregen.<\/p>\n<ul>\n<li>\n<p><strong>Tragbar und leicht zu transportieren<\/strong>: Im Vergleich zu Flaschen- und Dosengetr\u00e4nken sind die Verpackungsbeutel f\u00fcr Getr\u00e4nke leichter und kleiner in der Gr\u00f6\u00dfe.<\/p>\n<\/li>\n<li>\n<p><strong>Hochwertiger Druck<\/strong>: Es kann mit umweltfreundlicher Tinte mit hoher Pr\u00e4zision bedruckt werden und bietet satte Farben und exquisite Muster, die die Produktinformationen und das Markenimage klar darstellen und so die Verbraucher zum Kauf anregen.<\/p>\n<\/li>\n<li>\n<p><strong>Vielf\u00e4ltige Materialien mit hervorragender Leistung<\/strong>: Zu den h\u00e4ufig verwendeten Materialien geh\u00f6ren Polyethylen (PE), Nylon (PA) und Polyethylenterephthalat (PET), die eine gute Flexibilit\u00e4t, Verschlei\u00dffestigkeit, Isolierf\u00e4higkeit, Hitzebest\u00e4ndigkeit usw. aufweisen.<\/p>\n<\/li>\n<li>\n<p><strong>Niedrigere Kosten<\/strong>: Im Vergleich zu einigen starren Verpackungsbeh\u00e4ltern sind die Produktionskosten von Getr\u00e4nkeverpackungsbeuteln niedriger, was eine hohe Kosteneffizienz bietet und dazu beitr\u00e4gt, die Gesamtkosten des Produkts zu senken.<\/p>\n<\/li>\n<li>\n<p><strong>Genau messen<\/strong>: Kleine Verpackungen erm\u00f6glichen eine genaue Kontrolle der einzelnen Verzehrsmenge und verhindern, dass das Getr\u00e4nk durch eine lange Lagerung in gro\u00dfen Beh\u00e4ltern verdirbt. Au\u00dferdem erleichtert sie den Eltern die Kontrolle \u00fcber die Verzehrmenge des Kindes.<\/p>\n<\/li>\n<\/ul>","protected":false},"featured_media":3073,"comment_status":"closed","ping_status":"closed","template":"","meta":{"_acf_changed":false},"product_brand":[],"product_cat":[22],"product_tag":[],"class_list":{"0":"post-2402","1":"product","2":"type-product","3":"status-publish","4":"has-post-thumbnail","6":"product_cat-custom-spout-pouches","8":"first","9":"instock","10":"shipping-taxable","11":"product-type-simple"},"acf":[],"_links":{"self":[{"href":"https:\/\/www.topchinapack.com\/de\/wp-json\/wp\/v2\/product\/2402","targetHints":{"allow":["GET"]}}],"collection":[{"href":"https:\/\/www.topchinapack.com\/de\/wp-json\/wp\/v2\/product"}],"about":[{"href":"https:\/\/www.topchinapack.com\/de\/wp-json\/wp\/v2\/types\/product"}],"replies":[{"embeddable":true,"href":"https:\/\/www.topchinapack.com\/de\/wp-json\/wp\/v2\/comments?post=2402"}],"wp:featuredmedia":[{"embeddable":true,"href":"https:\/\/www.topchinapack.com\/de\/wp-json\/wp\/v2\/media\/3073"}],"wp:attachment":[{"href":"https:\/\/www.topchinapack.com\/de\/wp-json\/wp\/v2\/media?parent=2402"}],"wp:term":[{"taxonomy":"product_brand","embeddable":true,"href":"https:\/\/www.topchinapack.com\/de\/wp-json\/wp\/v2\/product_brand?post=2402"},{"taxonomy":"product_cat","embeddable":true,"href":"https:\/\/www.topchinapack.com\/de\/wp-json\/wp\/v2\/product_cat?post=2402"},{"taxonomy":"product_tag","embeddable":true,"href":"https:\/\/www.topchinapack.com\/de\/wp-json\/wp\/v2\/product_tag?post=2402"}],"curies":[{"name":"wp","href":"https:\/\/api.w.org\/{rel}","templated":true}]}}