{"id":2797,"date":"2025-11-13T08:45:25","date_gmt":"2025-11-13T08:45:25","guid":{"rendered":"https:\/\/www.topchinapack.com\/?post_type=product&#038;p=2797"},"modified":"2025-11-17T08:00:12","modified_gmt":"2025-11-17T08:00:12","slug":"custom-fruit-juice-and-vegetable-juice-spout-pouch-packaging","status":"publish","type":"product","link":"https:\/\/www.topchinapack.com\/de\/produkt\/custom-fruit-juice-and-vegetable-juice-spout-pouch-packaging\/","title":{"rendered":"Gro\u00dfhandel benutzerdefinierte Fruchtsaft und Gem\u00fcsesaft Verpackung - Zehn-Farben-Tiefdruck Unterst\u00fctzung"},"content":{"rendered":"<div class=\"wp-block-columns is-layout-flex wp-container-core-columns-is-layout-9d6595d7 wp-block-columns-is-layout-flex\">\n<div class=\"wp-block-column is-layout-flow wp-block-column-is-layout-flow\">\n<figure class=\"wp-block-image size-full\"><img decoding=\"async\" width=\"800\" height=\"800\" src=\"https:\/\/www.topchinapack.com\/wp-content\/uploads\/2025\/11\/custom-beverage-spout-pouch-3.webp\" alt=\"Beutel f\u00fcr Getr\u00e4nkeausgie\u00dfer (3)\" class=\"wp-image-2880\" srcset=\"https:\/\/www.topchinapack.com\/wp-content\/uploads\/2025\/11\/custom-beverage-spout-pouch-3.webp 800w, https:\/\/www.topchinapack.com\/wp-content\/uploads\/2025\/11\/custom-beverage-spout-pouch-3-300x300.webp 300w, https:\/\/www.topchinapack.com\/wp-content\/uploads\/2025\/11\/custom-beverage-spout-pouch-3-150x150.webp 150w, https:\/\/www.topchinapack.com\/wp-content\/uploads\/2025\/11\/custom-beverage-spout-pouch-3-768x768.webp 768w, https:\/\/www.topchinapack.com\/wp-content\/uploads\/2025\/11\/custom-beverage-spout-pouch-3-12x12.webp 12w, https:\/\/www.topchinapack.com\/wp-content\/uploads\/2025\/11\/custom-beverage-spout-pouch-3-600x600.webp 600w, https:\/\/www.topchinapack.com\/wp-content\/uploads\/2025\/11\/custom-beverage-spout-pouch-3-100x100.webp 100w\" sizes=\"(max-width: 800px) 100vw, 800px\" \/><\/figure>\n<\/div>\n\n\n\n<div class=\"wp-block-column is-layout-flow wp-block-column-is-layout-flow\">\n<figure class=\"wp-block-image size-full\"><img decoding=\"async\" width=\"800\" height=\"800\" src=\"https:\/\/www.topchinapack.com\/wp-content\/uploads\/2025\/11\/custom-beverage-spout-pouch-4.webp\" alt=\"Beutel mit benutzerdefinierter Getr\u00e4nket\u00fclle (4)\" class=\"wp-image-2881\" srcset=\"https:\/\/www.topchinapack.com\/wp-content\/uploads\/2025\/11\/custom-beverage-spout-pouch-4.webp 800w, https:\/\/www.topchinapack.com\/wp-content\/uploads\/2025\/11\/custom-beverage-spout-pouch-4-300x300.webp 300w, https:\/\/www.topchinapack.com\/wp-content\/uploads\/2025\/11\/custom-beverage-spout-pouch-4-150x150.webp 150w, https:\/\/www.topchinapack.com\/wp-content\/uploads\/2025\/11\/custom-beverage-spout-pouch-4-768x768.webp 768w, https:\/\/www.topchinapack.com\/wp-content\/uploads\/2025\/11\/custom-beverage-spout-pouch-4-12x12.webp 12w, https:\/\/www.topchinapack.com\/wp-content\/uploads\/2025\/11\/custom-beverage-spout-pouch-4-600x600.webp 600w, https:\/\/www.topchinapack.com\/wp-content\/uploads\/2025\/11\/custom-beverage-spout-pouch-4-100x100.webp 100w\" sizes=\"(max-width: 800px) 100vw, 800px\" \/><\/figure>\n<\/div>\n<\/div>","protected":false},"excerpt":{"rendered":"<p>Werten Sie Ihr Sortiment an Saft- und Gem\u00fcsegetr\u00e4nken mit unseren hochwertigen, kundenspezifischen Ausgie\u00dferbeuteln auf. Ihr leichtes Design reduziert die Versand- und Logistikkosten erheblich, w\u00e4hrend ihre effiziente Stapelung den Platz im Lager optimiert.<\/p>\n<p>Als professioneller Hersteller von Ausgie\u00dferbeuteln bieten wir umfassende Anpassungsm\u00f6glichkeiten in Bezug auf Gr\u00f6\u00dfe, Design, Muster und Zubeh\u00f6r, damit Ihre Marke gl\u00e4nzen kann. Kontaktieren Sie uns f\u00fcr ein Angebot f\u00fcr den Gro\u00dfhandel.<\/p>\n<h2>Merkmale von kundenspezifischen Fruchtsaft- und Gem\u00fcsesaftverpackungen<\/h2>\n<p><strong>Ma\u00dfgeschneiderter Service:<\/strong>\u00a0Material, Gr\u00f6\u00dfe, Druck, Muster und zus\u00e4tzliche Optionen<br \/><strong>Druckverfahren:<\/strong>\u00a0Tiefdruck, bis zu 10 Farben, unterst\u00fctzt kundenspezifischen Druck<br \/><strong>Merkmale:<\/strong>\u00a0langlebig, wasserdicht<br \/><strong>Lieferfrist:<\/strong>\u00a010-20 Tage<br \/><strong>Unterst\u00fctzung f\u00fcr kostenlose Proben<\/strong><br \/><strong>Zertifizierung:<\/strong>\u00a0ISO, FDA, BPA-frei, LFGB, EU-Norm<\/p>\n<ul>\n<li>\n<p><strong>Hervorragende Barriereeigenschaften:<\/strong> Als Hersteller von Ausgie\u00dferbeuteln verwenden unsere Verpackungen mehrschichtige Verbundmaterialien wie PET\/PE, die Feuchtigkeit, Sauerstoff und Licht wirksam abhalten und so die Haltbarkeit des Produkts verl\u00e4ngern. Sie sind ideal f\u00fcr Gem\u00fcse- und Fruchts\u00e4fte.<\/p>\n<\/li>\n<li>\n<p><strong>Bequemer Ausgie\u00dfer-Deckel:<\/strong> Der Beutel mit Ausgie\u00dfer l\u00e4sst sich leicht \u00f6ffnen, ausgie\u00dfen und wieder verschlie\u00dfen. Er eignet sich f\u00fcr Fl\u00fcssigkeiten, Pasten und Pulver und verbessert die Benutzerfreundlichkeit und reduziert das Versch\u00fctten von Fl\u00fcssigkeiten.<\/p>\n<\/li>\n<li>\n<p><strong>Wiederverschlie\u00dfbarkeit:<\/strong> Der Verschluss sorgt daf\u00fcr, dass der Beutel mehrfach ge\u00f6ffnet und verschlossen werden kann, wodurch die Frische erhalten bleibt und der Verbraucher das Produkt portionsweise genie\u00dfen kann.<\/p>\n<\/li>\n<li>\n<p><strong>Anpassbare Designs:<\/strong> Gr\u00f6\u00dfe, Dicke, Druckfarben, Muster und Materialstruktur k\u00f6nnen individuell angepasst werden, um spezifische Marken- und Funktionsanforderungen zu erf\u00fcllen.<\/p>\n<\/li>\n<\/ul>","protected":false},"featured_media":2878,"comment_status":"closed","ping_status":"closed","template":"","meta":{"_acf_changed":false},"product_brand":[],"product_cat":[22,42],"product_tag":[],"class_list":{"0":"post-2797","1":"product","2":"type-product","3":"status-publish","4":"has-post-thumbnail","6":"product_cat-custom-spout-pouches","7":"product_cat-custom-vegetable-juice-spout-pouches","9":"first","10":"instock","11":"shipping-taxable","12":"product-type-simple"},"acf":[],"_links":{"self":[{"href":"https:\/\/www.topchinapack.com\/de\/wp-json\/wp\/v2\/product\/2797","targetHints":{"allow":["GET"]}}],"collection":[{"href":"https:\/\/www.topchinapack.com\/de\/wp-json\/wp\/v2\/product"}],"about":[{"href":"https:\/\/www.topchinapack.com\/de\/wp-json\/wp\/v2\/types\/product"}],"replies":[{"embeddable":true,"href":"https:\/\/www.topchinapack.com\/de\/wp-json\/wp\/v2\/comments?post=2797"}],"wp:featuredmedia":[{"embeddable":true,"href":"https:\/\/www.topchinapack.com\/de\/wp-json\/wp\/v2\/media\/2878"}],"wp:attachment":[{"href":"https:\/\/www.topchinapack.com\/de\/wp-json\/wp\/v2\/media?parent=2797"}],"wp:term":[{"taxonomy":"product_brand","embeddable":true,"href":"https:\/\/www.topchinapack.com\/de\/wp-json\/wp\/v2\/product_brand?post=2797"},{"taxonomy":"product_cat","embeddable":true,"href":"https:\/\/www.topchinapack.com\/de\/wp-json\/wp\/v2\/product_cat?post=2797"},{"taxonomy":"product_tag","embeddable":true,"href":"https:\/\/www.topchinapack.com\/de\/wp-json\/wp\/v2\/product_tag?post=2797"}],"curies":[{"name":"wp","href":"https:\/\/api.w.org\/{rel}","templated":true}]}}