{"id":2798,"date":"2024-11-13T09:01:05","date_gmt":"2024-11-13T09:01:05","guid":{"rendered":"https:\/\/www.topchinapack.com\/?post_type=product&#038;p=2798"},"modified":"2025-12-19T08:30:22","modified_gmt":"2025-12-19T08:30:22","slug":"wholesale-custom-spout-pouches-for-juice-beverage-and-food","status":"publish","type":"product","link":"https:\/\/www.topchinapack.com\/de\/produkt\/wholesale-custom-spout-pouches-for-juice-beverage-and-food\/","title":{"rendered":"Individuell bedruckte Ausgusst\u00fcten f\u00fcr Saft-, Getr\u00e4nke- und Lebensmittelverpackungen im Gro\u00dfhandel"},"content":{"rendered":"<div class=\"wp-block-columns is-layout-flex wp-container-core-columns-is-layout-9d6595d7 wp-block-columns-is-layout-flex\">\n<div class=\"wp-block-column is-layout-flow wp-block-column-is-layout-flow\">\n<figure class=\"wp-block-image size-full\"><img decoding=\"async\" width=\"2160\" height=\"2160\" src=\"https:\/\/www.topchinapack.com\/wp-content\/uploads\/2025\/11\/wholesale-custom-spout-pouches-3.webp\" alt=\"Gro\u00dfhandel benutzerdefinierte Ausgie\u00dfer Beutel (3)\" class=\"wp-image-2886\" srcset=\"https:\/\/www.topchinapack.com\/wp-content\/uploads\/2025\/11\/wholesale-custom-spout-pouches-3.webp 2160w, https:\/\/www.topchinapack.com\/wp-content\/uploads\/2025\/11\/wholesale-custom-spout-pouches-3-300x300.webp 300w, https:\/\/www.topchinapack.com\/wp-content\/uploads\/2025\/11\/wholesale-custom-spout-pouches-3-150x150.webp 150w, https:\/\/www.topchinapack.com\/wp-content\/uploads\/2025\/11\/wholesale-custom-spout-pouches-3-768x768.webp 768w, https:\/\/www.topchinapack.com\/wp-content\/uploads\/2025\/11\/wholesale-custom-spout-pouches-3-12x12.webp 12w, https:\/\/www.topchinapack.com\/wp-content\/uploads\/2025\/11\/wholesale-custom-spout-pouches-3-1200x1200.webp 1200w, https:\/\/www.topchinapack.com\/wp-content\/uploads\/2025\/11\/wholesale-custom-spout-pouches-3-600x600.webp 600w, https:\/\/www.topchinapack.com\/wp-content\/uploads\/2025\/11\/wholesale-custom-spout-pouches-3-100x100.webp 100w\" sizes=\"(max-width: 2160px) 100vw, 2160px\" \/><\/figure>\n<\/div>\n\n\n\n<div class=\"wp-block-column is-layout-flow wp-block-column-is-layout-flow\">\n<figure class=\"wp-block-image size-full\"><img decoding=\"async\" width=\"2048\" height=\"2048\" src=\"https:\/\/www.topchinapack.com\/wp-content\/uploads\/2025\/11\/wholesale-custom-spout-pouches-4.webp\" alt=\"Gro\u00dfhandel benutzerdefinierte Ausgie\u00dfer Beutel (4)\" class=\"wp-image-2887\" srcset=\"https:\/\/www.topchinapack.com\/wp-content\/uploads\/2025\/11\/wholesale-custom-spout-pouches-4.webp 2048w, https:\/\/www.topchinapack.com\/wp-content\/uploads\/2025\/11\/wholesale-custom-spout-pouches-4-300x300.webp 300w, https:\/\/www.topchinapack.com\/wp-content\/uploads\/2025\/11\/wholesale-custom-spout-pouches-4-150x150.webp 150w, https:\/\/www.topchinapack.com\/wp-content\/uploads\/2025\/11\/wholesale-custom-spout-pouches-4-768x768.webp 768w, https:\/\/www.topchinapack.com\/wp-content\/uploads\/2025\/11\/wholesale-custom-spout-pouches-4-12x12.webp 12w, https:\/\/www.topchinapack.com\/wp-content\/uploads\/2025\/11\/wholesale-custom-spout-pouches-4-1200x1200.webp 1200w, https:\/\/www.topchinapack.com\/wp-content\/uploads\/2025\/11\/wholesale-custom-spout-pouches-4-600x600.webp 600w, https:\/\/www.topchinapack.com\/wp-content\/uploads\/2025\/11\/wholesale-custom-spout-pouches-4-100x100.webp 100w\" sizes=\"(max-width: 2048px) 100vw, 2048px\" \/><\/figure>\n<\/div>\n<\/div>","protected":false},"excerpt":{"rendered":"<p>Verbessern Sie Ihre Produktverpackungen mit unseren hochwertigen Gro\u00dfhandelsbeuteln, die speziell f\u00fcr Getr\u00e4nke, Lebensmittel und fl\u00fcssige Produkte entwickelt wurden. Diese leichten, haltbaren und auslaufsicheren T\u00fcllenbeutel bieten den Verbrauchern unvergleichlichen Komfort und maximieren gleichzeitig die Attraktivit\u00e4t Ihrer Marke im Regal.<\/p>\n<h2>Merkmale der Custom Spout Pouches<\/h2>\n<p><strong>Ma\u00dfgeschneiderter Service:<\/strong>\u00a0Material, Gr\u00f6\u00dfe, Druck, Muster und zus\u00e4tzliche Optionen<br \/><strong>Druckverfahren:<\/strong>\u00a0Tiefdruck, bis zu 10 Farben, unterst\u00fctzt kundenspezifischen Druck<br \/><strong>Merkmale:<\/strong>\u00a0langlebig, wasserdicht<br \/><strong>Lieferfrist:<\/strong>\u00a010-20 Tage<br \/><strong>Unterst\u00fctzung f\u00fcr kostenlose Proben<\/strong><br \/><strong>Zertifizierung:<\/strong>\u00a0ISO, FDA, BPA-frei, LFGB, EU-Norm<\/p>\n<p><strong>Umfassende Anpassungsdienste: <\/strong>Wir bieten einen umfassenden Anpassungsservice, der von den Abmessungen des Ausgie\u00dferbeutels, der Position des Ausgie\u00dfers und der Art des Verschlusses bis hin zur Materialst\u00e4rke und Oberfl\u00e4chenbeschaffenheit (matt, gl\u00e4nzend, transparentes Fenster) reicht. Perfekt f\u00fcr Marken, die eine differenzierte Verpackung suchen.<\/p>\n<p><strong>Gro\u00dffl\u00e4chige Versorgung:<\/strong> Als f\u00fchrender Hersteller von Ausgie\u00dferbeuteln verf\u00fcgen wir \u00fcber fortschrittliche 10-Farben-Tiefdruck-, Hochgeschwindigkeits-Laminier-, Schlitz- und Beutelherstellungsanlagen, die hohe Pr\u00e4zision, schnelle Durchlaufzeiten und gleichbleibende Qualit\u00e4t gew\u00e4hrleisten.<\/p>\n<p><strong>Strenge Qualit\u00e4tskontrolle:<\/strong> Wir halten uns strikt an die ISO9001 und die GMP-Normen f\u00fcr die Lebensmittelindustrie. Jede Folienrolle und jeder Beutel durchl\u00e4uft mehrere Kontrollschritte, vom Rohmaterial bis zur fertigen Verpackung.<\/p>\n<p><strong>Konkurrenzf\u00e4hige Fabrikpreise:<\/strong> Als Hersteller flexibler Verpackungen bieten wir eine direkte Belieferung ab Werk an, was unseren Kunden hilft, eine hervorragende Qualit\u00e4t zu erhalten und gleichzeitig die Kosten zu kontrollieren.<\/p>","protected":false},"featured_media":2884,"comment_status":"closed","ping_status":"closed","template":"","meta":{"_acf_changed":false},"product_brand":[],"product_cat":[22,42],"product_tag":[],"class_list":{"0":"post-2798","1":"product","2":"type-product","3":"status-publish","4":"has-post-thumbnail","6":"product_cat-custom-spout-pouches","7":"product_cat-custom-vegetable-juice-spout-pouches","9":"first","10":"instock","11":"shipping-taxable","12":"product-type-simple"},"acf":[],"_links":{"self":[{"href":"https:\/\/www.topchinapack.com\/de\/wp-json\/wp\/v2\/product\/2798","targetHints":{"allow":["GET"]}}],"collection":[{"href":"https:\/\/www.topchinapack.com\/de\/wp-json\/wp\/v2\/product"}],"about":[{"href":"https:\/\/www.topchinapack.com\/de\/wp-json\/wp\/v2\/types\/product"}],"replies":[{"embeddable":true,"href":"https:\/\/www.topchinapack.com\/de\/wp-json\/wp\/v2\/comments?post=2798"}],"wp:featuredmedia":[{"embeddable":true,"href":"https:\/\/www.topchinapack.com\/de\/wp-json\/wp\/v2\/media\/2884"}],"wp:attachment":[{"href":"https:\/\/www.topchinapack.com\/de\/wp-json\/wp\/v2\/media?parent=2798"}],"wp:term":[{"taxonomy":"product_brand","embeddable":true,"href":"https:\/\/www.topchinapack.com\/de\/wp-json\/wp\/v2\/product_brand?post=2798"},{"taxonomy":"product_cat","embeddable":true,"href":"https:\/\/www.topchinapack.com\/de\/wp-json\/wp\/v2\/product_cat?post=2798"},{"taxonomy":"product_tag","embeddable":true,"href":"https:\/\/www.topchinapack.com\/de\/wp-json\/wp\/v2\/product_tag?post=2798"}],"curies":[{"name":"wp","href":"https:\/\/api.w.org\/{rel}","templated":true}]}}