{"id":2799,"date":"2025-02-14T09:10:55","date_gmt":"2025-02-14T09:10:55","guid":{"rendered":"https:\/\/www.topchinapack.com\/?post_type=product&#038;p=2799"},"modified":"2025-12-05T09:19:35","modified_gmt":"2025-12-05T09:19:35","slug":"bulk-custom-printed-spout-pouch-packaging","status":"publish","type":"product","link":"https:\/\/www.topchinapack.com\/de\/produkt\/bulk-custom-printed-spout-pouch-packaging\/","title":{"rendered":"Kundenspezifisch bedruckte Ausgie\u00dferverpackungen f\u00fcr Getr\u00e4nke- und Lebensmittelmarken"},"content":{"rendered":"<div class=\"wp-block-columns is-layout-flex wp-container-core-columns-is-layout-9d6595d7 wp-block-columns-is-layout-flex\">\n<div class=\"wp-block-column is-layout-flow wp-block-column-is-layout-flow\">\n<figure class=\"wp-block-image size-full\"><img decoding=\"async\" width=\"2048\" height=\"2048\" src=\"https:\/\/www.topchinapack.com\/wp-content\/uploads\/2025\/11\/custom-printed-spout-pouch-2.webp\" alt=\"individuell bedruckter Ausgussbeutel (2)\" class=\"wp-image-2893\" srcset=\"https:\/\/www.topchinapack.com\/wp-content\/uploads\/2025\/11\/custom-printed-spout-pouch-2.webp 2048w, https:\/\/www.topchinapack.com\/wp-content\/uploads\/2025\/11\/custom-printed-spout-pouch-2-300x300.webp 300w, https:\/\/www.topchinapack.com\/wp-content\/uploads\/2025\/11\/custom-printed-spout-pouch-2-150x150.webp 150w, https:\/\/www.topchinapack.com\/wp-content\/uploads\/2025\/11\/custom-printed-spout-pouch-2-768x768.webp 768w, https:\/\/www.topchinapack.com\/wp-content\/uploads\/2025\/11\/custom-printed-spout-pouch-2-12x12.webp 12w, https:\/\/www.topchinapack.com\/wp-content\/uploads\/2025\/11\/custom-printed-spout-pouch-2-1200x1200.webp 1200w, https:\/\/www.topchinapack.com\/wp-content\/uploads\/2025\/11\/custom-printed-spout-pouch-2-600x600.webp 600w, https:\/\/www.topchinapack.com\/wp-content\/uploads\/2025\/11\/custom-printed-spout-pouch-2-100x100.webp 100w\" sizes=\"(max-width: 2048px) 100vw, 2048px\" \/><\/figure>\n<\/div>\n\n\n\n<div class=\"wp-block-column is-layout-flow wp-block-column-is-layout-flow\">\n<figure class=\"wp-block-image size-full\"><img decoding=\"async\" width=\"2048\" height=\"2048\" src=\"https:\/\/www.topchinapack.com\/wp-content\/uploads\/2025\/11\/custom-printed-spout-pouch-4.webp\" alt=\"individuell bedruckter Ausgussbeutel (4)\" class=\"wp-image-2895\" srcset=\"https:\/\/www.topchinapack.com\/wp-content\/uploads\/2025\/11\/custom-printed-spout-pouch-4.webp 2048w, https:\/\/www.topchinapack.com\/wp-content\/uploads\/2025\/11\/custom-printed-spout-pouch-4-300x300.webp 300w, https:\/\/www.topchinapack.com\/wp-content\/uploads\/2025\/11\/custom-printed-spout-pouch-4-150x150.webp 150w, https:\/\/www.topchinapack.com\/wp-content\/uploads\/2025\/11\/custom-printed-spout-pouch-4-768x768.webp 768w, https:\/\/www.topchinapack.com\/wp-content\/uploads\/2025\/11\/custom-printed-spout-pouch-4-12x12.webp 12w, https:\/\/www.topchinapack.com\/wp-content\/uploads\/2025\/11\/custom-printed-spout-pouch-4-1200x1200.webp 1200w, https:\/\/www.topchinapack.com\/wp-content\/uploads\/2025\/11\/custom-printed-spout-pouch-4-600x600.webp 600w, https:\/\/www.topchinapack.com\/wp-content\/uploads\/2025\/11\/custom-printed-spout-pouch-4-100x100.webp 100w\" sizes=\"(max-width: 2048px) 100vw, 2048px\" \/><\/figure>\n<\/div>\n<\/div>","protected":false},"excerpt":{"rendered":"<p>Erweitern Sie Ihre Verpackungslinie f\u00fcr Fl\u00fcssigkeiten mit unseren Ausgie\u00dferbeuteln. Die aus lebensmittelechten Verbundwerkstoffen mit hoher Barrierewirkung hergestellten Beutel blockieren effektiv Sauerstoff, Feuchtigkeit und UV-Strahlen und verl\u00e4ngern so die Haltbarkeit von S\u00e4ften, So\u00dfen, Fruchtp\u00fcrees, Speise\u00f6len und Haushaltsfl\u00fcssigkeiten.<\/p>\n<p>Als Top <a href=\"https:\/\/www.topchinapack.com\/de\/produkt-kategorie\/custom-spout-pouches\/\" target=\"_blank\" rel=\"noopener\"><strong>Ausgie\u00dferbeutel Hersteller in Guangdong<\/strong><\/a>China, bieten wir \u00e4u\u00dferst wettbewerbsf\u00e4hige Preise, unterst\u00fctzen gro\u00dfe Gro\u00dfhandelsauftr\u00e4ge und bieten schnelle Lieferzeiten. Kontaktieren Sie uns jetzt!<\/p>\n<h2>Merkmale der individuell bedruckten Ausgie\u00dferbeutel-Verpackung<\/h2>\n<p><strong>Ma\u00dfgeschneiderter Service:<\/strong>\u00a0Material, Gr\u00f6\u00dfe, Druck, Muster und zus\u00e4tzliche Optionen<br \/><strong>Druckverfahren:<\/strong>\u00a0Tiefdruck, bis zu 10 Farben, unterst\u00fctzt kundenspezifischen Druck<br \/><strong>Merkmale:<\/strong>\u00a0langlebig, wasserdicht<br \/><strong>Lieferfrist:<\/strong>\u00a010-20 Tage<br \/><strong>Unterst\u00fctzung f\u00fcr kostenlose Proben<\/strong><br \/><strong>Zertifizierung:<\/strong>\u00a0ISO, FDA, BPA-frei, LFGB, EU-Norm<\/p>\n<ul>\n<li>\n<p><strong>Vollst\u00e4ndig anpassbar:<\/strong> Als Hersteller von Ausgie\u00dferbeuteln bieten wir Vollfarbdruck, individuelle Gr\u00f6\u00dfen, Formen und Verschlussfarben, um Ihre Marke im Regal hervorzuheben und spezifische Produktanforderungen zu erf\u00fcllen.<\/p>\n<\/li>\n<li>\n<p><strong>Schutz durch hohe Barrieren:<\/strong> Unsere ma\u00dfgefertigten Ausgie\u00dferbeutel werden sorgf\u00e4ltig aus mehreren Materialschichten hergestellt, um Feuchtigkeit, Sauerstoff, UV-Strahlen und Ger\u00fcche effektiv zu blockieren und so die Frische der Produkte l\u00e4nger zu erhalten.<\/p>\n<\/li>\n<li>\n<p><strong>Vielf\u00e4ltige Materialien und hervorragende Leistung:<\/strong> Zu den h\u00e4ufig verwendeten Materialien geh\u00f6ren PE, PA und PE, die eine gute Flexibilit\u00e4t, Verschlei\u00dffestigkeit, Isolierf\u00e4higkeit und Hitzebest\u00e4ndigkeit aufweisen.<\/p>\n<\/li>\n<li>\n<p><strong>Vielseitig f\u00fcr alle Branchen:<\/strong> Es eignet sich f\u00fcr eine breite Palette von Produkten, darunter S\u00e4fte, So\u00dfen, Babynahrung, Gew\u00fcrze, Speise\u00f6le, Smoothies, Reinigungsmittel und Gele, und unterst\u00fctzt Gro\u00dfh\u00e4ndler und Hersteller in verschiedenen Branchen.<\/p>\n<\/li>\n<li>\n<p><strong>Starke Produktionskapazit\u00e4t:<\/strong> Mit automatisierten Maschinen zur Herstellung von Beuteln und effizienten Arbeitsabl\u00e4ufen unterst\u00fctzen wir den schnellen Versand und gro\u00dfvolumige Gro\u00dfhandelsbestellungen und gew\u00e4hrleisten gleichzeitig eine gleichbleibende Qualit\u00e4t.<\/p>\n<\/li>\n<\/ul>","protected":false},"featured_media":2892,"comment_status":"closed","ping_status":"closed","template":"","meta":{"_acf_changed":false},"product_brand":[],"product_cat":[22,42],"product_tag":[],"class_list":{"0":"post-2799","1":"product","2":"type-product","3":"status-publish","4":"has-post-thumbnail","6":"product_cat-custom-spout-pouches","7":"product_cat-custom-vegetable-juice-spout-pouches","9":"first","10":"instock","11":"shipping-taxable","12":"product-type-simple"},"acf":[],"_links":{"self":[{"href":"https:\/\/www.topchinapack.com\/de\/wp-json\/wp\/v2\/product\/2799","targetHints":{"allow":["GET"]}}],"collection":[{"href":"https:\/\/www.topchinapack.com\/de\/wp-json\/wp\/v2\/product"}],"about":[{"href":"https:\/\/www.topchinapack.com\/de\/wp-json\/wp\/v2\/types\/product"}],"replies":[{"embeddable":true,"href":"https:\/\/www.topchinapack.com\/de\/wp-json\/wp\/v2\/comments?post=2799"}],"wp:featuredmedia":[{"embeddable":true,"href":"https:\/\/www.topchinapack.com\/de\/wp-json\/wp\/v2\/media\/2892"}],"wp:attachment":[{"href":"https:\/\/www.topchinapack.com\/de\/wp-json\/wp\/v2\/media?parent=2799"}],"wp:term":[{"taxonomy":"product_brand","embeddable":true,"href":"https:\/\/www.topchinapack.com\/de\/wp-json\/wp\/v2\/product_brand?post=2799"},{"taxonomy":"product_cat","embeddable":true,"href":"https:\/\/www.topchinapack.com\/de\/wp-json\/wp\/v2\/product_cat?post=2799"},{"taxonomy":"product_tag","embeddable":true,"href":"https:\/\/www.topchinapack.com\/de\/wp-json\/wp\/v2\/product_tag?post=2799"}],"curies":[{"name":"wp","href":"https:\/\/api.w.org\/{rel}","templated":true}]}}