{"id":2800,"date":"2025-02-14T09:35:26","date_gmt":"2025-02-14T09:35:26","guid":{"rendered":"https:\/\/www.topchinapack.com\/?post_type=product&#038;p=2800"},"modified":"2025-12-05T09:19:29","modified_gmt":"2025-12-05T09:19:29","slug":"wholesale-custom-printed-spout-pouches-with-brand-information","status":"publish","type":"product","link":"https:\/\/www.topchinapack.com\/de\/produkt\/wholesale-custom-printed-spout-pouches-with-brand-information\/","title":{"rendered":"Gro\u00dfhandel benutzerdefinierte gedruckt Spout Beutel mit Logo f\u00fcr Saft, So\u00dfe &amp; Fl\u00fcssigkeit Verpackung"},"content":{"rendered":"<div class=\"wp-block-columns is-layout-flex wp-container-core-columns-is-layout-9d6595d7 wp-block-columns-is-layout-flex\">\n<div class=\"wp-block-column is-layout-flow wp-block-column-is-layout-flow\">\n<figure class=\"wp-block-image size-full\"><img decoding=\"async\" width=\"2048\" height=\"2048\" src=\"https:\/\/www.topchinapack.com\/wp-content\/uploads\/2025\/11\/custom-printed-spout-pouches-2.webp\" alt=\"Individuell bedruckte Ausgussbeutel (2)\" class=\"wp-image-2899\" srcset=\"https:\/\/www.topchinapack.com\/wp-content\/uploads\/2025\/11\/custom-printed-spout-pouches-2.webp 2048w, https:\/\/www.topchinapack.com\/wp-content\/uploads\/2025\/11\/custom-printed-spout-pouches-2-300x300.webp 300w, https:\/\/www.topchinapack.com\/wp-content\/uploads\/2025\/11\/custom-printed-spout-pouches-2-150x150.webp 150w, https:\/\/www.topchinapack.com\/wp-content\/uploads\/2025\/11\/custom-printed-spout-pouches-2-768x768.webp 768w, https:\/\/www.topchinapack.com\/wp-content\/uploads\/2025\/11\/custom-printed-spout-pouches-2-12x12.webp 12w, https:\/\/www.topchinapack.com\/wp-content\/uploads\/2025\/11\/custom-printed-spout-pouches-2-1200x1200.webp 1200w, https:\/\/www.topchinapack.com\/wp-content\/uploads\/2025\/11\/custom-printed-spout-pouches-2-600x600.webp 600w, https:\/\/www.topchinapack.com\/wp-content\/uploads\/2025\/11\/custom-printed-spout-pouches-2-100x100.webp 100w\" sizes=\"(max-width: 2048px) 100vw, 2048px\" \/><\/figure>\n<\/div>\n\n\n\n<div class=\"wp-block-column is-layout-flow wp-block-column-is-layout-flow\">\n<figure class=\"wp-block-image size-full\"><img decoding=\"async\" width=\"2048\" height=\"2048\" src=\"https:\/\/www.topchinapack.com\/wp-content\/uploads\/2025\/11\/custom-printed-spout-pouches-3.webp\" alt=\"Individuell bedruckte Ausgussbeutel (3)\" class=\"wp-image-2900\" srcset=\"https:\/\/www.topchinapack.com\/wp-content\/uploads\/2025\/11\/custom-printed-spout-pouches-3.webp 2048w, https:\/\/www.topchinapack.com\/wp-content\/uploads\/2025\/11\/custom-printed-spout-pouches-3-300x300.webp 300w, https:\/\/www.topchinapack.com\/wp-content\/uploads\/2025\/11\/custom-printed-spout-pouches-3-150x150.webp 150w, https:\/\/www.topchinapack.com\/wp-content\/uploads\/2025\/11\/custom-printed-spout-pouches-3-768x768.webp 768w, https:\/\/www.topchinapack.com\/wp-content\/uploads\/2025\/11\/custom-printed-spout-pouches-3-12x12.webp 12w, https:\/\/www.topchinapack.com\/wp-content\/uploads\/2025\/11\/custom-printed-spout-pouches-3-1200x1200.webp 1200w, https:\/\/www.topchinapack.com\/wp-content\/uploads\/2025\/11\/custom-printed-spout-pouches-3-600x600.webp 600w, https:\/\/www.topchinapack.com\/wp-content\/uploads\/2025\/11\/custom-printed-spout-pouches-3-100x100.webp 100w\" sizes=\"(max-width: 2048px) 100vw, 2048px\" \/><\/figure>\n<\/div>\n<\/div>","protected":false},"excerpt":{"rendered":"<p>Versorgen Sie Ihre Produkte mit hochwertigen, individuell bedruckten Ausgie\u00dferbeuteln, die sich ideal f\u00fcr Getr\u00e4nke, So\u00dfen, \u00d6le, P\u00fcrees und Haushaltsfl\u00fcssigkeiten eignen.<\/p>\n<p>Unsere Beutel sind vollst\u00e4ndig anpassbar; Sie k\u00f6nnen die Gr\u00f6\u00dfe, den Ausgusstyp, die Farbe des Verschlusses und den Vollfarbdruck w\u00e4hlen. Wenden Sie sich noch heute an uns, um L\u00f6sungen von einem professionellen Hersteller von Ausgie\u00dferbeuteln zu erhalten.<\/p>\n<h2>Merkmale der individuell bedruckten Ausgie\u00dfertaschen<\/h2>\n<p><strong>Ma\u00dfgeschneiderter Service:<\/strong>\u00a0Material, Gr\u00f6\u00dfe, Druck, Muster und zus\u00e4tzliche Optionen<br \/><strong>Druckverfahren:<\/strong>\u00a0Tiefdruck, bis zu 10 Farben, unterst\u00fctzt kundenspezifischen Druck<br \/><strong>Merkmale:<\/strong>\u00a0langlebig, wasserdicht<br \/><strong>Lieferfrist:<\/strong>\u00a010-20 Tage<br \/><strong>Unterst\u00fctzung f\u00fcr kostenlose Proben<\/strong><br \/><strong>Zertifizierung:<\/strong>\u00a0ISO, FDA, BPA-frei, LFGB, EU-Norm<\/p>\n<p><strong>Menschenzentriertes Design:<\/strong> Die Ausgie\u00dfer sind mit wiederverschlie\u00dfbaren T\u00fcllen und Kappen ausgestattet, die ein auslaufsicheres Ausgie\u00dfen, ein einfaches Ausgie\u00dfen und ein sicheres Wiederverschlie\u00dfen erm\u00f6glichen und so das Verbrauchererlebnis verbessern.<\/p>\n<p><strong>Ideal f\u00fcr OEM- und ODM-Projekte:<\/strong> Als Hersteller von Ausgie\u00dferbeuteln k\u00f6nnen wir Zubeh\u00f6r, D\u00fcsengr\u00f6\u00dfen, Beutelstrukturen, Verbundmaterialien und Verpackungsformate entsprechend den spezifischen Marken- und Produktanforderungen anpassen.<\/p>\n<p><strong>Fortschrittliche Drucktechnik:<\/strong> Wir sind mit hochpr\u00e4zisen Tiefdruck- und Digitaldruck-Produktionslinien ausgestattet, die sicherstellen, dass Ihre Produktverpackungen satte, leuchtende Farben, Kratzfestigkeit und hochaufl\u00f6sende Bilder aufweisen.<\/p>\n<p><strong>Hochbarrierefreie, lebensmittelechte Materialien:<\/strong> Unsere Verpackungsbeutel bestehen aus mehrschichtigen Verbundfolien, die das Eindringen von Sauerstoff, Feuchtigkeit, UV-Strahlen und Ger\u00fcchen wirksam verhindern und den internationalen Sicherheitsstandards f\u00fcr Lebensmittel entsprechen.<\/p>","protected":false},"featured_media":2898,"comment_status":"closed","ping_status":"closed","template":"","meta":{"_acf_changed":false},"product_brand":[],"product_cat":[22,42],"product_tag":[],"class_list":{"0":"post-2800","1":"product","2":"type-product","3":"status-publish","4":"has-post-thumbnail","6":"product_cat-custom-spout-pouches","7":"product_cat-custom-vegetable-juice-spout-pouches","9":"first","10":"instock","11":"shipping-taxable","12":"product-type-simple"},"acf":[],"_links":{"self":[{"href":"https:\/\/www.topchinapack.com\/de\/wp-json\/wp\/v2\/product\/2800","targetHints":{"allow":["GET"]}}],"collection":[{"href":"https:\/\/www.topchinapack.com\/de\/wp-json\/wp\/v2\/product"}],"about":[{"href":"https:\/\/www.topchinapack.com\/de\/wp-json\/wp\/v2\/types\/product"}],"replies":[{"embeddable":true,"href":"https:\/\/www.topchinapack.com\/de\/wp-json\/wp\/v2\/comments?post=2800"}],"wp:featuredmedia":[{"embeddable":true,"href":"https:\/\/www.topchinapack.com\/de\/wp-json\/wp\/v2\/media\/2898"}],"wp:attachment":[{"href":"https:\/\/www.topchinapack.com\/de\/wp-json\/wp\/v2\/media?parent=2800"}],"wp:term":[{"taxonomy":"product_brand","embeddable":true,"href":"https:\/\/www.topchinapack.com\/de\/wp-json\/wp\/v2\/product_brand?post=2800"},{"taxonomy":"product_cat","embeddable":true,"href":"https:\/\/www.topchinapack.com\/de\/wp-json\/wp\/v2\/product_cat?post=2800"},{"taxonomy":"product_tag","embeddable":true,"href":"https:\/\/www.topchinapack.com\/de\/wp-json\/wp\/v2\/product_tag?post=2800"}],"curies":[{"name":"wp","href":"https:\/\/api.w.org\/{rel}","templated":true}]}}