{"id":2801,"date":"2025-11-24T09:41:44","date_gmt":"2025-11-24T09:41:44","guid":{"rendered":"https:\/\/www.topchinapack.com\/?post_type=product&#038;p=2801"},"modified":"2025-11-24T09:41:49","modified_gmt":"2025-11-24T09:41:49","slug":"custom-liquid-and-semi-liquid-food-spout-bags","status":"publish","type":"product","link":"https:\/\/www.topchinapack.com\/de\/produkt\/custom-liquid-and-semi-liquid-food-spout-bags\/","title":{"rendered":"Individuelle Beutel f\u00fcr fl\u00fcssige und halbfl\u00fcssige Lebensmittel"},"content":{"rendered":"<div class=\"wp-block-columns is-layout-flex wp-container-core-columns-is-layout-9d6595d7 wp-block-columns-is-layout-flex\">\n<div class=\"wp-block-column is-layout-flow wp-block-column-is-layout-flow\"><\/div>\n\n\n\n<div class=\"wp-block-column is-layout-flow wp-block-column-is-layout-flow\"><\/div>\n<\/div>\n\n\n\n<div class=\"wp-block-columns is-layout-flex wp-container-core-columns-is-layout-9d6595d7 wp-block-columns-is-layout-flex\">\n<div class=\"wp-block-column is-layout-flow wp-block-column-is-layout-flow\">\n<figure class=\"wp-block-image size-full\"><img decoding=\"async\" width=\"2048\" height=\"2048\" src=\"https:\/\/www.topchinapack.com\/wp-content\/uploads\/2025\/11\/spout-bag-4.webp\" alt=\"T\u00fcllenbeutel (4)\" class=\"wp-image-3064\" srcset=\"https:\/\/www.topchinapack.com\/wp-content\/uploads\/2025\/11\/spout-bag-4.webp 2048w, https:\/\/www.topchinapack.com\/wp-content\/uploads\/2025\/11\/spout-bag-4-300x300.webp 300w, https:\/\/www.topchinapack.com\/wp-content\/uploads\/2025\/11\/spout-bag-4-150x150.webp 150w, https:\/\/www.topchinapack.com\/wp-content\/uploads\/2025\/11\/spout-bag-4-768x768.webp 768w, https:\/\/www.topchinapack.com\/wp-content\/uploads\/2025\/11\/spout-bag-4-12x12.webp 12w, https:\/\/www.topchinapack.com\/wp-content\/uploads\/2025\/11\/spout-bag-4-1200x1200.webp 1200w, https:\/\/www.topchinapack.com\/wp-content\/uploads\/2025\/11\/spout-bag-4-600x600.webp 600w, https:\/\/www.topchinapack.com\/wp-content\/uploads\/2025\/11\/spout-bag-4-100x100.webp 100w\" sizes=\"(max-width: 2048px) 100vw, 2048px\" \/><\/figure>\n<\/div>\n\n\n\n<div class=\"wp-block-column is-layout-flow wp-block-column-is-layout-flow\">\n<figure class=\"wp-block-image size-full\"><img decoding=\"async\" width=\"2048\" height=\"2048\" src=\"https:\/\/www.topchinapack.com\/wp-content\/uploads\/2025\/11\/spout-bag-5.webp\" alt=\"T\u00fcllenbeutel (5)\" class=\"wp-image-3065\" srcset=\"https:\/\/www.topchinapack.com\/wp-content\/uploads\/2025\/11\/spout-bag-5.webp 2048w, https:\/\/www.topchinapack.com\/wp-content\/uploads\/2025\/11\/spout-bag-5-300x300.webp 300w, https:\/\/www.topchinapack.com\/wp-content\/uploads\/2025\/11\/spout-bag-5-150x150.webp 150w, https:\/\/www.topchinapack.com\/wp-content\/uploads\/2025\/11\/spout-bag-5-768x768.webp 768w, https:\/\/www.topchinapack.com\/wp-content\/uploads\/2025\/11\/spout-bag-5-12x12.webp 12w, https:\/\/www.topchinapack.com\/wp-content\/uploads\/2025\/11\/spout-bag-5-1200x1200.webp 1200w, https:\/\/www.topchinapack.com\/wp-content\/uploads\/2025\/11\/spout-bag-5-600x600.webp 600w, https:\/\/www.topchinapack.com\/wp-content\/uploads\/2025\/11\/spout-bag-5-100x100.webp 100w\" sizes=\"(max-width: 2048px) 100vw, 2048px\" \/><\/figure>\n<\/div>\n<\/div>","protected":false},"excerpt":{"rendered":"<p>Ma\u00dfgeschneiderte Ausgie\u00dferbeutel f\u00fcr Fl\u00fcssigkeiten und Halbfl\u00fcssigkeiten sind die ideale flexible Verpackungsl\u00f6sung f\u00fcr Ihre viskosen Produkte. Wir bieten einen umfassenden Anpassungsservice in Bezug auf Gr\u00f6\u00dfe, Form, Materialkonstruktion und Bedruckung, um sicherzustellen, dass Ihre Verpackung Ihr Markenimage und Ihre Produktanforderungen perfekt widerspiegelt.<\/p>\n<p>Als Fachmann <a href=\"https:\/\/www.topchinapack.com\/de\/produkt-kategorie\/custom-spout-pouches\/\" target=\"_blank\" rel=\"noopener\"><strong>Hersteller kundenspezifischer Ausgie\u00dferbeutel<\/strong><\/a>Wir verwenden den Zehn-Farben-Tiefdruck und bieten wettbewerbsf\u00e4hige Preise. Kontaktieren Sie uns noch heute.<\/p>\n<h2>Eigenschaften von Customized Stand-up Spout Bag<\/h2>\n<p><strong>Ma\u00dfgeschneiderter Service:<\/strong>\u00a0Material, Gr\u00f6\u00dfe, Druck, Muster und zus\u00e4tzliche Optionen<br \/><strong>Druckverfahren:<\/strong>\u00a0Tiefdruck, bis zu 10 Farben, unterst\u00fctzt kundenspezifischen Druck<br \/><strong>Merkmale:<\/strong>\u00a0langlebig, wasserdicht<br \/><strong>Lieferfrist:<\/strong>\u00a010-20 Tage<br \/><strong>Unterst\u00fctzung f\u00fcr kostenlose Proben<\/strong><br \/><strong>Zertifizierung:<\/strong>\u00a0ISO, FDA, BPA-frei, LFGB, EU-Norm<\/p>\n<ul>\n<li>\n<p><strong>Flexibles Design:<\/strong> Der Beutelk\u00f6rper kann mit verschiedenen Mustern und Informationen bedruckt werden, und auch seine Form kann je nach Bedarf angepasst werden. Dies steigert nicht nur die \u00c4sthetik des Produkts, sondern hebt auch die Eigenschaften der Marke hervor und zieht so die Verbraucher an.<\/p>\n<\/li>\n<li>\n<p><strong>Bequemlichkeit:<\/strong> Der Ausgie\u00dfer l\u00e4sst sich leicht \u00f6ffnen und schlie\u00dfen und ist wiederverschlie\u00dfbar, damit der Inhalt frisch bleibt und nicht verschwendet wird.<\/p>\n<\/li>\n<li>\n<p><strong>Selbstst\u00e4ndige Konstruktion:<\/strong> Der Boden des Beutels kann aufrecht gestellt werden, was Platz im Regal spart und das Einschenken oder Schl\u00fcrfen erleichtert.<\/p>\n<\/li>\n<li>\n<p><strong>Genau messen:<\/strong> Kleine Verpackungen erm\u00f6glichen eine genaue Kontrolle der einzelnen Verzehrsmenge und verhindern, dass das Getr\u00e4nk durch eine lange Lagerung in gro\u00dfen Beh\u00e4ltern verdirbt. Au\u00dferdem erleichtert sie den Eltern die Kontrolle \u00fcber die Verzehrmenge des Kindes.<\/p>\n<\/li>\n<li>\n<p><strong>Flexibles Design:<\/strong> Die T\u00fcllenbeutel k\u00f6nnen mit einer Vielzahl von Mustern und Informationen bedruckt werden, und die Form kann je nach Bedarf angepasst werden, was nicht nur die \u00c4sthetik des Produkts verbessert, sondern auch die Eigenschaften der Marke hervorhebt und die Verbraucher anzieht.<\/p>\n<\/li>\n<\/ul>","protected":false},"featured_media":3061,"comment_status":"closed","ping_status":"closed","template":"","meta":{"_acf_changed":false},"product_brand":[],"product_cat":[22,42],"product_tag":[],"class_list":{"0":"post-2801","1":"product","2":"type-product","3":"status-publish","4":"has-post-thumbnail","6":"product_cat-custom-spout-pouches","7":"product_cat-custom-vegetable-juice-spout-pouches","9":"first","10":"instock","11":"shipping-taxable","12":"product-type-simple"},"acf":[],"_links":{"self":[{"href":"https:\/\/www.topchinapack.com\/de\/wp-json\/wp\/v2\/product\/2801","targetHints":{"allow":["GET"]}}],"collection":[{"href":"https:\/\/www.topchinapack.com\/de\/wp-json\/wp\/v2\/product"}],"about":[{"href":"https:\/\/www.topchinapack.com\/de\/wp-json\/wp\/v2\/types\/product"}],"replies":[{"embeddable":true,"href":"https:\/\/www.topchinapack.com\/de\/wp-json\/wp\/v2\/comments?post=2801"}],"wp:featuredmedia":[{"embeddable":true,"href":"https:\/\/www.topchinapack.com\/de\/wp-json\/wp\/v2\/media\/3061"}],"wp:attachment":[{"href":"https:\/\/www.topchinapack.com\/de\/wp-json\/wp\/v2\/media?parent=2801"}],"wp:term":[{"taxonomy":"product_brand","embeddable":true,"href":"https:\/\/www.topchinapack.com\/de\/wp-json\/wp\/v2\/product_brand?post=2801"},{"taxonomy":"product_cat","embeddable":true,"href":"https:\/\/www.topchinapack.com\/de\/wp-json\/wp\/v2\/product_cat?post=2801"},{"taxonomy":"product_tag","embeddable":true,"href":"https:\/\/www.topchinapack.com\/de\/wp-json\/wp\/v2\/product_tag?post=2801"}],"curies":[{"name":"wp","href":"https:\/\/api.w.org\/{rel}","templated":true}]}}