{"id":2802,"date":"2025-02-24T09:49:25","date_gmt":"2025-02-24T09:49:25","guid":{"rendered":"https:\/\/www.topchinapack.com\/?post_type=product&#038;p=2802"},"modified":"2025-12-05T09:19:22","modified_gmt":"2025-12-05T09:19:22","slug":"custom-food-and-beverage-spout-pouches","status":"publish","type":"product","link":"https:\/\/www.topchinapack.com\/de\/produkt\/custom-food-and-beverage-spout-pouches\/","title":{"rendered":"Kundenspezifische Lebensmittel- und Getr\u00e4nkeausgabetaschen mit Zehnfarb-Tiefdruck"},"content":{"rendered":"<div class=\"wp-block-columns is-layout-flex wp-container-core-columns-is-layout-9d6595d7 wp-block-columns-is-layout-flex\">\n<div class=\"wp-block-column is-layout-flow wp-block-column-is-layout-flow\">\n<figure class=\"wp-block-image size-full\"><img decoding=\"async\" width=\"2048\" height=\"2048\" src=\"https:\/\/www.topchinapack.com\/wp-content\/uploads\/2025\/11\/food-spout-pouch-3.webp\" alt=\"T\u00fcllenbeutel f\u00fcr Lebensmittel (3)\" class=\"wp-image-3070\" srcset=\"https:\/\/www.topchinapack.com\/wp-content\/uploads\/2025\/11\/food-spout-pouch-3.webp 2048w, https:\/\/www.topchinapack.com\/wp-content\/uploads\/2025\/11\/food-spout-pouch-3-300x300.webp 300w, https:\/\/www.topchinapack.com\/wp-content\/uploads\/2025\/11\/food-spout-pouch-3-150x150.webp 150w, https:\/\/www.topchinapack.com\/wp-content\/uploads\/2025\/11\/food-spout-pouch-3-768x768.webp 768w, https:\/\/www.topchinapack.com\/wp-content\/uploads\/2025\/11\/food-spout-pouch-3-12x12.webp 12w, https:\/\/www.topchinapack.com\/wp-content\/uploads\/2025\/11\/food-spout-pouch-3-1200x1200.webp 1200w, https:\/\/www.topchinapack.com\/wp-content\/uploads\/2025\/11\/food-spout-pouch-3-600x600.webp 600w, https:\/\/www.topchinapack.com\/wp-content\/uploads\/2025\/11\/food-spout-pouch-3-100x100.webp 100w\" sizes=\"(max-width: 2048px) 100vw, 2048px\" \/><\/figure>\n<\/div>\n\n\n\n<div class=\"wp-block-column is-layout-flow wp-block-column-is-layout-flow\">\n<figure class=\"wp-block-image size-full\"><img decoding=\"async\" width=\"2048\" height=\"2048\" src=\"https:\/\/www.topchinapack.com\/wp-content\/uploads\/2025\/11\/food-spout-pouch-4.webp\" alt=\"Beutel f\u00fcr Lebensmittelausgie\u00dfer (4)\" class=\"wp-image-3071\" srcset=\"https:\/\/www.topchinapack.com\/wp-content\/uploads\/2025\/11\/food-spout-pouch-4.webp 2048w, https:\/\/www.topchinapack.com\/wp-content\/uploads\/2025\/11\/food-spout-pouch-4-300x300.webp 300w, https:\/\/www.topchinapack.com\/wp-content\/uploads\/2025\/11\/food-spout-pouch-4-150x150.webp 150w, https:\/\/www.topchinapack.com\/wp-content\/uploads\/2025\/11\/food-spout-pouch-4-768x768.webp 768w, https:\/\/www.topchinapack.com\/wp-content\/uploads\/2025\/11\/food-spout-pouch-4-12x12.webp 12w, https:\/\/www.topchinapack.com\/wp-content\/uploads\/2025\/11\/food-spout-pouch-4-1200x1200.webp 1200w, https:\/\/www.topchinapack.com\/wp-content\/uploads\/2025\/11\/food-spout-pouch-4-600x600.webp 600w, https:\/\/www.topchinapack.com\/wp-content\/uploads\/2025\/11\/food-spout-pouch-4-100x100.webp 100w\" sizes=\"(max-width: 2048px) 100vw, 2048px\" \/><\/figure>\n<\/div>\n<\/div>","protected":false},"excerpt":{"rendered":"<p>Unsere kundenspezifischen Ausgie\u00dferbeutel f\u00fcr Lebensmittel und Getr\u00e4nke verf\u00fcgen \u00fcber einen erstklassigen Zehn-Farben-Tiefdruck f\u00fcr lebendige, detaillierte Designs, die Ihre Marke hervorheben. Diese f\u00fcr Sicherheit und Komfort konzipierten Beutel sind ideal f\u00fcr S\u00e4fte, So\u00dfen, P\u00fcrees und andere fl\u00fcssige oder halbfl\u00fcssige Produkte. Gr\u00f6\u00dfe, Form und Design sind vollst\u00e4ndig anpassbar, um Ihre Verpackungsanforderungen zu erf\u00fcllen.<\/p>\n<h2>Merkmale der kundenspezifischen Ausgie\u00dfertaschen<\/h2>\n<p><strong>Ma\u00dfgeschneiderter Service:<\/strong>\u00a0Material, Gr\u00f6\u00dfe, Druck, Muster und zus\u00e4tzliche Optionen<br \/><strong>Druckverfahren:<\/strong>\u00a0Tiefdruck, bis zu 10 Farben, unterst\u00fctzt kundenspezifischen Druck<br \/><strong>Merkmale:<\/strong>\u00a0langlebig, wasserdicht<br \/><strong>Lieferfrist:<\/strong>\u00a010-20 Tage<br \/><strong>Unterst\u00fctzung f\u00fcr kostenlose Proben<\/strong><br \/><strong>Zertifizierung:<\/strong>\u00a0ISO, FDA, BPA-frei, LFGB, EU-Norm<\/p>\n<p><strong>Starke Abdichtung<\/strong>: Der Beutel besteht meist aus Verbundfolienmaterial und ist mit einer D\u00fcse mit guter Versiegelungsleistung ausgestattet, die Luft, Feuchtigkeit und Verunreinigungen wirksam isolieren, die Haltbarkeit von Gelee verl\u00e4ngern und Verderb verhindern kann.<\/p>\n<p><strong>Leicht und tragbar<\/strong>: Im Vergleich zu Flaschen- und Dosengetr\u00e4nken sind die Getr\u00e4nkeverpackungsbeutel leichter und kleiner.<\/p>\n<p><strong><b>Funktionsweise<\/b><\/strong>: Auslaufsicher und kontaminationsresistent, verhindert wirksam Lecks und Oxidation und verl\u00e4ngert die Haltbarkeit.<\/p>\n<p><strong>Niedrigere Kosten<\/strong>: Im Vergleich zu harten Verpackungsmaterialien wie Glasflaschen und Plastikbechern werden f\u00fcr die Herstellung von Saugbeuteln weniger Rohstoffe ben\u00f6tigt und die Verarbeitung ist einfacher. Infolgedessen sind die Verpackungskosten niedriger, was f\u00fcr Unternehmen von Vorteil ist, um die Kosten zu kontrollieren.<\/p>\n<p><strong>Exquisiter Druck<\/strong>: Der hochpr\u00e4zise Druck mit umweltfreundlichen Farben kann satte Farben und exquisite Muster darstellen, die Produktinformationen und das Markenimage deutlich machen und die Verbraucher zum Kauf anregen.<\/p>","protected":false},"featured_media":3068,"comment_status":"closed","ping_status":"closed","template":"","meta":{"_acf_changed":true},"product_brand":[],"product_cat":[22],"product_tag":[],"class_list":{"0":"post-2802","1":"product","2":"type-product","3":"status-publish","4":"has-post-thumbnail","6":"product_cat-custom-spout-pouches","8":"first","9":"instock","10":"shipping-taxable","11":"product-type-simple"},"acf":[],"_links":{"self":[{"href":"https:\/\/www.topchinapack.com\/de\/wp-json\/wp\/v2\/product\/2802","targetHints":{"allow":["GET"]}}],"collection":[{"href":"https:\/\/www.topchinapack.com\/de\/wp-json\/wp\/v2\/product"}],"about":[{"href":"https:\/\/www.topchinapack.com\/de\/wp-json\/wp\/v2\/types\/product"}],"replies":[{"embeddable":true,"href":"https:\/\/www.topchinapack.com\/de\/wp-json\/wp\/v2\/comments?post=2802"}],"wp:featuredmedia":[{"embeddable":true,"href":"https:\/\/www.topchinapack.com\/de\/wp-json\/wp\/v2\/media\/3068"}],"wp:attachment":[{"href":"https:\/\/www.topchinapack.com\/de\/wp-json\/wp\/v2\/media?parent=2802"}],"wp:term":[{"taxonomy":"product_brand","embeddable":true,"href":"https:\/\/www.topchinapack.com\/de\/wp-json\/wp\/v2\/product_brand?post=2802"},{"taxonomy":"product_cat","embeddable":true,"href":"https:\/\/www.topchinapack.com\/de\/wp-json\/wp\/v2\/product_cat?post=2802"},{"taxonomy":"product_tag","embeddable":true,"href":"https:\/\/www.topchinapack.com\/de\/wp-json\/wp\/v2\/product_tag?post=2802"}],"curies":[{"name":"wp","href":"https:\/\/api.w.org\/{rel}","templated":true}]}}