{"id":2805,"date":"2024-12-05T09:36:09","date_gmt":"2024-12-05T09:36:09","guid":{"rendered":"https:\/\/www.topchinapack.com\/?post_type=product&#038;p=2805"},"modified":"2025-12-19T08:30:52","modified_gmt":"2025-12-19T08:30:52","slug":"custom-resealable-liquid-packaging-bag","status":"publish","type":"product","link":"https:\/\/www.topchinapack.com\/de\/produkt\/custom-resealable-liquid-packaging-bag\/","title":{"rendered":"Kundenspezifische Saftt\u00fclle - Wiederverschlie\u00dfbarer Verpackungsbeutel f\u00fcr Fl\u00fcssigkeiten mit T\u00fclle"},"content":{"rendered":"<div class=\"wp-block-columns is-layout-flex wp-container-core-columns-is-layout-9d6595d7 wp-block-columns-is-layout-flex\">\n<div class=\"wp-block-column is-layout-flow wp-block-column-is-layout-flow\"><\/div>\n\n\n\n<div class=\"wp-block-column is-layout-flow wp-block-column-is-layout-flow\"><\/div>\n<\/div>\n\n\n\n<div class=\"wp-block-columns is-layout-flex wp-container-core-columns-is-layout-9d6595d7 wp-block-columns-is-layout-flex\">\n<div class=\"wp-block-column is-layout-flow wp-block-column-is-layout-flow\">\n<figure class=\"wp-block-image size-full\"><img decoding=\"async\" width=\"1200\" height=\"1200\" src=\"https:\/\/www.topchinapack.com\/wp-content\/uploads\/2025\/11\/juice-spout-pouch-2.webp\" alt=\"Beutel mit Saftt\u00fclle (2)\" class=\"wp-image-3168\" srcset=\"https:\/\/www.topchinapack.com\/wp-content\/uploads\/2025\/11\/juice-spout-pouch-2.webp 1200w, https:\/\/www.topchinapack.com\/wp-content\/uploads\/2025\/11\/juice-spout-pouch-2-300x300.webp 300w, https:\/\/www.topchinapack.com\/wp-content\/uploads\/2025\/11\/juice-spout-pouch-2-150x150.webp 150w, https:\/\/www.topchinapack.com\/wp-content\/uploads\/2025\/11\/juice-spout-pouch-2-768x768.webp 768w, https:\/\/www.topchinapack.com\/wp-content\/uploads\/2025\/11\/juice-spout-pouch-2-12x12.webp 12w, https:\/\/www.topchinapack.com\/wp-content\/uploads\/2025\/11\/juice-spout-pouch-2-600x600.webp 600w, https:\/\/www.topchinapack.com\/wp-content\/uploads\/2025\/11\/juice-spout-pouch-2-100x100.webp 100w\" sizes=\"(max-width: 1200px) 100vw, 1200px\" \/><\/figure>\n<\/div>\n\n\n\n<div class=\"wp-block-column is-layout-flow wp-block-column-is-layout-flow\">\n<figure class=\"wp-block-image size-full\"><img decoding=\"async\" width=\"1200\" height=\"1200\" src=\"https:\/\/www.topchinapack.com\/wp-content\/uploads\/2025\/11\/juice-spout-pouch-3.webp\" alt=\"Beutel mit Saftt\u00fclle (3)\" class=\"wp-image-3169\" srcset=\"https:\/\/www.topchinapack.com\/wp-content\/uploads\/2025\/11\/juice-spout-pouch-3.webp 1200w, https:\/\/www.topchinapack.com\/wp-content\/uploads\/2025\/11\/juice-spout-pouch-3-300x300.webp 300w, https:\/\/www.topchinapack.com\/wp-content\/uploads\/2025\/11\/juice-spout-pouch-3-150x150.webp 150w, https:\/\/www.topchinapack.com\/wp-content\/uploads\/2025\/11\/juice-spout-pouch-3-768x768.webp 768w, https:\/\/www.topchinapack.com\/wp-content\/uploads\/2025\/11\/juice-spout-pouch-3-12x12.webp 12w, https:\/\/www.topchinapack.com\/wp-content\/uploads\/2025\/11\/juice-spout-pouch-3-600x600.webp 600w, https:\/\/www.topchinapack.com\/wp-content\/uploads\/2025\/11\/juice-spout-pouch-3-100x100.webp 100w\" sizes=\"(max-width: 1200px) 100vw, 1200px\" \/><\/figure>\n<\/div>\n<\/div>","protected":false},"excerpt":{"rendered":"<p data-pm-slice=\"0 0 []\">Gro\u00dfhandel benutzerdefinierte Ausgie\u00dfer-Beutel. Diese Ausgie\u00dferbeutel sind aus lebensmittelechten Materialien mit hoher Barriere hergestellt, um S\u00e4fte, Smoothies und Energydrinks frisch und geschmackvoll zu halten und gleichzeitig ein Auslaufen zu verhindern.<\/p>\n<p>Wir bieten umfassende OEM\/ODM-Anpassungsdienste. Sie k\u00f6nnen Verpackungsbeutelgr\u00f6\u00dfen, Ausgie\u00dferformen und lebendige Druckdesigns anpassen, um Ihrem Markenimage gerecht zu werden. Kontaktieren Sie uns jetzt f\u00fcr ein Angebot.<\/p>\n<h2>Eigenschaften von Customized Stand-up Spout Bag<\/h2>\n<p><strong>Ma\u00dfgeschneiderter Service:<\/strong>\u00a0Material, Gr\u00f6\u00dfe, Druck, Muster und zus\u00e4tzliche Optionen<br \/><strong>Druckverfahren:<\/strong>\u00a0Tiefdruck, bis zu 10 Farben, unterst\u00fctzt kundenspezifischen Druck<br \/><strong>Merkmale:<\/strong>\u00a0langlebig, wasserdicht<br \/><strong>Lieferfrist:<\/strong>\u00a010-20 Tage<br \/><strong>Unterst\u00fctzung f\u00fcr kostenlose Proben<\/strong><br \/><strong>Zertifizierung:<\/strong>\u00a0ISO, FDA, BPA-frei, LFGB, EU-Norm<\/p>\n<p data-pm-slice=\"0 0 []\"><strong>Lebensmittelgeeignete und sichere Materialien:<\/strong> Hergestellt aus BPA-freien, lebensmittelechten Materialien, die die Frische, den Geschmack und den N\u00e4hrwert von Getr\u00e4nken sch\u00fctzen.<\/p>\n<p><strong>Ausgezeichnete auslaufsichere Leistung:<\/strong> Die hitzeversiegelte Struktur und die sichere Ausgie\u00dfkappe sorgen daf\u00fcr, dass beim Transport, bei der Auslage im Einzelhandel oder bei der Verwendung durch den Verbraucher nichts ausl\u00e4uft.<\/p>\n<p><strong>Bequemer, wiederverschlie\u00dfbarer Ausguss:<\/strong> Das Design des Ausgie\u00dfers erm\u00f6glicht ein problemloses Ausgie\u00dfen und Wiederverschlie\u00dfen, ideal f\u00fcr Saft, Smoothies, Energydrinks und fl\u00fcssige Lebensmittel.<\/p>\n<p><strong>Leicht und platzsparend:<\/strong> Im Vergleich zu starren Flaschen reduzieren Ausgie\u00dferbeutel das Lagervolumen und die Transportkosten und unterst\u00fctzen damit eine umweltfreundliche Logistik.<\/p>","protected":false},"featured_media":3167,"comment_status":"closed","ping_status":"closed","template":"","meta":{"_acf_changed":true},"product_brand":[],"product_cat":[22,39],"product_tag":[],"class_list":{"0":"post-2805","1":"product","2":"type-product","3":"status-publish","4":"has-post-thumbnail","6":"product_cat-custom-spout-pouches","7":"product_cat-custom-juice-spout-pouches","9":"first","10":"instock","11":"shipping-taxable","12":"product-type-simple"},"acf":[],"_links":{"self":[{"href":"https:\/\/www.topchinapack.com\/de\/wp-json\/wp\/v2\/product\/2805","targetHints":{"allow":["GET"]}}],"collection":[{"href":"https:\/\/www.topchinapack.com\/de\/wp-json\/wp\/v2\/product"}],"about":[{"href":"https:\/\/www.topchinapack.com\/de\/wp-json\/wp\/v2\/types\/product"}],"replies":[{"embeddable":true,"href":"https:\/\/www.topchinapack.com\/de\/wp-json\/wp\/v2\/comments?post=2805"}],"wp:featuredmedia":[{"embeddable":true,"href":"https:\/\/www.topchinapack.com\/de\/wp-json\/wp\/v2\/media\/3167"}],"wp:attachment":[{"href":"https:\/\/www.topchinapack.com\/de\/wp-json\/wp\/v2\/media?parent=2805"}],"wp:term":[{"taxonomy":"product_brand","embeddable":true,"href":"https:\/\/www.topchinapack.com\/de\/wp-json\/wp\/v2\/product_brand?post=2805"},{"taxonomy":"product_cat","embeddable":true,"href":"https:\/\/www.topchinapack.com\/de\/wp-json\/wp\/v2\/product_cat?post=2805"},{"taxonomy":"product_tag","embeddable":true,"href":"https:\/\/www.topchinapack.com\/de\/wp-json\/wp\/v2\/product_tag?post=2805"}],"curies":[{"name":"wp","href":"https:\/\/api.w.org\/{rel}","templated":true}]}}