{"id":3056,"date":"2026-01-09T04:12:27","date_gmt":"2026-01-09T04:12:27","guid":{"rendered":"https:\/\/www.topchinapack.com\/?post_type=product&#038;p=3056"},"modified":"2026-01-09T04:12:32","modified_gmt":"2026-01-09T04:12:32","slug":"custom-stand-up-pouch-packaging-for-dried-vegetables","status":"publish","type":"product","link":"https:\/\/www.topchinapack.com\/de\/produkt\/custom-stand-up-pouch-packaging-for-dried-vegetables\/","title":{"rendered":"Kundenspezifische Standbodenbeutelverpackungen f\u00fcr getrocknetes Gem\u00fcse und getrocknete Pilze"},"content":{"rendered":"<div class=\"wp-block-columns is-layout-flex wp-container-core-columns-is-layout-9d6595d7 wp-block-columns-is-layout-flex\">\n<div class=\"wp-block-column is-layout-flow wp-block-column-is-layout-flow\">\n<figure class=\"wp-block-image size-full\"><img decoding=\"async\" width=\"800\" height=\"800\" src=\"https:\/\/www.topchinapack.com\/wp-content\/uploads\/2026\/01\/custom-stand-up-pouch-packaging-1.webp\" alt=\"Kundenspezifische Standbodenbeutel-Verpackungen (1)\" class=\"wp-image-3545\" srcset=\"https:\/\/www.topchinapack.com\/wp-content\/uploads\/2026\/01\/custom-stand-up-pouch-packaging-1.webp 800w, https:\/\/www.topchinapack.com\/wp-content\/uploads\/2026\/01\/custom-stand-up-pouch-packaging-1-300x300.webp 300w, https:\/\/www.topchinapack.com\/wp-content\/uploads\/2026\/01\/custom-stand-up-pouch-packaging-1-150x150.webp 150w, https:\/\/www.topchinapack.com\/wp-content\/uploads\/2026\/01\/custom-stand-up-pouch-packaging-1-768x768.webp 768w, https:\/\/www.topchinapack.com\/wp-content\/uploads\/2026\/01\/custom-stand-up-pouch-packaging-1-12x12.webp 12w, https:\/\/www.topchinapack.com\/wp-content\/uploads\/2026\/01\/custom-stand-up-pouch-packaging-1-600x600.webp 600w, https:\/\/www.topchinapack.com\/wp-content\/uploads\/2026\/01\/custom-stand-up-pouch-packaging-1-100x100.webp 100w\" sizes=\"(max-width: 800px) 100vw, 800px\" \/><\/figure>\n<\/div>\n\n\n\n<div class=\"wp-block-column is-layout-flow wp-block-column-is-layout-flow\">\n<figure class=\"wp-block-image size-full\"><img decoding=\"async\" width=\"800\" height=\"800\" src=\"https:\/\/www.topchinapack.com\/wp-content\/uploads\/2026\/01\/custom-stand-up-pouch-packaging-2.webp\" alt=\"Kundenspezifische Standbodenbeutel-Verpackungen (2)\" class=\"wp-image-3546\" srcset=\"https:\/\/www.topchinapack.com\/wp-content\/uploads\/2026\/01\/custom-stand-up-pouch-packaging-2.webp 800w, https:\/\/www.topchinapack.com\/wp-content\/uploads\/2026\/01\/custom-stand-up-pouch-packaging-2-300x300.webp 300w, https:\/\/www.topchinapack.com\/wp-content\/uploads\/2026\/01\/custom-stand-up-pouch-packaging-2-150x150.webp 150w, https:\/\/www.topchinapack.com\/wp-content\/uploads\/2026\/01\/custom-stand-up-pouch-packaging-2-768x768.webp 768w, https:\/\/www.topchinapack.com\/wp-content\/uploads\/2026\/01\/custom-stand-up-pouch-packaging-2-12x12.webp 12w, https:\/\/www.topchinapack.com\/wp-content\/uploads\/2026\/01\/custom-stand-up-pouch-packaging-2-600x600.webp 600w, https:\/\/www.topchinapack.com\/wp-content\/uploads\/2026\/01\/custom-stand-up-pouch-packaging-2-100x100.webp 100w\" sizes=\"(max-width: 800px) 100vw, 800px\" \/><\/figure>\n<\/div>\n<\/div>","protected":false},"excerpt":{"rendered":"<p>Verpacken Sie Ihre Produkte in unseren hochwertigen, individuell gestaltbaren Standbodenbeuteln. Diese haltbaren, rei\u00dffesten Beutel bewahren Frische, Geschmack und N\u00e4hrstoffe, indem sie Feuchtigkeit, Sauerstoff und Licht effektiv abschirmen. Es sind umfassende Anpassungsm\u00f6glichkeiten verf\u00fcgbar, einschlie\u00dflich wiederverschlie\u00dfbarer Rei\u00dfverschl\u00fcsse und transparenter Fenster. Kontaktieren Sie uns f\u00fcr ein Angebot.<\/p>\n<h2>Informationen zum Produkt<\/h2>\n<p><strong>Ma\u00dfgeschneiderter Service:<\/strong>\u00a0Material, Gr\u00f6\u00dfe, Druck, Muster und zus\u00e4tzliche Optionen<br \/><strong>Druckverfahren:<\/strong>\u00a0Tiefdruck, bis zu 10 Farben, unterst\u00fctzt kundenspezifischen Druck<br \/><strong>Merkmale:<\/strong>\u00a0langlebig, wasserdicht<br \/><strong>Lieferfrist:<\/strong>\u00a010-20 Tage<br \/><strong>Unterst\u00fctzung f\u00fcr kostenlose Proben<\/strong><br \/><strong>Zertifizierung:<\/strong>\u00a0ISO, FDA, BPA-frei, LFGB, EU-Norm<\/p>\n<h2>Eigenschaften von Custom Stand-up Pouch f\u00fcr getrocknetes Gem\u00fcse<\/h2>\n<p><strong>Schutz vor Luftfeuchtigkeit, Sauerstoff und Licht<\/strong><\/p>\n<p>Getrocknetes Gem\u00fcse und Pilze sind sehr empfindlich gegen\u00fcber Feuchtigkeit und Sauerstoff.<\/p>\n<ul>\n<li>Unsere Standbodenbeutel bestehen aus mehreren Schichten PET und verhindern durch die Verwendung mehrschichtiger Barrierematerialien das Eindringen von Wasserdampf, Sauerstoff und ultraviolettem Licht.<\/li>\n<\/ul>\n<p><strong>Gute Haltbarkeit und St\u00e4rke<\/strong><\/p>\n<ul>\n<li>\n<p>W\u00e4hrend der Lagerung, des Transports und der Handhabung k\u00f6nnen Trockenprodukte zerdr\u00fcckt oder ihre Verpackungen durchl\u00f6chert werden. Besch\u00e4digte Verpackungen mindern das Vertrauen der Verbraucher.<\/p>\n<\/li>\n<li>\n<p>Unsere Standbeutel werden aus rei\u00dffester und durchsto\u00dffester Folie hergestellt und bieten eine hervorragende Leistung beim Transport und der Handhabung des Produkts.<\/p>\n<\/li>\n<\/ul>\n<p><strong>Bequemlichkeit und Wiederverwendbarkeit<\/strong><\/p>\n<ul>\n<li>Die Verbraucher bevorzugen Verpackungen, die leicht zu \u00f6ffnen, auszugie\u00dfen und wieder zu verschlie\u00dfen sind. Ein Produkt, das bequem zu benutzen ist, regt zu Wiederholungsk\u00e4ufen an.<\/li>\n<li>Die Standtasche verf\u00fcgt \u00fcber einen Rei\u00dfverschluss und eine leicht zu \u00f6ffnende \u00d6ffnung, was sie f\u00fcr den Benutzer sehr praktisch macht.<\/li>\n<\/ul>","protected":false},"featured_media":3548,"comment_status":"closed","ping_status":"closed","template":"","meta":{"_acf_changed":true},"product_brand":[],"product_cat":[20],"product_tag":[],"class_list":{"0":"post-3056","1":"product","2":"type-product","3":"status-publish","4":"has-post-thumbnail","6":"product_cat-custom-stand-up-pouch","8":"first","9":"instock","10":"shipping-taxable","11":"product-type-simple"},"acf":[],"_links":{"self":[{"href":"https:\/\/www.topchinapack.com\/de\/wp-json\/wp\/v2\/product\/3056","targetHints":{"allow":["GET"]}}],"collection":[{"href":"https:\/\/www.topchinapack.com\/de\/wp-json\/wp\/v2\/product"}],"about":[{"href":"https:\/\/www.topchinapack.com\/de\/wp-json\/wp\/v2\/types\/product"}],"replies":[{"embeddable":true,"href":"https:\/\/www.topchinapack.com\/de\/wp-json\/wp\/v2\/comments?post=3056"}],"wp:featuredmedia":[{"embeddable":true,"href":"https:\/\/www.topchinapack.com\/de\/wp-json\/wp\/v2\/media\/3548"}],"wp:attachment":[{"href":"https:\/\/www.topchinapack.com\/de\/wp-json\/wp\/v2\/media?parent=3056"}],"wp:term":[{"taxonomy":"product_brand","embeddable":true,"href":"https:\/\/www.topchinapack.com\/de\/wp-json\/wp\/v2\/product_brand?post=3056"},{"taxonomy":"product_cat","embeddable":true,"href":"https:\/\/www.topchinapack.com\/de\/wp-json\/wp\/v2\/product_cat?post=3056"},{"taxonomy":"product_tag","embeddable":true,"href":"https:\/\/www.topchinapack.com\/de\/wp-json\/wp\/v2\/product_tag?post=3056"}],"curies":[{"name":"wp","href":"https:\/\/api.w.org\/{rel}","templated":true}]}}