{"id":3483,"date":"2026-01-08T01:54:14","date_gmt":"2026-01-08T01:54:14","guid":{"rendered":"https:\/\/www.topchinapack.com\/?post_type=product&#038;p=3483"},"modified":"2026-01-08T01:54:17","modified_gmt":"2026-01-08T01:54:17","slug":"custom-fruit-puree-spout-pouch-packaging","status":"publish","type":"product","link":"https:\/\/www.topchinapack.com\/de\/produkt\/custom-fruit-puree-spout-pouch-packaging\/","title":{"rendered":"Gro\u00dfhandel benutzerdefinierte Fruchtp\u00fcree Spout Beutel - Lebensmittelqualit\u00e4t Fruchtp\u00fcree Verpackung"},"content":{"rendered":"<div class=\"wp-block-columns is-layout-flex wp-container-core-columns-is-layout-9d6595d7 wp-block-columns-is-layout-flex\">\n<div class=\"wp-block-column is-layout-flow wp-block-column-is-layout-flow\">\n<figure class=\"wp-block-image size-full\"><img decoding=\"async\" width=\"800\" height=\"800\" src=\"https:\/\/www.topchinapack.com\/wp-content\/uploads\/2026\/01\/custom-fruit-puree-spout-pouch-4.webp\" alt=\"kundenspezifische Fruchtp\u00fcree-T\u00fcllenbeutel (4)\" class=\"wp-image-3514\" srcset=\"https:\/\/www.topchinapack.com\/wp-content\/uploads\/2026\/01\/custom-fruit-puree-spout-pouch-4.webp 800w, https:\/\/www.topchinapack.com\/wp-content\/uploads\/2026\/01\/custom-fruit-puree-spout-pouch-4-300x300.webp 300w, https:\/\/www.topchinapack.com\/wp-content\/uploads\/2026\/01\/custom-fruit-puree-spout-pouch-4-150x150.webp 150w, https:\/\/www.topchinapack.com\/wp-content\/uploads\/2026\/01\/custom-fruit-puree-spout-pouch-4-768x768.webp 768w, https:\/\/www.topchinapack.com\/wp-content\/uploads\/2026\/01\/custom-fruit-puree-spout-pouch-4-12x12.webp 12w, https:\/\/www.topchinapack.com\/wp-content\/uploads\/2026\/01\/custom-fruit-puree-spout-pouch-4-600x600.webp 600w, https:\/\/www.topchinapack.com\/wp-content\/uploads\/2026\/01\/custom-fruit-puree-spout-pouch-4-100x100.webp 100w\" sizes=\"(max-width: 800px) 100vw, 800px\" \/><\/figure>\n<\/div>\n\n\n\n<div class=\"wp-block-column is-layout-flow wp-block-column-is-layout-flow\">\n<figure class=\"wp-block-image size-full\"><img decoding=\"async\" width=\"800\" height=\"800\" src=\"https:\/\/www.topchinapack.com\/wp-content\/uploads\/2026\/01\/custom-fruit-puree-spout-pouch-6.webp\" alt=\"kundenspezifische Fruchtp\u00fcree-T\u00fcllenbeutel (6)\" class=\"wp-image-3516\" srcset=\"https:\/\/www.topchinapack.com\/wp-content\/uploads\/2026\/01\/custom-fruit-puree-spout-pouch-6.webp 800w, https:\/\/www.topchinapack.com\/wp-content\/uploads\/2026\/01\/custom-fruit-puree-spout-pouch-6-300x300.webp 300w, https:\/\/www.topchinapack.com\/wp-content\/uploads\/2026\/01\/custom-fruit-puree-spout-pouch-6-150x150.webp 150w, https:\/\/www.topchinapack.com\/wp-content\/uploads\/2026\/01\/custom-fruit-puree-spout-pouch-6-768x768.webp 768w, https:\/\/www.topchinapack.com\/wp-content\/uploads\/2026\/01\/custom-fruit-puree-spout-pouch-6-12x12.webp 12w, https:\/\/www.topchinapack.com\/wp-content\/uploads\/2026\/01\/custom-fruit-puree-spout-pouch-6-600x600.webp 600w, https:\/\/www.topchinapack.com\/wp-content\/uploads\/2026\/01\/custom-fruit-puree-spout-pouch-6-100x100.webp 100w\" sizes=\"(max-width: 800px) 100vw, 800px\" \/><\/figure>\n<\/div>\n<\/div>","protected":false},"excerpt":{"rendered":"<p>Kundenspezifische Fruchtp\u00fcree-T\u00fcllenbeutel f\u00fcr den Gro\u00dfhandel, die sich durch hervorragende Verschlusseigenschaften und bequeme Dosierung auszeichnen. Wir k\u00f6nnen die Kompatibilit\u00e4t mit Ihrem Abf\u00fcllprozess und Ihren spezifischen Anforderungen sicherstellen. Kontaktieren Sie uns f\u00fcr ein Angebot.<\/p>\n<h2>Informationen zum Produkt<\/h2>\n<p><strong>Ma\u00dfgeschneiderter Service:<\/strong>\u00a0Material, Gr\u00f6\u00dfe, Druck, Muster und zus\u00e4tzliche Optionen<br \/><strong>Druckverfahren:<\/strong>\u00a0Tiefdruck, bis zu 10 Farben, unterst\u00fctzt kundenspezifischen Druck<br \/><strong>Merkmale:<\/strong>\u00a0langlebig, wasserdicht<br \/><strong>Lieferfrist:<\/strong>\u00a010-20 Tage<br \/><strong>Unterst\u00fctzung f\u00fcr kostenlose Proben<\/strong><br \/><strong>Zertifizierung:<\/strong>\u00a0ISO, FDA, BPA-frei, LFGB, EU-Norm<\/p>\n<h2>Eigenschaften von Custom Fruit Puree Spout Pouch<\/h2>\n<ul>\n<li>\n<p><strong>Zertifizierte lebensmittelechte und sichere Materialien:<\/strong> Unsere ma\u00dfgefertigten T\u00fcllenbeutel werden aus hochwertigen, lebensmittelechten Materialien hergestellt, sind BPA-frei, ungiftig und geruchsneutral. Die Verpackung entspricht den internationalen Vorschriften zur Lebensmittelsicherheit.<\/p>\n<\/li>\n<li>\n<p><strong>Zuverl\u00e4ssiges, auslaufsicheres Auslauf- und Verschlusssystem:<\/strong> Mit einer pr\u00e4zisionsgeformten T\u00fclle und einem hochwirksamen Schraubverschluss verhindern unsere Beutel wirksam das Auslaufen und Versch\u00fctten. Diese Struktur gew\u00e4hrleistet auch unter Druck eine sichere Abdichtung.<\/p>\n<\/li>\n<li>\n<p><strong>Starke Barriereeigenschaften:<\/strong> Fruchtp\u00fcrees sind sehr empfindlich gegen\u00fcber Sauerstoff, Feuchtigkeit und Licht, was ihren Geschmack, ihre Farbe und ihren N\u00e4hrwert beeintr\u00e4chtigen kann. Unsere Ausgie\u00dferbeutel bestehen aus einer mehrschichtigen Verbundstruktur, die einen hervorragenden Barriereschutz bietet, die Haltbarkeit verl\u00e4ngert und die Frische des Produkts erh\u00e4lt.<\/p>\n<\/li>\n<li>\n<p><strong>Hochgradig anpassbar:<\/strong> Wir bieten umfassende Anpassungsm\u00f6glichkeiten, einschlie\u00dflich Beutelgr\u00f6\u00dfe, Form, Materialstruktur, Ausgusstyp und Position.<\/p>\n<\/li>\n<\/ul>","protected":false},"featured_media":3511,"comment_status":"closed","ping_status":"closed","template":"","meta":{"_acf_changed":true},"product_brand":[],"product_cat":[22],"product_tag":[],"class_list":{"0":"post-3483","1":"product","2":"type-product","3":"status-publish","4":"has-post-thumbnail","6":"product_cat-custom-spout-pouches","8":"first","9":"instock","10":"shipping-taxable","11":"product-type-simple"},"acf":[],"_links":{"self":[{"href":"https:\/\/www.topchinapack.com\/de\/wp-json\/wp\/v2\/product\/3483","targetHints":{"allow":["GET"]}}],"collection":[{"href":"https:\/\/www.topchinapack.com\/de\/wp-json\/wp\/v2\/product"}],"about":[{"href":"https:\/\/www.topchinapack.com\/de\/wp-json\/wp\/v2\/types\/product"}],"replies":[{"embeddable":true,"href":"https:\/\/www.topchinapack.com\/de\/wp-json\/wp\/v2\/comments?post=3483"}],"wp:featuredmedia":[{"embeddable":true,"href":"https:\/\/www.topchinapack.com\/de\/wp-json\/wp\/v2\/media\/3511"}],"wp:attachment":[{"href":"https:\/\/www.topchinapack.com\/de\/wp-json\/wp\/v2\/media?parent=3483"}],"wp:term":[{"taxonomy":"product_brand","embeddable":true,"href":"https:\/\/www.topchinapack.com\/de\/wp-json\/wp\/v2\/product_brand?post=3483"},{"taxonomy":"product_cat","embeddable":true,"href":"https:\/\/www.topchinapack.com\/de\/wp-json\/wp\/v2\/product_cat?post=3483"},{"taxonomy":"product_tag","embeddable":true,"href":"https:\/\/www.topchinapack.com\/de\/wp-json\/wp\/v2\/product_tag?post=3483"}],"curies":[{"name":"wp","href":"https:\/\/api.w.org\/{rel}","templated":true}]}}