{"id":3486,"date":"2026-01-09T03:40:55","date_gmt":"2026-01-09T03:40:55","guid":{"rendered":"https:\/\/www.topchinapack.com\/?post_type=product&#038;p=3486"},"modified":"2026-01-09T03:48:11","modified_gmt":"2026-01-09T03:48:11","slug":"custom-spout-pouches-packaging-for-fruit-vegetable-juice","status":"publish","type":"product","link":"https:\/\/www.topchinapack.com\/de\/produkt\/custom-spout-pouches-packaging-for-fruit-vegetable-juice\/","title":{"rendered":"Kundenspezifische Ausgie\u00dfer-Verpackungen f\u00fcr Fruchts\u00e4fte, Gem\u00fcses\u00e4fte"},"content":{"rendered":"<div class=\"wp-block-columns is-layout-flex wp-container-core-columns-is-layout-9d6595d7 wp-block-columns-is-layout-flex\">\n<div class=\"wp-block-column is-layout-flow wp-block-column-is-layout-flow\">\n<figure class=\"wp-block-image size-full\"><img decoding=\"async\" width=\"800\" height=\"800\" src=\"https:\/\/www.topchinapack.com\/wp-content\/uploads\/2026\/01\/custom-juice-spout-pouch-5.webp\" alt=\"custom juice spout pouch (5)\" class=\"wp-image-3538\" srcset=\"https:\/\/www.topchinapack.com\/wp-content\/uploads\/2026\/01\/custom-juice-spout-pouch-5.webp 800w, https:\/\/www.topchinapack.com\/wp-content\/uploads\/2026\/01\/custom-juice-spout-pouch-5-300x300.webp 300w, https:\/\/www.topchinapack.com\/wp-content\/uploads\/2026\/01\/custom-juice-spout-pouch-5-150x150.webp 150w, https:\/\/www.topchinapack.com\/wp-content\/uploads\/2026\/01\/custom-juice-spout-pouch-5-768x768.webp 768w, https:\/\/www.topchinapack.com\/wp-content\/uploads\/2026\/01\/custom-juice-spout-pouch-5-12x12.webp 12w, https:\/\/www.topchinapack.com\/wp-content\/uploads\/2026\/01\/custom-juice-spout-pouch-5-600x600.webp 600w, https:\/\/www.topchinapack.com\/wp-content\/uploads\/2026\/01\/custom-juice-spout-pouch-5-100x100.webp 100w\" sizes=\"(max-width: 800px) 100vw, 800px\" \/><\/figure>\n<\/div>\n\n\n\n<div class=\"wp-block-column is-layout-flow wp-block-column-is-layout-flow\">\n<figure class=\"wp-block-image size-full\"><img decoding=\"async\" width=\"800\" height=\"800\" src=\"https:\/\/www.topchinapack.com\/wp-content\/uploads\/2026\/01\/custom-juice-spout-pouch-6.webp\" alt=\"custom juice spout pouch (6)\" class=\"wp-image-3539\" srcset=\"https:\/\/www.topchinapack.com\/wp-content\/uploads\/2026\/01\/custom-juice-spout-pouch-6.webp 800w, https:\/\/www.topchinapack.com\/wp-content\/uploads\/2026\/01\/custom-juice-spout-pouch-6-300x300.webp 300w, https:\/\/www.topchinapack.com\/wp-content\/uploads\/2026\/01\/custom-juice-spout-pouch-6-150x150.webp 150w, https:\/\/www.topchinapack.com\/wp-content\/uploads\/2026\/01\/custom-juice-spout-pouch-6-768x768.webp 768w, https:\/\/www.topchinapack.com\/wp-content\/uploads\/2026\/01\/custom-juice-spout-pouch-6-12x12.webp 12w, https:\/\/www.topchinapack.com\/wp-content\/uploads\/2026\/01\/custom-juice-spout-pouch-6-600x600.webp 600w, https:\/\/www.topchinapack.com\/wp-content\/uploads\/2026\/01\/custom-juice-spout-pouch-6-100x100.webp 100w\" sizes=\"(max-width: 800px) 100vw, 800px\" \/><\/figure>\n<\/div>\n<\/div>","protected":false},"excerpt":{"rendered":"<p>Unsere ma\u00dfgefertigten Saft- und Gem\u00fcsesaftbeutel erf\u00fcllen die h\u00f6chsten Anforderungen an Haltbarkeit, Sicherheit und Verbraucherfreundlichkeit. Jeder Beutel wird aus hochwertigen, lebensmittelechten Materialien hergestellt und ist rei\u00dffest, durchsto\u00dfsicher und auslaufsicher. Kontaktieren Sie uns f\u00fcr ein Angebot.<\/p>\n<h2>Informationen zum Produkt<\/h2>\n<p><strong>Ma\u00dfgeschneiderter Service:<\/strong>\u00a0Material, Gr\u00f6\u00dfe, Druck, Muster und zus\u00e4tzliche Optionen<br \/><strong>Druckverfahren:<\/strong>\u00a0Tiefdruck, bis zu 10 Farben, unterst\u00fctzt kundenspezifischen Druck<br \/><strong>Merkmale:<\/strong>\u00a0langlebig, wasserdicht<br \/><strong>Lieferfrist:<\/strong>\u00a010-20 Tage<br \/><strong>Unterst\u00fctzung f\u00fcr kostenlose Proben<\/strong><br \/><strong>Zertifizierung:<\/strong>\u00a0ISO, FDA, BPA-frei, LFGB, EU-Norm<\/p>\n<h2>Eigenschaften von Custom Spout Pouch<\/h2>\n<p><strong>Frische und Konservierung von N\u00e4hrstoffen<\/strong><\/p>\n<p>Gem\u00fcse- und Fruchts\u00e4fte sind empfindlich gegen\u00fcber Sauerstoff, Licht und Hitze, die ihren Geschmack, ihre Farbe und ihre N\u00e4hrstoffe beeintr\u00e4chtigen k\u00f6nnen. Unsere T\u00fcllenbeutelverpackungen bieten Ihnen eine umfassende Schutzl\u00f6sung.<\/p>\n<ul>\n<li>\n<p>Unsere ma\u00dfgefertigten Ausgussbeutel verwenden mehrschichtige Barrierematerialien, die Luft, Feuchtigkeit und UV-Strahlen abhalten.<\/p>\n<\/li>\n<li>\n<p>Die kleine \u00d6ffnung des Ausgie\u00dferbeutels verringert bei jedem Gebrauch den Kontakt des Saftes mit der Au\u00dfenwelt, wodurch die Frische des Saftes besser erhalten bleibt als bei Beh\u00e4ltern mit gro\u00dfer \u00d6ffnung.<\/p>\n<\/li>\n<\/ul>\n<p><strong data-start=\"1229\" data-end=\"1260\">Bequemlichkeit und Tragbarkeit<\/strong><\/p>\n<p>Moderne Verbraucher legen Wert auf <strong data-start=\"1289\" data-end=\"1325\">einfach zu handhabende Verpackung f\u00fcr unterwegs<\/strong>:<\/p>\n<ul>\n<li>\n<p>Der Ausgie\u00dfer ist mit einem drehbaren Ausgie\u00dfer ausgestattet, der ein einfaches Trinken erm\u00f6glicht, ohne dass ein separater Becher ben\u00f6tigt wird, und so ein Versch\u00fctten und Auslaufen verhindert.<\/p>\n<\/li>\n<li>\n<p>Ideal f\u00fcr Kinder, Pendler, Reisende oder Outdoor-Aktivit\u00e4ten.<\/p>\n<\/li>\n<\/ul>\n<p><strong data-start=\"2460\" data-end=\"2496\">Langlebigkeit und auslaufsicheres Design<\/strong><\/p>\n<p>Die Verpackung des Saftes muss der Handhabung, der Lagerung und dem Transport standhalten.<\/p>\n<ul>\n<li>Unsere Ausgie\u00dferbeutel sind aus hochwertigen Materialien gefertigt, die rei\u00df- und stichfest sind, um ein Auslaufen zu verhindern.<\/li>\n<li>Unser strenges Qualit\u00e4tskontrollsystem stellt sicher, dass unsere Verpackungsbeutel die internationalen Anforderungen an die Haltbarkeit erf\u00fcllen, mit einer Fehlerquote von weniger als 0,0001%.<\/li>\n<\/ul>","protected":false},"featured_media":3534,"comment_status":"closed","ping_status":"closed","template":"","meta":{"_acf_changed":false},"product_brand":[],"product_cat":[22,43,39,42],"product_tag":[],"class_list":{"0":"post-3486","1":"product","2":"type-product","3":"status-publish","4":"has-post-thumbnail","6":"product_cat-custom-spout-pouches","7":"product_cat-custom-beverage-spout-pouches","8":"product_cat-custom-juice-spout-pouches","9":"product_cat-custom-vegetable-juice-spout-pouches","11":"first","12":"instock","13":"shipping-taxable","14":"product-type-simple"},"acf":[],"_links":{"self":[{"href":"https:\/\/www.topchinapack.com\/de\/wp-json\/wp\/v2\/product\/3486","targetHints":{"allow":["GET"]}}],"collection":[{"href":"https:\/\/www.topchinapack.com\/de\/wp-json\/wp\/v2\/product"}],"about":[{"href":"https:\/\/www.topchinapack.com\/de\/wp-json\/wp\/v2\/types\/product"}],"replies":[{"embeddable":true,"href":"https:\/\/www.topchinapack.com\/de\/wp-json\/wp\/v2\/comments?post=3486"}],"wp:featuredmedia":[{"embeddable":true,"href":"https:\/\/www.topchinapack.com\/de\/wp-json\/wp\/v2\/media\/3534"}],"wp:attachment":[{"href":"https:\/\/www.topchinapack.com\/de\/wp-json\/wp\/v2\/media?parent=3486"}],"wp:term":[{"taxonomy":"product_brand","embeddable":true,"href":"https:\/\/www.topchinapack.com\/de\/wp-json\/wp\/v2\/product_brand?post=3486"},{"taxonomy":"product_cat","embeddable":true,"href":"https:\/\/www.topchinapack.com\/de\/wp-json\/wp\/v2\/product_cat?post=3486"},{"taxonomy":"product_tag","embeddable":true,"href":"https:\/\/www.topchinapack.com\/de\/wp-json\/wp\/v2\/product_tag?post=3486"}],"curies":[{"name":"wp","href":"https:\/\/api.w.org\/{rel}","templated":true}]}}