{"id":3489,"date":"2026-01-09T10:12:20","date_gmt":"2026-01-09T10:12:20","guid":{"rendered":"https:\/\/www.topchinapack.com\/?post_type=product&#038;p=3489"},"modified":"2026-01-09T10:13:54","modified_gmt":"2026-01-09T10:13:54","slug":"custom-packaging-roll-film-for-popping-candy","status":"publish","type":"product","link":"https:\/\/www.topchinapack.com\/de\/produkt\/custom-packaging-roll-film-for-popping-candy\/","title":{"rendered":"Kundenspezifische Verpackungsfolie f\u00fcr Kaugummi, Bonbons und Kaugummi"},"content":{"rendered":"<div class=\"wp-block-columns is-layout-flex wp-container-core-columns-is-layout-9d6595d7 wp-block-columns-is-layout-flex\">\n<div class=\"wp-block-column is-layout-flow wp-block-column-is-layout-flow\">\n<figure class=\"wp-block-image size-full\"><img decoding=\"async\" width=\"800\" height=\"800\" src=\"https:\/\/www.topchinapack.com\/wp-content\/uploads\/2026\/01\/custom-packaging-roll-film-for-popping-candy-5-1.webp\" alt=\"custom packaging roll film for popping candy (5)\" class=\"wp-image-3583\" srcset=\"https:\/\/www.topchinapack.com\/wp-content\/uploads\/2026\/01\/custom-packaging-roll-film-for-popping-candy-5-1.webp 800w, https:\/\/www.topchinapack.com\/wp-content\/uploads\/2026\/01\/custom-packaging-roll-film-for-popping-candy-5-1-300x300.webp 300w, https:\/\/www.topchinapack.com\/wp-content\/uploads\/2026\/01\/custom-packaging-roll-film-for-popping-candy-5-1-150x150.webp 150w, https:\/\/www.topchinapack.com\/wp-content\/uploads\/2026\/01\/custom-packaging-roll-film-for-popping-candy-5-1-768x768.webp 768w, https:\/\/www.topchinapack.com\/wp-content\/uploads\/2026\/01\/custom-packaging-roll-film-for-popping-candy-5-1-12x12.webp 12w, https:\/\/www.topchinapack.com\/wp-content\/uploads\/2026\/01\/custom-packaging-roll-film-for-popping-candy-5-1-600x600.webp 600w, https:\/\/www.topchinapack.com\/wp-content\/uploads\/2026\/01\/custom-packaging-roll-film-for-popping-candy-5-1-100x100.webp 100w\" sizes=\"(max-width: 800px) 100vw, 800px\" \/><\/figure>\n<\/div>\n\n\n\n<div class=\"wp-block-column is-layout-flow wp-block-column-is-layout-flow\">\n<figure class=\"wp-block-image size-full\"><img decoding=\"async\" width=\"800\" height=\"800\" src=\"https:\/\/www.topchinapack.com\/wp-content\/uploads\/2026\/01\/custom-packaging-roll-film-for-popping-candy-6-1.webp\" alt=\"custom packaging roll film for popping candy (6)\" class=\"wp-image-3584\" srcset=\"https:\/\/www.topchinapack.com\/wp-content\/uploads\/2026\/01\/custom-packaging-roll-film-for-popping-candy-6-1.webp 800w, https:\/\/www.topchinapack.com\/wp-content\/uploads\/2026\/01\/custom-packaging-roll-film-for-popping-candy-6-1-300x300.webp 300w, https:\/\/www.topchinapack.com\/wp-content\/uploads\/2026\/01\/custom-packaging-roll-film-for-popping-candy-6-1-150x150.webp 150w, https:\/\/www.topchinapack.com\/wp-content\/uploads\/2026\/01\/custom-packaging-roll-film-for-popping-candy-6-1-768x768.webp 768w, https:\/\/www.topchinapack.com\/wp-content\/uploads\/2026\/01\/custom-packaging-roll-film-for-popping-candy-6-1-12x12.webp 12w, https:\/\/www.topchinapack.com\/wp-content\/uploads\/2026\/01\/custom-packaging-roll-film-for-popping-candy-6-1-600x600.webp 600w, https:\/\/www.topchinapack.com\/wp-content\/uploads\/2026\/01\/custom-packaging-roll-film-for-popping-candy-6-1-100x100.webp 100w\" sizes=\"(max-width: 800px) 100vw, 800px\" \/><\/figure>\n<\/div>\n<\/div>","protected":false},"excerpt":{"rendered":"<p>We help candy brands enhance market competitiveness through high-quality packaging. We offer high-barrier packaging film rolls, including various moisture-proof structures such as PET\/PE and BOPP\/CPP. Sizes, thicknesses, and designs are fully customizable, supporting vibrant full-color printing, high-end surface treatments, and OEM\/ODM solutions. Contact us for a quote.<\/p>\n<p><strong>Ma\u00dfgeschneiderter Service:<\/strong>\u00a0Material, Gr\u00f6\u00dfe, Druck, Muster und zus\u00e4tzliche Optionen<br \/><strong>Druckverfahren:<\/strong>\u00a0Tiefdruck, bis zu 10 Farben, unterst\u00fctzt kundenspezifischen Druck<br \/><strong>Merkmale:<\/strong>\u00a0langlebig, wasserdicht<br \/><strong>Lieferfrist:<\/strong>\u00a010-20 Tage<br \/><strong>Unterst\u00fctzung f\u00fcr kostenlose Proben<\/strong><br \/><strong>Zertifizierung:<\/strong>\u00a0ISO, FDA, BPA-frei, LFGB, EU-Norm<\/p>\n<h2>Features of Custom Packaging Roll Film<\/h2>\n<p data-pm-slice=\"0 0 []\"><strong>Critical Moisture Protection<\/strong><\/p>\n<p data-pm-slice=\"0 0 []\">When food is exposed to outside air and moisture, it loses its texture and can even spoil. Moisture protection and airtight sealing are therefore very important.<\/p>\n<ul>\n<li data-pm-slice=\"0 0 []\">We offer various high-moisture barrier structures such as PET\/PE, BOPP\/CPP, and PET\/AL\/PE, which effectively block moisture and have excellent puncture resistance.<\/li>\n<li data-pm-slice=\"0 0 []\">This protective measure helps maintain the crispness, texture, and shelf life of the candy from production to consumption.<\/li>\n<\/ul>\n<p><strong>High-Speed Production Efficiency<\/strong><\/p>\n<ul>\n<li data-pm-slice=\"0 0 []\">\n<p>Our custom packaging film rolls are ideal for high-speed automated production lines, ensuring stable operation and consistent output.<\/p>\n<\/li>\n<li data-pm-slice=\"0 0 []\">\n<p>This significantly improves production efficiency while reducing labor and packaging costs.<\/p>\n<\/li>\n<\/ul>\n<p><strong>Candy Brands Need Strong Appeal<\/strong><\/p>\n<ul>\n<li>As a professional manufacturer of packaging film rolls, we utilize ten-color gravure printing, supporting high-definition full-color printing. The vibrant colors and engaging designs are sure to attract children and young consumers.<\/li>\n<li>We offer a wide range of customization options, including surface finishes such as glossy or matte effects, which can significantly enhance your brand recognition.<\/li>\n<\/ul>","protected":false},"featured_media":3579,"comment_status":"closed","ping_status":"closed","template":"","meta":{"_acf_changed":false},"product_brand":[],"product_cat":[21],"product_tag":[],"class_list":{"0":"post-3489","1":"product","2":"type-product","3":"status-publish","4":"has-post-thumbnail","6":"product_cat-custom-packaging-film-roll","8":"first","9":"instock","10":"shipping-taxable","11":"product-type-simple"},"acf":[],"_links":{"self":[{"href":"https:\/\/www.topchinapack.com\/de\/wp-json\/wp\/v2\/product\/3489","targetHints":{"allow":["GET"]}}],"collection":[{"href":"https:\/\/www.topchinapack.com\/de\/wp-json\/wp\/v2\/product"}],"about":[{"href":"https:\/\/www.topchinapack.com\/de\/wp-json\/wp\/v2\/types\/product"}],"replies":[{"embeddable":true,"href":"https:\/\/www.topchinapack.com\/de\/wp-json\/wp\/v2\/comments?post=3489"}],"wp:featuredmedia":[{"embeddable":true,"href":"https:\/\/www.topchinapack.com\/de\/wp-json\/wp\/v2\/media\/3579"}],"wp:attachment":[{"href":"https:\/\/www.topchinapack.com\/de\/wp-json\/wp\/v2\/media?parent=3489"}],"wp:term":[{"taxonomy":"product_brand","embeddable":true,"href":"https:\/\/www.topchinapack.com\/de\/wp-json\/wp\/v2\/product_brand?post=3489"},{"taxonomy":"product_cat","embeddable":true,"href":"https:\/\/www.topchinapack.com\/de\/wp-json\/wp\/v2\/product_cat?post=3489"},{"taxonomy":"product_tag","embeddable":true,"href":"https:\/\/www.topchinapack.com\/de\/wp-json\/wp\/v2\/product_tag?post=3489"}],"curies":[{"name":"wp","href":"https:\/\/api.w.org\/{rel}","templated":true}]}}