{"id":3491,"date":"2026-01-09T06:50:11","date_gmt":"2026-01-09T06:50:11","guid":{"rendered":"https:\/\/www.topchinapack.com\/?post_type=product&#038;p=3491"},"modified":"2026-01-09T06:51:16","modified_gmt":"2026-01-09T06:51:16","slug":"custom-packaging-film-roll-for-chocolate-beans","status":"publish","type":"product","link":"https:\/\/www.topchinapack.com\/de\/produkt\/custom-packaging-film-roll-for-chocolate-beans\/","title":{"rendered":"Kundenspezifische Verpackungsfolienrolle f\u00fcr Schokoladenbohnen"},"content":{"rendered":"<div class=\"wp-block-columns is-layout-flex wp-container-core-columns-is-layout-9d6595d7 wp-block-columns-is-layout-flex\">\n<div class=\"wp-block-column is-layout-flow wp-block-column-is-layout-flow\">\n<figure class=\"wp-block-image size-full\"><img decoding=\"async\" width=\"800\" height=\"800\" src=\"https:\/\/www.topchinapack.com\/wp-content\/uploads\/2026\/01\/custom-packaging-film-roll-for-chocolate-beans-5.webp\" alt=\"kundenspezifische Verpackungsfolienrolle f\u00fcr Schokoladenbohnen (5)\" class=\"wp-image-3556\" srcset=\"https:\/\/www.topchinapack.com\/wp-content\/uploads\/2026\/01\/custom-packaging-film-roll-for-chocolate-beans-5.webp 800w, https:\/\/www.topchinapack.com\/wp-content\/uploads\/2026\/01\/custom-packaging-film-roll-for-chocolate-beans-5-300x300.webp 300w, https:\/\/www.topchinapack.com\/wp-content\/uploads\/2026\/01\/custom-packaging-film-roll-for-chocolate-beans-5-150x150.webp 150w, https:\/\/www.topchinapack.com\/wp-content\/uploads\/2026\/01\/custom-packaging-film-roll-for-chocolate-beans-5-768x768.webp 768w, https:\/\/www.topchinapack.com\/wp-content\/uploads\/2026\/01\/custom-packaging-film-roll-for-chocolate-beans-5-12x12.webp 12w, https:\/\/www.topchinapack.com\/wp-content\/uploads\/2026\/01\/custom-packaging-film-roll-for-chocolate-beans-5-600x600.webp 600w, https:\/\/www.topchinapack.com\/wp-content\/uploads\/2026\/01\/custom-packaging-film-roll-for-chocolate-beans-5-100x100.webp 100w\" sizes=\"(max-width: 800px) 100vw, 800px\" \/><\/figure>\n<\/div>\n\n\n\n<div class=\"wp-block-column is-layout-flow wp-block-column-is-layout-flow\">\n<figure class=\"wp-block-image size-full\"><img decoding=\"async\" width=\"800\" height=\"800\" src=\"https:\/\/www.topchinapack.com\/wp-content\/uploads\/2026\/01\/custom-packaging-film-roll-for-chocolate-beans-6.webp\" alt=\"kundenspezifische Verpackungsfolienrolle f\u00fcr Schokoladenbohnen (6)\" class=\"wp-image-3557\" srcset=\"https:\/\/www.topchinapack.com\/wp-content\/uploads\/2026\/01\/custom-packaging-film-roll-for-chocolate-beans-6.webp 800w, https:\/\/www.topchinapack.com\/wp-content\/uploads\/2026\/01\/custom-packaging-film-roll-for-chocolate-beans-6-300x300.webp 300w, https:\/\/www.topchinapack.com\/wp-content\/uploads\/2026\/01\/custom-packaging-film-roll-for-chocolate-beans-6-150x150.webp 150w, https:\/\/www.topchinapack.com\/wp-content\/uploads\/2026\/01\/custom-packaging-film-roll-for-chocolate-beans-6-768x768.webp 768w, https:\/\/www.topchinapack.com\/wp-content\/uploads\/2026\/01\/custom-packaging-film-roll-for-chocolate-beans-6-12x12.webp 12w, https:\/\/www.topchinapack.com\/wp-content\/uploads\/2026\/01\/custom-packaging-film-roll-for-chocolate-beans-6-600x600.webp 600w, https:\/\/www.topchinapack.com\/wp-content\/uploads\/2026\/01\/custom-packaging-film-roll-for-chocolate-beans-6-100x100.webp 100w\" sizes=\"(max-width: 800px) 100vw, 800px\" \/><\/figure>\n<\/div>\n<\/div>","protected":false},"excerpt":{"rendered":"<p>Kundenspezifische Verpackungsfolienrollen im Gro\u00dfhandel. Unsere Verpackungen bewahren effektiv den Geschmack, die Textur und das Aussehen des Inhalts. Verpackungsfolienrollen k\u00f6nnen entsprechend den spezifischen Produkt- und Maschinenanforderungen angepasst werden, einschlie\u00dflich anpassbarer Materialien, Dicke, Rollenbreite, L\u00e4nge und Siegelschicht. Kontaktieren Sie uns f\u00fcr L\u00f6sungen.<\/p>\n<h2>Features of Custom Packaging Roll Film<\/h2>\n<p><strong>\u00dcberlegener Schutz f\u00fcr Schokoladenqualit\u00e4t<\/strong><\/p>\n<ul>\n<li>Unsere Verpackungsfolien bieten eine Vielzahl von Materialkombinationen, darunter PET\/PE, BOPP\/CPP und Aluminiumfolienverbunde, die Feuchtigkeit und Sauerstoff effektiv abblocken und eine ausgezeichnete Durchsto\u00dffestigkeit aufweisen.<\/li>\n<\/ul>\n<p><strong>Hohe Effizienz f\u00fcr die Massenproduktion<\/strong><\/p>\n<p>Schokoladenbohnen werden in der Regel hergestellt und verpackt in <strong data-start=\"1275\" data-end=\"1292\">gro\u00dfe Mengen<\/strong>.<\/p>\n<ul>\n<li>\n<p data-pm-slice=\"0 0 []\">Unsere Verpackungsfolienrollen sind f\u00fcr automatische Hochgeschwindigkeits-Verpackungsmaschinen konzipiert und gew\u00e4hrleisten einen reibungslosen Betrieb und eine gleichm\u00e4\u00dfige Produktion.<\/p>\n<\/li>\n<li>\n<p data-pm-slice=\"0 0 []\">Im Vergleich zu vorgefertigten Beuteln verbessern Folienrollen die Produktionseffizienz erheblich und senken die Arbeitskosten.<\/p>\n<\/li>\n<\/ul>\n<p><strong>Hervorragendes Branding und ansprechende Regalgestaltung<\/strong><\/p>\n<p>Auf einem wettbewerbsorientierten S\u00fc\u00dfwarenmarkt spielt die Verpackung eine wichtige Rolle bei der Kaufentscheidung.<\/p>\n<ul>\n<li>\n<p>Unsere kundenspezifischen Verpackungsfolienrollen unterst\u00fctzen den hochaufl\u00f6senden Vollfarbdruck, der lebendige Grafiken und gestochen scharfen Text erm\u00f6glicht.<\/p>\n<\/li>\n<li>\n<p>\u00dcber den reinen Musterdruck hinaus bieten wir Metallic-Effekte oder matte Oberfl\u00e4chen f\u00fcr unsere Verpackungsfolienrollen an, die die visuelle Attraktivit\u00e4t Ihrer Verpackungen erh\u00f6hen und die Sichtbarkeit Ihrer Marke in den Einzelhandelsregalen verbessern.<\/p>\n<\/li>\n<\/ul>","protected":false},"featured_media":3552,"comment_status":"closed","ping_status":"closed","template":"","meta":{"_acf_changed":false},"product_brand":[],"product_cat":[21],"product_tag":[],"class_list":{"0":"post-3491","1":"product","2":"type-product","3":"status-publish","4":"has-post-thumbnail","6":"product_cat-custom-packaging-film-roll","8":"first","9":"instock","10":"shipping-taxable","11":"product-type-simple"},"acf":[],"_links":{"self":[{"href":"https:\/\/www.topchinapack.com\/de\/wp-json\/wp\/v2\/product\/3491","targetHints":{"allow":["GET"]}}],"collection":[{"href":"https:\/\/www.topchinapack.com\/de\/wp-json\/wp\/v2\/product"}],"about":[{"href":"https:\/\/www.topchinapack.com\/de\/wp-json\/wp\/v2\/types\/product"}],"replies":[{"embeddable":true,"href":"https:\/\/www.topchinapack.com\/de\/wp-json\/wp\/v2\/comments?post=3491"}],"wp:featuredmedia":[{"embeddable":true,"href":"https:\/\/www.topchinapack.com\/de\/wp-json\/wp\/v2\/media\/3552"}],"wp:attachment":[{"href":"https:\/\/www.topchinapack.com\/de\/wp-json\/wp\/v2\/media?parent=3491"}],"wp:term":[{"taxonomy":"product_brand","embeddable":true,"href":"https:\/\/www.topchinapack.com\/de\/wp-json\/wp\/v2\/product_brand?post=3491"},{"taxonomy":"product_cat","embeddable":true,"href":"https:\/\/www.topchinapack.com\/de\/wp-json\/wp\/v2\/product_cat?post=3491"},{"taxonomy":"product_tag","embeddable":true,"href":"https:\/\/www.topchinapack.com\/de\/wp-json\/wp\/v2\/product_tag?post=3491"}],"curies":[{"name":"wp","href":"https:\/\/api.w.org\/{rel}","templated":true}]}}