{"id":3493,"date":"2026-01-10T01:12:50","date_gmt":"2026-01-10T01:12:50","guid":{"rendered":"https:\/\/www.topchinapack.com\/?post_type=product&#038;p=3493"},"modified":"2026-01-10T01:14:44","modified_gmt":"2026-01-10T01:14:44","slug":"custom-packaging-roll-film-for-pop-rocks-candy","status":"publish","type":"product","link":"https:\/\/www.topchinapack.com\/de\/produkt\/custom-packaging-roll-film-for-pop-rocks-candy\/","title":{"rendered":"Individuelle Verpackungsfolie f\u00fcr Pop Rocks-Bonbons\u00a0"},"content":{"rendered":"<div class=\"wp-block-columns is-layout-flex wp-container-core-columns-is-layout-9d6595d7 wp-block-columns-is-layout-flex\">\n<div class=\"wp-block-column is-layout-flow wp-block-column-is-layout-flow\">\n<figure class=\"wp-block-image size-full\"><img decoding=\"async\" width=\"800\" height=\"800\" src=\"https:\/\/www.topchinapack.com\/wp-content\/uploads\/2026\/01\/custom-packaging-film-rolls-for-pop-rocks-candy-5.webp\" alt=\"custom packaging film rolls for pop rocks candy\u00a0 (5)\" class=\"wp-image-3593\" srcset=\"https:\/\/www.topchinapack.com\/wp-content\/uploads\/2026\/01\/custom-packaging-film-rolls-for-pop-rocks-candy-5.webp 800w, https:\/\/www.topchinapack.com\/wp-content\/uploads\/2026\/01\/custom-packaging-film-rolls-for-pop-rocks-candy-5-300x300.webp 300w, https:\/\/www.topchinapack.com\/wp-content\/uploads\/2026\/01\/custom-packaging-film-rolls-for-pop-rocks-candy-5-150x150.webp 150w, https:\/\/www.topchinapack.com\/wp-content\/uploads\/2026\/01\/custom-packaging-film-rolls-for-pop-rocks-candy-5-768x768.webp 768w, https:\/\/www.topchinapack.com\/wp-content\/uploads\/2026\/01\/custom-packaging-film-rolls-for-pop-rocks-candy-5-12x12.webp 12w, https:\/\/www.topchinapack.com\/wp-content\/uploads\/2026\/01\/custom-packaging-film-rolls-for-pop-rocks-candy-5-600x600.webp 600w, https:\/\/www.topchinapack.com\/wp-content\/uploads\/2026\/01\/custom-packaging-film-rolls-for-pop-rocks-candy-5-100x100.webp 100w\" sizes=\"(max-width: 800px) 100vw, 800px\" \/><\/figure>\n<\/div>\n\n\n\n<div class=\"wp-block-column is-layout-flow wp-block-column-is-layout-flow\">\n<figure class=\"wp-block-image size-full\"><img decoding=\"async\" width=\"800\" height=\"800\" src=\"https:\/\/www.topchinapack.com\/wp-content\/uploads\/2026\/01\/custom-packaging-film-rolls-for-pop-rocks-candy-6.webp\" alt=\"custom packaging film rolls for pop rocks candy\u00a0 (6)\" class=\"wp-image-3594\" srcset=\"https:\/\/www.topchinapack.com\/wp-content\/uploads\/2026\/01\/custom-packaging-film-rolls-for-pop-rocks-candy-6.webp 800w, https:\/\/www.topchinapack.com\/wp-content\/uploads\/2026\/01\/custom-packaging-film-rolls-for-pop-rocks-candy-6-300x300.webp 300w, https:\/\/www.topchinapack.com\/wp-content\/uploads\/2026\/01\/custom-packaging-film-rolls-for-pop-rocks-candy-6-150x150.webp 150w, https:\/\/www.topchinapack.com\/wp-content\/uploads\/2026\/01\/custom-packaging-film-rolls-for-pop-rocks-candy-6-768x768.webp 768w, https:\/\/www.topchinapack.com\/wp-content\/uploads\/2026\/01\/custom-packaging-film-rolls-for-pop-rocks-candy-6-12x12.webp 12w, https:\/\/www.topchinapack.com\/wp-content\/uploads\/2026\/01\/custom-packaging-film-rolls-for-pop-rocks-candy-6-600x600.webp 600w, https:\/\/www.topchinapack.com\/wp-content\/uploads\/2026\/01\/custom-packaging-film-rolls-for-pop-rocks-candy-6-100x100.webp 100w\" sizes=\"(max-width: 800px) 100vw, 800px\" \/><\/figure>\n<\/div>\n<\/div>\n\n\n\n<div class=\"wp-block-columns is-layout-flex wp-container-core-columns-is-layout-9d6595d7 wp-block-columns-is-layout-flex\">\n<div class=\"wp-block-column is-layout-flow wp-block-column-is-layout-flow\"><\/div>\n\n\n\n<div class=\"wp-block-column is-layout-flow wp-block-column-is-layout-flow\"><\/div>\n<\/div>","protected":false},"excerpt":{"rendered":"<p>Our high-barrier packaging film rolls effectively protect fragile confectionery products, designed to block moisture and oxygen while preserving the candy&#8217;s chewy texture and flavor. Made from food-grade materials and optimized for high-speed automated packaging lines, our films offer superior heat-sealing strength, durability, and hygienic packaging performance.<\/p>\n<h2>Merkmale von Verpackungsfolienrollen f\u00fcr den Druck<\/h2>\n<ul>\n<li>\n<p><strong>Hochgeschwindigkeits-Produktionseffizienz:<\/strong> Verpackungsfolien von der Rolle sind ideal f\u00fcr automatisierte Hochgeschwindigkeits-Verpackungsmaschinen und eignen sich perfekt f\u00fcr Produkte wie S\u00fc\u00dfigkeiten, die in gro\u00dfen Mengen, kontinuierlich und mit hoher Geschwindigkeit abgef\u00fcllt und versiegelt werden m\u00fcssen.<\/p>\n<\/li>\n<li>\n<p><strong>Fachwissen \u00fcber hochbarrierefreie Materialien:<\/strong> Als professioneller Hersteller von Verpackungsrollenfolien bieten wir eine Vielzahl von feuchtigkeitsdichten Konstruktionen an, darunter PET\/PE, BOPP\/CPP, PET\/AL\/PE und andere kundenspezifische Hochbarriere-Verbundfolien, die speziell f\u00fcr empfindliche S\u00fc\u00dfwaren entwickelt wurden.<\/p>\n<\/li>\n<li>\n<p><strong>Fortgeschrittener Druck und Veredelung:<\/strong> Wir bieten qualitativ hochwertige Drucke mit Optionen wie gl\u00e4nzend, matt, metallisch und speziellen Veredelungen, damit Ihre S\u00fc\u00dfwarenmarke im Regal auff\u00e4llt.<\/p>\n<\/li>\n<li>\n<p><strong>Zuverl\u00e4ssige Lieferung und professioneller Service:<\/strong> Mit stabilen Produktionskapazit\u00e4ten und erfahrener technischer Unterst\u00fctzung gew\u00e4hrleisten wir p\u00fcnktliche Lieferung, gleichbleibende Qualit\u00e4t und einen reaktionsschnellen Kundendienst.<\/p>\n<\/li>\n<\/ul>","protected":false},"featured_media":3591,"comment_status":"closed","ping_status":"closed","template":"","meta":{"_acf_changed":true},"product_brand":[],"product_cat":[21,62],"product_tag":[],"class_list":{"0":"post-3493","1":"product","2":"type-product","3":"status-publish","4":"has-post-thumbnail","6":"product_cat-custom-packaging-film-roll","7":"product_cat-candy-packaging-film-roll","9":"first","10":"instock","11":"shipping-taxable","12":"product-type-simple"},"acf":[],"_links":{"self":[{"href":"https:\/\/www.topchinapack.com\/de\/wp-json\/wp\/v2\/product\/3493","targetHints":{"allow":["GET"]}}],"collection":[{"href":"https:\/\/www.topchinapack.com\/de\/wp-json\/wp\/v2\/product"}],"about":[{"href":"https:\/\/www.topchinapack.com\/de\/wp-json\/wp\/v2\/types\/product"}],"replies":[{"embeddable":true,"href":"https:\/\/www.topchinapack.com\/de\/wp-json\/wp\/v2\/comments?post=3493"}],"wp:featuredmedia":[{"embeddable":true,"href":"https:\/\/www.topchinapack.com\/de\/wp-json\/wp\/v2\/media\/3591"}],"wp:attachment":[{"href":"https:\/\/www.topchinapack.com\/de\/wp-json\/wp\/v2\/media?parent=3493"}],"wp:term":[{"taxonomy":"product_brand","embeddable":true,"href":"https:\/\/www.topchinapack.com\/de\/wp-json\/wp\/v2\/product_brand?post=3493"},{"taxonomy":"product_cat","embeddable":true,"href":"https:\/\/www.topchinapack.com\/de\/wp-json\/wp\/v2\/product_cat?post=3493"},{"taxonomy":"product_tag","embeddable":true,"href":"https:\/\/www.topchinapack.com\/de\/wp-json\/wp\/v2\/product_tag?post=3493"}],"curies":[{"name":"wp","href":"https:\/\/api.w.org\/{rel}","templated":true}]}}