{"id":3500,"date":"2026-01-10T02:29:01","date_gmt":"2026-01-10T02:29:01","guid":{"rendered":"https:\/\/www.topchinapack.com\/?post_type=product&#038;p=3500"},"modified":"2026-01-31T01:35:05","modified_gmt":"2026-01-31T01:35:05","slug":"custom-3-side-seal-bag-for-jelly-wholesale","status":"publish","type":"product","link":"https:\/\/www.topchinapack.com\/de\/produkt\/custom-3-side-seal-bag-for-jelly-wholesale\/","title":{"rendered":"Benutzerdefinierte 3-Seiten-Siegelbeutel f\u00fcr Gelee Gro\u00dfhandel Versorgung"},"content":{"rendered":"<div class=\"wp-block-columns is-layout-flex wp-container-core-columns-is-layout-9d6595d7 wp-block-columns-is-layout-flex\">\n<div class=\"wp-block-column is-layout-flow wp-block-column-is-layout-flow\">\n<figure class=\"wp-block-image size-full\"><img decoding=\"async\" width=\"800\" height=\"800\" src=\"https:\/\/www.topchinapack.com\/wp-content\/uploads\/2026\/01\/custom-3-side-seal-bag-for-jelly-5.webp\" alt=\"kundenspezifischer 3-Seiten-Verschlussbeutel f\u00fcr Gelee (5)\" class=\"wp-image-3608\" srcset=\"https:\/\/www.topchinapack.com\/wp-content\/uploads\/2026\/01\/custom-3-side-seal-bag-for-jelly-5.webp 800w, https:\/\/www.topchinapack.com\/wp-content\/uploads\/2026\/01\/custom-3-side-seal-bag-for-jelly-5-300x300.webp 300w, https:\/\/www.topchinapack.com\/wp-content\/uploads\/2026\/01\/custom-3-side-seal-bag-for-jelly-5-150x150.webp 150w, https:\/\/www.topchinapack.com\/wp-content\/uploads\/2026\/01\/custom-3-side-seal-bag-for-jelly-5-768x768.webp 768w, https:\/\/www.topchinapack.com\/wp-content\/uploads\/2026\/01\/custom-3-side-seal-bag-for-jelly-5-12x12.webp 12w, https:\/\/www.topchinapack.com\/wp-content\/uploads\/2026\/01\/custom-3-side-seal-bag-for-jelly-5-600x600.webp 600w, https:\/\/www.topchinapack.com\/wp-content\/uploads\/2026\/01\/custom-3-side-seal-bag-for-jelly-5-100x100.webp 100w\" sizes=\"(max-width: 800px) 100vw, 800px\" \/><\/figure>\n<\/div>\n\n\n\n<div class=\"wp-block-column is-layout-flow wp-block-column-is-layout-flow\">\n<figure class=\"wp-block-image size-full\"><img decoding=\"async\" width=\"800\" height=\"800\" src=\"https:\/\/www.topchinapack.com\/wp-content\/uploads\/2026\/01\/custom-3-side-seal-bag-for-jelly-6.webp\" alt=\"kundenspezifischer 3-Seiten-Verschlussbeutel f\u00fcr Gelee (6)\" class=\"wp-image-3609\" srcset=\"https:\/\/www.topchinapack.com\/wp-content\/uploads\/2026\/01\/custom-3-side-seal-bag-for-jelly-6.webp 800w, https:\/\/www.topchinapack.com\/wp-content\/uploads\/2026\/01\/custom-3-side-seal-bag-for-jelly-6-300x300.webp 300w, https:\/\/www.topchinapack.com\/wp-content\/uploads\/2026\/01\/custom-3-side-seal-bag-for-jelly-6-150x150.webp 150w, https:\/\/www.topchinapack.com\/wp-content\/uploads\/2026\/01\/custom-3-side-seal-bag-for-jelly-6-768x768.webp 768w, https:\/\/www.topchinapack.com\/wp-content\/uploads\/2026\/01\/custom-3-side-seal-bag-for-jelly-6-12x12.webp 12w, https:\/\/www.topchinapack.com\/wp-content\/uploads\/2026\/01\/custom-3-side-seal-bag-for-jelly-6-600x600.webp 600w, https:\/\/www.topchinapack.com\/wp-content\/uploads\/2026\/01\/custom-3-side-seal-bag-for-jelly-6-100x100.webp 100w\" sizes=\"(max-width: 800px) 100vw, 800px\" \/><\/figure>\n<\/div>\n<\/div>","protected":false},"excerpt":{"rendered":"<p>Kundenspezifischer 3-Seiten-Siegelbeutel f\u00fcr Lebensmittel im Gro\u00dfhandel. Als einer der f\u00fchrenden Hersteller von flexiblen Lebensmittelverpackungen kennen wir die besonderen Anforderungen von Gelee-Verpackungen und bieten optimierte Materialstrukturen, die speziell f\u00fcr fl\u00fcssige und halbfl\u00fcssige Produkte entwickelt wurden. Wir unterst\u00fctzen gro\u00dfvolumige Gro\u00dfhandelsauftr\u00e4ge mit stabilen Produktionskapazit\u00e4ten, g\u00fcnstigen Preisen und zuverl\u00e4ssigen Lieferterminen. Kontaktieren Sie uns f\u00fcr ein Angebot.<\/p>\n<h2>Informationen zum Produkt<\/h2>\n<p><strong>Ma\u00dfgeschneiderter Service:<\/strong>\u00a0Material, Gr\u00f6\u00dfe, Druck, Muster und zus\u00e4tzliche Optionen<br \/><strong>Druckverfahren:<\/strong>\u00a0Tiefdruck, bis zu 10 Farben, unterst\u00fctzt kundenspezifischen Druck<br \/><strong>Merkmale:<\/strong>\u00a0langlebig, wasserdicht<br \/><strong>Lieferfrist:<\/strong>\u00a010-20 Tage<br \/><strong>Unterst\u00fctzung f\u00fcr kostenlose Proben<\/strong><br \/><strong>Zertifizierung:<\/strong>\u00a0ISO, FDA, BPA-frei, LFGB, EU-Norm<\/p>\n<h2>Merkmale des kundenspezifischen 3-Seiten-Siegelbeutels f\u00fcr fl\u00fcssige und halbfl\u00fcssige Lebensmittel<\/h2>\n<p>Gelee-Erzeugnisse sind fl\u00fcssig oder halbfl\u00fcssig und erfordern eine Verpackung, die Folgendes gew\u00e4hrleistet <strong data-start=\"368\" data-end=\"417\">Auslaufschutz, Frische und optische Attraktivit\u00e4t<\/strong>. Kundenspezifische 3-Seiten-Siegelbeutel sind eine bew\u00e4hrte und effiziente L\u00f6sung.<\/p>\n<p data-pm-slice=\"0 0 []\"><strong>\u00dcberlegene, auslaufsichere Struktur: <\/strong>Die dreiseitige Versiegelung sorgt f\u00fcr starke, verst\u00e4rkte Kanten und minimiert das Risiko von Leckagen beim Bef\u00fcllen, Lagern und Transportieren<\/p>\n<p data-pm-slice=\"0 0 []\"><strong>Effiziente und kosteneffektive Verpackung:<\/strong> 3-Seiten-Siegelbeutel eignen sich ideal f\u00fcr automatische Hochgeschwindigkeitsverpackungen. Sie verbessern die Produktionseffizienz und verbrauchen gleichzeitig weniger Material als starre Beh\u00e4lter, was die Gesamtkosten senkt.<\/p>\n<p data-pm-slice=\"0 0 []\"><strong>Flexible Anpassung:<\/strong> Dank individueller Gr\u00f6\u00dfen, Formen, Materialien und Druckdesigns eignen sich 3-Seiten-Siegelbeutel f\u00fcr verschiedene Gelee-Sorten, Portionsgr\u00f6\u00dfen und M\u00e4rkte.<\/p>","protected":false},"featured_media":3604,"comment_status":"closed","ping_status":"closed","template":"","meta":{"_acf_changed":false},"product_brand":[],"product_cat":[63],"product_tag":[],"class_list":{"0":"post-3500","1":"product","2":"type-product","3":"status-publish","4":"has-post-thumbnail","6":"product_cat-3-side-seal-bag","8":"first","9":"instock","10":"shipping-taxable","11":"product-type-simple"},"acf":[],"_links":{"self":[{"href":"https:\/\/www.topchinapack.com\/de\/wp-json\/wp\/v2\/product\/3500","targetHints":{"allow":["GET"]}}],"collection":[{"href":"https:\/\/www.topchinapack.com\/de\/wp-json\/wp\/v2\/product"}],"about":[{"href":"https:\/\/www.topchinapack.com\/de\/wp-json\/wp\/v2\/types\/product"}],"replies":[{"embeddable":true,"href":"https:\/\/www.topchinapack.com\/de\/wp-json\/wp\/v2\/comments?post=3500"}],"wp:featuredmedia":[{"embeddable":true,"href":"https:\/\/www.topchinapack.com\/de\/wp-json\/wp\/v2\/media\/3604"}],"wp:attachment":[{"href":"https:\/\/www.topchinapack.com\/de\/wp-json\/wp\/v2\/media?parent=3500"}],"wp:term":[{"taxonomy":"product_brand","embeddable":true,"href":"https:\/\/www.topchinapack.com\/de\/wp-json\/wp\/v2\/product_brand?post=3500"},{"taxonomy":"product_cat","embeddable":true,"href":"https:\/\/www.topchinapack.com\/de\/wp-json\/wp\/v2\/product_cat?post=3500"},{"taxonomy":"product_tag","embeddable":true,"href":"https:\/\/www.topchinapack.com\/de\/wp-json\/wp\/v2\/product_tag?post=3500"}],"curies":[{"name":"wp","href":"https:\/\/api.w.org\/{rel}","templated":true}]}}