{"id":3501,"date":"2026-01-10T02:57:13","date_gmt":"2026-01-10T02:57:13","guid":{"rendered":"https:\/\/www.topchinapack.com\/?post_type=product&#038;p=3501"},"modified":"2026-01-31T01:34:56","modified_gmt":"2026-01-31T01:34:56","slug":"custom-3-side-seal-bag-for-chicken-essence","status":"publish","type":"product","link":"https:\/\/www.topchinapack.com\/de\/produkt\/custom-3-side-seal-bag-for-chicken-essence\/","title":{"rendered":"Kundenspezifischer 3-Seiten-Siegelbeutel f\u00fcr H\u00fchneressenz, MSG-W\u00fcrze"},"content":{"rendered":"<div class=\"wp-block-columns is-layout-flex wp-container-core-columns-is-layout-9d6595d7 wp-block-columns-is-layout-flex\">\n<div class=\"wp-block-column is-layout-flow wp-block-column-is-layout-flow\">\n<figure class=\"wp-block-image size-full\"><img decoding=\"async\" width=\"800\" height=\"800\" src=\"https:\/\/www.topchinapack.com\/wp-content\/uploads\/2026\/01\/custom-3-side-seal-bag-for-chicken-essence-5.webp\" alt=\"kundenspezifischer 3-Seiten-Verschlussbeutel f\u00fcr H\u00fchnerfleisch (5)\" class=\"wp-image-3618\" srcset=\"https:\/\/www.topchinapack.com\/wp-content\/uploads\/2026\/01\/custom-3-side-seal-bag-for-chicken-essence-5.webp 800w, https:\/\/www.topchinapack.com\/wp-content\/uploads\/2026\/01\/custom-3-side-seal-bag-for-chicken-essence-5-300x300.webp 300w, https:\/\/www.topchinapack.com\/wp-content\/uploads\/2026\/01\/custom-3-side-seal-bag-for-chicken-essence-5-150x150.webp 150w, https:\/\/www.topchinapack.com\/wp-content\/uploads\/2026\/01\/custom-3-side-seal-bag-for-chicken-essence-5-768x768.webp 768w, https:\/\/www.topchinapack.com\/wp-content\/uploads\/2026\/01\/custom-3-side-seal-bag-for-chicken-essence-5-12x12.webp 12w, https:\/\/www.topchinapack.com\/wp-content\/uploads\/2026\/01\/custom-3-side-seal-bag-for-chicken-essence-5-600x600.webp 600w, https:\/\/www.topchinapack.com\/wp-content\/uploads\/2026\/01\/custom-3-side-seal-bag-for-chicken-essence-5-100x100.webp 100w\" sizes=\"(max-width: 800px) 100vw, 800px\" \/><\/figure>\n<\/div>\n\n\n\n<div class=\"wp-block-column is-layout-flow wp-block-column-is-layout-flow\">\n<figure class=\"wp-block-image size-full\"><img decoding=\"async\" width=\"800\" height=\"800\" src=\"https:\/\/www.topchinapack.com\/wp-content\/uploads\/2026\/01\/custom-3-side-seal-bag-for-chicken-essence-6.webp\" alt=\"kundenspezifischer 3-Seiten-Siegelbeutel f\u00fcr H\u00fchnerfleisch (6)\" class=\"wp-image-3619\" srcset=\"https:\/\/www.topchinapack.com\/wp-content\/uploads\/2026\/01\/custom-3-side-seal-bag-for-chicken-essence-6.webp 800w, https:\/\/www.topchinapack.com\/wp-content\/uploads\/2026\/01\/custom-3-side-seal-bag-for-chicken-essence-6-300x300.webp 300w, https:\/\/www.topchinapack.com\/wp-content\/uploads\/2026\/01\/custom-3-side-seal-bag-for-chicken-essence-6-150x150.webp 150w, https:\/\/www.topchinapack.com\/wp-content\/uploads\/2026\/01\/custom-3-side-seal-bag-for-chicken-essence-6-768x768.webp 768w, https:\/\/www.topchinapack.com\/wp-content\/uploads\/2026\/01\/custom-3-side-seal-bag-for-chicken-essence-6-12x12.webp 12w, https:\/\/www.topchinapack.com\/wp-content\/uploads\/2026\/01\/custom-3-side-seal-bag-for-chicken-essence-6-600x600.webp 600w, https:\/\/www.topchinapack.com\/wp-content\/uploads\/2026\/01\/custom-3-side-seal-bag-for-chicken-essence-6-100x100.webp 100w\" sizes=\"(max-width: 800px) 100vw, 800px\" \/><\/figure>\n<\/div>\n<\/div>","protected":false},"excerpt":{"rendered":"<p>Unsere ma\u00dfgefertigten Seitenverschlussbeutel weisen hohe Barriereeigenschaften auf und sind aus feuchtigkeitsdichten, rei\u00dffesten Verbundmaterialien hergestellt, die die Frische, Knusprigkeit und den Geschmack Ihrer Produkte effektiv bewahren.<\/p>\n<p>Wir bieten au\u00dferdem anpassbare Gr\u00f6\u00dfen und Designoptionen, die im Tiefdruckverfahren mit bis zu zehn Farben bedruckt werden k\u00f6nnen. Damit sind sie die ideale Verpackungsl\u00f6sung f\u00fcr Trockenobstprodukte im Gro\u00df- und Einzelhandel oder im E-Commerce.<\/p>\n<h2>Informationen zum Produkt<\/h2>\n<p><strong>Ma\u00dfgeschneiderter Service:<\/strong>\u00a0Material, Gr\u00f6\u00dfe, Druck, Muster und zus\u00e4tzliche Optionen<br \/><strong>Druckverfahren:<\/strong>\u00a0Tiefdruck, bis zu 10 Farben, unterst\u00fctzt kundenspezifischen Druck<br \/><strong>Merkmale:<\/strong>\u00a0langlebig, wasserdicht<br \/><strong>Lieferfrist:<\/strong>\u00a010-20 Tage<br \/><strong>Unterst\u00fctzung f\u00fcr kostenlose Proben<\/strong><br \/><strong>Zertifizierung:<\/strong>\u00a0ISO, FDA, BPA-frei, LFGB, EU-Norm<\/p>\n<h2>Eigenschaften von Custom 3 Side Seal Bag f\u00fcr H\u00fchnerfleischessenz<\/h2>\n<p>3-Seiten-Siegelbeutel bieten Vorteile wie starken Schutz, hervorragende Versiegelung, Kosteneffizienz und wirksame Markenwerbung, was sie zu einer idealen Verpackungsl\u00f6sung f\u00fcr H\u00fchneressenz und andere pulverf\u00f6rmige Gew\u00fcrze macht.<\/p>\n<ul>\n<li><strong data-start=\"146\" data-end=\"176\">Flaches, platzsparendes Design:<\/strong> Der 3-Seiten-Siegelbeutel bleibt vor und nach dem Bef\u00fcllen flach und erm\u00f6glicht so eine effizientere Lagerung, einen besseren Transport und eine bessere Stapelung im Regal.<\/li>\n<li data-pm-slice=\"0 0 []\"><strong>Kosteneffektiv f\u00fcr die Massenproduktion:<\/strong> Im Vergleich zu Standbodenbeuteln oder starren Verpackungen verbrauchen 3-Seiten-Siegelbeutel weniger Material und eignen sich ideal f\u00fcr gro\u00dfvolumige, kosteneffiziente Gew\u00fcrzverpackungen.<\/li>\n<li data-pm-slice=\"0 0 []\"><strong>L\u00f6sungen f\u00fcr hochbarrierefreie Materialien:<\/strong> Als erfahrener Hersteller von Lebensmittel- und Gew\u00fcrzverpackungen verf\u00fcgen wir \u00fcber spezielles Wissen und bieten Verpackungsbeutel mit optimierten Mehrschichtstrukturen an, die hervorragende Feuchtigkeits- und Sauerstoffbarriereeigenschaften bieten, um Geschmack, Aroma und Haltbarkeit zu sch\u00fctzen.<\/li>\n<li data-pm-slice=\"0 0 []\"><strong>Strenges Qualit\u00e4tskontrollsystem:<\/strong> Von den Rohstoffen \u00fcber die Siegelst\u00e4rke bis hin zur Druckqualit\u00e4t unterliegt jeder Schritt strengen Qualit\u00e4tskontrollen, um eine einheitliche und zuverl\u00e4ssige Verpackung zu gew\u00e4hrleisten.<\/li>\n<\/ul>","protected":false},"featured_media":3614,"comment_status":"closed","ping_status":"closed","template":"","meta":{"_acf_changed":false},"product_brand":[],"product_cat":[63],"product_tag":[],"class_list":{"0":"post-3501","1":"product","2":"type-product","3":"status-publish","4":"has-post-thumbnail","6":"product_cat-3-side-seal-bag","8":"first","9":"instock","10":"shipping-taxable","11":"product-type-simple"},"acf":[],"_links":{"self":[{"href":"https:\/\/www.topchinapack.com\/de\/wp-json\/wp\/v2\/product\/3501","targetHints":{"allow":["GET"]}}],"collection":[{"href":"https:\/\/www.topchinapack.com\/de\/wp-json\/wp\/v2\/product"}],"about":[{"href":"https:\/\/www.topchinapack.com\/de\/wp-json\/wp\/v2\/types\/product"}],"replies":[{"embeddable":true,"href":"https:\/\/www.topchinapack.com\/de\/wp-json\/wp\/v2\/comments?post=3501"}],"wp:featuredmedia":[{"embeddable":true,"href":"https:\/\/www.topchinapack.com\/de\/wp-json\/wp\/v2\/media\/3614"}],"wp:attachment":[{"href":"https:\/\/www.topchinapack.com\/de\/wp-json\/wp\/v2\/media?parent=3501"}],"wp:term":[{"taxonomy":"product_brand","embeddable":true,"href":"https:\/\/www.topchinapack.com\/de\/wp-json\/wp\/v2\/product_brand?post=3501"},{"taxonomy":"product_cat","embeddable":true,"href":"https:\/\/www.topchinapack.com\/de\/wp-json\/wp\/v2\/product_cat?post=3501"},{"taxonomy":"product_tag","embeddable":true,"href":"https:\/\/www.topchinapack.com\/de\/wp-json\/wp\/v2\/product_tag?post=3501"}],"curies":[{"name":"wp","href":"https:\/\/api.w.org\/{rel}","templated":true}]}}