{"id":805,"date":"2025-03-13T14:03:06","date_gmt":"2025-03-13T14:03:06","guid":{"rendered":"https:\/\/www.topchinapack.com\/?post_type=product&#038;p=805"},"modified":"2025-11-17T07:51:47","modified_gmt":"2025-11-17T07:51:47","slug":"custom-spout-pouches-wholesale","status":"publish","type":"product","link":"https:\/\/www.topchinapack.com\/de\/produkt\/custom-spout-pouches-wholesale\/","title":{"rendered":"Kundenspezifische Ausgie\u00dferbeutel f\u00fcr Gelee-, Saft- und Getr\u00e4nkeverpackungen im Gro\u00dfhandel"},"content":{"rendered":"<div class=\"wp-block-columns is-layout-flex wp-container-core-columns-is-layout-9d6595d7 wp-block-columns-is-layout-flex\">\n<div class=\"wp-block-column is-layout-flow wp-block-column-is-layout-flow\">\n<figure class=\"wp-block-image size-full\"><img decoding=\"async\" width=\"800\" height=\"800\" src=\"https:\/\/www.topchinapack.com\/wp-content\/uploads\/2025\/03\/Custom-Spout-Pouches5.webp\" alt=\"Kundenspezifische T\u00fcllenbeutel(5)\" class=\"wp-image-810\" srcset=\"https:\/\/www.topchinapack.com\/wp-content\/uploads\/2025\/03\/Custom-Spout-Pouches5.webp 800w, https:\/\/www.topchinapack.com\/wp-content\/uploads\/2025\/03\/Custom-Spout-Pouches5-300x300.webp 300w, https:\/\/www.topchinapack.com\/wp-content\/uploads\/2025\/03\/Custom-Spout-Pouches5-150x150.webp 150w, https:\/\/www.topchinapack.com\/wp-content\/uploads\/2025\/03\/Custom-Spout-Pouches5-768x768.webp 768w, https:\/\/www.topchinapack.com\/wp-content\/uploads\/2025\/03\/Custom-Spout-Pouches5-600x600.webp 600w, https:\/\/www.topchinapack.com\/wp-content\/uploads\/2025\/03\/Custom-Spout-Pouches5-100x100.webp 100w\" sizes=\"(max-width: 800px) 100vw, 800px\" \/><\/figure>\n<\/div>\n\n\n\n<div class=\"wp-block-column is-layout-flow wp-block-column-is-layout-flow\">\n<figure class=\"wp-block-image size-full\"><img decoding=\"async\" width=\"800\" height=\"800\" src=\"https:\/\/www.topchinapack.com\/wp-content\/uploads\/2025\/03\/Custom-Spout-Pouches6.webp\" alt=\"Kundenspezifische T\u00fcllenbeutel(6)\" class=\"wp-image-811\" srcset=\"https:\/\/www.topchinapack.com\/wp-content\/uploads\/2025\/03\/Custom-Spout-Pouches6.webp 800w, https:\/\/www.topchinapack.com\/wp-content\/uploads\/2025\/03\/Custom-Spout-Pouches6-300x300.webp 300w, https:\/\/www.topchinapack.com\/wp-content\/uploads\/2025\/03\/Custom-Spout-Pouches6-150x150.webp 150w, https:\/\/www.topchinapack.com\/wp-content\/uploads\/2025\/03\/Custom-Spout-Pouches6-768x768.webp 768w, https:\/\/www.topchinapack.com\/wp-content\/uploads\/2025\/03\/Custom-Spout-Pouches6-600x600.webp 600w, https:\/\/www.topchinapack.com\/wp-content\/uploads\/2025\/03\/Custom-Spout-Pouches6-100x100.webp 100w\" sizes=\"(max-width: 800px) 100vw, 800px\" \/><\/figure>\n<\/div>\n<\/div>\n\n\n\n<div class=\"wp-block-columns is-layout-flex wp-container-core-columns-is-layout-9d6595d7 wp-block-columns-is-layout-flex\">\n<div class=\"wp-block-column is-layout-flow wp-block-column-is-layout-flow\"><\/div>\n\n\n\n<div class=\"wp-block-column is-layout-flow wp-block-column-is-layout-flow\"><\/div>\n<\/div>","protected":false},"excerpt":{"rendered":"<p>Gro\u00dfhandel benutzerdefinierte Ausgie\u00dfer Beutel. Diese Ausgie\u00dfer sind praktisch gestaltet und langlebig, mit einem sicheren und auslaufsicheren Ausgie\u00dfer, der die hohen Anforderungen an Barriere und Korrosionsbest\u00e4ndigkeit von Fl\u00fcssigkeiten erf\u00fcllt. Wir bieten umfassende Anpassungsm\u00f6glichkeiten, einschlie\u00dflich Gr\u00f6\u00dfe, Material, Ausgusstyp und hellem Druck. Bitte kontaktieren Sie uns f\u00fcr Verpackungsl\u00f6sungen.<\/p>\n<h2>Merkmale der Custom Spout Pouches<\/h2>\n<p><strong>Anpassungsf\u00e4higkeit:<\/strong> Wir bieten einen umfassenden Anpassungsservice vom Konzeptdesign bis zur Massenproduktion und produzieren f\u00fcr Sie Ausgie\u00dferbeutel mit hochpr\u00e4zisen Mustern mit hochwertigen Druckfarben und Zehn-Farben-Tiefdruckmaschinen.<\/p>\n<p><strong>Anwendbar auf mehrere Branchen:<\/strong> Unsere ma\u00dfgefertigten Ausgie\u00dferbeutel finden breite Anwendung in der Getr\u00e4nke-, Lebensmittel- und chemischen Industrie sowie in anderen Bereichen. Sie erf\u00fcllen die Anforderungen an eine hohe Barrierewirkung von Saftgetr\u00e4nken und an die Korrosionsbest\u00e4ndigkeit von chemischen Produkten des t\u00e4glichen Bedarfs.<\/p>\n<p><strong>Hohe Qualit\u00e4t:<\/strong> Ausgie\u00dferbeutel aus PET\/ALPE-Verbundmaterialien und Tiefdrucktechnik k\u00f6nnen eine Haltbarkeit von bis zu 12 Monaten f\u00fcr empfindliche Inhalte wie Saft und Milchprodukte garantieren.<\/p>\n<p><strong>Fast delivery:<\/strong> GQ PACK ist mit 12 vollautomatischen Beutelherstellungslinien ausgestattet, verf\u00fcgt \u00fcber eine hohe Produktionskapazit\u00e4t, kann gro\u00dfe Mengen bestellen und schnell liefern.<\/p>","protected":false},"featured_media":806,"comment_status":"closed","ping_status":"closed","template":"","meta":{"_acf_changed":false},"product_brand":[],"product_cat":[22,40],"product_tag":[],"class_list":{"0":"post-805","1":"product","2":"type-product","3":"status-publish","4":"has-post-thumbnail","6":"product_cat-custom-spout-pouches","7":"product_cat-custom-sauce-spout-pouches","9":"first","10":"instock","11":"shipping-taxable","12":"product-type-simple"},"acf":[],"_links":{"self":[{"href":"https:\/\/www.topchinapack.com\/de\/wp-json\/wp\/v2\/product\/805","targetHints":{"allow":["GET"]}}],"collection":[{"href":"https:\/\/www.topchinapack.com\/de\/wp-json\/wp\/v2\/product"}],"about":[{"href":"https:\/\/www.topchinapack.com\/de\/wp-json\/wp\/v2\/types\/product"}],"replies":[{"embeddable":true,"href":"https:\/\/www.topchinapack.com\/de\/wp-json\/wp\/v2\/comments?post=805"}],"wp:featuredmedia":[{"embeddable":true,"href":"https:\/\/www.topchinapack.com\/de\/wp-json\/wp\/v2\/media\/806"}],"wp:attachment":[{"href":"https:\/\/www.topchinapack.com\/de\/wp-json\/wp\/v2\/media?parent=805"}],"wp:term":[{"taxonomy":"product_brand","embeddable":true,"href":"https:\/\/www.topchinapack.com\/de\/wp-json\/wp\/v2\/product_brand?post=805"},{"taxonomy":"product_cat","embeddable":true,"href":"https:\/\/www.topchinapack.com\/de\/wp-json\/wp\/v2\/product_cat?post=805"},{"taxonomy":"product_tag","embeddable":true,"href":"https:\/\/www.topchinapack.com\/de\/wp-json\/wp\/v2\/product_tag?post=805"}],"curies":[{"name":"wp","href":"https:\/\/api.w.org\/{rel}","templated":true}]}}