{"id":1431,"date":"2025-04-28T13:05:26","date_gmt":"2025-04-28T13:05:26","guid":{"rendered":"https:\/\/www.topchinapack.com\/?post_type=product&#038;p=1431"},"modified":"2025-12-19T02:00:24","modified_gmt":"2025-12-19T02:00:24","slug":"custom-pet-product-packaging-wholesale","status":"publish","type":"product","link":"https:\/\/www.topchinapack.com\/es\/producto\/custom-pet-product-packaging-wholesale\/","title":{"rendered":"Custom Pet Product Packaging Wholesale - Bolsa de fondo plano para envasado de alimentos de mascotas"},"content":{"rendered":"<div class=\"wp-block-columns is-layout-flex wp-container-core-columns-is-layout-9d6595d7 wp-block-columns-is-layout-flex\">\n<div class=\"wp-block-column is-layout-flow wp-block-column-is-layout-flow\">\n<figure class=\"wp-block-image size-full\"><img decoding=\"async\" width=\"800\" height=\"800\" src=\"https:\/\/www.topchinapack.com\/wp-content\/uploads\/2025\/04\/pet-product-packaging-details-1.webp\" alt=\"detalles de envasado de productos para mascotas (1)\" class=\"wp-image-1436\" srcset=\"https:\/\/www.topchinapack.com\/wp-content\/uploads\/2025\/04\/pet-product-packaging-details-1.webp 800w, https:\/\/www.topchinapack.com\/wp-content\/uploads\/2025\/04\/pet-product-packaging-details-1-300x300.webp 300w, https:\/\/www.topchinapack.com\/wp-content\/uploads\/2025\/04\/pet-product-packaging-details-1-150x150.webp 150w, https:\/\/www.topchinapack.com\/wp-content\/uploads\/2025\/04\/pet-product-packaging-details-1-768x768.webp 768w, https:\/\/www.topchinapack.com\/wp-content\/uploads\/2025\/04\/pet-product-packaging-details-1-12x12.webp 12w, https:\/\/www.topchinapack.com\/wp-content\/uploads\/2025\/04\/pet-product-packaging-details-1-600x600.webp 600w, https:\/\/www.topchinapack.com\/wp-content\/uploads\/2025\/04\/pet-product-packaging-details-1-100x100.webp 100w\" sizes=\"(max-width: 800px) 100vw, 800px\" \/><\/figure>\n<\/div>\n\n\n\n<div class=\"wp-block-column is-layout-flow wp-block-column-is-layout-flow\">\n<figure class=\"wp-block-image size-full\"><img decoding=\"async\" width=\"800\" height=\"800\" src=\"https:\/\/www.topchinapack.com\/wp-content\/uploads\/2025\/04\/pet-product-packaging-details-2.webp\" alt=\"detalles de envasado de productos para mascotas (2)\" class=\"wp-image-1437\" srcset=\"https:\/\/www.topchinapack.com\/wp-content\/uploads\/2025\/04\/pet-product-packaging-details-2.webp 800w, https:\/\/www.topchinapack.com\/wp-content\/uploads\/2025\/04\/pet-product-packaging-details-2-300x300.webp 300w, https:\/\/www.topchinapack.com\/wp-content\/uploads\/2025\/04\/pet-product-packaging-details-2-150x150.webp 150w, https:\/\/www.topchinapack.com\/wp-content\/uploads\/2025\/04\/pet-product-packaging-details-2-768x768.webp 768w, https:\/\/www.topchinapack.com\/wp-content\/uploads\/2025\/04\/pet-product-packaging-details-2-12x12.webp 12w, https:\/\/www.topchinapack.com\/wp-content\/uploads\/2025\/04\/pet-product-packaging-details-2-600x600.webp 600w, https:\/\/www.topchinapack.com\/wp-content\/uploads\/2025\/04\/pet-product-packaging-details-2-100x100.webp 100w\" sizes=\"(max-width: 800px) 100vw, 800px\" \/><\/figure>\n<\/div>\n<\/div>\n\n\n\n<div class=\"wp-block-columns is-layout-flex wp-container-core-columns-is-layout-9d6595d7 wp-block-columns-is-layout-flex\">\n<div class=\"wp-block-column is-layout-flow wp-block-column-is-layout-flow\"><\/div>\n\n\n\n<div class=\"wp-block-column is-layout-flow wp-block-column-is-layout-flow\"><\/div>\n<\/div>","protected":false},"excerpt":{"rendered":"<p>Envasado personalizado de productos para mascotas al por mayor. Adoptamos la estructura de material BOPP\/VMPET\/PE, teniendo en cuenta tanto la funcionalidad como la est\u00e9tica. Nuestros envases cumplen muchas normas y certificaciones internacionales de seguridad, satisfaciendo las necesidades de m\u00faltiples mercados. P\u00f3ngase en contacto con nosotros para solicitar un presupuesto.<\/p>\n<h2>Caracter\u00edsticas del envasado personalizado de productos para mascotas<\/h2>\n<p><strong>Servicio personalizado:<\/strong> material, tama\u00f1o, cierre, impresi\u00f3n y dise\u00f1o, funci\u00f3n y opciones adicionales<br \/><strong>Proceso de impresi\u00f3n:<\/strong> impresi\u00f3n en huecograbado, hasta 10 colores, admite impresi\u00f3n personalizada<br \/><strong>Caracter\u00edsticas:<\/strong> duradero, impermeable, respetuoso con el medio ambiente<br \/><strong>Plazo de entrega:<\/strong> 10-20 d\u00edas<br \/><strong>Soporte gratuito para muestras<\/strong><br \/><strong>Certificaci\u00f3n:<\/strong> ISO, FDA, sin BPA, LFGB, normas de la UE<\/p>\n<p><strong>Buen sellado:<\/strong> Los materiales de alta calidad evitan que los alimentos para mascotas se mojen, humedezcan, oxiden o estropeen, prolongando su vida \u00fatil.<br \/><strong>Gastos de env\u00edo reducidos:<\/strong> En comparaci\u00f3n con otros tipos de envases, estas bolsas son ligeras y tienen unos gastos de env\u00edo m\u00e1s bajos para los pedidos al por mayor.<br \/><strong>Personalizaci\u00f3n de bajo coste:<\/strong> Los procesos de producci\u00f3n flexibles permiten personalizar marcas, dise\u00f1os y tama\u00f1os a precios asequibles.<\/p>","protected":false},"featured_media":1432,"comment_status":"closed","ping_status":"closed","template":"","meta":{"_acf_changed":true},"product_brand":[],"product_cat":[19,48],"product_tag":[58],"class_list":{"0":"post-1431","1":"product","2":"type-product","3":"status-publish","4":"has-post-thumbnail","6":"product_cat-custom-flat-bottom-pouch","7":"product_cat-custom-pet-food-flat-bottom-pouches","8":"product_tag-custom-pet-food-packaging-bags","10":"first","11":"instock","12":"shipping-taxable","13":"product-type-simple"},"acf":[],"_links":{"self":[{"href":"https:\/\/www.topchinapack.com\/es\/wp-json\/wp\/v2\/product\/1431","targetHints":{"allow":["GET"]}}],"collection":[{"href":"https:\/\/www.topchinapack.com\/es\/wp-json\/wp\/v2\/product"}],"about":[{"href":"https:\/\/www.topchinapack.com\/es\/wp-json\/wp\/v2\/types\/product"}],"replies":[{"embeddable":true,"href":"https:\/\/www.topchinapack.com\/es\/wp-json\/wp\/v2\/comments?post=1431"}],"wp:featuredmedia":[{"embeddable":true,"href":"https:\/\/www.topchinapack.com\/es\/wp-json\/wp\/v2\/media\/1432"}],"wp:attachment":[{"href":"https:\/\/www.topchinapack.com\/es\/wp-json\/wp\/v2\/media?parent=1431"}],"wp:term":[{"taxonomy":"product_brand","embeddable":true,"href":"https:\/\/www.topchinapack.com\/es\/wp-json\/wp\/v2\/product_brand?post=1431"},{"taxonomy":"product_cat","embeddable":true,"href":"https:\/\/www.topchinapack.com\/es\/wp-json\/wp\/v2\/product_cat?post=1431"},{"taxonomy":"product_tag","embeddable":true,"href":"https:\/\/www.topchinapack.com\/es\/wp-json\/wp\/v2\/product_tag?post=1431"}],"curies":[{"name":"wp","href":"https:\/\/api.w.org\/{rel}","templated":true}]}}