{"id":1496,"date":"2025-05-02T00:56:45","date_gmt":"2025-05-02T00:56:45","guid":{"rendered":"https:\/\/www.topchinapack.com\/?post_type=product&#038;p=1496"},"modified":"2025-11-17T07:43:23","modified_gmt":"2025-11-17T07:43:23","slug":"customized-stand-up-spout-bag-for-liquid-and-semi-liquid","status":"publish","type":"product","link":"https:\/\/www.topchinapack.com\/es\/producto\/customized-stand-up-spout-bag-for-liquid-and-semi-liquid\/","title":{"rendered":"Bolsas con boquilla para l\u00edquidos y semil\u00edquidos personalizadas - Impresi\u00f3n en huecograbado de calidad alimentaria"},"content":{"rendered":"<div class=\"wp-block-columns is-layout-flex wp-container-core-columns-is-layout-9d6595d7 wp-block-columns-is-layout-flex\">\n<div class=\"wp-block-column is-layout-flow wp-block-column-is-layout-flow\">\n<figure class=\"wp-block-image size-full\"><img decoding=\"async\" width=\"800\" height=\"807\" src=\"https:\/\/www.topchinapack.com\/wp-content\/uploads\/2025\/05\/Customized-beverage-stand-up-spout-bag-5.webp\" alt=\"Bolsa con boquilla para bebidas de pie personalizada (5)\" class=\"wp-image-1501\" srcset=\"https:\/\/www.topchinapack.com\/wp-content\/uploads\/2025\/05\/Customized-beverage-stand-up-spout-bag-5.webp 800w, https:\/\/www.topchinapack.com\/wp-content\/uploads\/2025\/05\/Customized-beverage-stand-up-spout-bag-5-297x300.webp 297w, https:\/\/www.topchinapack.com\/wp-content\/uploads\/2025\/05\/Customized-beverage-stand-up-spout-bag-5-150x150.webp 150w, https:\/\/www.topchinapack.com\/wp-content\/uploads\/2025\/05\/Customized-beverage-stand-up-spout-bag-5-768x775.webp 768w, https:\/\/www.topchinapack.com\/wp-content\/uploads\/2025\/05\/Customized-beverage-stand-up-spout-bag-5-12x12.webp 12w, https:\/\/www.topchinapack.com\/wp-content\/uploads\/2025\/05\/Customized-beverage-stand-up-spout-bag-5-600x605.webp 600w, https:\/\/www.topchinapack.com\/wp-content\/uploads\/2025\/05\/Customized-beverage-stand-up-spout-bag-5-100x100.webp 100w\" sizes=\"(max-width: 800px) 100vw, 800px\" \/><\/figure>\n<\/div>\n\n\n\n<div class=\"wp-block-column is-layout-flow wp-block-column-is-layout-flow\">\n<figure class=\"wp-block-image size-full\"><img decoding=\"async\" width=\"800\" height=\"807\" src=\"https:\/\/www.topchinapack.com\/wp-content\/uploads\/2025\/05\/Customized-beverage-stand-up-spout-bag-6.webp\" alt=\"Bolsa con boquilla para bebidas de pie personalizada (6)\" class=\"wp-image-1502\" srcset=\"https:\/\/www.topchinapack.com\/wp-content\/uploads\/2025\/05\/Customized-beverage-stand-up-spout-bag-6.webp 800w, https:\/\/www.topchinapack.com\/wp-content\/uploads\/2025\/05\/Customized-beverage-stand-up-spout-bag-6-297x300.webp 297w, https:\/\/www.topchinapack.com\/wp-content\/uploads\/2025\/05\/Customized-beverage-stand-up-spout-bag-6-150x150.webp 150w, https:\/\/www.topchinapack.com\/wp-content\/uploads\/2025\/05\/Customized-beverage-stand-up-spout-bag-6-768x775.webp 768w, https:\/\/www.topchinapack.com\/wp-content\/uploads\/2025\/05\/Customized-beverage-stand-up-spout-bag-6-12x12.webp 12w, https:\/\/www.topchinapack.com\/wp-content\/uploads\/2025\/05\/Customized-beverage-stand-up-spout-bag-6-600x605.webp 600w, https:\/\/www.topchinapack.com\/wp-content\/uploads\/2025\/05\/Customized-beverage-stand-up-spout-bag-6-100x100.webp 100w\" sizes=\"(max-width: 800px) 100vw, 800px\" \/><\/figure>\n<\/div>\n<\/div>","protected":false},"excerpt":{"rendered":"<p>Nuestras bolsas con boquilla de pie personalizadas son funcionales y duraderas, y est\u00e1n fabricadas con materiales aptos para uso alimentario y sin BPA, adecuados para una gran variedad de aplicaciones, como bebidas, salsas, cuidado personal, cosm\u00e9ticos y otros productos l\u00edquidos o semil\u00edquidos.<\/p>\n<p>Admite impresi\u00f3n en huecograbado de diez colores, tama\u00f1o y grosor personalizables, accesorios y patrones, etc. P\u00f3ngase en contacto con nosotros para solicitar un presupuesto.<\/p>\n<h2>Caracter\u00edsticas de la bolsa de ca\u00f1o alto personalizada<\/h2>\n<p><strong>Servicio personalizado:<\/strong>\u00a0material, tama\u00f1o, impresi\u00f3n, patr\u00f3n y opciones adicionales<br \/><strong>Proceso de impresi\u00f3n:<\/strong>\u00a0impresi\u00f3n en huecograbado, hasta 10 colores, admite impresi\u00f3n personalizada<br \/><strong>Caracter\u00edsticas:<\/strong>\u00a0duradero, impermeable<br \/><strong>Plazo de entrega:<\/strong>\u00a010-20 d\u00edas<br \/><strong>Soporte gratuito para muestras<\/strong><br \/><strong>Certificaci\u00f3n:<\/strong>\u00a0ISO, FDA, sin BPA, LFGB, normas de la UE<\/p>\n<p><strong>Excelentes propiedades de barrera:<\/strong> Los laminados multicapa, como PET\/PE\/AL, garantizan fuertes propiedades de barrera frente a la humedad, el ox\u00edgeno y la luz, lo que prolonga la vida \u00fatil del producto.<br \/><strong>C\u00f3modo pico superior:<\/strong> F\u00e1cil de abrir, verter y volver a cerrar: apto para productos l\u00edquidos, en pasta y en polvo, mejora la experiencia del usuario y reduce los derrames.<br \/><strong>Estabilidad del soporte:<\/strong> La estructura autoportante del fondo mejora la visibilidad de los estantes, la eficiencia del almacenamiento y las oportunidades de marca en el punto de venta.<br \/><strong>Dise\u00f1o personalizable:<\/strong> El tama\u00f1o, el grosor, el color de impresi\u00f3n, el dibujo y la estructura del material pueden personalizarse para satisfacer las necesidades funcionales y de marca espec\u00edficas.<\/p>","protected":false},"featured_media":1497,"comment_status":"closed","ping_status":"closed","template":"","meta":{"_acf_changed":true},"product_brand":[],"product_cat":[22,43],"product_tag":[],"class_list":{"0":"post-1496","1":"product","2":"type-product","3":"status-publish","4":"has-post-thumbnail","6":"product_cat-custom-spout-pouches","7":"product_cat-custom-beverage-spout-pouches","9":"first","10":"instock","11":"shipping-taxable","12":"product-type-simple"},"acf":[],"_links":{"self":[{"href":"https:\/\/www.topchinapack.com\/es\/wp-json\/wp\/v2\/product\/1496","targetHints":{"allow":["GET"]}}],"collection":[{"href":"https:\/\/www.topchinapack.com\/es\/wp-json\/wp\/v2\/product"}],"about":[{"href":"https:\/\/www.topchinapack.com\/es\/wp-json\/wp\/v2\/types\/product"}],"replies":[{"embeddable":true,"href":"https:\/\/www.topchinapack.com\/es\/wp-json\/wp\/v2\/comments?post=1496"}],"wp:featuredmedia":[{"embeddable":true,"href":"https:\/\/www.topchinapack.com\/es\/wp-json\/wp\/v2\/media\/1497"}],"wp:attachment":[{"href":"https:\/\/www.topchinapack.com\/es\/wp-json\/wp\/v2\/media?parent=1496"}],"wp:term":[{"taxonomy":"product_brand","embeddable":true,"href":"https:\/\/www.topchinapack.com\/es\/wp-json\/wp\/v2\/product_brand?post=1496"},{"taxonomy":"product_cat","embeddable":true,"href":"https:\/\/www.topchinapack.com\/es\/wp-json\/wp\/v2\/product_cat?post=1496"},{"taxonomy":"product_tag","embeddable":true,"href":"https:\/\/www.topchinapack.com\/es\/wp-json\/wp\/v2\/product_tag?post=1496"}],"curies":[{"name":"wp","href":"https:\/\/api.w.org\/{rel}","templated":true}]}}