{"id":1862,"date":"2025-08-04T14:32:00","date_gmt":"2025-08-04T14:32:00","guid":{"rendered":"https:\/\/www.topchinapack.com\/?post_type=product&#038;p=1862"},"modified":"2025-11-17T07:40:18","modified_gmt":"2025-11-17T07:40:18","slug":"custom-stand-up-spout-bags","status":"publish","type":"product","link":"https:\/\/www.topchinapack.com\/es\/producto\/custom-stand-up-spout-bags\/","title":{"rendered":"Bolsas de boquilla personalizadas, bolsas de boquilla a granel - Resellables y con excelente sellado"},"content":{"rendered":"<div class=\"wp-block-columns is-layout-flex wp-container-core-columns-is-layout-9d6595d7 wp-block-columns-is-layout-flex\">\n<div class=\"wp-block-column is-layout-flow wp-block-column-is-layout-flow\">\n<figure class=\"wp-block-image size-full\"><img decoding=\"async\" width=\"800\" height=\"800\" src=\"https:\/\/www.topchinapack.com\/wp-content\/uploads\/2025\/08\/custom-stand-up-spout-pouches-5.webp\" alt=\"bolsas con boquilla de pie personalizadas (5)\" class=\"wp-image-1878\" srcset=\"https:\/\/www.topchinapack.com\/wp-content\/uploads\/2025\/08\/custom-stand-up-spout-pouches-5.webp 800w, https:\/\/www.topchinapack.com\/wp-content\/uploads\/2025\/08\/custom-stand-up-spout-pouches-5-300x300.webp 300w, https:\/\/www.topchinapack.com\/wp-content\/uploads\/2025\/08\/custom-stand-up-spout-pouches-5-150x150.webp 150w, https:\/\/www.topchinapack.com\/wp-content\/uploads\/2025\/08\/custom-stand-up-spout-pouches-5-768x768.webp 768w, https:\/\/www.topchinapack.com\/wp-content\/uploads\/2025\/08\/custom-stand-up-spout-pouches-5-12x12.webp 12w, https:\/\/www.topchinapack.com\/wp-content\/uploads\/2025\/08\/custom-stand-up-spout-pouches-5-600x600.webp 600w, https:\/\/www.topchinapack.com\/wp-content\/uploads\/2025\/08\/custom-stand-up-spout-pouches-5-100x100.webp 100w\" sizes=\"(max-width: 800px) 100vw, 800px\" \/><\/figure>\n<\/div>\n\n\n\n<div class=\"wp-block-column is-layout-flow wp-block-column-is-layout-flow\">\n<figure class=\"wp-block-image size-full\"><img decoding=\"async\" width=\"800\" height=\"800\" src=\"https:\/\/www.topchinapack.com\/wp-content\/uploads\/2025\/08\/custom-stand-up-spout-pouches-6.webp\" alt=\"bolsas de boquilla de pie personalizadas (6)\" class=\"wp-image-1879\" srcset=\"https:\/\/www.topchinapack.com\/wp-content\/uploads\/2025\/08\/custom-stand-up-spout-pouches-6.webp 800w, https:\/\/www.topchinapack.com\/wp-content\/uploads\/2025\/08\/custom-stand-up-spout-pouches-6-300x300.webp 300w, https:\/\/www.topchinapack.com\/wp-content\/uploads\/2025\/08\/custom-stand-up-spout-pouches-6-150x150.webp 150w, https:\/\/www.topchinapack.com\/wp-content\/uploads\/2025\/08\/custom-stand-up-spout-pouches-6-768x768.webp 768w, https:\/\/www.topchinapack.com\/wp-content\/uploads\/2025\/08\/custom-stand-up-spout-pouches-6-12x12.webp 12w, https:\/\/www.topchinapack.com\/wp-content\/uploads\/2025\/08\/custom-stand-up-spout-pouches-6-600x600.webp 600w, https:\/\/www.topchinapack.com\/wp-content\/uploads\/2025\/08\/custom-stand-up-spout-pouches-6-100x100.webp 100w\" sizes=\"(max-width: 800px) 100vw, 800px\" \/><\/figure>\n<\/div>\n<\/div>\n\n\n\n<div class=\"wp-block-columns is-layout-flex wp-container-core-columns-is-layout-9d6595d7 wp-block-columns-is-layout-flex\">\n<div class=\"wp-block-column is-layout-flow wp-block-column-is-layout-flow\"><\/div>\n\n\n\n<div class=\"wp-block-column is-layout-flow wp-block-column-is-layout-flow\"><\/div>\n<\/div>","protected":false},"excerpt":{"rendered":"<p>Ofrecemos bolsas con boquilla totalmente personalizables para satisfacer las necesidades \u00fanicas de sus productos. Nuestras bolsas con boquilla de calidad alimentaria son adecuadas para l\u00edquidos, pastas y productos granulados. El tama\u00f1o, el material y el dise\u00f1o de las bolsas con boquilla son totalmente personalizables, y ofrecemos impresi\u00f3n en diez colores para garantizar una presentaci\u00f3n \u00f3ptima de su imagen de marca.<\/p>\n<h2>Caracter\u00edsticas de las bolsas de ca\u00f1o alto<\/h2>\n<p><strong>Servicio personalizado:<\/strong>\u00a0material, tama\u00f1o, impresi\u00f3n, patr\u00f3n y opciones adicionales<br \/><strong>Proceso de impresi\u00f3n:<\/strong>\u00a0impresi\u00f3n en huecograbado, hasta 10 colores, admite impresi\u00f3n personalizada<br \/><strong>Caracter\u00edsticas:<\/strong>\u00a0duradero, impermeable<br \/><strong>Plazo de entrega:<\/strong>\u00a010-20 d\u00edas<br \/><strong>Soporte gratuito para muestras<\/strong><br \/><strong>Certificaci\u00f3n:<\/strong>\u00a0ISO, FDA, sin BPA, LFGB, normas de la UE<\/p>\n<p><strong>Comodidad:<\/strong> Las bolsas con boquilla a medida cuentan con una boquilla f\u00e1cil de abrir y de usar, que proporciona una experiencia de vertido suave. La boquilla de succi\u00f3n se puede sellar repetidamente, lo que le permite sellar f\u00e1cilmente y mantener el producto fresco durante m\u00e1s tiempo.<\/p>\n<p><strong>Funci\u00f3n:<\/strong> Nuestras bolsas de boquilla est\u00e1n equipadas con tecnolog\u00eda de sellado a prueba de fugas y contaminaci\u00f3n, que puede proporcionar la mejor protecci\u00f3n para los art\u00edculos internos. Tanto si almacena bebidas, cosm\u00e9ticos o alimentos para mascotas, la bolsa de boquilla puede evitar la oxidaci\u00f3n.<\/p>\n<p><strong>Dise\u00f1o autoportante:<\/strong> Uno de los aspectos m\u00e1s destacados de nuestras bolsas de ca\u00f1o personalizadas es su fondo autoportante. El dise\u00f1o vertical garantiza una exposici\u00f3n y un almacenamiento ordenados de los art\u00edculos.<\/p>\n<p>Compatibilidad multifuncional: Nuestras bolsas con boquilla tienen una amplia gama de aplicaciones y son adecuadas para diversos envases. Es muy adecuada para contener l\u00edquidos (bebidas), pastas (cosm\u00e9ticos) y gr\u00e1nulos (alimentos para mascotas).<\/p>\n<p><strong>Servicio de bolsas de ca\u00f1o personalizadas:<\/strong> Ofrecemos una amplia gama de servicios de bolsas con boquilla personalizadas, incluida la selecci\u00f3n de material, tama\u00f1o, color e identidad de marca. La artesan\u00eda de alta calidad ayuda a los clientes a fabricar productos de bolsa con pico excepcionales y duraderos.<\/p>","protected":false},"featured_media":1874,"comment_status":"closed","ping_status":"closed","template":"","meta":{"_acf_changed":false},"product_brand":[],"product_cat":[22,39],"product_tag":[],"class_list":{"0":"post-1862","1":"product","2":"type-product","3":"status-publish","4":"has-post-thumbnail","6":"product_cat-custom-spout-pouches","7":"product_cat-custom-juice-spout-pouches","9":"first","10":"instock","11":"shipping-taxable","12":"product-type-simple"},"acf":[],"_links":{"self":[{"href":"https:\/\/www.topchinapack.com\/es\/wp-json\/wp\/v2\/product\/1862","targetHints":{"allow":["GET"]}}],"collection":[{"href":"https:\/\/www.topchinapack.com\/es\/wp-json\/wp\/v2\/product"}],"about":[{"href":"https:\/\/www.topchinapack.com\/es\/wp-json\/wp\/v2\/types\/product"}],"replies":[{"embeddable":true,"href":"https:\/\/www.topchinapack.com\/es\/wp-json\/wp\/v2\/comments?post=1862"}],"wp:featuredmedia":[{"embeddable":true,"href":"https:\/\/www.topchinapack.com\/es\/wp-json\/wp\/v2\/media\/1874"}],"wp:attachment":[{"href":"https:\/\/www.topchinapack.com\/es\/wp-json\/wp\/v2\/media?parent=1862"}],"wp:term":[{"taxonomy":"product_brand","embeddable":true,"href":"https:\/\/www.topchinapack.com\/es\/wp-json\/wp\/v2\/product_brand?post=1862"},{"taxonomy":"product_cat","embeddable":true,"href":"https:\/\/www.topchinapack.com\/es\/wp-json\/wp\/v2\/product_cat?post=1862"},{"taxonomy":"product_tag","embeddable":true,"href":"https:\/\/www.topchinapack.com\/es\/wp-json\/wp\/v2\/product_tag?post=1862"}],"curies":[{"name":"wp","href":"https:\/\/api.w.org\/{rel}","templated":true}]}}