{"id":1863,"date":"2025-08-06T06:33:35","date_gmt":"2025-08-06T06:33:35","guid":{"rendered":"https:\/\/www.topchinapack.com\/?post_type=product&#038;p=1863"},"modified":"2025-11-17T07:38:16","modified_gmt":"2025-11-17T07:38:16","slug":"stand-up-pouch-with-spout","status":"publish","type":"product","link":"https:\/\/www.topchinapack.com\/es\/producto\/stand-up-pouch-with-spout\/","title":{"rendered":"Bolsa con boquilla para zumos, bebidas, gelatinas - Fabricante de bolsas con boquilla"},"content":{"rendered":"<div class=\"wp-block-columns is-layout-flex wp-container-core-columns-is-layout-9d6595d7 wp-block-columns-is-layout-flex\">\n<div class=\"wp-block-column is-layout-flow wp-block-column-is-layout-flow\">\n<figure class=\"wp-block-image size-full\"><img decoding=\"async\" width=\"800\" height=\"807\" src=\"https:\/\/www.topchinapack.com\/wp-content\/uploads\/2025\/08\/custom-spout-pouches-5-1.webp\" alt=\"bolsas de ca\u00f1o personalizadas (5)\" class=\"wp-image-1914\" srcset=\"https:\/\/www.topchinapack.com\/wp-content\/uploads\/2025\/08\/custom-spout-pouches-5-1.webp 800w, https:\/\/www.topchinapack.com\/wp-content\/uploads\/2025\/08\/custom-spout-pouches-5-1-297x300.webp 297w, https:\/\/www.topchinapack.com\/wp-content\/uploads\/2025\/08\/custom-spout-pouches-5-1-150x150.webp 150w, https:\/\/www.topchinapack.com\/wp-content\/uploads\/2025\/08\/custom-spout-pouches-5-1-768x775.webp 768w, https:\/\/www.topchinapack.com\/wp-content\/uploads\/2025\/08\/custom-spout-pouches-5-1-12x12.webp 12w, https:\/\/www.topchinapack.com\/wp-content\/uploads\/2025\/08\/custom-spout-pouches-5-1-600x605.webp 600w, https:\/\/www.topchinapack.com\/wp-content\/uploads\/2025\/08\/custom-spout-pouches-5-1-100x100.webp 100w\" sizes=\"(max-width: 800px) 100vw, 800px\" \/><\/figure>\n<\/div>\n\n\n\n<div class=\"wp-block-column is-layout-flow wp-block-column-is-layout-flow\">\n<figure class=\"wp-block-image size-full\"><img decoding=\"async\" width=\"800\" height=\"807\" src=\"https:\/\/www.topchinapack.com\/wp-content\/uploads\/2025\/08\/custom-spout-pouches-6-1.webp\" alt=\"bolsas de ca\u00f1o personalizadas (6)\" class=\"wp-image-1915\" srcset=\"https:\/\/www.topchinapack.com\/wp-content\/uploads\/2025\/08\/custom-spout-pouches-6-1.webp 800w, https:\/\/www.topchinapack.com\/wp-content\/uploads\/2025\/08\/custom-spout-pouches-6-1-297x300.webp 297w, https:\/\/www.topchinapack.com\/wp-content\/uploads\/2025\/08\/custom-spout-pouches-6-1-150x150.webp 150w, https:\/\/www.topchinapack.com\/wp-content\/uploads\/2025\/08\/custom-spout-pouches-6-1-768x775.webp 768w, https:\/\/www.topchinapack.com\/wp-content\/uploads\/2025\/08\/custom-spout-pouches-6-1-12x12.webp 12w, https:\/\/www.topchinapack.com\/wp-content\/uploads\/2025\/08\/custom-spout-pouches-6-1-600x605.webp 600w, https:\/\/www.topchinapack.com\/wp-content\/uploads\/2025\/08\/custom-spout-pouches-6-1-100x100.webp 100w\" sizes=\"(max-width: 800px) 100vw, 800px\" \/><\/figure>\n<\/div>\n<\/div>\n\n\n\n<div class=\"wp-block-columns is-layout-flex wp-container-core-columns-is-layout-9d6595d7 wp-block-columns-is-layout-flex\">\n<div class=\"wp-block-column is-layout-flow wp-block-column-is-layout-flow\" style=\"flex-basis:66.66%\">\n<figure class=\"wp-block-embed is-type-video is-provider-youtube wp-block-embed-youtube wp-embed-aspect-16-9 wp-has-aspect-ratio\"><div class=\"wp-block-embed__wrapper\">\n<iframe title=\"Bolsa de ca\u00f1o personalizada \u5438\u5634\u888b\" width=\"500\" height=\"281\" src=\"https:\/\/www.youtube.com\/embed\/TygYTRNHNMw?feature=oembed\" frameborder=\"0\" allow=\"accelerometer; autoplay; clipboard-write; encrypted-media; gyroscope; picture-in-picture; web-share\" referrerpolicy=\"strict-origin-when-cross-origin\" allowfullscreen><\/iframe>\n<\/div><\/figure>\n<\/div>\n\n\n\n<div class=\"wp-block-column is-layout-flow wp-block-column-is-layout-flow\" style=\"flex-basis:33.33%\"><\/div>\n<\/div>","protected":false},"excerpt":{"rendered":"<p>Nuestros servicios de bolsas con boquilla personalizadas ofrecen soluciones de envasado flexibles y de alta calidad para bebidas, zumos, gelatinas, salsas y mucho m\u00e1s. Ofrecemos una gran variedad de tama\u00f1os y dise\u00f1os personalizados. P\u00f3ngase en contacto con GQ PACK para obtener el mejor presupuesto del fabricante de bolsas con boquilla de confianza.<\/p>\n<h2>Caracter\u00edsticas de la bolsa de pie con boquilla<\/h2>\n<p><strong>Servicio personalizado:<\/strong>\u00a0material, tama\u00f1o, impresi\u00f3n, patr\u00f3n y opciones adicionales<br \/><strong>Proceso de impresi\u00f3n:<\/strong>\u00a0impresi\u00f3n en huecograbado, hasta 10 colores, admite impresi\u00f3n personalizada<br \/><strong>Caracter\u00edsticas:<\/strong>\u00a0duradero, impermeable<br \/><strong>Plazo de entrega:<\/strong>\u00a010-20 d\u00edas<br \/><strong>Soporte gratuito para muestras<\/strong><br \/><strong>Certificaci\u00f3n:<\/strong>\u00a0ISO, FDA, sin BPA, LFGB, normas de la UE<\/p>\n<p><strong>Materiales PE\/PET de primera calidad:<\/strong> Nuestras bolsas con pico personalizadas utilizan materiales PE\/PET de primera calidad. Estos materiales son conocidos por su resistencia, durabilidad y flexibilidad, que ayudan a mantener la calidad del contenido.<\/p>\n<p><strong>Fuertes propiedades de barrera:<\/strong> El dise\u00f1o PE\/PET impide la entrada de ox\u00edgeno, humedad y contaminantes. Esto mantiene la frescura, el sabor y el valor nutritivo de bebidas, zumos y gelatinas durante m\u00e1s tiempo.<\/p>\n<p><strong>Ca\u00f1o a prueba de fugas:<\/strong> Nuestras bolsas disponen de un tap\u00f3n de seguridad a prueba de fugas. Proporciona un cierre seguro. El dise\u00f1o resellable facilita el acceso a las bebidas y otros productos, al tiempo que minimiza los residuos.<\/p>\n<p><strong>Seguridad alimentaria:<\/strong> Nuestras bolsas con boquilla personalizadas est\u00e1n fabricadas con materiales aptos para uso alimentario que cumplen las normas internacionales de seguridad, incluidas las de la FDA y la LFGB. Son seguras para el contacto directo con alimentos y bebidas.<\/p>\n<p><strong>Personalizaci\u00f3n:<\/strong> GQ PACK ofrece bolsas con pico totalmente personalizadas. Ofrecemos impresi\u00f3n en huecograbado de diez colores y opciones de ventanas mates, brillantes o transparentes, junto con accesorios de pico personalizados.<\/p>","protected":false},"featured_media":1910,"comment_status":"closed","ping_status":"closed","template":"","meta":{"_acf_changed":false},"product_brand":[],"product_cat":[22,41],"product_tag":[],"class_list":{"0":"post-1863","1":"product","2":"type-product","3":"status-publish","4":"has-post-thumbnail","6":"product_cat-custom-spout-pouches","7":"product_cat-custom-jelly-spout-pouches","9":"first","10":"instock","11":"shipping-taxable","12":"product-type-simple"},"acf":[],"_links":{"self":[{"href":"https:\/\/www.topchinapack.com\/es\/wp-json\/wp\/v2\/product\/1863","targetHints":{"allow":["GET"]}}],"collection":[{"href":"https:\/\/www.topchinapack.com\/es\/wp-json\/wp\/v2\/product"}],"about":[{"href":"https:\/\/www.topchinapack.com\/es\/wp-json\/wp\/v2\/types\/product"}],"replies":[{"embeddable":true,"href":"https:\/\/www.topchinapack.com\/es\/wp-json\/wp\/v2\/comments?post=1863"}],"wp:featuredmedia":[{"embeddable":true,"href":"https:\/\/www.topchinapack.com\/es\/wp-json\/wp\/v2\/media\/1910"}],"wp:attachment":[{"href":"https:\/\/www.topchinapack.com\/es\/wp-json\/wp\/v2\/media?parent=1863"}],"wp:term":[{"taxonomy":"product_brand","embeddable":true,"href":"https:\/\/www.topchinapack.com\/es\/wp-json\/wp\/v2\/product_brand?post=1863"},{"taxonomy":"product_cat","embeddable":true,"href":"https:\/\/www.topchinapack.com\/es\/wp-json\/wp\/v2\/product_cat?post=1863"},{"taxonomy":"product_tag","embeddable":true,"href":"https:\/\/www.topchinapack.com\/es\/wp-json\/wp\/v2\/product_tag?post=1863"}],"curies":[{"name":"wp","href":"https:\/\/api.w.org\/{rel}","templated":true}]}}