{"id":1865,"date":"2024-11-12T03:44:09","date_gmt":"2024-11-12T03:44:09","guid":{"rendered":"https:\/\/www.topchinapack.com\/?post_type=product&#038;p=1865"},"modified":"2025-12-19T08:32:13","modified_gmt":"2025-12-19T08:32:13","slug":"custom-fruit-drink-spout-pouch-wholesale","status":"publish","type":"product","link":"https:\/\/www.topchinapack.com\/es\/producto\/custom-fruit-drink-spout-pouch-wholesale\/","title":{"rendered":"Bolsas personalizadas con boquilla para bebidas al por mayor - Fabricante de bolsas con boquilla para alimentos"},"content":{"rendered":"<div class=\"wp-block-columns is-layout-flex wp-container-core-columns-is-layout-9d6595d7 wp-block-columns-is-layout-flex\">\n<div class=\"wp-block-column is-layout-flow wp-block-column-is-layout-flow\">\n<figure class=\"wp-block-image size-full\"><img decoding=\"async\" width=\"2048\" height=\"2048\" src=\"https:\/\/www.topchinapack.com\/wp-content\/uploads\/2025\/11\/Fruit-drink-spout-pouch-3.webp\" alt=\"Bolsa con boquilla para bebidas de frutas (3)\" class=\"wp-image-2821\" srcset=\"https:\/\/www.topchinapack.com\/wp-content\/uploads\/2025\/11\/Fruit-drink-spout-pouch-3.webp 2048w, https:\/\/www.topchinapack.com\/wp-content\/uploads\/2025\/11\/Fruit-drink-spout-pouch-3-300x300.webp 300w, https:\/\/www.topchinapack.com\/wp-content\/uploads\/2025\/11\/Fruit-drink-spout-pouch-3-150x150.webp 150w, https:\/\/www.topchinapack.com\/wp-content\/uploads\/2025\/11\/Fruit-drink-spout-pouch-3-768x768.webp 768w, https:\/\/www.topchinapack.com\/wp-content\/uploads\/2025\/11\/Fruit-drink-spout-pouch-3-12x12.webp 12w, https:\/\/www.topchinapack.com\/wp-content\/uploads\/2025\/11\/Fruit-drink-spout-pouch-3-1200x1200.webp 1200w, https:\/\/www.topchinapack.com\/wp-content\/uploads\/2025\/11\/Fruit-drink-spout-pouch-3-600x600.webp 600w, https:\/\/www.topchinapack.com\/wp-content\/uploads\/2025\/11\/Fruit-drink-spout-pouch-3-100x100.webp 100w\" sizes=\"(max-width: 2048px) 100vw, 2048px\" \/><\/figure>\n<\/div>\n\n\n\n<div class=\"wp-block-column is-layout-flow wp-block-column-is-layout-flow\">\n<figure class=\"wp-block-image size-full\"><img decoding=\"async\" width=\"2048\" height=\"2048\" src=\"https:\/\/www.topchinapack.com\/wp-content\/uploads\/2025\/11\/Fruit-drink-spout-pouch-4.webp\" alt=\"Bolsa con boquilla para bebidas de frutas (4)\" class=\"wp-image-2822\" srcset=\"https:\/\/www.topchinapack.com\/wp-content\/uploads\/2025\/11\/Fruit-drink-spout-pouch-4.webp 2048w, https:\/\/www.topchinapack.com\/wp-content\/uploads\/2025\/11\/Fruit-drink-spout-pouch-4-300x300.webp 300w, https:\/\/www.topchinapack.com\/wp-content\/uploads\/2025\/11\/Fruit-drink-spout-pouch-4-150x150.webp 150w, https:\/\/www.topchinapack.com\/wp-content\/uploads\/2025\/11\/Fruit-drink-spout-pouch-4-768x768.webp 768w, https:\/\/www.topchinapack.com\/wp-content\/uploads\/2025\/11\/Fruit-drink-spout-pouch-4-12x12.webp 12w, https:\/\/www.topchinapack.com\/wp-content\/uploads\/2025\/11\/Fruit-drink-spout-pouch-4-1200x1200.webp 1200w, https:\/\/www.topchinapack.com\/wp-content\/uploads\/2025\/11\/Fruit-drink-spout-pouch-4-600x600.webp 600w, https:\/\/www.topchinapack.com\/wp-content\/uploads\/2025\/11\/Fruit-drink-spout-pouch-4-100x100.webp 100w\" sizes=\"(max-width: 2048px) 100vw, 2048px\" \/><\/figure>\n<\/div>\n<\/div>","protected":false},"excerpt":{"rendered":"<p>Custom beverage spout pouches are available at factory prices. Featuring a rotating spout design, they offer excellent portability and convenient consumption. As a professional flexible packaging manufacturer, we provide OEM and ODM services, allowing you to customize printing, shapes, and functions to match your brand image.<\/p>\n<h2>Features of Fruit Drink Spout Pouch<\/h2>\n<p><strong>Servicio personalizado:<\/strong>\u00a0material, tama\u00f1o, impresi\u00f3n, patr\u00f3n y opciones adicionales<br \/><strong>Proceso de impresi\u00f3n:<\/strong>\u00a0impresi\u00f3n en huecograbado, hasta 10 colores, admite impresi\u00f3n personalizada<br \/><strong>Caracter\u00edsticas:<\/strong>\u00a0duradero, impermeable<br \/><strong>Plazo de entrega:<\/strong>\u00a010-20 d\u00edas<br \/><strong>Soporte gratuito para muestras<\/strong><br \/><strong>Certificaci\u00f3n:<\/strong>\u00a0ISO, FDA, sin BPA, LFGB, normas de la UE<\/p>\n<p><strong>Ultimate Portability:<\/strong> Using spout pouches as beverage packaging, they are soft and durable, easily fitting into bags, pockets, or lunchboxes.<\/p>\n<p><strong>Resellable:<\/strong> The screw-cap design allows consumers to drink a portion and save the rest for later consumption without affecting freshness or causing spills, ideal for portion control and reducing waste.<\/p>\n<p><strong>Reduced Transportation and Storage Costs:<\/strong> Spout pouches are significantly lighter than rigid containers and can be transported and stored flat before filling, greatly reducing transport volume, fuel costs, and warehouse space requirements.<\/p>\n<p><strong>Duradera:<\/strong> Flexible materials and reinforced seals make the pouches highly puncture-resistant during transport, reducing damage and product loss compared to glass or some hard plastics.<\/p>","protected":false},"featured_media":2819,"comment_status":"closed","ping_status":"closed","template":"","meta":{"_acf_changed":false},"product_brand":[],"product_cat":[22,41],"product_tag":[],"class_list":{"0":"post-1865","1":"product","2":"type-product","3":"status-publish","4":"has-post-thumbnail","6":"product_cat-custom-spout-pouches","7":"product_cat-custom-jelly-spout-pouches","9":"first","10":"instock","11":"shipping-taxable","12":"product-type-simple"},"acf":[],"_links":{"self":[{"href":"https:\/\/www.topchinapack.com\/es\/wp-json\/wp\/v2\/product\/1865","targetHints":{"allow":["GET"]}}],"collection":[{"href":"https:\/\/www.topchinapack.com\/es\/wp-json\/wp\/v2\/product"}],"about":[{"href":"https:\/\/www.topchinapack.com\/es\/wp-json\/wp\/v2\/types\/product"}],"replies":[{"embeddable":true,"href":"https:\/\/www.topchinapack.com\/es\/wp-json\/wp\/v2\/comments?post=1865"}],"wp:featuredmedia":[{"embeddable":true,"href":"https:\/\/www.topchinapack.com\/es\/wp-json\/wp\/v2\/media\/2819"}],"wp:attachment":[{"href":"https:\/\/www.topchinapack.com\/es\/wp-json\/wp\/v2\/media?parent=1865"}],"wp:term":[{"taxonomy":"product_brand","embeddable":true,"href":"https:\/\/www.topchinapack.com\/es\/wp-json\/wp\/v2\/product_brand?post=1865"},{"taxonomy":"product_cat","embeddable":true,"href":"https:\/\/www.topchinapack.com\/es\/wp-json\/wp\/v2\/product_cat?post=1865"},{"taxonomy":"product_tag","embeddable":true,"href":"https:\/\/www.topchinapack.com\/es\/wp-json\/wp\/v2\/product_tag?post=1865"}],"curies":[{"name":"wp","href":"https:\/\/api.w.org\/{rel}","templated":true}]}}