{"id":1866,"date":"2025-08-04T15:42:42","date_gmt":"2025-08-04T15:42:42","guid":{"rendered":"https:\/\/www.topchinapack.com\/?post_type=product&#038;p=1866"},"modified":"2025-11-17T07:39:34","modified_gmt":"2025-11-17T07:39:34","slug":"custom-printed-spout-pouches","status":"publish","type":"product","link":"https:\/\/www.topchinapack.com\/es\/producto\/custom-printed-spout-pouches\/","title":{"rendered":"Bolsas con boquilla impresas a medida, bolsas de pie con boquilla para l\u00edquidos, pastas y granulados"},"content":{"rendered":"<div class=\"wp-block-columns is-layout-flex wp-container-core-columns-is-layout-9d6595d7 wp-block-columns-is-layout-flex\">\n<div class=\"wp-block-column is-layout-flow wp-block-column-is-layout-flow\">\n<figure class=\"wp-block-image size-full\"><img decoding=\"async\" width=\"800\" height=\"800\" src=\"https:\/\/www.topchinapack.com\/wp-content\/uploads\/2025\/08\/spout-pouch-packaging-5.webp\" alt=\"envases de bolsa con boquilla (5)\" class=\"wp-image-1886\" srcset=\"https:\/\/www.topchinapack.com\/wp-content\/uploads\/2025\/08\/spout-pouch-packaging-5.webp 800w, https:\/\/www.topchinapack.com\/wp-content\/uploads\/2025\/08\/spout-pouch-packaging-5-300x300.webp 300w, https:\/\/www.topchinapack.com\/wp-content\/uploads\/2025\/08\/spout-pouch-packaging-5-150x150.webp 150w, https:\/\/www.topchinapack.com\/wp-content\/uploads\/2025\/08\/spout-pouch-packaging-5-768x768.webp 768w, https:\/\/www.topchinapack.com\/wp-content\/uploads\/2025\/08\/spout-pouch-packaging-5-12x12.webp 12w, https:\/\/www.topchinapack.com\/wp-content\/uploads\/2025\/08\/spout-pouch-packaging-5-600x600.webp 600w, https:\/\/www.topchinapack.com\/wp-content\/uploads\/2025\/08\/spout-pouch-packaging-5-100x100.webp 100w\" sizes=\"(max-width: 800px) 100vw, 800px\" \/><\/figure>\n<\/div>\n\n\n\n<div class=\"wp-block-column is-layout-flow wp-block-column-is-layout-flow\">\n<figure class=\"wp-block-image size-full\"><img decoding=\"async\" width=\"800\" height=\"807\" src=\"https:\/\/www.topchinapack.com\/wp-content\/uploads\/2025\/08\/spout-pouch-packaging-6.webp\" alt=\"envases de bolsa con boquilla (6)\" class=\"wp-image-1887\" srcset=\"https:\/\/www.topchinapack.com\/wp-content\/uploads\/2025\/08\/spout-pouch-packaging-6.webp 800w, https:\/\/www.topchinapack.com\/wp-content\/uploads\/2025\/08\/spout-pouch-packaging-6-297x300.webp 297w, https:\/\/www.topchinapack.com\/wp-content\/uploads\/2025\/08\/spout-pouch-packaging-6-150x150.webp 150w, https:\/\/www.topchinapack.com\/wp-content\/uploads\/2025\/08\/spout-pouch-packaging-6-768x775.webp 768w, https:\/\/www.topchinapack.com\/wp-content\/uploads\/2025\/08\/spout-pouch-packaging-6-12x12.webp 12w, https:\/\/www.topchinapack.com\/wp-content\/uploads\/2025\/08\/spout-pouch-packaging-6-600x605.webp 600w, https:\/\/www.topchinapack.com\/wp-content\/uploads\/2025\/08\/spout-pouch-packaging-6-100x100.webp 100w\" sizes=\"(max-width: 800px) 100vw, 800px\" \/><\/figure>\n<\/div>\n<\/div>\n\n\n\n<div class=\"wp-block-columns is-layout-flex wp-container-core-columns-is-layout-9d6595d7 wp-block-columns-is-layout-flex\">\n<div class=\"wp-block-column is-layout-flow wp-block-column-is-layout-flow\"><\/div>\n\n\n\n<div class=\"wp-block-column is-layout-flow wp-block-column-is-layout-flow\"><\/div>\n<\/div>","protected":false},"excerpt":{"rendered":"<p>Bolsas con pico vertedor personalizadas. Fabricadas en PET\/PE multicapa con excelentes propiedades de barrera, estas bolsas protegen contra la humedad, el ox\u00edgeno y la luz, y pueden llenarse con l\u00edquidos, pastas y gr\u00e1nulos. Totalmente personalizables en tama\u00f1o, grosor, dise\u00f1o y material, estas bolsas son ideales para bebidas, cosm\u00e9ticos, alimentos para mascotas y mucho m\u00e1s. P\u00f3ngase en contacto con GQ PACK para obtener el mejor presupuesto de un fabricante profesional de envases flexibles.<\/p>\n<h2>Caracter\u00edsticas de las bolsas con boquilla impresas a medida<\/h2>\n<p><strong>Servicio personalizado:<\/strong>\u00a0material, tama\u00f1o, impresi\u00f3n, patr\u00f3n y opciones adicionales<br \/><strong>Proceso de impresi\u00f3n:<\/strong>\u00a0impresi\u00f3n en huecograbado, hasta 10 colores, admite impresi\u00f3n personalizada<br \/><strong>Caracter\u00edsticas:<\/strong>\u00a0duradero, impermeable<br \/><strong>Plazo de entrega:<\/strong>\u00a010-20 d\u00edas<br \/><strong>Soporte gratuito para muestras<\/strong><br \/><strong>Certificaci\u00f3n:<\/strong>\u00a0ISO, FDA, sin BPA, LFGB, normas de la UE<\/p>\n<p><strong>Excelente rendimiento de barrera:<\/strong> Nuestras bolsas con boquilla personalizadas utilizan materiales compuestos multicapa, como PET\/PE, que proporcionan fuertes propiedades de barrera que impiden la penetraci\u00f3n de la humedad, el ox\u00edgeno y la luz, prolongando eficazmente la vida \u00fatil de sus productos.<\/p>\n<p><strong>Comodidad:<\/strong> El exclusivo dise\u00f1o de la boquilla hace que la bolsa pueda volver a cerrarse, lo que permite a los usuarios cerrarla en cualquier momento, garantizando que el contenido se mantenga fresco y evitando que se desperdicie.<\/p>\n<p><strong>Adecuado para una gran variedad de contenidos:<\/strong> Nuestras bolsas con boquilla personalizadas son altamente compatibles y adecuadas para una amplia gama de productos, desde l\u00edquidos (por ejemplo, bebidas, zumos, salsas) hasta pastas (por ejemplo, cosm\u00e9ticos, cuidado de la piel, champ\u00fa), y art\u00edculos granulados (por ejemplo, alimentos para mascotas, frutos secos, cereales).<\/p>\n<p><strong>Dise\u00f1os personalizables:<\/strong> Ofrecemos una gama completa de servicios de bolsas con boquilla personalizadas, incluidos el tama\u00f1o, el grosor, el color de impresi\u00f3n, el patr\u00f3n y la estructura del material.<\/p>","protected":false},"featured_media":1882,"comment_status":"closed","ping_status":"closed","template":"","meta":{"_acf_changed":true},"product_brand":[],"product_cat":[22,39],"product_tag":[],"class_list":{"0":"post-1866","1":"product","2":"type-product","3":"status-publish","4":"has-post-thumbnail","6":"product_cat-custom-spout-pouches","7":"product_cat-custom-juice-spout-pouches","9":"first","10":"instock","11":"shipping-taxable","12":"product-type-simple"},"acf":[],"_links":{"self":[{"href":"https:\/\/www.topchinapack.com\/es\/wp-json\/wp\/v2\/product\/1866","targetHints":{"allow":["GET"]}}],"collection":[{"href":"https:\/\/www.topchinapack.com\/es\/wp-json\/wp\/v2\/product"}],"about":[{"href":"https:\/\/www.topchinapack.com\/es\/wp-json\/wp\/v2\/types\/product"}],"replies":[{"embeddable":true,"href":"https:\/\/www.topchinapack.com\/es\/wp-json\/wp\/v2\/comments?post=1866"}],"wp:featuredmedia":[{"embeddable":true,"href":"https:\/\/www.topchinapack.com\/es\/wp-json\/wp\/v2\/media\/1882"}],"wp:attachment":[{"href":"https:\/\/www.topchinapack.com\/es\/wp-json\/wp\/v2\/media?parent=1866"}],"wp:term":[{"taxonomy":"product_brand","embeddable":true,"href":"https:\/\/www.topchinapack.com\/es\/wp-json\/wp\/v2\/product_brand?post=1866"},{"taxonomy":"product_cat","embeddable":true,"href":"https:\/\/www.topchinapack.com\/es\/wp-json\/wp\/v2\/product_cat?post=1866"},{"taxonomy":"product_tag","embeddable":true,"href":"https:\/\/www.topchinapack.com\/es\/wp-json\/wp\/v2\/product_tag?post=1866"}],"curies":[{"name":"wp","href":"https:\/\/api.w.org\/{rel}","templated":true}]}}