{"id":1889,"date":"2025-08-06T04:05:19","date_gmt":"2025-08-06T04:05:19","guid":{"rendered":"https:\/\/www.topchinapack.com\/?post_type=product&#038;p=1889"},"modified":"2025-11-17T07:39:05","modified_gmt":"2025-11-17T07:39:05","slug":"made-to-order-spout-pouch-packaging","status":"publish","type":"product","link":"https:\/\/www.topchinapack.com\/es\/producto\/made-to-order-spout-pouch-packaging\/","title":{"rendered":"Bolsas con boquilla personalizadas, Envasado de bolsas con boquilla a medida"},"content":{"rendered":"<div class=\"wp-block-columns is-layout-flex wp-container-core-columns-is-layout-9d6595d7 wp-block-columns-is-layout-flex\">\n<div class=\"wp-block-column is-layout-flow wp-block-column-is-layout-flow\">\n<figure class=\"wp-block-image size-full\"><img decoding=\"async\" width=\"800\" height=\"807\" src=\"https:\/\/www.topchinapack.com\/wp-content\/uploads\/2025\/08\/custom-spout-pouch-packaging-6.webp\" alt=\"envases de bolsa con boquilla personalizados (6)\" class=\"wp-image-1906\" srcset=\"https:\/\/www.topchinapack.com\/wp-content\/uploads\/2025\/08\/custom-spout-pouch-packaging-6.webp 800w, https:\/\/www.topchinapack.com\/wp-content\/uploads\/2025\/08\/custom-spout-pouch-packaging-6-297x300.webp 297w, https:\/\/www.topchinapack.com\/wp-content\/uploads\/2025\/08\/custom-spout-pouch-packaging-6-150x150.webp 150w, https:\/\/www.topchinapack.com\/wp-content\/uploads\/2025\/08\/custom-spout-pouch-packaging-6-768x775.webp 768w, https:\/\/www.topchinapack.com\/wp-content\/uploads\/2025\/08\/custom-spout-pouch-packaging-6-12x12.webp 12w, https:\/\/www.topchinapack.com\/wp-content\/uploads\/2025\/08\/custom-spout-pouch-packaging-6-600x605.webp 600w, https:\/\/www.topchinapack.com\/wp-content\/uploads\/2025\/08\/custom-spout-pouch-packaging-6-100x100.webp 100w\" sizes=\"(max-width: 800px) 100vw, 800px\" \/><\/figure>\n<\/div>\n\n\n\n<div class=\"wp-block-column is-layout-flow wp-block-column-is-layout-flow\">\n<figure class=\"wp-block-image size-full\"><img decoding=\"async\" width=\"800\" height=\"793\" src=\"https:\/\/www.topchinapack.com\/wp-content\/uploads\/2025\/08\/custom-spout-pouch-packaging-7.webp\" alt=\"envases de bolsa con boquilla personalizados (7)\" class=\"wp-image-1907\" srcset=\"https:\/\/www.topchinapack.com\/wp-content\/uploads\/2025\/08\/custom-spout-pouch-packaging-7.webp 800w, https:\/\/www.topchinapack.com\/wp-content\/uploads\/2025\/08\/custom-spout-pouch-packaging-7-300x297.webp 300w, https:\/\/www.topchinapack.com\/wp-content\/uploads\/2025\/08\/custom-spout-pouch-packaging-7-150x150.webp 150w, https:\/\/www.topchinapack.com\/wp-content\/uploads\/2025\/08\/custom-spout-pouch-packaging-7-768x761.webp 768w, https:\/\/www.topchinapack.com\/wp-content\/uploads\/2025\/08\/custom-spout-pouch-packaging-7-12x12.webp 12w, https:\/\/www.topchinapack.com\/wp-content\/uploads\/2025\/08\/custom-spout-pouch-packaging-7-600x595.webp 600w, https:\/\/www.topchinapack.com\/wp-content\/uploads\/2025\/08\/custom-spout-pouch-packaging-7-100x100.webp 100w\" sizes=\"(max-width: 800px) 100vw, 800px\" \/><\/figure>\n<\/div>\n<\/div>\n\n\n\n<div class=\"wp-block-columns is-layout-flex wp-container-core-columns-is-layout-9d6595d7 wp-block-columns-is-layout-flex\">\n<div class=\"wp-block-column is-layout-flow wp-block-column-is-layout-flow\"><\/div>\n\n\n\n<div class=\"wp-block-column is-layout-flow wp-block-column-is-layout-flow\"><\/div>\n<\/div>","protected":false},"excerpt":{"rendered":"<p>Ofrecemos servicios de bolsas con boquilla personalizadas. Nuestras bolsas con boquilla ofrecen propiedades superiores de barrera al ox\u00edgeno y la humedad, garantizando que sus productos permanezcan frescos y seguros. Adecuadas para una amplia gama de sectores, como zumos, bebidas, aceites y cosm\u00e9ticos, nuestras bolsas con boquilla ofrecen una soluci\u00f3n de envasado econ\u00f3mica, eficaz y sostenible. P\u00f3ngase en contacto con nosotros para solicitar un presupuesto.<\/p>\n<h2>Caracter\u00edsticas de los envases de bolsa con boquilla<\/h2>\n<p><strong>Servicio personalizado:<\/strong>\u00a0material, tama\u00f1o, impresi\u00f3n, patr\u00f3n y opciones adicionales<br \/><strong>Proceso de impresi\u00f3n:<\/strong>\u00a0impresi\u00f3n en huecograbado, hasta 10 colores, admite impresi\u00f3n personalizada<br \/><strong>Caracter\u00edsticas:<\/strong>\u00a0duradero, impermeable<br \/><strong>Plazo de entrega:<\/strong>\u00a010-20 d\u00edas<br \/><strong>Soporte gratuito para muestras<\/strong><br \/><strong>Certificaci\u00f3n:<\/strong>\u00a0ISO, FDA, sin BPA, LFGB, normas de la UE<\/p>\n<p><strong>Protecci\u00f3n de barrera superior:<\/strong> Estas bolsas ofrecen una excelente resistencia al ox\u00edgeno y la humedad, con un \u00edndice de transmisi\u00f3n de ox\u00edgeno (OTR) y un \u00edndice de transmisi\u00f3n de vapor de agua (WVTR) inferiores a 2, preservando eficazmente la frescura y seguridad del producto. Son ideales para envasar zumos concentrados, productos l\u00e1cteos, aceites y cosm\u00e9ticos.<\/p>\n<p><strong>Uso polivalente:<\/strong> Nuestras bolsas con boquilla son adecuadas para diversos sectores y perfectas para zumos, bebidas, aceites y productos cosm\u00e9ticos. Ofrecen una soluci\u00f3n de envasado econ\u00f3mica y ecol\u00f3gica para su negocio.<\/p>\n<p><strong>Aprobado por la FDA y la UE:<\/strong> Nuestras bolsas con boquilla cumplen las normas de la FDA y la UE, as\u00ed como los requisitos reglamentarios de la mayor\u00eda de los pa\u00edses.<\/p>\n<p><strong>Dise\u00f1o estable de pie:<\/strong> Con un dise\u00f1o de bolsa vertical, estos envases proporcionan una mayor estabilidad en el lineal y mejoran la visibilidad del producto.<\/p>\n<p><strong>Impresi\u00f3n avanzada en diez colores:<\/strong> Utilizamos la tecnolog\u00eda de impresi\u00f3n a diez colores m\u00e1s avanzada para ofrecer gr\u00e1ficos detallados y logotipos de marca vibrantes.<\/p>\n<p><strong>Dise\u00f1o personalizable:<\/strong> Ofrecemos opciones de personalizaci\u00f3n flexibles, que permiten realizar ajustes en el tama\u00f1o, la forma, el color y el estilo de impresi\u00f3n para adaptarse perfectamente a la identidad de su marca y a las demandas del mercado.<\/p>","protected":false},"featured_media":1901,"comment_status":"closed","ping_status":"closed","template":"","meta":{"_acf_changed":false},"product_brand":[],"product_cat":[22,39],"product_tag":[],"class_list":{"0":"post-1889","1":"product","2":"type-product","3":"status-publish","4":"has-post-thumbnail","6":"product_cat-custom-spout-pouches","7":"product_cat-custom-juice-spout-pouches","9":"first","10":"instock","11":"shipping-taxable","12":"product-type-simple"},"acf":[],"_links":{"self":[{"href":"https:\/\/www.topchinapack.com\/es\/wp-json\/wp\/v2\/product\/1889","targetHints":{"allow":["GET"]}}],"collection":[{"href":"https:\/\/www.topchinapack.com\/es\/wp-json\/wp\/v2\/product"}],"about":[{"href":"https:\/\/www.topchinapack.com\/es\/wp-json\/wp\/v2\/types\/product"}],"replies":[{"embeddable":true,"href":"https:\/\/www.topchinapack.com\/es\/wp-json\/wp\/v2\/comments?post=1889"}],"wp:featuredmedia":[{"embeddable":true,"href":"https:\/\/www.topchinapack.com\/es\/wp-json\/wp\/v2\/media\/1901"}],"wp:attachment":[{"href":"https:\/\/www.topchinapack.com\/es\/wp-json\/wp\/v2\/media?parent=1889"}],"wp:term":[{"taxonomy":"product_brand","embeddable":true,"href":"https:\/\/www.topchinapack.com\/es\/wp-json\/wp\/v2\/product_brand?post=1889"},{"taxonomy":"product_cat","embeddable":true,"href":"https:\/\/www.topchinapack.com\/es\/wp-json\/wp\/v2\/product_cat?post=1889"},{"taxonomy":"product_tag","embeddable":true,"href":"https:\/\/www.topchinapack.com\/es\/wp-json\/wp\/v2\/product_tag?post=1889"}],"curies":[{"name":"wp","href":"https:\/\/api.w.org\/{rel}","templated":true}]}}