{"id":1890,"date":"2025-11-12T06:25:52","date_gmt":"2025-11-12T06:25:52","guid":{"rendered":"https:\/\/www.topchinapack.com\/?post_type=product&#038;p=1890"},"modified":"2025-11-17T07:31:36","modified_gmt":"2025-11-17T07:31:36","slug":"bulk-custom-juice-spout-bags","status":"publish","type":"product","link":"https:\/\/www.topchinapack.com\/es\/producto\/bulk-custom-juice-spout-bags\/","title":{"rendered":"Bolsas a granel con boquilla para zumo personalizadas - Servicio de bolsas con boquilla personalizadas de primer nivel de China"},"content":{"rendered":"<div class=\"wp-block-columns is-layout-flex wp-container-core-columns-is-layout-9d6595d7 wp-block-columns-is-layout-flex\">\n<div class=\"wp-block-column is-layout-flow wp-block-column-is-layout-flow\">\n<figure class=\"wp-block-image size-full\"><img decoding=\"async\" width=\"2048\" height=\"2048\" src=\"https:\/\/www.topchinapack.com\/wp-content\/uploads\/2025\/11\/Fruit-drink-spout-pouch-3-1.webp\" alt=\"Bolsa con boquilla para bebidas de frutas (3)\" class=\"wp-image-2828\" srcset=\"https:\/\/www.topchinapack.com\/wp-content\/uploads\/2025\/11\/Fruit-drink-spout-pouch-3-1.webp 2048w, https:\/\/www.topchinapack.com\/wp-content\/uploads\/2025\/11\/Fruit-drink-spout-pouch-3-1-300x300.webp 300w, https:\/\/www.topchinapack.com\/wp-content\/uploads\/2025\/11\/Fruit-drink-spout-pouch-3-1-150x150.webp 150w, https:\/\/www.topchinapack.com\/wp-content\/uploads\/2025\/11\/Fruit-drink-spout-pouch-3-1-768x768.webp 768w, https:\/\/www.topchinapack.com\/wp-content\/uploads\/2025\/11\/Fruit-drink-spout-pouch-3-1-12x12.webp 12w, https:\/\/www.topchinapack.com\/wp-content\/uploads\/2025\/11\/Fruit-drink-spout-pouch-3-1-1200x1200.webp 1200w, https:\/\/www.topchinapack.com\/wp-content\/uploads\/2025\/11\/Fruit-drink-spout-pouch-3-1-600x600.webp 600w, https:\/\/www.topchinapack.com\/wp-content\/uploads\/2025\/11\/Fruit-drink-spout-pouch-3-1-100x100.webp 100w\" sizes=\"(max-width: 2048px) 100vw, 2048px\" \/><\/figure>\n<\/div>\n\n\n\n<div class=\"wp-block-column is-layout-flow wp-block-column-is-layout-flow\">\n<figure class=\"wp-block-image size-full\"><img decoding=\"async\" width=\"2048\" height=\"2048\" src=\"https:\/\/www.topchinapack.com\/wp-content\/uploads\/2025\/11\/Fruit-drink-spout-pouch-4-1.webp\" alt=\"Bolsa con boquilla para bebidas de frutas (4)\" class=\"wp-image-2829\" srcset=\"https:\/\/www.topchinapack.com\/wp-content\/uploads\/2025\/11\/Fruit-drink-spout-pouch-4-1.webp 2048w, https:\/\/www.topchinapack.com\/wp-content\/uploads\/2025\/11\/Fruit-drink-spout-pouch-4-1-300x300.webp 300w, https:\/\/www.topchinapack.com\/wp-content\/uploads\/2025\/11\/Fruit-drink-spout-pouch-4-1-150x150.webp 150w, https:\/\/www.topchinapack.com\/wp-content\/uploads\/2025\/11\/Fruit-drink-spout-pouch-4-1-768x768.webp 768w, https:\/\/www.topchinapack.com\/wp-content\/uploads\/2025\/11\/Fruit-drink-spout-pouch-4-1-12x12.webp 12w, https:\/\/www.topchinapack.com\/wp-content\/uploads\/2025\/11\/Fruit-drink-spout-pouch-4-1-1200x1200.webp 1200w, https:\/\/www.topchinapack.com\/wp-content\/uploads\/2025\/11\/Fruit-drink-spout-pouch-4-1-600x600.webp 600w, https:\/\/www.topchinapack.com\/wp-content\/uploads\/2025\/11\/Fruit-drink-spout-pouch-4-1-100x100.webp 100w\" sizes=\"(max-width: 2048px) 100vw, 2048px\" \/><\/figure>\n<\/div>\n<\/div>","protected":false},"excerpt":{"rendered":"<p>Ofrecemos al por mayor bolsas con boquilla personalizadas para zumos dise\u00f1adas para diversas necesidades de envasado de bebidas. Fabricadas con material de alta calidad a prueba de fugas, estas bolsas con boquilla garantizan un almacenamiento seguro y c\u00f3modo de zumos, batidos y otras bebidas. Ofrecemos dise\u00f1os personalizados, impresi\u00f3n de logotipos y servicios OEM\/ODM.<\/p>\n<h2>Caracter\u00edsticas de la bolsa de ca\u00f1o alto personalizada<\/h2>\n<p><strong>Servicio personalizado:<\/strong>\u00a0material, tama\u00f1o, impresi\u00f3n, patr\u00f3n y opciones adicionales<br \/><strong>Proceso de impresi\u00f3n:<\/strong>\u00a0impresi\u00f3n en huecograbado, hasta 10 colores, admite impresi\u00f3n personalizada<br \/><strong>Caracter\u00edsticas:<\/strong>\u00a0duradero, impermeable<br \/><strong>Plazo de entrega:<\/strong>\u00a010-20 d\u00edas<br \/><strong>Soporte gratuito para muestras<\/strong><br \/><strong>Certificaci\u00f3n:<\/strong>\u00a0ISO, FDA, sin BPA, LFGB, normas de la UE<\/p>\n<p><strong>Gran capacidad de sellado<\/strong>: La bolsa est\u00e1 fabricada en su mayor parte con material de pel\u00edcula compuesto, combinado con una eficaz boquilla de sellado. Este dise\u00f1o puede impedir eficazmente la entrada de aire, humedad e impurezas, alargando as\u00ed la vida \u00fatil de la gelatina y evitando que se estropee.<\/p>\n<p><strong><b>Funcionalidad<\/b><\/strong>: A prueba de fugas y resistente a la contaminaci\u00f3n, previene eficazmente las fugas y la oxidaci\u00f3n, prolongando la vida \u00fatil.<\/p>\n<p><strong>Menor coste<\/strong>: En comparaci\u00f3n con materiales de envasado duros como botellas de vidrio y vasos de pl\u00e1stico, la producci\u00f3n de bolsas de succi\u00f3n requiere menos materia prima y tiene un procedimiento de procesamiento m\u00e1s sencillo. Como resultado, el coste de envasado es menor, lo que beneficia a las empresas a la hora de controlar los costes.<\/p>\n<p><strong>Dise\u00f1o flexible<\/strong>: El cuerpo de la bolsa puede imprimirse con diversos motivos e informaci\u00f3n, y su forma tambi\u00e9n puede ajustarse seg\u00fan las necesidades. Esto no solo mejora el atractivo est\u00e9tico del producto, sino que tambi\u00e9n resalta las caracter\u00edsticas de la marca, atrayendo as\u00ed a los consumidores.<\/p>","protected":false},"featured_media":2830,"comment_status":"closed","ping_status":"closed","template":"","meta":{"_acf_changed":true},"product_brand":[],"product_cat":[22,41],"product_tag":[],"class_list":{"0":"post-1890","1":"product","2":"type-product","3":"status-publish","4":"has-post-thumbnail","6":"product_cat-custom-spout-pouches","7":"product_cat-custom-jelly-spout-pouches","9":"first","10":"instock","11":"shipping-taxable","12":"product-type-simple"},"acf":[],"_links":{"self":[{"href":"https:\/\/www.topchinapack.com\/es\/wp-json\/wp\/v2\/product\/1890","targetHints":{"allow":["GET"]}}],"collection":[{"href":"https:\/\/www.topchinapack.com\/es\/wp-json\/wp\/v2\/product"}],"about":[{"href":"https:\/\/www.topchinapack.com\/es\/wp-json\/wp\/v2\/types\/product"}],"replies":[{"embeddable":true,"href":"https:\/\/www.topchinapack.com\/es\/wp-json\/wp\/v2\/comments?post=1890"}],"wp:featuredmedia":[{"embeddable":true,"href":"https:\/\/www.topchinapack.com\/es\/wp-json\/wp\/v2\/media\/2830"}],"wp:attachment":[{"href":"https:\/\/www.topchinapack.com\/es\/wp-json\/wp\/v2\/media?parent=1890"}],"wp:term":[{"taxonomy":"product_brand","embeddable":true,"href":"https:\/\/www.topchinapack.com\/es\/wp-json\/wp\/v2\/product_brand?post=1890"},{"taxonomy":"product_cat","embeddable":true,"href":"https:\/\/www.topchinapack.com\/es\/wp-json\/wp\/v2\/product_cat?post=1890"},{"taxonomy":"product_tag","embeddable":true,"href":"https:\/\/www.topchinapack.com\/es\/wp-json\/wp\/v2\/product_tag?post=1890"}],"curies":[{"name":"wp","href":"https:\/\/api.w.org\/{rel}","templated":true}]}}