{"id":1891,"date":"2024-11-12T06:37:32","date_gmt":"2024-11-12T06:37:32","guid":{"rendered":"https:\/\/www.topchinapack.com\/?post_type=product&#038;p=1891"},"modified":"2025-12-19T08:30:02","modified_gmt":"2025-12-19T08:30:02","slug":"bulk-custom-fruit-juice-and-vegetable-juice-spout-pouches","status":"publish","type":"product","link":"https:\/\/www.topchinapack.com\/es\/producto\/bulk-custom-fruit-juice-and-vegetable-juice-spout-pouches\/","title":{"rendered":"Bolsas a granel con boquilla para zumo de frutas y verduras - Fabricante de envases de China"},"content":{"rendered":"<div class=\"wp-block-columns is-layout-flex wp-container-core-columns-is-layout-9d6595d7 wp-block-columns-is-layout-flex\">\n<div class=\"wp-block-column is-layout-flow wp-block-column-is-layout-flow\">\n<figure class=\"wp-block-image size-full\"><img decoding=\"async\" width=\"2048\" height=\"2048\" src=\"https:\/\/www.topchinapack.com\/wp-content\/uploads\/2025\/11\/custom-juice-spout-bags-3-1.webp\" alt=\"bolsas personalizadas para zumo (3)\" class=\"wp-image-2839\" srcset=\"https:\/\/www.topchinapack.com\/wp-content\/uploads\/2025\/11\/custom-juice-spout-bags-3-1.webp 2048w, https:\/\/www.topchinapack.com\/wp-content\/uploads\/2025\/11\/custom-juice-spout-bags-3-1-300x300.webp 300w, https:\/\/www.topchinapack.com\/wp-content\/uploads\/2025\/11\/custom-juice-spout-bags-3-1-150x150.webp 150w, https:\/\/www.topchinapack.com\/wp-content\/uploads\/2025\/11\/custom-juice-spout-bags-3-1-768x768.webp 768w, https:\/\/www.topchinapack.com\/wp-content\/uploads\/2025\/11\/custom-juice-spout-bags-3-1-12x12.webp 12w, https:\/\/www.topchinapack.com\/wp-content\/uploads\/2025\/11\/custom-juice-spout-bags-3-1-1200x1200.webp 1200w, https:\/\/www.topchinapack.com\/wp-content\/uploads\/2025\/11\/custom-juice-spout-bags-3-1-600x600.webp 600w, https:\/\/www.topchinapack.com\/wp-content\/uploads\/2025\/11\/custom-juice-spout-bags-3-1-100x100.webp 100w\" sizes=\"(max-width: 2048px) 100vw, 2048px\" \/><\/figure>\n<\/div>\n\n\n\n<div class=\"wp-block-column is-layout-flow wp-block-column-is-layout-flow\">\n<figure class=\"wp-block-image size-full\"><img decoding=\"async\" width=\"2048\" height=\"2048\" src=\"https:\/\/www.topchinapack.com\/wp-content\/uploads\/2025\/11\/custom-juice-spout-bags-4-1.webp\" alt=\"bolsas de zumo personalizadas (4)\" class=\"wp-image-2840\" srcset=\"https:\/\/www.topchinapack.com\/wp-content\/uploads\/2025\/11\/custom-juice-spout-bags-4-1.webp 2048w, https:\/\/www.topchinapack.com\/wp-content\/uploads\/2025\/11\/custom-juice-spout-bags-4-1-300x300.webp 300w, https:\/\/www.topchinapack.com\/wp-content\/uploads\/2025\/11\/custom-juice-spout-bags-4-1-150x150.webp 150w, https:\/\/www.topchinapack.com\/wp-content\/uploads\/2025\/11\/custom-juice-spout-bags-4-1-768x768.webp 768w, https:\/\/www.topchinapack.com\/wp-content\/uploads\/2025\/11\/custom-juice-spout-bags-4-1-12x12.webp 12w, https:\/\/www.topchinapack.com\/wp-content\/uploads\/2025\/11\/custom-juice-spout-bags-4-1-1200x1200.webp 1200w, https:\/\/www.topchinapack.com\/wp-content\/uploads\/2025\/11\/custom-juice-spout-bags-4-1-600x600.webp 600w, https:\/\/www.topchinapack.com\/wp-content\/uploads\/2025\/11\/custom-juice-spout-bags-4-1-100x100.webp 100w\" sizes=\"(max-width: 2048px) 100vw, 2048px\" \/><\/figure>\n<\/div>\n<\/div>","protected":false},"excerpt":{"rendered":"<p>Bolsas personalizadas a granel para zumos de frutas y verduras - material duradero de calidad alimentaria, precios de f\u00e1brica, servicios de personalizaci\u00f3n fiables del fabricante chino GQ PACK.<\/p>\n<h2>Caracter\u00edsticas de Custom Juice Spout Bag<\/h2>\n<p><strong>Servicio personalizado:<\/strong>\u00a0material, tama\u00f1o, impresi\u00f3n, patr\u00f3n y opciones adicionales<br \/><strong>Proceso de impresi\u00f3n:<\/strong>\u00a0impresi\u00f3n en huecograbado, hasta 10 colores, admite impresi\u00f3n personalizada<br \/><strong>Caracter\u00edsticas:<\/strong>\u00a0duradero, impermeable<br \/><strong>Plazo de entrega:<\/strong>\u00a010-20 d\u00edas<br \/><strong>Soporte gratuito para muestras<\/strong><br \/><strong>Certificaci\u00f3n:<\/strong>\u00a0ISO, FDA, sin BPA, LFGB, normas de la UE<\/p>\n<p><strong>Dise\u00f1o flexible<\/strong>: El cuerpo de la bolsa puede imprimirse con diversos motivos e informaci\u00f3n, y su forma tambi\u00e9n puede ajustarse seg\u00fan las necesidades. Esto no solo mejora el atractivo est\u00e9tico del producto, sino que tambi\u00e9n resalta las caracter\u00edsticas de la marca, atrayendo as\u00ed a los consumidores.<\/p>\n<p><strong><b>Conveniencia<\/b><\/strong>: El dise\u00f1o de la boquilla es f\u00e1cil de abrir y cerrar, y se puede volver a cerrar, lo que mantiene el contenido fresco y evita que se desperdicie.<\/p>\n<p><strong><b>Dise\u00f1o autoportante<\/b><\/strong>: La parte inferior de la bolsa puede colocarse en posici\u00f3n vertical, lo que ahorra espacio en la estanter\u00eda y la hace m\u00e1s c\u00f3moda para servir o sorber.<\/p>\n<p><strong>Medir con precisi\u00f3n<\/strong>: Los envases de peque\u00f1o tama\u00f1o permiten controlar con precisi\u00f3n la cantidad de consumo individual, evitando que la bebida se deteriore debido al almacenamiento prolongado en grandes recipientes. Tambi\u00e9n facilita a los padres la gesti\u00f3n de la cantidad de consumo del ni\u00f1o.<\/p>\n<p><strong>Menor coste<\/strong>: En comparaci\u00f3n con algunos envases r\u00edgidos, el coste de producci\u00f3n de las bolsas de envasado de bebidas es inferior, lo que ofrece un alto nivel de rentabilidad y contribuye a reducir el coste global del producto.<\/p>","protected":false},"featured_media":2837,"comment_status":"closed","ping_status":"closed","template":"","meta":{"_acf_changed":true},"product_brand":[],"product_cat":[22,39],"product_tag":[],"class_list":{"0":"post-1891","1":"product","2":"type-product","3":"status-publish","4":"has-post-thumbnail","6":"product_cat-custom-spout-pouches","7":"product_cat-custom-juice-spout-pouches","9":"first","10":"instock","11":"shipping-taxable","12":"product-type-simple"},"acf":[],"_links":{"self":[{"href":"https:\/\/www.topchinapack.com\/es\/wp-json\/wp\/v2\/product\/1891","targetHints":{"allow":["GET"]}}],"collection":[{"href":"https:\/\/www.topchinapack.com\/es\/wp-json\/wp\/v2\/product"}],"about":[{"href":"https:\/\/www.topchinapack.com\/es\/wp-json\/wp\/v2\/types\/product"}],"replies":[{"embeddable":true,"href":"https:\/\/www.topchinapack.com\/es\/wp-json\/wp\/v2\/comments?post=1891"}],"wp:featuredmedia":[{"embeddable":true,"href":"https:\/\/www.topchinapack.com\/es\/wp-json\/wp\/v2\/media\/2837"}],"wp:attachment":[{"href":"https:\/\/www.topchinapack.com\/es\/wp-json\/wp\/v2\/media?parent=1891"}],"wp:term":[{"taxonomy":"product_brand","embeddable":true,"href":"https:\/\/www.topchinapack.com\/es\/wp-json\/wp\/v2\/product_brand?post=1891"},{"taxonomy":"product_cat","embeddable":true,"href":"https:\/\/www.topchinapack.com\/es\/wp-json\/wp\/v2\/product_cat?post=1891"},{"taxonomy":"product_tag","embeddable":true,"href":"https:\/\/www.topchinapack.com\/es\/wp-json\/wp\/v2\/product_tag?post=1891"}],"curies":[{"name":"wp","href":"https:\/\/api.w.org\/{rel}","templated":true}]}}