{"id":1892,"date":"2024-11-12T06:53:44","date_gmt":"2024-11-12T06:53:44","guid":{"rendered":"https:\/\/www.topchinapack.com\/?post_type=product&#038;p=1892"},"modified":"2025-12-19T08:30:10","modified_gmt":"2025-12-19T08:30:10","slug":"custom-vegetable-juice-spout-pouches-wholesale","status":"publish","type":"product","link":"https:\/\/www.topchinapack.com\/es\/producto\/custom-vegetable-juice-spout-pouches-wholesale\/","title":{"rendered":"Envasado de zumo de verduras al por mayor, suministro de bolsas a granel"},"content":{"rendered":"<div class=\"wp-block-columns is-layout-flex wp-container-core-columns-is-layout-9d6595d7 wp-block-columns-is-layout-flex\">\n<div class=\"wp-block-column is-layout-flow wp-block-column-is-layout-flow\">\n<figure class=\"wp-block-image size-full\"><img decoding=\"async\" width=\"1000\" height=\"1000\" src=\"https:\/\/www.topchinapack.com\/wp-content\/uploads\/2025\/11\/custom-vegetable-juice-spout-pouch-3-1.webp\" alt=\"bolsa personalizada para zumo de verduras (3)\" class=\"wp-image-2852\" srcset=\"https:\/\/www.topchinapack.com\/wp-content\/uploads\/2025\/11\/custom-vegetable-juice-spout-pouch-3-1.webp 1000w, https:\/\/www.topchinapack.com\/wp-content\/uploads\/2025\/11\/custom-vegetable-juice-spout-pouch-3-1-300x300.webp 300w, https:\/\/www.topchinapack.com\/wp-content\/uploads\/2025\/11\/custom-vegetable-juice-spout-pouch-3-1-150x150.webp 150w, https:\/\/www.topchinapack.com\/wp-content\/uploads\/2025\/11\/custom-vegetable-juice-spout-pouch-3-1-768x768.webp 768w, https:\/\/www.topchinapack.com\/wp-content\/uploads\/2025\/11\/custom-vegetable-juice-spout-pouch-3-1-12x12.webp 12w, https:\/\/www.topchinapack.com\/wp-content\/uploads\/2025\/11\/custom-vegetable-juice-spout-pouch-3-1-600x600.webp 600w, https:\/\/www.topchinapack.com\/wp-content\/uploads\/2025\/11\/custom-vegetable-juice-spout-pouch-3-1-100x100.webp 100w\" sizes=\"(max-width: 1000px) 100vw, 1000px\" \/><\/figure>\n<\/div>\n\n\n\n<div class=\"wp-block-column is-layout-flow wp-block-column-is-layout-flow\">\n<figure class=\"wp-block-image size-full\"><img decoding=\"async\" width=\"1000\" height=\"1000\" src=\"https:\/\/www.topchinapack.com\/wp-content\/uploads\/2025\/11\/custom-vegetable-juice-spout-pouch-4-1.webp\" alt=\"bolsa personalizada para zumo de verduras (4)\" class=\"wp-image-2853\" srcset=\"https:\/\/www.topchinapack.com\/wp-content\/uploads\/2025\/11\/custom-vegetable-juice-spout-pouch-4-1.webp 1000w, https:\/\/www.topchinapack.com\/wp-content\/uploads\/2025\/11\/custom-vegetable-juice-spout-pouch-4-1-300x300.webp 300w, https:\/\/www.topchinapack.com\/wp-content\/uploads\/2025\/11\/custom-vegetable-juice-spout-pouch-4-1-150x150.webp 150w, https:\/\/www.topchinapack.com\/wp-content\/uploads\/2025\/11\/custom-vegetable-juice-spout-pouch-4-1-768x768.webp 768w, https:\/\/www.topchinapack.com\/wp-content\/uploads\/2025\/11\/custom-vegetable-juice-spout-pouch-4-1-12x12.webp 12w, https:\/\/www.topchinapack.com\/wp-content\/uploads\/2025\/11\/custom-vegetable-juice-spout-pouch-4-1-600x600.webp 600w, https:\/\/www.topchinapack.com\/wp-content\/uploads\/2025\/11\/custom-vegetable-juice-spout-pouch-4-1-100x100.webp 100w\" sizes=\"(max-width: 1000px) 100vw, 1000px\" \/><\/figure>\n<\/div>\n<\/div>","protected":false},"excerpt":{"rendered":"<p>Ofrecemos bolsas con boquilla adecuadas para envasar zumos de verduras, zumos de frutas y bebidas. Suministro al por mayor disponible, con opciones de personalizaci\u00f3n de dise\u00f1os, estilos y materiales. Nuestras bolsas est\u00e1n fabricadas con materiales de calidad alimentaria, respetuosos con el medio ambiente, a prueba de fugas y duraderos, que garantizan el almacenamiento y transporte seguros de los zumos de verduras. P\u00f3ngase en contacto con nosotros para solicitar un presupuesto.<\/p>\n<h2>Caracter\u00edsticas de la bolsa de ca\u00f1o alto personalizada<\/h2>\n<p><strong>Servicio personalizado:<\/strong>\u00a0material, tama\u00f1o, impresi\u00f3n, patr\u00f3n y opciones adicionales<br \/><strong>Proceso de impresi\u00f3n:<\/strong>\u00a0impresi\u00f3n en huecograbado, hasta 10 colores, admite impresi\u00f3n personalizada<br \/><strong>Caracter\u00edsticas:<\/strong>\u00a0duradero, impermeable<br \/><strong>Plazo de entrega:<\/strong>\u00a010-20 d\u00edas<br \/><strong>Soporte gratuito para muestras<\/strong><br \/><strong>Certificaci\u00f3n:<\/strong>\u00a0ISO, FDA, sin BPA, LFGB, normas de la UE<\/p>\n<p><strong>Impresi\u00f3n de alta calidad:<\/strong> Las bolsas con boquilla para zumo al por mayor pueden imprimirse con tinta ecol\u00f3gica con gran precisi\u00f3n, presentando colores vivos y dise\u00f1os exquisitos. Esto permite mostrar claramente la informaci\u00f3n del producto y la imagen de marca, atrayendo as\u00ed a los consumidores para que compren.<\/p>\n<p><strong>Funcionalidad:<\/strong> A prueba de fugas y resistente a la contaminaci\u00f3n, previene eficazmente las fugas y la oxidaci\u00f3n, prolongando la vida \u00fatil.<\/p>\n<p><strong>Dise\u00f1o autoportante:<\/strong> La parte inferior de la bolsa de ca\u00f1o puede colocarse en posici\u00f3n vertical, lo que ahorra espacio en la estanter\u00eda y la hace c\u00f3moda para verter o sorber.<\/p>\n<p><strong>Menor coste:<\/strong> En comparaci\u00f3n con algunos envases r\u00edgidos, el coste de producci\u00f3n de las bolsas de envasado de bebidas es inferior, lo que ofrece un alto nivel de rentabilidad y contribuye a reducir el coste global del producto.<\/p>\n<p><strong>Port\u00e1til y f\u00e1cil de transportar:<\/strong> En comparaci\u00f3n con las bebidas embotelladas o enlatadas, las bolsas de envasado para bebidas son m\u00e1s ligeras y de menor tama\u00f1o.<\/p>","protected":false},"featured_media":2847,"comment_status":"closed","ping_status":"closed","template":"","meta":{"_acf_changed":false},"product_brand":[],"product_cat":[22,42],"product_tag":[],"class_list":{"0":"post-1892","1":"product","2":"type-product","3":"status-publish","4":"has-post-thumbnail","6":"product_cat-custom-spout-pouches","7":"product_cat-custom-vegetable-juice-spout-pouches","9":"first","10":"instock","11":"shipping-taxable","12":"product-type-simple"},"acf":[],"_links":{"self":[{"href":"https:\/\/www.topchinapack.com\/es\/wp-json\/wp\/v2\/product\/1892","targetHints":{"allow":["GET"]}}],"collection":[{"href":"https:\/\/www.topchinapack.com\/es\/wp-json\/wp\/v2\/product"}],"about":[{"href":"https:\/\/www.topchinapack.com\/es\/wp-json\/wp\/v2\/types\/product"}],"replies":[{"embeddable":true,"href":"https:\/\/www.topchinapack.com\/es\/wp-json\/wp\/v2\/comments?post=1892"}],"wp:featuredmedia":[{"embeddable":true,"href":"https:\/\/www.topchinapack.com\/es\/wp-json\/wp\/v2\/media\/2847"}],"wp:attachment":[{"href":"https:\/\/www.topchinapack.com\/es\/wp-json\/wp\/v2\/media?parent=1892"}],"wp:term":[{"taxonomy":"product_brand","embeddable":true,"href":"https:\/\/www.topchinapack.com\/es\/wp-json\/wp\/v2\/product_brand?post=1892"},{"taxonomy":"product_cat","embeddable":true,"href":"https:\/\/www.topchinapack.com\/es\/wp-json\/wp\/v2\/product_cat?post=1892"},{"taxonomy":"product_tag","embeddable":true,"href":"https:\/\/www.topchinapack.com\/es\/wp-json\/wp\/v2\/product_tag?post=1892"}],"curies":[{"name":"wp","href":"https:\/\/api.w.org\/{rel}","templated":true}]}}